{"id":7508,"date":"2014-03-17T22:01:48","date_gmt":"2014-03-17T22:01:48","guid":{"rendered":"http:\/\/www.ramliatours.com\/testimonios\/"},"modified":"2017-02-16T11:45:13","modified_gmt":"2017-02-16T10:45:13","slug":"temoignages","status":"publish","type":"page","link":"https:\/\/www.ramliatours.com\/fr\/temoignages\/","title":{"rendered":"T\u00e9moignage"},"content":{"rendered":"<section class=\"wpb-content-wrapper\">[vc_row el_class=\u00a0\u00bbsubtitulo-pagina\u00a0\u00bb][vc_column][vc_column_text]<strong>Ils ont\u00a0d\u00e9j\u00e0 voyag\u00e9\u00a0avec nous\u00a0et\u00a0dites-nous<\/strong>[\/vc_column_text][\/vc_column][\/vc_row][vc_row][vc_column][\/vc_column][\/vc_row]\n<\/section>","protected":false},"excerpt":{"rendered":"<p>[vc_row el_class=\u00a0\u00bbsubtitulo-pagina\u00a0\u00bb][vc_column][vc_column_text]Ils ont\u00a0d\u00e9j\u00e0 voyag\u00e9\u00a0avec nous\u00a0et\u00a0dites-nous[\/vc_column_text][\/vc_column][\/vc_row][vc_row][vc_column][\/vc_column][\/vc_row]<\/p>\n","protected":false},"author":1,"featured_media":0,"parent":0,"menu_order":0,"comment_status":"open","ping_status":"open","template":"","meta":{"_acf_changed":false,"footnotes":""},"class_list":["post-7508","page","type-page","status-publish","hentry","entry","no-media"],"acf":[],"_links":{"self":[{"href":"https:\/\/www.ramliatours.com\/fr\/wp-json\/wp\/v2\/pages\/7508","targetHints":{"allow":["GET"]}}],"collection":[{"href":"https:\/\/www.ramliatours.com\/fr\/wp-json\/wp\/v2\/pages"}],"about":[{"href":"https:\/\/www.ramliatours.com\/fr\/wp-json\/wp\/v2\/types\/page"}],"author":[{"embeddable":true,"href":"https:\/\/www.ramliatours.com\/fr\/wp-json\/wp\/v2\/users\/1"}],"replies":[{"embeddable":true,"href":"https:\/\/www.ramliatours.com\/fr\/wp-json\/wp\/v2\/comments?post=7508"}],"version-history":[{"count":0,"href":"https:\/\/www.ramliatours.com\/fr\/wp-json\/wp\/v2\/pages\/7508\/revisions"}],"wp:attachment":[{"href":"https:\/\/www.ramliatours.com\/fr\/wp-json\/wp\/v2\/media?parent=7508"}],"curies":[{"name":"wp","href":"https:\/\/api.w.org\/{rel}","templated":true}]}}