{"id":7515,"date":"2013-12-04T08:44:20","date_gmt":"2013-12-04T08:44:20","guid":{"rendered":"http:\/\/www.ramliatours.com\/ramlia-tours\/"},"modified":"2025-10-21T10:47:22","modified_gmt":"2025-10-21T09:47:22","slug":"ramlia-tours","status":"publish","type":"page","link":"https:\/\/www.ramliatours.com\/fr\/","title":{"rendered":"Ramlia Tours | Voyages organis\u00e9s par le Maroc &#8211; Offres"},"content":{"rendered":"<section class=\"wpb-content-wrapper\">[vc_row full_width=\u00a0\u00bbstretch_row_content_no_spaces\u00a0\u00bb visibility=\u00a0\u00bbvisible-phone\u00a0\u00bb css=\u00a0\u00bb.vc_custom_1560794042428{padding-bottom: 80% !important;background-image: url(https:\/\/www.ramliatours.com\/wp-content\/uploads\/ramlia-dessert.jpg?id=8913) !important;background-position: center !important;background-repeat: no-repeat !important;background-size: cover !important;}\u00a0\u00bb][vc_column][\/vc_column][\/vc_row][vc_row full_width=\u00a0\u00bbstretch_row\u00a0\u00bb el_id=\u00a0\u00bbintro\u00a0\u00bb css=\u00a0\u00bb.vc_custom_1687954326809{padding-top: 50px !important;}\u00a0\u00bb][vc_column width=\u00a0\u00bb1\/4&Prime;][vc_column_text]\n<h2>Qui sommes nous?<\/h2>\n<p>Nous sommes des Amazighs du sud du pays, nos parents et grands-parents sont[\/vc_column_text][vc_btn title=\u00a0\u00bbMieux nous conna\u00eetre\u00a0\u00bb style=\u00a0\u00bbflat\u00a0\u00bb shape=\u00a0\u00bbround\u00a0\u00bb color=\u00a0\u00bbblack\u00a0\u00bb align=\u00a0\u00bbleft\u00a0\u00bb link=\u00a0\u00bburl:http%3A%2F%2Fwww.ramliatours.com%2Ffr%2Fa-propos-de-nous%2F|||\u00a0\u00bb][\/vc_column][vc_column width=\u00a0\u00bb1\/4&Prime; el_class=\u00a0\u00bbsomos-multilingues\u00a0\u00bb][vc_column_text]\n<h3>Multilingues<\/h3>\n<p>Nous parlons le castillan, fran\u00e7ais, espagnol, berb\u00e8re, arabe et un peu l&rsquo;italien et le portugais.<\/p>\n[\/vc_column_text][\/vc_column][vc_column width=\u00a0\u00bb1\/4&Prime; el_class=\u00a0\u00bbsomos-transporte\u00a0\u00bb][vc_column_text]\n<h3>Transport<\/h3>\n<p>4&#215;4 de type, Land Rover, Toyota, Land Cruiser\u2026 et en dromadaires jusqu\u2019au c\u0153ur du d\u00e9sert Saharien.<\/p>\n[\/vc_column_text][\/vc_column][vc_column width=\u00a0\u00bb1\/4&Prime; el_class=\u00a0\u00bbsomos-alojamiento\u00a0\u00bb][vc_column_text]\n<h3>H\u00e9bergement<\/h3>\n<p>h\u00f4tels 3,4 ou 5 \u00e9toiles ou dans de merveilleux\u00a0<strong>riads<\/strong>. Nuits\u00a0dans le d\u00e9sert, dormir sous\u00a0la tente ou en auberge\u00a0ou en\u00a0Haima.<\/p>\n[\/vc_column_text][\/vc_column][\/vc_row][vc_row full_width=\u00a0\u00bbstretch_row\u00a0\u00bb el_id=\u00a0\u00bbproductes\u00a0\u00bb css=\u00a0\u00bb.vc_custom_1687954338389{padding-top: 50px !important;background-image: url(http:\/\/www.ramliatours.com\/wp-content\/uploads\/desierto-gris.gif?id=4976) !important;background-position: center !important;background-repeat: no-repeat !important;background-size: cover !important;}\u00a0\u00bb][vc_column][vc_column_text]\n<h2>Nos routes<\/h2>\n<p>Nous organisons\u00a0routes\u00a0personnalis\u00e9\u00a0tout au long du Maroc.<\/p>\n[\/vc_column_text]<div class=\"woocommerce columns-3 \"><ul class=\"products wpex-row clr\"><li class=\"wpex-woo-entry post-8503 product type-product status-publish has-post-thumbnail product_cat-itineraires-fr entry has-media first instock featured shipping-taxable product-type-simple\">\n\t<div class=\"product-inner wpex-flex wpex-flex-col wpex-flex-grow wpex-relative\"><h3 class=\u201dwoocommerce-loop-product__title\u201d>De Marrakech aux dunes de l&rsquo;Erg Chigaga<\/h3><a href=\"https:\/\/www.ramliatours.com\/fr\/circuits\/du-maroc-a-chgaga\/\"><img decoding=\"async\" width=\"300\" height=\"300\" src=\"https:\/\/www.ramliatours.com\/wp-content\/uploads\/desierto-de-arena-300x300.jpg\" class=\"attachment-woocommerce_thumbnail size-woocommerce_thumbnail wp-post-image\" alt=\"Desierto\" srcset=\"https:\/\/www.ramliatours.com\/wp-content\/uploads\/desierto-de-arena-300x300.jpg 300w, https:\/\/www.ramliatours.com\/wp-content\/uploads\/desierto-de-arena-100x100.jpg 100w\" sizes=\"(max-width: 300px) 100vw, 300px\" \/><\/a>\n<p class=\"durada\">8 jours \/ 7 nuits<\/p><p class=\"subtitulo\">de la ville exotique de Marrakech aux \u00e9tonnantes dunes sahariennes de l'Erg<span class='extra'><i> Chigaga<\/i><\/span><\/p><\/li>\n<li class=\"wpex-woo-entry post-9230 product type-product status-publish has-post-thumbnail product_cat-itineraires-fr entry has-media  instock shipping-taxable product-type-simple\">\n\t<div class=\"product-inner wpex-flex wpex-flex-col wpex-flex-grow wpex-relative\"><h3 class=\u201dwoocommerce-loop-product__title\u201d>Marrakech, D\u00e9sert, Fez, Casablanca et Essaouira<\/h3><a href=\"https:\/\/www.ramliatours.com\/fr\/circuits\/maroc-desert-fez-casablanca-essaouira\/\"><img decoding=\"async\" width=\"300\" height=\"300\" src=\"https:\/\/www.ramliatours.com\/wp-content\/uploads\/Agencia-de-Viajes-en-Marruecos-300x300.jpg\" class=\"attachment-woocommerce_thumbnail size-woocommerce_thumbnail wp-post-image\" alt=\"Agence de voyage au Maroc\" srcset=\"https:\/\/www.ramliatours.com\/wp-content\/uploads\/Agencia-de-Viajes-en-Marruecos-300x300.jpg 300w, https:\/\/www.ramliatours.com\/wp-content\/uploads\/Agencia-de-Viajes-en-Marruecos-150x150.jpg 150w, https:\/\/www.ramliatours.com\/wp-content\/uploads\/Agencia-de-Viajes-en-Marruecos-125x125.jpg 125w, https:\/\/www.ramliatours.com\/wp-content\/uploads\/Agencia-de-Viajes-en-Marruecos-112x112.jpg 112w, https:\/\/www.ramliatours.com\/wp-content\/uploads\/Agencia-de-Viajes-en-Marruecos-100x100.jpg 100w\" sizes=\"(max-width: 300px) 100vw, 300px\" \/><\/a>\n<p class=\"durada\">12 jours \/ 11 nuits<\/p><p class=\"subtitulo\">Contrastes du Maroc : villes vibrantes, culturelles et maritimes. Villages<span class='extra'><i> traditionnels des montagnes de l'Atlas. Oasis et dunes du d\u00e9sert du Sahara.<\/i><\/span><\/p><\/li>\n<li class=\"wpex-woo-entry post-9231 product type-product status-publish has-post-thumbnail product_cat-itineraires-fr entry has-media last instock shipping-taxable product-type-simple\">\n\t<div class=\"product-inner wpex-flex wpex-flex-col wpex-flex-grow wpex-relative\"><h3 class=\u201dwoocommerce-loop-product__title\u201d>Maroc, C\u00f4te Atlantique et D\u00e9sert<\/h3><a href=\"https:\/\/www.ramliatours.com\/fr\/circuits\/maroc-cote-atlantique-et-desert\/\"><img decoding=\"async\" width=\"300\" height=\"300\" src=\"https:\/\/www.ramliatours.com\/wp-content\/uploads\/slider_Katubia-Marrakech-300x300.jpg\" class=\"attachment-woocommerce_thumbnail size-woocommerce_thumbnail wp-post-image\" alt=\"Excursiones en Marrakech. Mezquita Kutub\u00eda\" srcset=\"https:\/\/www.ramliatours.com\/wp-content\/uploads\/slider_Katubia-Marrakech-300x300.jpg 300w, https:\/\/www.ramliatours.com\/wp-content\/uploads\/slider_Katubia-Marrakech-100x100.jpg 100w, https:\/\/www.ramliatours.com\/wp-content\/uploads\/slider_Katubia-Marrakech-600x601.jpg 600w\" sizes=\"(max-width: 300px) 100vw, 300px\" \/><\/a>\n<p class=\"durada\">10 jours \/ 9 nuits<\/p><p class=\"subtitulo\">D\u00e9couvrez la magie de Marrakech, profitez du littoral marocain, d\u00e9tendez-vous<span class='extra'><i> dans le d\u00e9sert et plongez dans la tradition berb\u00e8re.<\/i><\/span><\/p><\/li>\n<li class=\"wpex-woo-entry post-7672 product type-product status-publish has-post-thumbnail product_cat-itineraires-fr entry has-media first instock featured shipping-taxable product-type-simple\">\n\t<div class=\"product-inner wpex-flex wpex-flex-col wpex-flex-grow wpex-relative\"><h3 class=\u201dwoocommerce-loop-product__title\u201d>Raid aventure en 4X4<\/h3><a href=\"https:\/\/www.ramliatours.com\/fr\/circuits\/raid-4x4\/\"><img decoding=\"async\" width=\"300\" height=\"300\" src=\"https:\/\/www.ramliatours.com\/wp-content\/uploads\/slide-Raid-desierto-marruecos-1200-300x300.jpg\" class=\"attachment-woocommerce_thumbnail size-woocommerce_thumbnail wp-post-image\" alt=\"Marruecos en 4x4\" srcset=\"https:\/\/www.ramliatours.com\/wp-content\/uploads\/slide-Raid-desierto-marruecos-1200-300x300.jpg 300w, https:\/\/www.ramliatours.com\/wp-content\/uploads\/slide-Raid-desierto-marruecos-1200-100x100.jpg 100w\" sizes=\"(max-width: 300px) 100vw, 300px\" \/><\/a>\n<p class=\"durada\"><\/p><p class=\"subtitulo\">[vc_row][vc_column][vc_column_text] Nous organisons des raids en 4&#215;4 dans<span class='extra'><i> tout le Maroc \u00bfQue signifie un raid en 4&#215;4? Un ensemble de 4&#215;4 sp\u00e9cialis\u00e9s dans la conduite sur pistes et routes en pleine nature : dunes, d\u00e9sert, montagnes, rivi\u00e8res, boue&#8230; Chaque 4&#215;4 dispose : De la climatisation, GPS et cartes topographiques d\u00e9taill\u00e9es. Et de l\u2019assistance m\u00e9canique n\u00e9cessaire&hellip;<\/i><\/span><\/p><\/li>\n<li class=\"wpex-woo-entry post-7663 product type-product status-publish has-post-thumbnail product_cat-itineraires-fr entry has-media  instock shipping-taxable product-type-simple\">\n\t<div class=\"product-inner wpex-flex wpex-flex-col wpex-flex-grow wpex-relative\"><h3 class=\u201dwoocommerce-loop-product__title\u201d>De l&rsquo;Atlas \u00e0 l&rsquo;Oc\u00e9an<\/h3><a href=\"https:\/\/www.ramliatours.com\/fr\/circuits\/montagnes-atlas-ocean\/\"><img decoding=\"async\" width=\"300\" height=\"300\" src=\"https:\/\/www.ramliatours.com\/wp-content\/uploads\/slide_Tinmel-mezquita-marruecos-300x300.jpg\" class=\"attachment-woocommerce_thumbnail size-woocommerce_thumbnail wp-post-image\" alt=\"\" srcset=\"https:\/\/www.ramliatours.com\/wp-content\/uploads\/slide_Tinmel-mezquita-marruecos-300x300.jpg 300w, https:\/\/www.ramliatours.com\/wp-content\/uploads\/slide_Tinmel-mezquita-marruecos-100x100.jpg 100w\" sizes=\"(max-width: 300px) 100vw, 300px\" \/><\/a>\n<p class=\"durada\">8 jours \/ 7 nuits<\/p><p class=\"subtitulo\">De Marrakech, la ville rouge qui \u00e9blouit nos sens aux \u00e9triers de l'Atlas qui<span class='extra'><i> nous conduira \u00e0 Essaouira White.<\/i><\/span><\/p><\/li>\n<li class=\"wpex-woo-entry post-7661 product type-product status-publish has-post-thumbnail product_cat-itineraires-fr entry has-media last instock shipping-taxable product-type-simple\">\n\t<div class=\"product-inner wpex-flex wpex-flex-col wpex-flex-grow wpex-relative\"><h3 class=\u201dwoocommerce-loop-product__title\u201d>Ouarzazate \u2013 Le grand Sud<\/h3><a href=\"https:\/\/www.ramliatours.com\/fr\/circuits\/ouarzazate-grand-sud\/\"><img decoding=\"async\" width=\"300\" height=\"300\" src=\"https:\/\/www.ramliatours.com\/wp-content\/uploads\/slide_desierto-dunas-del-Sahara-marruecos-300x300.jpg\" class=\"attachment-woocommerce_thumbnail size-woocommerce_thumbnail wp-post-image\" alt=\"\" srcset=\"https:\/\/www.ramliatours.com\/wp-content\/uploads\/slide_desierto-dunas-del-Sahara-marruecos-300x300.jpg 300w, https:\/\/www.ramliatours.com\/wp-content\/uploads\/slide_desierto-dunas-del-Sahara-marruecos-100x100.jpg 100w\" sizes=\"(max-width: 300px) 100vw, 300px\" \/><\/a>\n<p class=\"durada\">8 jours \/ 7 nuits<\/p><p class=\"subtitulo\">Des paysages inoubliables dans l'antichambre du Grand Sahara : Route entre<span class='extra'><i> kasbahs et oasis de palmiers dattiers qui atteint les portes des grandes dunes d\u00e9sertiques.<\/i><\/span><\/p><\/li>\n<\/ul>\n<\/div>[vc_btn title=\u00a0\u00bbListe compl\u00e8te des routes\u00a0\u00bb style=\u00a0\u00bbflat\u00a0\u00bb shape=\u00a0\u00bbround\u00a0\u00bb color=\u00a0\u00bbblack\u00a0\u00bb align=\u00a0\u00bbcenter\u00a0\u00bb link=\u00a0\u00bburl:http%3A%2F%2Fwww.ramliatours.com%2Ffr%2Fitineraires-circuits%2F|||\u00a0\u00bb][\/vc_column][\/vc_row][vc_row full_width=\u00a0\u00bbstretch_row\u00a0\u00bb el_id=\u00a0\u00bbofertas\u00a0\u00bb css=\u00a0\u00bb.vc_custom_1687954344569{padding-top: 50px !important;}\u00a0\u00bb][vc_column][vc_column_text]\n<h2>OFFRES<\/h2>\n<p id=\"tw-target-text\" class=\"tw-data-text tw-ta tw-text-small\" dir=\"ltr\" data-placeholder=\"Traducci\u00f3n\"><span lang=\"fr\">Profitez des offres sp\u00e9ciales pour Voyage au Maroc<\/span><\/p>\n[\/vc_column_text]<div class=\"woocommerce columns-4 \"><ul class=\"products wpex-row clr\"><li class=\"wpex-woo-entry post-8354 product type-product status-publish has-post-thumbnail product_cat-offres-fr entry has-media first instock featured shipping-taxable product-type-simple\">\n\t<div class=\"product-inner wpex-flex wpex-flex-col wpex-flex-grow wpex-relative\"><h3 class=\u201dwoocommerce-loop-product__title\u201d>Voyages photographiques<\/h3><a href=\"https:\/\/www.ramliatours.com\/fr\/circuits\/voyages-photographiques\/\"><img decoding=\"async\" width=\"300\" height=\"300\" src=\"https:\/\/www.ramliatours.com\/wp-content\/uploads\/desierto-dunas-y-palmeras-marruecos-300x300.jpg\" class=\"attachment-woocommerce_thumbnail size-woocommerce_thumbnail wp-post-image\" alt=\"Excursiones al desierto de Marruecos\" srcset=\"https:\/\/www.ramliatours.com\/wp-content\/uploads\/desierto-dunas-y-palmeras-marruecos-300x300.jpg 300w, https:\/\/www.ramliatours.com\/wp-content\/uploads\/desierto-dunas-y-palmeras-marruecos-100x100.jpg 100w\" sizes=\"(max-width: 300px) 100vw, 300px\" \/><\/a>\n<p class=\"durada\"><\/p><p class=\"subtitulo\">Vous aimez voyager, la photographie est votre passion ?<\/p><\/li>\n<li class=\"wpex-woo-entry post-9247 product type-product status-publish has-post-thumbnail product_cat-offres-fr entry has-media  instock shipping-taxable purchasable product-type-variable\">\n\t<div class=\"product-inner wpex-flex wpex-flex-col wpex-flex-grow wpex-relative\"><h3 class=\u201dwoocommerce-loop-product__title\u201d>Voyage de Noces au Maroc dans des h\u00f4tels de luxe<\/h3><a href=\"https:\/\/www.ramliatours.com\/fr\/circuits\/voyage-de-noces-au-maroc\/\"><img decoding=\"async\" width=\"300\" height=\"300\" src=\"https:\/\/www.ramliatours.com\/wp-content\/uploads\/Marrakech-Menara-marruecos-1-300x300.jpg\" class=\"attachment-woocommerce_thumbnail size-woocommerce_thumbnail wp-post-image\" alt=\"Voyage de noces au Maroc\" srcset=\"https:\/\/www.ramliatours.com\/wp-content\/uploads\/Marrakech-Menara-marruecos-1-300x300.jpg 300w, https:\/\/www.ramliatours.com\/wp-content\/uploads\/Marrakech-Menara-marruecos-1-100x100.jpg 100w\" sizes=\"(max-width: 300px) 100vw, 300px\" \/><\/a>\n<p class=\"durada\">D\u00e9but 8 jours<\/p><p class=\"subtitulo\">Appr\u00e9ciez votre voyage de noces dans les lieux incroyables que nous vous<span class='extra'><i> proposons<\/i><\/span><\/p><\/li>\n<li class=\"wpex-woo-entry post-9262 product type-product status-publish has-post-thumbnail product_cat-excursions-fr product_cat-offres-fr entry has-media  instock shipping-taxable product-type-variable\">\n\t<div class=\"product-inner wpex-flex wpex-flex-col wpex-flex-grow wpex-relative\"><h3 class=\u201dwoocommerce-loop-product__title\u201d>Excursions au d\u00e9part de F\u00e8s<\/h3><a href=\"https:\/\/www.ramliatours.com\/fr\/circuits\/excursions-au-depart-de-fes\/\"><img decoding=\"async\" width=\"300\" height=\"300\" src=\"https:\/\/www.ramliatours.com\/wp-content\/uploads\/desierto-ventana-marruecos-1-300x300.jpg\" class=\"attachment-woocommerce_thumbnail size-woocommerce_thumbnail wp-post-image\" alt=\"Excursions au d\u00e9part de F\u00e8s\" srcset=\"https:\/\/www.ramliatours.com\/wp-content\/uploads\/desierto-ventana-marruecos-1-300x300.jpg 300w, https:\/\/www.ramliatours.com\/wp-content\/uploads\/desierto-ventana-marruecos-1-100x100.jpg 100w\" sizes=\"(max-width: 300px) 100vw, 300px\" \/><\/a>\n<p class=\"durada\">D\u00e9but 1 giorni<\/p><p class=\"subtitulo\">Excursions de 1 \u00e0 7 jours pour d\u00e9couvrir des lieux proches mais tr\u00e8s<span class='extra'><i> diff\u00e9rents. <\/i><\/span><\/p><\/li>\n<li class=\"wpex-woo-entry post-8644 product type-product status-publish has-post-thumbnail product_cat-offres-fr entry has-media last instock shipping-taxable product-type-simple\">\n\t<div class=\"product-inner wpex-flex wpex-flex-col wpex-flex-grow wpex-relative\"><h3 class=\u201dwoocommerce-loop-product__title\u201d>Offres Ouarzazate<\/h3><a href=\"https:\/\/www.ramliatours.com\/fr\/circuits\/offres-ouarzazate\/\"><img decoding=\"async\" width=\"300\" height=\"300\" src=\"https:\/\/www.ramliatours.com\/wp-content\/uploads\/kasbah-Benhaddou-marruecos-300x300.jpg\" class=\"attachment-woocommerce_thumbnail size-woocommerce_thumbnail wp-post-image\" alt=\"Offerte di Ouarzazate\" srcset=\"https:\/\/www.ramliatours.com\/wp-content\/uploads\/kasbah-Benhaddou-marruecos-300x300.jpg 300w, https:\/\/www.ramliatours.com\/wp-content\/uploads\/kasbah-Benhaddou-marruecos-100x100.jpg 100w\" sizes=\"(max-width: 300px) 100vw, 300px\" \/><\/a>\n<p class=\"durada\">4 jours \/ 3 nuits, 5 jours \/ 4 nuits<\/p><p class=\"subtitulo\">Offres toutes les semaines: d\u00e9parts les mardis et samedis de Ouarzazate<\/p><\/li>\n<\/ul>\n<\/div>[vc_btn title=\u00a0\u00bbPlus d&rsquo;offres\u00a0\u00bb style=\u00a0\u00bbflat\u00a0\u00bb shape=\u00a0\u00bbround\u00a0\u00bb color=\u00a0\u00bbblack\u00a0\u00bb align=\u00a0\u00bbcenter\u00a0\u00bb link=\u00a0\u00bburl:http%3A%2F%2Fwww.ramliatours.com%2Ffr%2Foffres%2F|||\u00a0\u00bb][\/vc_column][\/vc_row][vc_row css_animation=\u00a0\u00bbbottom-to-top\u00a0\u00bb full_width=\u00a0\u00bbstretch_row\u00a0\u00bb el_class=\u00a0\u00bbfoto-fondo\u00a0\u00bb el_id=\u00a0\u00bbramlia-numeros\u00a0\u00bb css=\u00a0\u00bb.vc_custom_1687954355239{padding-top: 50px !important;}\u00a0\u00bb][vc_column width=\u00a0\u00bb1\/4&Prime;]<div class=\"vcex-module vcex-milestone wpex-text-center wpex-clr\"><div class=\"vcex-milestone-inner wpex-inline-block\"><div class=\"vcex-milestone-desc\"><div class=\"vcex-milestone-number wpex-leading-none wpex-font-semibold wpex-text-gray-400\"><span class=\"vcex-milestone-time vcex-countup\" data-options=\"{&quot;startVal&quot;:0,&quot;endVal&quot;:20,&quot;duration&quot;:2.5,&quot;decimals&quot;:0,&quot;separator&quot;:&quot;,&quot;,&quot;decimal&quot;:&quot;.&quot;,&quot;animateOnScroll&quot;:false}\">0<\/span><\/div><div class=\"vcex-milestone-caption wpex-mt-5 wpex-font-light wpex-text-lg wpex-text-gray-500\">ann\u00e9es d'exp\u00e9rience<\/div><\/div><\/div><\/div>[\/vc_column][vc_column width=\u00a0\u00bb1\/4&Prime;]<div class=\"vcex-module vcex-milestone wpex-text-center wpex-clr\"><div class=\"vcex-milestone-inner wpex-inline-block\"><div class=\"vcex-milestone-desc\"><div class=\"vcex-milestone-number wpex-leading-none wpex-font-semibold wpex-text-gray-400\"><span class=\"vcex-milestone-time vcex-countup\" data-options=\"{&quot;startVal&quot;:0,&quot;endVal&quot;:50,&quot;duration&quot;:2.5,&quot;decimals&quot;:0,&quot;separator&quot;:&quot;,&quot;,&quot;decimal&quot;:&quot;.&quot;,&quot;animateOnScroll&quot;:false}\">0<\/span><\/div><div class=\"vcex-milestone-caption wpex-mt-5 wpex-font-light wpex-text-lg wpex-text-gray-500\">routes et excursions<\/div><\/div><\/div><\/div>[\/vc_column][vc_column width=\u00a0\u00bb1\/4&Prime;]<div class=\"vcex-module vcex-milestone wpex-text-center wpex-clr\"><div class=\"vcex-milestone-inner wpex-inline-block\"><div class=\"vcex-milestone-desc\"><div class=\"vcex-milestone-number wpex-leading-none wpex-font-semibold wpex-text-gray-400\"><span class=\"vcex-milestone-time vcex-countup\" data-options=\"{&quot;startVal&quot;:0,&quot;endVal&quot;:8,&quot;duration&quot;:2.5,&quot;decimals&quot;:0,&quot;separator&quot;:&quot;,&quot;,&quot;decimal&quot;:&quot;.&quot;,&quot;animateOnScroll&quot;:false}\">0<\/span><\/div><div class=\"vcex-milestone-caption wpex-mt-5 wpex-font-light wpex-text-lg wpex-text-gray-500\">guides professionnels<\/div><\/div><\/div><\/div>[\/vc_column][vc_column width=\u00a0\u00bb1\/4&Prime;]<div class=\"vcex-module vcex-milestone wpex-text-center wpex-clr\"><div class=\"vcex-milestone-inner wpex-inline-block\"><div class=\"vcex-milestone-desc\"><div class=\"vcex-milestone-number wpex-leading-none wpex-font-semibold wpex-text-gray-400\"><span class=\"vcex-milestone-time vcex-countup\" data-options=\"{&quot;startVal&quot;:0,&quot;endVal&quot;:6,&quot;duration&quot;:2.5,&quot;decimals&quot;:0,&quot;separator&quot;:&quot;,&quot;,&quot;decimal&quot;:&quot;.&quot;,&quot;animateOnScroll&quot;:false}\">0<\/span><\/div><div class=\"vcex-milestone-caption wpex-mt-5 wpex-font-light wpex-text-lg wpex-text-gray-500\">4x4 jeeps<\/div><\/div><\/div><\/div>[\/vc_column][\/vc_row][vc_row full_width=\u00a0\u00bbstretch_row\u00a0\u00bb css=\u00a0\u00bb.vc_custom_1687954428859{background-image: url(http:\/\/www.ramliatours.com\/wp-content\/uploads\/desierto-gris.gif?id=4976) !important;background-position: center !important;background-repeat: no-repeat !important;background-size: cover !important;}\u00a0\u00bb][vc_column][vc_video link=\u00a0\u00bbhttps:\/\/www.youtube.com\/watch?v=frrES0m9t6E&amp;feature=youtu.be\u00a0\u00bb][\/vc_column][\/vc_row][vc_row full_width=\u00a0\u00bbstretch_row\u00a0\u00bb el_id=\u00a0\u00bbtestimonios\u00a0\u00bb css=\u00a0\u00bb.vc_custom_1687954366470{padding-top: 50px !important;}\u00a0\u00bb][vc_column][vc_column_text]\n<h2>T\u00e9moignages<\/h2>\n<p>Ils ont d\u00e9j\u00e0 voyag\u00e9 avec nous<\/p>\n[\/vc_column_text][vc_row_inner][vc_column_inner width=\u00a0\u00bb1\/4&Prime;][vc_raw_html el_class=\u00a0\u00bbtripadvisor-badge\u00a0\u00bb]JTNDZGl2JTIwaWQlM0QlMjJUQV9jZHN3cml0ZXJldmlld2xnNTAwJTIyJTIwY2xhc3MlM0QlMjJUQV9jZHN3cml0ZXJldmlld2xnJTIyJTNFJTNDdWwlMjBpZCUzRCUyMkxFVGRWQ2FacUQlMjIlMjBjbGFzcyUzRCUyMlRBX2xpbmtzJTIwdWxid1hLd2I1JTIyJTNFJTNDbGklMjBpZCUzRCUyMmRFMnRoaHlyQ1dpTSUyMiUyMGNsYXNzJTNEJTIyc2ZvUFBsUlpNWEolMjIlM0UlM0NhJTIwdGFyZ2V0JTNEJTIyX2JsYW5rJTIyJTIwaHJlZiUzRCUyMmh0dHBzJTNBJTJGJTJGd3d3LnRyaXBhZHZpc29yLmZyJTJGJTIyJTNFJTNDaW1nJTIwc3JjJTNEJTIyaHR0cHMlM0ElMkYlMkZ3d3cudHJpcGFkdmlzb3IuZnIlMkZpbWclMkZjZHNpJTJGaW1nMiUyRmJyYW5kaW5nJTJGbWVkaXVtLWxvZ28tMTIwOTctMi5wbmclMjIlMjBhbHQlM0QlMjJUcmlwQWR2aXNvciUyMiUyRiUzRSUzQyUyRmElM0UlM0MlMkZsaSUzRSUzQyUyRnVsJTNFJTNDJTJGZGl2JTNFJTNDc2NyaXB0JTIwYXN5bmMlMjBzcmMlM0QlMjJodHRwcyUzQSUyRiUyRnd3dy5qc2NhY2hlLmNvbSUyRndlanMlM0Z3dHlwZSUzRGNkc3dyaXRlcmV2aWV3bGclMjZhbXAlM0J1bmlxJTNENTAwJTI2YW1wJTNCbG9jYXRpb25JZCUzRDcwNzM1NzQlMjZhbXAlM0JsYW5nJTNEZnIlMjZhbXAlM0JsYW5nJTNEZnIlMjZhbXAlM0JkaXNwbGF5X3ZlcnNpb24lM0QyJTIyJTIwZGF0YS1sb2FkdHJrJTIwb25sb2FkJTNEJTIydGhpcy5sb2FkdHJrJTNEdHJ1ZSUyMiUzRSUzQyUyRnNjcmlwdCUzRQ==[\/vc_raw_html][\/vc_column_inner][vc_column_inner width=\u00a0\u00bb3\/4&Prime;][vc_btn title=\u00a0\u00bbTous les t\u00e9moignages\u00a0\u00bb style=\u00a0\u00bbflat\u00a0\u00bb shape=\u00a0\u00bbsquare\u00a0\u00bb color=\u00a0\u00bbblack\u00a0\u00bb link=\u00a0\u00bburl:http%3A%2F%2Fwww.ramliatours.com%2Ffr%2Ftemoignages%2F|||\u00a0\u00bb][\/vc_column_inner][\/vc_row_inner][vc_raw_html el_class=\u00a0\u00bbtripadvisor-badge\u00a0\u00bb]JTNDZGl2JTIwaWQlM0QlMjJUQV9saW5raW5nV2lkZ2V0UmVkZXNpZ24xMiUyMiUyMGNsYXNzJTNEJTIyVEFfbGlua2luZ1dpZGdldFJlZGVzaWduJTIyJTNFJTBBJTNDdWwlMjBpZCUzRCUyMksxV2xZTGM1OWUlMjIlMjBjbGFzcyUzRCUyMlRBX2xpbmtzJTIwd3N6SkI4RldqJTIyJTNFJTBBJTNDbGklMjBpZCUzRCUyMjg3Yk9jd2hxY3RmSSUyMiUyMGNsYXNzJTNEJTIyVUhaM1c2JTIyJTNFJTBBJTNDYSUyMHRhcmdldCUzRCUyMl9ibGFuayUyMiUyMGhyZWYlM0QlMjJodHRwcyUzQSUyRiUyRnd3dy50cmlwYWR2aXNvci5mciUyRiUyMiUzRSUzQ2ltZyUyMHNyYyUzRCUyMmh0dHBzJTNBJTJGJTJGd3d3LnRyaXBhZHZpc29yLmZyJTJGaW1nJTJGY2RzaSUyRnBhcnRuZXIlMkZ0cmlwYWR2aXNvcl9sb2dvXzExNXgxOC0xNTA3OS0yLmdpZiUyMiUyMGFsdCUzRCUyMlRyaXBBZHZpc29yJTIyJTJGJTNFJTNDJTJGYSUzRSUwQSUzQyUyRmxpJTNFJTBBJTNDJTJGdWwlM0UlMEElM0MlMkZkaXYlM0UlMEElM0NzY3JpcHQlMjBzcmMlM0QlMjJodHRwcyUzQSUyRiUyRnd3dy5qc2NhY2hlLmNvbSUyRndlanMlM0Z3dHlwZSUzRGxpbmtpbmdXaWRnZXRSZWRlc2lnbiUyNmFtcCUzQnVuaXElM0QxMiUyNmFtcCUzQmxvY2F0aW9uSWQlM0QyMzU3NDg3JTI2YW1wJTNCbGFuZyUzRGZyJTI2YW1wJTNCYm9yZGVyJTNEdHJ1ZSUyNmFtcCUzQmRpc3BsYXlfdmVyc2lvbiUzRDIlMjIlM0UlM0MlMkZzY3JpcHQlM0UlMEE=[\/vc_raw_html][\/vc_column][\/vc_row]\n<\/section>","protected":false},"excerpt":{"rendered":"<p>[vc_row full_width=\u00a0\u00bbstretch_row_content_no_spaces\u00a0\u00bb visibility=\u00a0\u00bbvisible-phone\u00a0\u00bb css=\u00a0\u00bb.vc_custom_1560794042428{padding-bottom: 80% !important;background-image: url(https:\/\/www.ramliatours.com\/wp-content\/uploads\/ramlia-dessert.jpg?id=8913) !important;background-position: center !important;background-repeat: no-repeat !important;background-size: cover !important;}\u00a0\u00bb][vc_column][\/vc_column][\/vc_row][vc_row full_width=\u00a0\u00bbstretch_row\u00a0\u00bb el_id=\u00a0\u00bbintro\u00a0\u00bb css=\u00a0\u00bb.vc_custom_1687954326809{padding-top: 50px !important;}\u00a0\u00bb][vc_column width=\u00a0\u00bb1\/4&Prime;][vc_column_text] Qui sommes nous? Nous sommes des Amazighs du sud du pays, nos parents et grands-parents sont[\/vc_column_text][vc_btn title=\u00a0\u00bbMieux nous conna\u00eetre\u00a0\u00bb style=\u00a0\u00bbflat\u00a0\u00bb shape=\u00a0\u00bbround\u00a0\u00bb color=\u00a0\u00bbblack\u00a0\u00bb align=\u00a0\u00bbleft\u00a0\u00bb link=\u00a0\u00bburl:http%3A%2F%2Fwww.ramliatours.com%2Ffr%2Fa-propos-de-nous%2F|||\u00a0\u00bb][\/vc_column][vc_column width=\u00a0\u00bb1\/4&Prime; el_class=\u00a0\u00bbsomos-multilingues\u00a0\u00bb][vc_column_text] Multilingues Nous parlons le castillan, fran\u00e7ais, espagnol, berb\u00e8re, arabe&hellip;<\/p>\n","protected":false},"author":1,"featured_media":0,"parent":0,"menu_order":0,"comment_status":"closed","ping_status":"closed","template":"","meta":{"_acf_changed":false,"footnotes":""},"class_list":["post-7515","page","type-page","status-publish","hentry","entry","no-media"],"acf":[],"_links":{"self":[{"href":"https:\/\/www.ramliatours.com\/fr\/wp-json\/wp\/v2\/pages\/7515","targetHints":{"allow":["GET"]}}],"collection":[{"href":"https:\/\/www.ramliatours.com\/fr\/wp-json\/wp\/v2\/pages"}],"about":[{"href":"https:\/\/www.ramliatours.com\/fr\/wp-json\/wp\/v2\/types\/page"}],"author":[{"embeddable":true,"href":"https:\/\/www.ramliatours.com\/fr\/wp-json\/wp\/v2\/users\/1"}],"replies":[{"embeddable":true,"href":"https:\/\/www.ramliatours.com\/fr\/wp-json\/wp\/v2\/comments?post=7515"}],"version-history":[{"count":4,"href":"https:\/\/www.ramliatours.com\/fr\/wp-json\/wp\/v2\/pages\/7515\/revisions"}],"predecessor-version":[{"id":10897,"href":"https:\/\/www.ramliatours.com\/fr\/wp-json\/wp\/v2\/pages\/7515\/revisions\/10897"}],"wp:attachment":[{"href":"https:\/\/www.ramliatours.com\/fr\/wp-json\/wp\/v2\/media?parent=7515"}],"curies":[{"name":"wp","href":"https:\/\/api.w.org\/{rel}","templated":true}]}}