{"id":7586,"date":"2016-11-18T13:58:46","date_gmt":"2016-11-18T12:58:46","guid":{"rendered":"http:\/\/www.ramliatours.com\/tours\/nouvel-an-dans-le-desert\/"},"modified":"2024-10-31T22:54:53","modified_gmt":"2024-10-31T21:54:53","slug":"nouvel-an","status":"publish","type":"product","link":"https:\/\/www.ramliatours.com\/fr\/circuits\/nouvel-an\/","title":{"rendered":"Nouvel An dans le D\u00e9sert"},"content":{"rendered":"<section class=\"wpb-content-wrapper\">[vc_row][vc_column][vc_column_text]\n<p>Cette ann\u00e9e, un grand voyage vous est offert pendant la fin de l\u2019ann\u00e9e, comprenant. 5 jours et 4 nuits au Maroc.<\/p>\n<p id=\"tw-target-text\" class=\"tw-data-text tw-ta tw-text-small\" dir=\"ltr\" data-placeholder=\"Traducci\u00f3n\"><span lang=\"fr\">Sans foules, profiter de l&rsquo;hospitalit\u00e9 berb\u00e8re, d\u00e9gustation de sa cuisine traditionnelle et en attendant le merveilleux lever du soleil avec le son du tam-tam.<\/span><\/p>\n<h3>29 D\u00e9cembre<strong><br \/>\nMarrakech \/ Zagora <\/strong><\/h3>\n<p id=\"tw-target-text\" class=\"tw-data-text tw-ta tw-text-small\" dir=\"ltr\" data-placeholder=\"Traducci\u00f3n\"><span lang=\"fr\">Nous partons avec des v\u00e9hicules 4&#215;4, traversant l&rsquo;Atlas par le col du Tichka vers A\u00eft Tizin Ben Haddou, Ksar, d\u00e9clar\u00e9 patrimoine mondial par l&rsquo;UNESCO, puis poursuivre le voyage vers le sud \u00e0 travers les montagnes de Saghrou; El Valle d&rsquo;ARAA palmeraie, nous visitons plusieurs villages berb\u00e8res et kasbah appel\u00e9s \u00ab\u00a0Tamnougalte\u00a0\u00bb dans Agdiz. De l\u00e0, nous nous dirigerons vers Zagora. D\u00eener et h\u00e9bergement \u00e0 l&rsquo;h\u00f4tel.<\/span><\/p>\n<h3>30 D\u00e9cembre<strong><br \/>\nZagora \/ Ramlia\u00a0 <\/strong><\/h3>\n<p id=\"tw-target-text\" class=\"tw-data-text tw-ta tw-text-small\" dir=\"ltr\" data-placeholder=\"Traducci\u00f3n\"><span lang=\"fr\">Pendant la journ\u00e9e, le long d&rsquo;une des pistes utilis\u00e9es dans le Dakar \u00e0 travers les fronti\u00e8res entre le Maroc et l&rsquo;Alg\u00e9rie, en visitant plusieurs villages berb\u00e8res, y compris l&rsquo;oasis de Ramlia. D\u00eener \u00e0 Jaimas situ\u00e9 dans le d\u00e9sert. www.kasbahramlia.com<\/span><\/p>\n<h3>31 D\u00e9cembre<strong><br \/>\nRamlia \/ Merzouga \/ Ramlia <\/strong><\/h3>\n<p><span lang=\"fr\">Up t\u00f4t pour admirer le lever du soleil entre les dunes et apr\u00e8s le petit d\u00e9jeuner aller visiter Merzouga Erg-Chabbi, \u00e0 partir de l\u00e0, nous allons faire un voyage sur des chameaux et revenir \u00e0 Merzouga.\u00a0<\/span><\/p>\n<p id=\"tw-target-text\" class=\"tw-data-text tw-ta tw-text-small\" dir=\"ltr\" data-placeholder=\"Traducci\u00f3n\"><span lang=\"fr\">Plus tard, nous irons \u00e0 Rissani pour visiter son march\u00e9 l\u00e9gendaire. Dans l&rsquo;apr\u00e8s-midi, nous continuons \u00e0 l&rsquo;oasis de Ramlia, o\u00f9 nous passons la nuit derni\u00e8re dans le d\u00e9sert.<\/span><\/p>\n<h3>1 Janvier<strong><br \/>\nRamlia \/ Las Gargantas del Dades<br \/>\n<\/strong><\/h3>\n<p id=\"tw-target-text\" class=\"tw-data-text tw-ta tw-text-small\" dir=\"ltr\" data-placeholder=\"Traducci\u00f3n\"><span lang=\"fr\">Apr\u00e8s le petit d\u00e9jeuner, nous irons \u00e0 Alnif o\u00f9 la piste \u00e0 Todra Gorge pr\u00e8s de la ville de Tinghir, au bout d&rsquo;une vall\u00e9e de palmiers et de villages en pis\u00e9 entour\u00e9 par des montagnes escarp\u00e9es et arides commence. Il est l&rsquo;un des plus c\u00e9l\u00e8bres sites naturels au Maroc, un mur 300m le long d&rsquo;un kilom\u00e8tre. De l\u00e0, nous irons \u00e0 la Gorge Dades. D\u00eener et nuit dans un h\u00f4tel situ\u00e9 dans les gorges.<\/span><\/p>\n<h3>2 Janvier<br \/>\n<span lang=\"fr\"><strong>Gorges du Dad\u00e8s<\/strong> <\/span><strong>\/ Marrakech\u00a0 <\/strong><\/h3>\n<p id=\"tw-target-text\" class=\"tw-data-text tw-ta tw-text-small\" dir=\"ltr\" data-placeholder=\"Traducci\u00f3n\"><span lang=\"fr\">Petit d\u00e9jeuner et d\u00e9part pour les gorges du Dad\u00e8s, avec ses gorges et de canyons. Pendant le trajet, nous allons passer \u00e0 travers les villages berb\u00e8res comme Boutaghar et Skoura, situ\u00e9 au coeur de la vall\u00e9e de palmiers. Dans l&rsquo;apr\u00e8s-midi, nous suivons la route des montagnes du Haut Atlas \u00e0 Marrakech, la ville des mille et une nuits. Fin du voyage.<\/span><\/p>\n[\/vc_column_text][\/vc_column][\/vc_row]\n<\/section>","protected":false},"excerpt":{"rendered":"<p>[vc_row][vc_column][vc_column_text] Cette ann\u00e9e, un grand voyage vous est offert pendant la fin de l\u2019ann\u00e9e, comprenant. 5 jours et 4 nuits au Maroc. Sans foules, profiter de l&rsquo;hospitalit\u00e9 berb\u00e8re, d\u00e9gustation de sa cuisine traditionnelle et en attendant le merveilleux lever du soleil avec le son du tam-tam. 29 D\u00e9cembre Marrakech \/ Zagora Nous partons avec des&hellip;<\/p>\n","protected":false},"featured_media":7029,"comment_status":"open","ping_status":"closed","template":"","meta":{"_acf_changed":false},"product_brand":[],"product_cat":[156],"product_tag":[],"class_list":{"0":"post-7586","1":"product","2":"type-product","3":"status-publish","4":"has-post-thumbnail","6":"product_cat-offres-fr","7":"entry","8":"has-media","10":"first","11":"instock","12":"shipping-taxable","13":"product-type-simple"},"acf":[],"_links":{"self":[{"href":"https:\/\/www.ramliatours.com\/fr\/wp-json\/wp\/v2\/product\/7586","targetHints":{"allow":["GET"]}}],"collection":[{"href":"https:\/\/www.ramliatours.com\/fr\/wp-json\/wp\/v2\/product"}],"about":[{"href":"https:\/\/www.ramliatours.com\/fr\/wp-json\/wp\/v2\/types\/product"}],"replies":[{"embeddable":true,"href":"https:\/\/www.ramliatours.com\/fr\/wp-json\/wp\/v2\/comments?post=7586"}],"wp:featuredmedia":[{"embeddable":true,"href":"https:\/\/www.ramliatours.com\/fr\/wp-json\/wp\/v2\/media\/7029"}],"wp:attachment":[{"href":"https:\/\/www.ramliatours.com\/fr\/wp-json\/wp\/v2\/media?parent=7586"}],"wp:term":[{"taxonomy":"product_brand","embeddable":true,"href":"https:\/\/www.ramliatours.com\/fr\/wp-json\/wp\/v2\/product_brand?post=7586"},{"taxonomy":"product_cat","embeddable":true,"href":"https:\/\/www.ramliatours.com\/fr\/wp-json\/wp\/v2\/product_cat?post=7586"},{"taxonomy":"product_tag","embeddable":true,"href":"https:\/\/www.ramliatours.com\/fr\/wp-json\/wp\/v2\/product_tag?post=7586"}],"curies":[{"name":"wp","href":"https:\/\/api.w.org\/{rel}","templated":true}]}}