{"id":7592,"date":"2016-11-18T12:29:54","date_gmt":"2016-11-18T11:29:54","guid":{"rendered":"http:\/\/www.ramliatours.com\/tours\/semaine-sainte-dans-le-desert\/"},"modified":"2025-01-30T20:55:57","modified_gmt":"2025-01-30T19:55:57","slug":"semaine-sainte","status":"publish","type":"product","link":"https:\/\/www.ramliatours.com\/fr\/circuits\/semaine-sainte\/","title":{"rendered":"Semaine Sainte dans le D\u00e9sert"},"content":{"rendered":"<section class=\"wpb-content-wrapper\">[vc_row][vc_column][vc_row_inner][vc_column_inner][vc_column_text][\/vc_column_text][\/vc_column_inner][\/vc_row_inner][vc_tta_tabs style=\u00a0\u00bbflat\u00a0\u00bb shape=\u00a0\u00bbsquare\u00a0\u00bb color=\u00a0\u00bbwhite\u00a0\u00bb spacing=\u00a0\u00bb\u00a0\u00bb active_section=\u00a0\u00bb1&Prime;][vc_tta_section tab_id=\u00a0\u00bb1478715727553-34fd3f1d-c709&Prime; title=\u00a0\u00bb5 d\u00edas &#8211; 480\u20ac\u00a0\u00bb][vc_row_inner][vc_column_inner width=\u00a0\u00bb2\/3&Prime;][vc_column_text]\n<h3>D\u00eda 1<strong><br \/>\nMarrakech \/ Zagora <\/strong><\/h3>\n<p>Saldremos con los veh\u00edculos 4&#215;4, atravesando el Atlas por el Tizin Tichka hacia A\u00eft Ben Haddou, Ksar, declarado patrimonio de la humanidad por la UNESCO, y luego seguiremos el viaje hacia el sur pasando por las monta\u00f1as del Saghrou ; El Valle palmeral de d\u2019araa , visitaremos varios pueblos bereberes y una kasbah llamada \u00a0\u00bb Tamnougalte\u00a0\u00bb en Agdiz. Desde all\u00ed nos dirigiremos hacia Zagora. Cena y alojamiento en hotel.<\/p>\n<h3>D\u00eda 2<strong><br \/>\nZagora \/ Ramlia <\/strong><\/h3>\n<p>Durante el d\u00eda recorreremos una de las pistas que utilizan en el Rally Dakar por las fronteras entre Marruecos y Argelia , visitando varios pueblos berebere, entre ellos el oasis de Ramlia. Cena en Jaimas situadas en medio del desierto. <a href=\"https:\/\/kasbahramlia.com\/\" target=\"_blank\" rel=\"noopener\">www.kasbahramlia.com<\/a><\/p>\n<div class=\"UFKys8o9\">\n<div class=\"dYwbtrMd\">\n<div class=\"IRvYw_2J\">\n<div data-ui-name=\"Box\"><\/div>\n<\/div>\n<\/div>\n<\/div>\n<h3>D\u00eda 3<strong><br \/>\nRamlia \/ Merzouga \/ Ramlia<\/strong><\/h3>\n<p>Madrugaremos para admirar la salida del sol entre las dunas y despu\u00e9s del desayuno ir hacia Merzouga para visitar Erg-chabbi , desde all\u00ed haremos un excursi\u00f3n en camellos y regresaremos a Merzouga. M\u00e1s tarde nos dirigiremos hacia Rissani para visitar su legendario mercado. Por la tarde continuaremos hacia el oasis de Ramlia, donde pasaremos la \u00faltima noche en el desierto<\/p>\n<h3>D\u00eda 4<strong><br \/>\nRamlia \/ Las gargantas del dades<\/strong><\/h3>\n<p>Despu\u00e9s del desayuno, nos dirigiremos hacia Alnif donde empieza la pista hacia La Garganta de Todra cerca de la ciudad de Tinerhir, en el extremo de un valle de palmeras y de aldeas de adobe rodeada por monta\u00f1as escarpadas y est\u00e9riles. Es una de las vistas naturales m\u00e1s famosas de Marruecos, unos 300m de pared a lo largo de un kil\u00f3metro. Desde aqu\u00ed nos dirigiremos a las Gargantas del Dades. Cena y alojamiento en un hotel situado en las gargantas.<\/p>\n<h3>D\u00eda 5<strong><br \/>\nLas gargantas del dades \/ Marrakech <\/strong><\/h3>\n<p>Desayuno y salida hacia las Gargantas del Dades, con sus desfiladeros y ca\u00f1ones. Durante la ruta pasaremos por poblados ber\u00e9beres como Boutaghar y Skoura, situados en el coraz\u00f3n del valle de las palmeras. Por la tarde seguiremos la ruta de las monta\u00f1as del alto atlas hasta Marrakech, la ciudad de las mil y una noches. Fin del viaje[\/vc_column_text][\/vc_column_inner][vc_column_inner width=\u00a0\u00bb1\/3&Prime;]<div class=\"vcex-image-grid-wrap wpex-clr\"><div class=\"vcex-module vcex-image-grid wpex-clr grid-style-default wpex-row gap-15 wpex-lightbox-group\"><div class=\"id-6966 vcex-image-grid-entry vcex-grid-item textcenter span_1_of_1 col col-1\"><figure class=\"vcex-image-grid-entry-figure wpex-last-mb-0 wpex-clr\"><div class=\"vcex-image-grid-entry-img entry-media wpex-mb-20\"><a href=\"https:\/\/www.ramliatours.com\/wp-content\/uploads\/merzouga-desierto.jpg\" class=\"vcex-image-grid-entry-img wpex-lightbox-group-item\" data-title=\"Puente de la Pur\u00edsima en Marruecos\"><img decoding=\"async\" width=\"360\" height=\"240\" src=\"https:\/\/www.ramliatours.com\/wp-content\/uploads\/merzouga-desierto-360x240.jpg\" class=\"wpex-align-middle\" alt=\"Puente de la Pur\u00edsima en Marruecos\" loading=\"lazy\" srcset=\"https:\/\/www.ramliatours.com\/wp-content\/uploads\/merzouga-desierto-360x240.jpg 360w, https:\/\/www.ramliatours.com\/wp-content\/uploads\/merzouga-desierto-367x245.jpg 367w\" sizes=\"auto, (max-width: 360px) 100vw, 360px\" \/><\/a><\/div><\/figure><\/div><div class=\"id-6924 vcex-image-grid-entry vcex-grid-item textcenter span_1_of_1 col col-1\"><figure class=\"vcex-image-grid-entry-figure wpex-last-mb-0 wpex-clr\"><div class=\"vcex-image-grid-entry-img entry-media wpex-mb-20\"><a href=\"https:\/\/www.ramliatours.com\/wp-content\/uploads\/Garganta-del-Dades-1.jpg\" class=\"vcex-image-grid-entry-img wpex-lightbox-group-item\"><img decoding=\"async\" width=\"360\" height=\"240\" src=\"https:\/\/www.ramliatours.com\/wp-content\/uploads\/Garganta-del-Dades-1-360x240.jpg\" class=\"wpex-align-middle\" alt=\"\" loading=\"lazy\" srcset=\"https:\/\/www.ramliatours.com\/wp-content\/uploads\/Garganta-del-Dades-1-360x240.jpg 360w, https:\/\/www.ramliatours.com\/wp-content\/uploads\/Garganta-del-Dades-1-367x245.jpg 367w\" sizes=\"auto, (max-width: 360px) 100vw, 360px\" \/><\/a><\/div><\/figure><\/div><div class=\"id-6963 vcex-image-grid-entry vcex-grid-item textcenter span_1_of_1 col col-1\"><figure class=\"vcex-image-grid-entry-figure wpex-last-mb-0 wpex-clr\"><div class=\"vcex-image-grid-entry-img entry-media wpex-mb-20\"><a href=\"https:\/\/www.ramliatours.com\/wp-content\/uploads\/mercado-especias-marruecos-1.jpg\" class=\"vcex-image-grid-entry-img wpex-lightbox-group-item\"><img decoding=\"async\" width=\"360\" height=\"240\" src=\"https:\/\/www.ramliatours.com\/wp-content\/uploads\/mercado-especias-marruecos-1-360x240.jpg\" class=\"wpex-align-middle\" alt=\"\" loading=\"lazy\" srcset=\"https:\/\/www.ramliatours.com\/wp-content\/uploads\/mercado-especias-marruecos-1-360x240.jpg 360w, https:\/\/www.ramliatours.com\/wp-content\/uploads\/mercado-especias-marruecos-1-367x245.jpg 367w\" sizes=\"auto, (max-width: 360px) 100vw, 360px\" \/><\/a><\/div><\/figure><\/div><\/div><\/div>[\/vc_column_inner][\/vc_row_inner][vc_row_inner][vc_column_inner width=\u00a0\u00bb1\/2&Prime;][vc_column_text]\n<h3>Incluye<\/h3>\n<ul>\n<li>Transporte En 4&#215;4 o minibus<\/li>\n<li>Conductor<\/li>\n<li>Combustible<\/li>\n<li>Excursi\u00f3n en camellos<\/li>\n<li>Noche en jaimas con cena y desayuno<\/li>\n<li>Hoteles en media pensi\u00f3n: Cena y Desayuno<\/li>\n<\/ul>\n[\/vc_column_text][\/vc_column_inner][vc_column_inner width=\u00a0\u00bb1\/2&Prime;][vc_column_text]\n<h3>No incluye<\/h3>\n<ul>\n<li>Comida del mediod\u00eda<\/li>\n<li>Bebidas<\/li>\n<li>Entradas<\/li>\n<li>Seguro de viaje<\/li>\n<li>Propinas y lo que no est\u00e1 en el programa<\/li>\n<\/ul>\n[\/vc_column_text][\/vc_column_inner][\/vc_row_inner][\/vc_tta_section][vc_tta_section tab_id=\u00a0\u00bb1479472767455-661baa62-9a92&Prime; title=\u00a0\u00bb8 d\u00edas &#8211; 600\u20ac\u00a0\u00bb][vc_row_inner][vc_column_inner width=\u00a0\u00bb2\/3&Prime;][vc_column_text]\n<h3>D\u00eda 1<strong><br \/>\nLlegada a Marrakech<\/strong><\/h3>\n<p>A la hora convenida, recogida en el aeropuerto de Marrakech y traslado al hotel que est\u00e1 junto a la Plaza Jemaa el Fna.<\/p>\n<h3>D\u00eda 2<strong><br \/>\nMarrakech \/ Zagora<\/strong><\/h3>\n<p>Saldremos con los veh\u00edculos 4&#215;4, atravesando el Atlas por el Tizin Tichka hacia A\u00eft Ben Haddou, Ksar, declarado patrimonio de la humanidad por la UNESCO, y luego seguiremos el viaje hacia el sur pasando por las monta\u00f1as del Saghrou ; El Valle palmeral de d\u2019araa , visitaremos varios pueblos bereberes y una kasbah llamada \u00a0\u00bb Tamnougalte\u00a0\u00bb en Agdiz. Desde all\u00ed nos dirigiremos hacia Zagora. Cena y alojamiento en hotel.<\/p>\n<h3>D\u00eda 3<strong><br \/>\nZagora \/ Oasis de Ramlia<\/strong><\/h3>\n<p>Durante el d\u00eda recorreremos una de las pistas que utilizan en el Rally Dakar por las fronteras entre Marruecos y Argelia , visitando varios pueblos berebere, entre ellos el oasis de Ramlia. Cena en Jaimas situadas en medio del desierto.<\/p>\n<h3>D\u00eda 4<strong><br \/>\nOasis de Ramlia \/ Merzouga \/ Ramlia<\/strong><\/h3>\n<p>Madrugaremos para admirar la salida del sol entre las dunas y despu\u00e9s del desayuno ir hacia Merzouga para visitar Erg-chabbi , desde all\u00ed haremos un excursi\u00f3n en camellos y regresaremos a Merzouga. M\u00e1s tarde nos dirigiremos hacia Rissani para visitar su legendario mercado. Por la tarde continuaremos hacia el oasis de Ramlia, donde pasaremos la \u00faltima noche en el desierto<\/p>\n<h3>D\u00eda 5<strong><br \/>\nRamlia \/ Las gargantas del dades<\/strong><\/h3>\n<p>Despu\u00e9s del desayuno, nos dirigiremos hacia Alnif donde empieza la pista hacia La Garganta de Todra cerca de la ciudad de Tinerhir, en el extremo de un valle de palmeras y de aldeas de adobe rodeada por monta\u00f1as escarpadas y est\u00e9riles. Es una de las vistas naturales m\u00e1s famosas de Marruecos, unos 300m de pared a lo largo de un kil\u00f3metro. Desde aqu\u00ed nos dirigiremos a las Gargantas del Dades. Cena y alojamiento en un hotel situado en las gargantas.<\/p>\n<h3>D\u00eda 6<strong><br \/>\nLas gargantas del dades \/ Marrakech<\/strong><\/h3>\n<p>Desayuno y salida hacia las Gargantas del Dades, con sus desfiladeros y ca\u00f1ones. Durante la ruta pasaremos por poblados ber\u00e9beres como Boutaghar y Skoura, situados en el coraz\u00f3n del valle de las palmeras. Por la tarde seguiremos la ruta de las monta\u00f1as del alto atlas hasta Marrakech, la ciudad de las mil y una noches. Noche en hotel.<\/p>\n<h3>D\u00eda 7<strong><br \/>\nMarrakech \/ Marrakech<\/strong><\/h3>\n<p>Despu\u00e9s del desayuno visitaremos la famosa, ex\u00f3tica y fren\u00e9tica Plaza Jemaa el Fna, declarada Patrimonio Cultural por la UNESCO, situada a la entrada de la Medina. y noche ne mismo hotel<\/p>\n<h3>D\u00eda 8<strong><br \/>\nMarrakech \/ Marrakech<\/strong><\/h3>\n<p>A la hora\u00a0convenida, nos trasladaremos hacia el aeropuerto y fin del viaje[\/vc_column_text][\/vc_column_inner][vc_column_inner width=\u00a0\u00bb1\/3&Prime;]<div class=\"vcex-image-grid-wrap wpex-clr\"><div class=\"vcex-module vcex-image-grid wpex-clr grid-style-default wpex-row gap-15 wpex-lightbox-group\"><div class=\"id-6984 vcex-image-grid-entry vcex-grid-item textcenter span_1_of_1 col col-1\"><figure class=\"vcex-image-grid-entry-figure wpex-last-mb-0 wpex-clr\"><div class=\"vcex-image-grid-entry-img entry-media wpex-mb-20\"><a href=\"https:\/\/www.ramliatours.com\/wp-content\/uploads\/slider_Katubia-Marrakech-1-rotated.jpg\" class=\"vcex-image-grid-entry-img wpex-lightbox-group-item\" data-title=\"Excursiones en Marrakech en espa\u00f1ol\"><img decoding=\"async\" width=\"240\" height=\"240\" src=\"https:\/\/www.ramliatours.com\/wp-content\/uploads\/slider_Katubia-Marrakech-1-rotated.jpg\" class=\"wpex-align-middle\" alt=\"Excursiones en Marrakech en espa\u00f1ol\" loading=\"lazy\" srcset=\"https:\/\/www.ramliatours.com\/wp-content\/uploads\/slider_Katubia-Marrakech-1-rotated.jpg 2453w, https:\/\/www.ramliatours.com\/wp-content\/uploads\/slider_Katubia-Marrakech-1-300x300.jpg 300w, https:\/\/www.ramliatours.com\/wp-content\/uploads\/slider_Katubia-Marrakech-1-100x100.jpg 100w, https:\/\/www.ramliatours.com\/wp-content\/uploads\/slider_Katubia-Marrakech-1-600x601.jpg 600w\" sizes=\"auto, (max-width: 240px) 100vw, 240px\" \/><\/a><\/div><\/figure><\/div><div class=\"id-6975 vcex-image-grid-entry vcex-grid-item textcenter span_1_of_1 col col-1\"><figure class=\"vcex-image-grid-entry-figure wpex-last-mb-0 wpex-clr\"><div class=\"vcex-image-grid-entry-img entry-media wpex-mb-20\"><a href=\"https:\/\/www.ramliatours.com\/wp-content\/uploads\/ramlia-aldea-scaled.jpg\" class=\"vcex-image-grid-entry-img wpex-lightbox-group-item\"><img decoding=\"async\" width=\"360\" height=\"240\" src=\"https:\/\/www.ramliatours.com\/wp-content\/uploads\/ramlia-aldea-360x240.jpg\" class=\"wpex-align-middle\" alt=\"\" loading=\"lazy\" srcset=\"https:\/\/www.ramliatours.com\/wp-content\/uploads\/ramlia-aldea-360x240.jpg 360w, https:\/\/www.ramliatours.com\/wp-content\/uploads\/ramlia-aldea-367x245.jpg 367w\" sizes=\"auto, (max-width: 360px) 100vw, 360px\" \/><\/a><\/div><\/figure><\/div><div class=\"id-6933 vcex-image-grid-entry vcex-grid-item textcenter span_1_of_1 col col-1\"><figure class=\"vcex-image-grid-entry-figure wpex-last-mb-0 wpex-clr\"><div class=\"vcex-image-grid-entry-img entry-media wpex-mb-20\"><a href=\"https:\/\/www.ramliatours.com\/wp-content\/uploads\/haimas-dunas.jpg\" class=\"vcex-image-grid-entry-img wpex-lightbox-group-item\"><img decoding=\"async\" width=\"360\" height=\"240\" src=\"https:\/\/www.ramliatours.com\/wp-content\/uploads\/haimas-dunas-360x240.jpg\" class=\"wpex-align-middle\" alt=\"\" loading=\"lazy\" srcset=\"https:\/\/www.ramliatours.com\/wp-content\/uploads\/haimas-dunas-360x240.jpg 360w, https:\/\/www.ramliatours.com\/wp-content\/uploads\/haimas-dunas-367x245.jpg 367w\" sizes=\"auto, (max-width: 360px) 100vw, 360px\" \/><\/a><\/div><\/figure><\/div><\/div><\/div>[\/vc_column_inner][\/vc_row_inner][vc_row_inner][vc_column_inner width=\u00a0\u00bb1\/2&Prime;][vc_column_text]\n<h3>Incluye<\/h3>\n<ul>\n<li>Transporte En 4&#215;4 o minibus<\/li>\n<li>Conductor<\/li>\n<li>Combustible<\/li>\n<li>Excursi\u00f3n en camellos<\/li>\n<li>Noche en jaimas con cena y desayuno<\/li>\n<li>Hoteles en media pensi\u00f3n: Cena y Desayuno<\/li>\n<li>Gu\u00eda para visitar la medina de marrakech<\/li>\n<\/ul>\n[\/vc_column_text][\/vc_column_inner][vc_column_inner width=\u00a0\u00bb1\/2&Prime;][vc_column_text]\n<h3>No incluye<\/h3>\n<ul>\n<li>Comida del mediod\u00eda<\/li>\n<li>Bebidas<\/li>\n<li>Entradas<\/li>\n<li>Seguro de viaje<\/li>\n<li>Propinas y lo que no est\u00e1 en el programa<\/li>\n<\/ul>\n[\/vc_column_text][\/vc_column_inner][\/vc_row_inner][\/vc_tta_section][\/vc_tta_tabs][\/vc_column][\/vc_row]\n<\/section>","protected":false},"excerpt":{"rendered":"<p>Loin de la civilisation, en d\u00e9couvrant l\u2019hospitalit\u00e9 Berb\u00e8re, en savourant la cuisine traditionnelle et en attendant la beaut\u00e9 du coucher de soleil au son des tam-tams.<\/p>\n","protected":false},"featured_media":6900,"comment_status":"open","ping_status":"closed","template":"","meta":{"_acf_changed":false},"product_brand":[],"product_cat":[156],"product_tag":[],"class_list":{"0":"post-7592","1":"product","2":"type-product","3":"status-publish","4":"has-post-thumbnail","6":"product_cat-offres-fr","7":"entry","8":"no-media","10":"first","11":"instock","12":"shipping-taxable","13":"purchasable","14":"product-type-variable"},"acf":[],"_links":{"self":[{"href":"https:\/\/www.ramliatours.com\/fr\/wp-json\/wp\/v2\/product\/7592","targetHints":{"allow":["GET"]}}],"collection":[{"href":"https:\/\/www.ramliatours.com\/fr\/wp-json\/wp\/v2\/product"}],"about":[{"href":"https:\/\/www.ramliatours.com\/fr\/wp-json\/wp\/v2\/types\/product"}],"replies":[{"embeddable":true,"href":"https:\/\/www.ramliatours.com\/fr\/wp-json\/wp\/v2\/comments?post=7592"}],"wp:featuredmedia":[{"embeddable":true,"href":"https:\/\/www.ramliatours.com\/fr\/wp-json\/wp\/v2\/media\/6900"}],"wp:attachment":[{"href":"https:\/\/www.ramliatours.com\/fr\/wp-json\/wp\/v2\/media?parent=7592"}],"wp:term":[{"taxonomy":"product_brand","embeddable":true,"href":"https:\/\/www.ramliatours.com\/fr\/wp-json\/wp\/v2\/product_brand?post=7592"},{"taxonomy":"product_cat","embeddable":true,"href":"https:\/\/www.ramliatours.com\/fr\/wp-json\/wp\/v2\/product_cat?post=7592"},{"taxonomy":"product_tag","embeddable":true,"href":"https:\/\/www.ramliatours.com\/fr\/wp-json\/wp\/v2\/product_tag?post=7592"}],"curies":[{"name":"wp","href":"https:\/\/api.w.org\/{rel}","templated":true}]}}