{"id":7672,"date":"2016-11-16T15:55:20","date_gmt":"2016-11-16T14:55:20","guid":{"rendered":"http:\/\/www.ramliatours.com\/tours\/raid-aventure-en-4x4\/"},"modified":"2017-02-16T10:43:09","modified_gmt":"2017-02-16T09:43:09","slug":"raid-4x4","status":"publish","type":"product","link":"https:\/\/www.ramliatours.com\/fr\/circuits\/raid-4x4\/","title":{"rendered":"Raid aventure en 4X4"},"content":{"rendered":"<section class=\"wpb-content-wrapper\">[vc_row][vc_column][vc_column_text]\n<p>Nous organisons des raids en 4&#215;4 dans tout le Maroc<\/p>\n<h4>\u00bfQue signifie un raid en 4&#215;4?<\/h4>\n<p>Un <a href=\"http:\/\/www.ramliatours.com\/fr\/raid-4x4.html\">ensemble de 4&#215;4<\/a> sp\u00e9cialis\u00e9s dans la conduite sur pistes et routes en pleine nature : dunes, d\u00e9sert, montagnes, rivi\u00e8res, boue&#8230;<\/p>\n<p>Chaque 4&#215;4 dispose :<\/p>\n<ul>\n<li>De la climatisation, GPS et cartes topographiques d\u00e9taill\u00e9es.<\/li>\n<li>Et de l\u2019assistance m\u00e9canique n\u00e9cessaire en cas de panne.<\/li>\n<\/ul>\n[\/vc_column_text]<div class=\"vcex-image-grid-wrap wpex-clr\"><div class=\"vcex-image-grid-css-wrapper vc_custom_1480257057465\"><div class=\"vcex-module vcex-image-grid wpex-clr grid-style-masonry wpex-row gap-15 vcex-isotope-grid no-transition wpex-lightbox-group\" data-transition-duration=\"0.0\"><div class=\"id-6999 vcex-image-grid-entry vcex-grid-item vcex-isotope-entry textcenter span_1_of_4 col col-1\"><figure class=\"vcex-image-grid-entry-figure wpex-last-mb-0 wpex-clr\"><div class=\"vcex-image-grid-entry-img entry-media wpex-mb-20\"><a href=\"https:\/\/www.ramliatours.com\/wp-content\/uploads\/15820588295_45bf74fc00_j.jpg\" class=\"vcex-image-grid-entry-img wpex-lightbox-group-item\" ><img decoding=\"async\" width=\"275\" height=\"200\" src=\"https:\/\/www.ramliatours.com\/wp-content\/uploads\/15820588295_45bf74fc00_j-275x200.jpg\" class=\"wpex-align-middle skip-lazy\" alt=\"\" data-no-lazy=\"1\" \/><\/a><\/div><\/figure><\/div><div class=\"id-6828 vcex-image-grid-entry vcex-grid-item vcex-isotope-entry textcenter span_1_of_4 col col-2\"><figure class=\"vcex-image-grid-entry-figure wpex-last-mb-0 wpex-clr\"><div class=\"vcex-image-grid-entry-img entry-media wpex-mb-20\"><a href=\"https:\/\/www.ramliatours.com\/wp-content\/uploads\/desierto-4x4-raid-marruecos.jpg\" class=\"vcex-image-grid-entry-img wpex-lightbox-group-item\" ><img decoding=\"async\" width=\"275\" height=\"200\" src=\"https:\/\/www.ramliatours.com\/wp-content\/uploads\/desierto-4x4-raid-marruecos-275x200.jpg\" class=\"wpex-align-middle skip-lazy\" alt=\"\" data-no-lazy=\"1\" \/><\/a><\/div><\/figure><\/div><div class=\"id-6825 vcex-image-grid-entry vcex-grid-item vcex-isotope-entry textcenter span_1_of_4 col col-3\"><figure class=\"vcex-image-grid-entry-figure wpex-last-mb-0 wpex-clr\"><div class=\"vcex-image-grid-entry-img entry-media wpex-mb-20\"><a href=\"https:\/\/www.ramliatours.com\/wp-content\/uploads\/4x4.jpg\" class=\"vcex-image-grid-entry-img wpex-lightbox-group-item\" data-title=\"Asistencia 4x4 en Marruecos\"><img decoding=\"async\" width=\"275\" height=\"200\" src=\"https:\/\/www.ramliatours.com\/wp-content\/uploads\/4x4-275x200.jpg\" class=\"wpex-align-middle skip-lazy\" alt=\"Asistencia 4x4 en Marruecos\" data-no-lazy=\"1\" \/><\/a><\/div><\/figure><\/div><div class=\"id-6861 vcex-image-grid-entry vcex-grid-item vcex-isotope-entry textcenter span_1_of_4 col col-4\"><figure class=\"vcex-image-grid-entry-figure wpex-last-mb-0 wpex-clr\"><div class=\"vcex-image-grid-entry-img entry-media wpex-mb-20\"><a href=\"https:\/\/www.ramliatours.com\/wp-content\/uploads\/slide-Raid-desierto-marruecos.jpg\" class=\"vcex-image-grid-entry-img wpex-lightbox-group-item\" ><img decoding=\"async\" width=\"275\" height=\"200\" src=\"https:\/\/www.ramliatours.com\/wp-content\/uploads\/slide-Raid-desierto-marruecos-275x200.jpg\" class=\"wpex-align-middle skip-lazy\" alt=\"\" data-no-lazy=\"1\" \/><\/a><\/div><\/figure><\/div><div class=\"id-6858 vcex-image-grid-entry vcex-grid-item vcex-isotope-entry textcenter span_1_of_4 col col-1\"><figure class=\"vcex-image-grid-entry-figure wpex-last-mb-0 wpex-clr\"><div class=\"vcex-image-grid-entry-img entry-media wpex-mb-20\"><a href=\"https:\/\/www.ramliatours.com\/wp-content\/uploads\/sahara-desierto.jpg\" class=\"vcex-image-grid-entry-img wpex-lightbox-group-item\" ><img decoding=\"async\" width=\"275\" height=\"200\" src=\"https:\/\/www.ramliatours.com\/wp-content\/uploads\/sahara-desierto-275x200.jpg\" class=\"wpex-align-middle skip-lazy\" alt=\"\" data-no-lazy=\"1\" \/><\/a><\/div><\/figure><\/div><div class=\"id-6849 vcex-image-grid-entry vcex-grid-item vcex-isotope-entry textcenter span_1_of_4 col col-2\"><figure class=\"vcex-image-grid-entry-figure wpex-last-mb-0 wpex-clr\"><div class=\"vcex-image-grid-entry-img entry-media wpex-mb-20\"><a href=\"https:\/\/www.ramliatours.com\/wp-content\/uploads\/dunas-desierto.jpg\" class=\"vcex-image-grid-entry-img wpex-lightbox-group-item\" ><img decoding=\"async\" width=\"275\" height=\"200\" src=\"https:\/\/www.ramliatours.com\/wp-content\/uploads\/dunas-desierto-275x200.jpg\" class=\"wpex-align-middle skip-lazy\" alt=\"\" data-no-lazy=\"1\" \/><\/a><\/div><\/figure><\/div><div class=\"id-6852 vcex-image-grid-entry vcex-grid-item vcex-isotope-entry textcenter span_1_of_4 col col-3\"><figure class=\"vcex-image-grid-entry-figure wpex-last-mb-0 wpex-clr\"><div class=\"vcex-image-grid-entry-img entry-media wpex-mb-20\"><a href=\"https:\/\/www.ramliatours.com\/wp-content\/uploads\/ramlia-tours.jpg\" class=\"vcex-image-grid-entry-img wpex-lightbox-group-item\" ><img decoding=\"async\" width=\"275\" height=\"200\" src=\"https:\/\/www.ramliatours.com\/wp-content\/uploads\/ramlia-tours-275x200.jpg\" class=\"wpex-align-middle skip-lazy\" alt=\"\" data-no-lazy=\"1\" \/><\/a><\/div><\/figure><\/div><div class=\"id-6846 vcex-image-grid-entry vcex-grid-item vcex-isotope-entry textcenter span_1_of_4 col col-4\"><figure class=\"vcex-image-grid-entry-figure wpex-last-mb-0 wpex-clr\"><div class=\"vcex-image-grid-entry-img entry-media wpex-mb-20\"><a href=\"https:\/\/www.ramliatours.com\/wp-content\/uploads\/desierto.jpg\" class=\"vcex-image-grid-entry-img wpex-lightbox-group-item\" ><img decoding=\"async\" width=\"275\" height=\"200\" src=\"https:\/\/www.ramliatours.com\/wp-content\/uploads\/desierto-275x200.jpg\" class=\"wpex-align-middle skip-lazy\" alt=\"\" data-no-lazy=\"1\" \/><\/a><\/div><\/figure><\/div><div class=\"id-6855 vcex-image-grid-entry vcex-grid-item vcex-isotope-entry textcenter span_1_of_4 col col-1\"><figure class=\"vcex-image-grid-entry-figure wpex-last-mb-0 wpex-clr\"><div class=\"vcex-image-grid-entry-img entry-media wpex-mb-20\"><a href=\"https:\/\/www.ramliatours.com\/wp-content\/uploads\/ruta-desierto.jpg\" class=\"vcex-image-grid-entry-img wpex-lightbox-group-item\" ><img decoding=\"async\" width=\"275\" height=\"200\" src=\"https:\/\/www.ramliatours.com\/wp-content\/uploads\/ruta-desierto-275x200.jpg\" class=\"wpex-align-middle skip-lazy\" alt=\"\" data-no-lazy=\"1\" \/><\/a><\/div><\/figure><\/div><div class=\"id-6840 vcex-image-grid-entry vcex-grid-item vcex-isotope-entry textcenter span_1_of_4 col col-2\"><figure class=\"vcex-image-grid-entry-figure wpex-last-mb-0 wpex-clr\"><div class=\"vcex-image-grid-entry-img entry-media wpex-mb-20\"><a href=\"https:\/\/www.ramliatours.com\/wp-content\/uploads\/desierto-hotel-marruecos.jpg\" class=\"vcex-image-grid-entry-img wpex-lightbox-group-item\" ><img decoding=\"async\" width=\"275\" height=\"200\" src=\"https:\/\/www.ramliatours.com\/wp-content\/uploads\/desierto-hotel-marruecos-275x200.jpg\" class=\"wpex-align-middle skip-lazy\" alt=\"\" data-no-lazy=\"1\" \/><\/a><\/div><\/figure><\/div><div class=\"id-6834 vcex-image-grid-entry vcex-grid-item vcex-isotope-entry textcenter span_1_of_4 col col-3\"><figure class=\"vcex-image-grid-entry-figure wpex-last-mb-0 wpex-clr\"><div class=\"vcex-image-grid-entry-img entry-media wpex-mb-20\"><a href=\"https:\/\/www.ramliatours.com\/wp-content\/uploads\/desierto-dromedario-marruecos.jpg\" class=\"vcex-image-grid-entry-img wpex-lightbox-group-item\" ><img decoding=\"async\" width=\"275\" height=\"200\" src=\"https:\/\/www.ramliatours.com\/wp-content\/uploads\/desierto-dromedario-marruecos-275x200.jpg\" class=\"wpex-align-middle skip-lazy\" alt=\"\" data-no-lazy=\"1\" \/><\/a><\/div><\/figure><\/div><div class=\"id-6843 vcex-image-grid-entry vcex-grid-item vcex-isotope-entry textcenter span_1_of_4 col col-4\"><figure class=\"vcex-image-grid-entry-figure wpex-last-mb-0 wpex-clr\"><div class=\"vcex-image-grid-entry-img entry-media wpex-mb-20\"><a href=\"https:\/\/www.ramliatours.com\/wp-content\/uploads\/desierto-tomando-el-sol-marruecos.jpg\" class=\"vcex-image-grid-entry-img wpex-lightbox-group-item\" ><img decoding=\"async\" width=\"275\" height=\"200\" src=\"https:\/\/www.ramliatours.com\/wp-content\/uploads\/desierto-tomando-el-sol-marruecos-275x200.jpg\" class=\"wpex-align-middle skip-lazy\" alt=\"\" data-no-lazy=\"1\" \/><\/a><\/div><\/figure><\/div><\/div><\/div><\/div>[\/vc_column][\/vc_row]\n<\/section>","protected":false},"excerpt":{"rendered":"<p>[vc_row][vc_column][vc_column_text] Nous organisons des raids en 4&#215;4 dans tout le Maroc \u00bfQue signifie un raid en 4&#215;4? Un ensemble de 4&#215;4 sp\u00e9cialis\u00e9s dans la conduite sur pistes et routes en pleine nature : dunes, d\u00e9sert, montagnes, rivi\u00e8res, boue&#8230; Chaque 4&#215;4 dispose : De la climatisation, GPS et cartes topographiques d\u00e9taill\u00e9es. Et de l\u2019assistance m\u00e9canique n\u00e9cessaire&hellip;<\/p>\n","protected":false},"featured_media":7275,"comment_status":"open","ping_status":"closed","template":"","meta":{"_acf_changed":false},"product_brand":[],"product_cat":[157],"product_tag":[],"class_list":{"0":"post-7672","1":"product","2":"type-product","3":"status-publish","4":"has-post-thumbnail","6":"product_cat-itineraires-fr","7":"entry","8":"no-media","10":"first","11":"instock","12":"featured","13":"shipping-taxable","14":"product-type-simple"},"acf":[],"_links":{"self":[{"href":"https:\/\/www.ramliatours.com\/fr\/wp-json\/wp\/v2\/product\/7672","targetHints":{"allow":["GET"]}}],"collection":[{"href":"https:\/\/www.ramliatours.com\/fr\/wp-json\/wp\/v2\/product"}],"about":[{"href":"https:\/\/www.ramliatours.com\/fr\/wp-json\/wp\/v2\/types\/product"}],"replies":[{"embeddable":true,"href":"https:\/\/www.ramliatours.com\/fr\/wp-json\/wp\/v2\/comments?post=7672"}],"wp:featuredmedia":[{"embeddable":true,"href":"https:\/\/www.ramliatours.com\/fr\/wp-json\/wp\/v2\/media\/7275"}],"wp:attachment":[{"href":"https:\/\/www.ramliatours.com\/fr\/wp-json\/wp\/v2\/media?parent=7672"}],"wp:term":[{"taxonomy":"product_brand","embeddable":true,"href":"https:\/\/www.ramliatours.com\/fr\/wp-json\/wp\/v2\/product_brand?post=7672"},{"taxonomy":"product_cat","embeddable":true,"href":"https:\/\/www.ramliatours.com\/fr\/wp-json\/wp\/v2\/product_cat?post=7672"},{"taxonomy":"product_tag","embeddable":true,"href":"https:\/\/www.ramliatours.com\/fr\/wp-json\/wp\/v2\/product_tag?post=7672"}],"curies":[{"name":"wp","href":"https:\/\/api.w.org\/{rel}","templated":true}]}}