{"id":8503,"date":"2017-11-08T19:20:35","date_gmt":"2017-11-08T18:20:35","guid":{"rendered":"http:\/\/www.ramliatours.com\/?post_type=product&#038;p=8503"},"modified":"2022-02-01T17:24:07","modified_gmt":"2022-02-01T16:24:07","slug":"du-maroc-a-chgaga","status":"publish","type":"product","link":"https:\/\/www.ramliatours.com\/fr\/circuits\/du-maroc-a-chgaga\/","title":{"rendered":"De Marrakech aux dunes de l&rsquo;Erg Chigaga"},"content":{"rendered":"<section class=\"wpb-content-wrapper\">[vc_row][vc_column][vc_column_text]\n<h3>Jour 1<strong><br \/>\n<\/strong>Origine &#8211; Marrakech<\/h3>\n<p>\u00c0 l&rsquo;heure convenue transfert de l&rsquo;a\u00e9roport de Marrakech \u00e0 l&rsquo;h\u00f4tel.<\/p>\n<h3>Jour 2<strong><br \/>\n<\/strong>Marrakech &#8211; Kasbah Telouet &#8211; Ighrem N&rsquo;Ougdal &#8211; Ait Ben Hadou &#8211; Ouarzazate<strong><br \/>\n<\/strong><\/h3>\n<p>Apr\u00e8s le petit d\u00e9jeuner, nous partons en route de Marrakech vers Ouarzazate.<\/p>\n<p>L&rsquo;itin\u00e9raire fait environ 200 km de long et longe une route de montagne pleine de lieux d&rsquo;int\u00e9r\u00eat paysager et architectural.<\/p>\n<p>Nous ferons plusieurs arr\u00eats \u00e0 :.<\/p>\n<ul>\n<li>Kasbah Telouet \u00e9galement connue pour le Palais du Glaoui.<\/li>\n<li>Tizi n&rsquo;Tichka, est le plus haut passage routier d&rsquo;Afrique du Nord, \u00e0 2 260 m\u00e8tres d&rsquo;altitude. Vues \u00e9poustouflantes.<\/li>\n<li>Ighrem n-Ougdal, un \u00e9difice fortifi\u00e9, une construction traditionnelle berb\u00e8re du Haut Atlas \u00e9galement connue sous le nom d&rsquo;Agadir. Il est utilis\u00e9 comme entrep\u00f4t collectif.<\/li>\n<li>Ait Ben Haddou, la kasbah berb\u00e8re la mieux conserv\u00e9e et la plus repr\u00e9sentative du Maroc. D\u00e9clar\u00e9 site du patrimoine mondial par l&rsquo;Unesco en 1987. La ville fortifi\u00e9e, ou kasbah d&rsquo;Ait-Ben-Haddou, a \u00e9t\u00e9 fond\u00e9e \u00e0 l&rsquo;\u00e9poque de la route des caravanes qui circulait entre le d\u00e9sert du Sahara et l&rsquo;actuelle ville de Marrakech.<\/li>\n<\/ul>\n<p>Apr\u00e8s avoir visit\u00e9 Ait-Ben-Haddou, nous irons \u00e0 Ouarzazate. Nuit \u00e0 l&rsquo;h\u00f4tel.<\/p>\n<h3>Jour 3<strong><br \/>\n<\/strong>Ouarzazate-Skoura-Gorges du Dad\u00e8s-Gorges du Todra<\/h3>\n<p>Apr\u00e8s le petit d\u00e9jeuner, nous irons \u00e0 l&rsquo;oasis de Skoura, une vaste et luxuriante palmeraie c\u00e9l\u00e8bre pour ses nombreuses Kasbahs ou forteresses construites en pis\u00e9 d&rsquo;origine berb\u00e8re situ\u00e9e \u00e0 40 km de Ouarzazate. Nous suivrons la Route des Kasbahs le long de la route qui traverse la vall\u00e9e du fleuve Dad\u00e8s. Pr\u00e8s de la ville de Boulmane et en suivant le cours de la rivi\u00e8re, nous entrerons dans les vertigineuses gorges du Dad\u00e8s et observerons imm\u00e9diatement comment la vall\u00e9e se r\u00e9tr\u00e9cit, formant une belle gorge dans les montagnes de l&rsquo;Atlas.<\/p>\n<p>\u00c0 l&rsquo;int\u00e9rieur de la gorge, entre ses murs de pierre rouge\u00e2tre, nous verrons des dizaines de kasbahs et des formations g\u00e9ologiques uniques. L&rsquo;une des images les plus impressionnantes se trouve au point de vue de Tamlalt, o\u00f9 l&rsquo;on peut voir que l&rsquo;\u00e9rosion \u00e9olienne a provoqu\u00e9 des formes capricieuses dans les roches commun\u00e9ment appel\u00e9 cerveau de l&rsquo;Atlas ou doigts de singe.<\/p>\n<p>\u00c0 la sortie des gorges, nous prenons la route vers la palmeraie exub\u00e9rante de la vall\u00e9e de la rivi\u00e8re Todra, situ\u00e9e \u00e0 une courte distance de la ville de Tinehir. En suivant la route, nous atteindrons le fond de la vall\u00e9e pour admirer les c\u00e9l\u00e8bres gorges du Todra, un canyon aux parois de plus de 300 m\u00e8tres de haut que la rivi\u00e8re Todra creuse depuis des mill\u00e9naires.<\/p>\n<p>Nuit \u00e0 l&rsquo;h\u00f4tel.<\/p>\n<h3>Jour 4<br \/>\nGorges du Todra-Jbel Saghro-Nkoub-Zagora<\/h3>\n<p>Au petit matin, apr\u00e8s le petit-d\u00e9jeuner, nous nous dirigerons vers les montagnes du Saghro, un itin\u00e9raire alternatif peu fr\u00e9quent\u00e9 par les touristes. Un paysage spectaculaire d&rsquo;origine volcanique basaltique o\u00f9 il est fr\u00e9quent de trouver des bergers nomades de la tribu Ait Atta.<\/p>\n<p>Nous arriverons dans la ville de Nkoub et de l\u00e0 nous irons \u00e0 l&rsquo;oasis du fleuve Draa, l&rsquo;une des plus grandes palmeraies du Maroc. Nous arriverons \u00e0 la ville de Zagora, plus connue sous le nom de \u00ab La porte du d\u00e9sert \u00bb. La ville la plus m\u00e9ridionale de tout le pays. H\u00e9bergement \u00e0 l&rsquo;h\u00f4tel.<\/p>\n<h3>Jour 5<strong><br \/>\n<\/strong>Zagora-Tamegroute- Mhamid- Chigaga<strong><br \/>\n<\/strong><\/h3>\n<p>Nous quittons Zagora et arrivons dans la ville de Tamegroute. Nous visiterons la Zaouia Nasiriyya et sa c\u00e9l\u00e8bre biblioth\u00e8que, l&rsquo;une des plus pr\u00e9cieuses d&rsquo;Afrique du Nord.<\/p>\n<p>La biblioth\u00e8que poss\u00e8de plus de quatre mille manuscrits centenaires, tous originaux, certains reli\u00e9s en peau de gazelle.<\/p>\n<p>Nous visiterons \u00e9galement le centre de poterie. Une coop\u00e9rative de potiers qui fabriquent principalement de la poterie verte. Enfin nous visiterons l&rsquo;ancien ksar souterrain d&rsquo;Ouled Driss, datant du 17<sup>e<\/sup> si\u00e8cle. Actuellement habit\u00e9 par environ 150 personnes.<\/p>\n<p>Nous suivons la route vers Isfoul jusqu&rsquo;\u00e0 atteindre la ville de M&rsquo;hamid.<\/p>\n<p>Apr\u00e8s le d\u00e9jeuner, nous nous dirigeons vers les dunes de Chigaga pour admirer le coucher de soleil. D\u00eener et logement sous tente au milieu du d\u00e9sert.<\/p>\n<h3>Jour 6<strong><br \/>\n<\/strong>Chigaga-Lac Iriki-Taznaght-Ouarzazate<\/h3>\n<p>Nous nous l\u00e8verons t\u00f4t pour voir le lever du soleil sur les dunes. Apr\u00e8s un bon petit d\u00e9jeuner, nous partirons pour Foum Zguid, zone d&rsquo;\u00e9levage de chameaux et de culture oasienne. Nous arrivons au lac Iriki, class\u00e9 R\u00e9serve Naturelle en 1967, o\u00f9 vivent des esp\u00e8ces de gazelles, de renards et un lieu d&rsquo;oiseaux migrateurs. Un paysage d\u00e9sertique peupl\u00e9 d&rsquo;acacias et de bergers nomades, typique du sud marocain.<\/p>\n<p>Nous continuerons la route vers la ville de Ouarzazate, o\u00f9 nous passerons la nuit dans un \u00e0 l&rsquo;h\u00f4tel.<\/p>\n<h3>Jour 7<strong><br \/>\n<\/strong>Oasis Ouarzazate-Fint-Tifoultoute-Marrakech<strong><br \/>\n<\/strong><\/h3>\n<p>Apr\u00e8s le petit-d\u00e9jeuner, nous partirons de Ouarzazate pour Marrakech en faisant plusieurs arr\u00eats en cours de route.<\/p>\n<ul>\n<li>L&rsquo;oasis de Fint, compos\u00e9e de 4 villages, Timoula, Belghizi, Wangarf et Taherbilte. C&rsquo;est une oasis de verdure situ\u00e9e dans une vall\u00e9e profonde o\u00f9 le temps semble s&rsquo;\u00eatre arr\u00eat\u00e9.<\/li>\n<li>La Kasbah de Tifoultoute est l&rsquo;un des b\u00e2timents les plus importants du Maroc et a \u00e9t\u00e9 utilis\u00e9e dans plusieurs productions cin\u00e9matographiques.<\/li>\n<\/ul>\n<p>Nous continuerons la route vers la ville exotique de Marrakech o\u00f9 nous arriverons dans l&rsquo;apr\u00e8s-midi\/soir\u00e9e.<br \/>\nH\u00e9bergement dans un h\u00f4tel.<\/p>\n<h3>Jour 7<br \/>\nMarrakech \u2013 Origine<\/h3>\n<p>Journ\u00e9e libre.<\/p>\n<p>\u00c0 l&rsquo;heure convenue, transfert \u00e0 l&rsquo;a\u00e9roport et fin de nos prestations.<\/p>\n[\/vc_column_text][\/vc_column][\/vc_row]\n<\/section>","protected":false},"excerpt":{"rendered":"<p>[vc_row][vc_column][vc_column_text] Jour 1 Origine &#8211; Marrakech \u00c0 l&rsquo;heure convenue transfert de l&rsquo;a\u00e9roport de Marrakech \u00e0 l&rsquo;h\u00f4tel. Jour 2 Marrakech &#8211; Kasbah Telouet &#8211; Ighrem N&rsquo;Ougdal &#8211; Ait Ben Hadou &#8211; Ouarzazate Apr\u00e8s le petit d\u00e9jeuner, nous partons en route de Marrakech vers Ouarzazate. L&rsquo;itin\u00e9raire fait environ 200 km de long et longe une route de&hellip;<\/p>\n","protected":false},"featured_media":6885,"comment_status":"open","ping_status":"closed","template":"","meta":{"_acf_changed":false},"product_brand":[],"product_cat":[157],"product_tag":[],"class_list":{"0":"post-8503","1":"product","2":"type-product","3":"status-publish","4":"has-post-thumbnail","6":"product_cat-itineraires-fr","7":"entry","8":"has-media","10":"first","11":"instock","12":"featured","13":"shipping-taxable","14":"product-type-simple"},"acf":[],"_links":{"self":[{"href":"https:\/\/www.ramliatours.com\/fr\/wp-json\/wp\/v2\/product\/8503","targetHints":{"allow":["GET"]}}],"collection":[{"href":"https:\/\/www.ramliatours.com\/fr\/wp-json\/wp\/v2\/product"}],"about":[{"href":"https:\/\/www.ramliatours.com\/fr\/wp-json\/wp\/v2\/types\/product"}],"replies":[{"embeddable":true,"href":"https:\/\/www.ramliatours.com\/fr\/wp-json\/wp\/v2\/comments?post=8503"}],"wp:featuredmedia":[{"embeddable":true,"href":"https:\/\/www.ramliatours.com\/fr\/wp-json\/wp\/v2\/media\/6885"}],"wp:attachment":[{"href":"https:\/\/www.ramliatours.com\/fr\/wp-json\/wp\/v2\/media?parent=8503"}],"wp:term":[{"taxonomy":"product_brand","embeddable":true,"href":"https:\/\/www.ramliatours.com\/fr\/wp-json\/wp\/v2\/product_brand?post=8503"},{"taxonomy":"product_cat","embeddable":true,"href":"https:\/\/www.ramliatours.com\/fr\/wp-json\/wp\/v2\/product_cat?post=8503"},{"taxonomy":"product_tag","embeddable":true,"href":"https:\/\/www.ramliatours.com\/fr\/wp-json\/wp\/v2\/product_tag?post=8503"}],"curies":[{"name":"wp","href":"https:\/\/api.w.org\/{rel}","templated":true}]}}