{"id":8644,"date":"2019-05-03T09:39:01","date_gmt":"2019-05-03T08:39:01","guid":{"rendered":"https:\/\/www.ramliatours.com\/?post_type=product&#038;p=8644"},"modified":"2019-05-15T16:02:14","modified_gmt":"2019-05-15T15:02:14","slug":"offres-ouarzazate","status":"publish","type":"product","link":"https:\/\/www.ramliatours.com\/fr\/circuits\/offres-ouarzazate\/","title":{"rendered":"Offres Ouarzazate"},"content":{"rendered":"<section class=\"wpb-content-wrapper\">[vc_row][vc_column][vc_row_inner][vc_column_inner][vc_column_text][\/vc_column_text][\/vc_column_inner][\/vc_row_inner][vc_tta_tabs style=\u00a0\u00bbflat\u00a0\u00bb shape=\u00a0\u00bbsquare\u00a0\u00bb color=\u00a0\u00bbwhite\u00a0\u00bb spacing=\u00a0\u00bb\u00a0\u00bb active_section=\u00a0\u00bb1&Prime;][vc_tta_section tab_id=\u00a0\u00bb1478715727553-34fd3f1d-c709&Prime; title=\u00a0\u00bb5 jours &#8211; 400\u20ac\u00a0\u00bb][vc_row_inner][vc_column_inner width=\u00a0\u00bb2\/3&Prime;][vc_column_text]\n<h3>Jour 1 Mardi<br \/>\n<strong>Ville d&rsquo;origin &#8211; Ouarzazate<br \/>\n<\/strong><\/h3>\n<p>Accueil \u00e0 l&rsquo;a\u00e9roport et d\u00e9part pour la Kasbah d&rsquo;Ait Ben Haddou, ville fortifi\u00e9e d\u00e9clar\u00e9e patrimoine mondial de l&rsquo;Unesco.<br \/>\nRetour \u00e0 l&rsquo;h\u00f4tel ou au Riad.\/strong&gt;.<\/p>\n<h3>Jour 2 Mercredi<br \/>\n<strong> Ouarzazate &#8211; Ramlia Oasis<\/strong><\/h3>\n<p>Apr\u00e8s le petit-d\u00e9jeuner, nous quitterons Ouarzazate pour nous rendre \u00e0 l&rsquo;oasis de Ramlia, une magnifique oasis de palmiers situ\u00e9e dans la r\u00e9gion de Tafilalt, au sud-est de l&rsquo;Erg Chebbi (d\u00e9sert du Sahara), pr\u00e8s de la fronti\u00e8re alg\u00e9rienne et marocaine, \u00e0 80 km. de Rissani.<br \/>\nLes habitants de l&rsquo;oasis de Ramlia sont d&rsquo;anciens nomades appartenant tous \u00e0 la tribu des A\u00eft Khebbach, qui fait partie du grand groupe amazigh des A\u00eft Atta, au sud-est du d\u00e9sert du Sahara au Maroc. Ils se caract\u00e9risent par leur grande hospitalit\u00e9.<br \/>\nLa route vers Ramlia se d\u00e9roule \u00e0 travers de magnifiques paysages sahariens.<br \/>\nNous passerons la nuit dans un h\u00f4tel situ\u00e9 dans le c\u0153ur le plus authentique du d\u00e9sert (possibilit\u00e9 de dormir dans la traditionnelle berb\u00e8re haima) et profiterons d&rsquo;un d\u00eener traditionnel anim\u00e9 au son du tam-tam.<\/p>\n<h3>Jour 3 Jeudi<br \/>\n<strong> Ramlia &#8211; Merzouga<\/strong><\/h3>\n<p>Nous allons nous lever t\u00f4t pour voir le lever du soleil dans les dunes. Apr\u00e8s un bon petit d\u00e9jeuner, nous nous dirigerons vers Merzouga, une petite ville du sud-est du Maroc situ\u00e9e au pied du Grand Erg Chebi, dans le d\u00e9sert du Sahara. Nous quitterons le 4 \u00d7 4 et ferons une excursion \u00e0 dos de chameaux qui nous m\u00e8nera aux grandes dunes du d\u00e9sert o\u00f9 nous jouirons d&rsquo;un coucher de soleil inoubliable.<br \/>\nMerzouga est \u00e9galement connue comme \u00ab\u00a0la porte des dunes\u00a0\u00bb.<br \/>\nEscalader les dunes et regarder le coucher et le lever du soleil sont quelques-unes des exp\u00e9riences qui ne nous laissent certainement pas indiff\u00e9rent.<br \/>\nNuit dans un h\u00f4tel situ\u00e9 dans le d\u00e9sert.<\/p>\n<h3>Jour 4 Vendredi<br \/>\n<strong> D\u00e9sert &#8211; Gorges du Todra &#8211; Gorges du Dades<\/strong><\/h3>\n<p>Apr\u00e8s le petit-d\u00e9jeuner, nous irons \u00e0 Alnif jusqu&rsquo;\u00e0 la ville de Tinerhir, situ\u00e9e dans une vaste vall\u00e9e baign\u00e9e par la rivi\u00e8re Todra, qui fournit de l&rsquo;eau d&rsquo;irrigation aux nombreuses parcelles cultiv\u00e9es \u00e0 l&rsquo;ombre de la palmeraie.<br \/>\nLa palmeraie de Tinerhir, longue de plus de trente kilom\u00e8tres, s\u2019\u00e9tend au sud des gorges du Todra, l\u2019une des portes naturelles qui relient l\u2019Atlas au Sahara, l\u2019une des plus belles oasis de la r\u00e9gion. Les gorges de la rivi\u00e8re Todra sont situ\u00e9es \u00e0 l&rsquo;extr\u00e9mit\u00e9 nord de la palmeraie de Tinerhir, au pied de la cha\u00eene de montagnes du Haut Atlas Oriental. Peu \u00e0 peu, cette palmeraie se r\u00e9tr\u00e9cit et les murs calcaires qui la d\u00e9limitent s\u2019\u00e9l\u00e8vent jusqu\u2019\u00e0 trois cents m\u00e8tres de hauteur. Dans certaines sections, elles ne r\u00e9tr\u00e9cissent que dans une vingtaine de m\u00e8tres, constituant le point le plus \u00e9troit d&rsquo;environ dix m\u00e8tres de large.<br \/>\nDe l\u00e0, nous irons dans les gorges du Dad\u00e8s.<br \/>\nD\u00eener et nuit dans un h\u00f4tel situ\u00e9 dans les gorges.<\/p>\n<h3>Jour 5 Samedi<br \/>\n<strong> Gorges du Dades &#8211; Ouarzazate &#8211; A\u00e9roport<\/strong><\/h3>\n<p>Apr\u00e8s le petit d\u00e9jeuner nous retournerons \u00e0 Ouarzazate.<br \/>\nTransfert \u00e0 l&rsquo;a\u00e9roport et fin de nos services.<\/p>\n[\/vc_column_text][\/vc_column_inner][vc_column_inner width=\u00a0\u00bb1\/3&Prime;]<div class=\"vcex-image-grid-wrap wpex-clr\"><div class=\"vcex-module vcex-image-grid wpex-clr grid-style-default wpex-row gap-15 wpex-lightbox-group\"><div class=\"id-7335 vcex-image-grid-entry vcex-grid-item textcenter span_1_of_1 col col-1\"><figure class=\"vcex-image-grid-entry-figure wpex-last-mb-0 wpex-clr\"><div class=\"vcex-image-grid-entry-img entry-media wpex-mb-20\"><a href=\"https:\/\/www.ramliatours.com\/wp-content\/uploads\/akas-scaled.jpg\" class=\"vcex-image-grid-entry-img wpex-lightbox-group-item\" ><img decoding=\"async\" width=\"360\" height=\"240\" src=\"https:\/\/www.ramliatours.com\/wp-content\/uploads\/akas-360x240.jpg\" class=\"wpex-align-middle\" alt=\"\" loading=\"lazy\" srcset=\"https:\/\/www.ramliatours.com\/wp-content\/uploads\/akas-360x240.jpg 360w, https:\/\/www.ramliatours.com\/wp-content\/uploads\/akas-600x400.jpg 600w, https:\/\/www.ramliatours.com\/wp-content\/uploads\/akas-300x200.jpg 300w, https:\/\/www.ramliatours.com\/wp-content\/uploads\/akas-768x512.jpg 768w, https:\/\/www.ramliatours.com\/wp-content\/uploads\/akas-1024x683.jpg 1024w, https:\/\/www.ramliatours.com\/wp-content\/uploads\/akas-367x245.jpg 367w\" sizes=\"auto, (max-width: 360px) 100vw, 360px\" \/><\/a><\/div><\/figure><\/div><div class=\"id-6273 vcex-image-grid-entry vcex-grid-item textcenter span_1_of_1 col col-1\"><figure class=\"vcex-image-grid-entry-figure wpex-last-mb-0 wpex-clr\"><div class=\"vcex-image-grid-entry-img entry-media wpex-mb-20\"><a href=\"https:\/\/www.ramliatours.com\/wp-content\/uploads\/kasbah-atlas-Benhaddou-marruecos.jpg\" class=\"vcex-image-grid-entry-img wpex-lightbox-group-item\" ><img decoding=\"async\" width=\"320\" height=\"240\" src=\"https:\/\/www.ramliatours.com\/wp-content\/uploads\/kasbah-atlas-Benhaddou-marruecos.jpg\" class=\"wpex-align-middle\" alt=\"\" loading=\"lazy\" srcset=\"https:\/\/www.ramliatours.com\/wp-content\/uploads\/kasbah-atlas-Benhaddou-marruecos.jpg 2048w, https:\/\/www.ramliatours.com\/wp-content\/uploads\/kasbah-atlas-Benhaddou-marruecos-600x450.jpg 600w\" sizes=\"auto, (max-width: 320px) 100vw, 320px\" \/><\/a><\/div><\/figure><\/div><div class=\"id-6696 vcex-image-grid-entry vcex-grid-item textcenter span_1_of_1 col col-1\"><figure class=\"vcex-image-grid-entry-figure wpex-last-mb-0 wpex-clr\"><div class=\"vcex-image-grid-entry-img entry-media wpex-mb-20\"><a href=\"https:\/\/www.ramliatours.com\/wp-content\/uploads\/camellos-desierto.jpg\" class=\"vcex-image-grid-entry-img wpex-lightbox-group-item\" ><img decoding=\"async\" width=\"360\" height=\"240\" src=\"https:\/\/www.ramliatours.com\/wp-content\/uploads\/camellos-desierto-360x240.jpg\" class=\"wpex-align-middle\" alt=\"\" loading=\"lazy\" srcset=\"https:\/\/www.ramliatours.com\/wp-content\/uploads\/camellos-desierto-360x240.jpg 360w, https:\/\/www.ramliatours.com\/wp-content\/uploads\/camellos-desierto-367x245.jpg 367w\" sizes=\"auto, (max-width: 360px) 100vw, 360px\" \/><\/a><\/div><\/figure><\/div><div class=\"id-6924 vcex-image-grid-entry vcex-grid-item textcenter span_1_of_1 col col-1\"><figure class=\"vcex-image-grid-entry-figure wpex-last-mb-0 wpex-clr\"><div class=\"vcex-image-grid-entry-img entry-media wpex-mb-20\"><a href=\"https:\/\/www.ramliatours.com\/wp-content\/uploads\/Garganta-del-Dades-1.jpg\" class=\"vcex-image-grid-entry-img wpex-lightbox-group-item\" ><img decoding=\"async\" width=\"360\" height=\"240\" src=\"https:\/\/www.ramliatours.com\/wp-content\/uploads\/Garganta-del-Dades-1-360x240.jpg\" class=\"wpex-align-middle\" alt=\"\" loading=\"lazy\" srcset=\"https:\/\/www.ramliatours.com\/wp-content\/uploads\/Garganta-del-Dades-1-360x240.jpg 360w, https:\/\/www.ramliatours.com\/wp-content\/uploads\/Garganta-del-Dades-1-367x245.jpg 367w\" sizes=\"auto, (max-width: 360px) 100vw, 360px\" \/><\/a><\/div><\/figure><\/div><div class=\"id-6522 vcex-image-grid-entry vcex-grid-item textcenter span_1_of_1 col col-1\"><figure class=\"vcex-image-grid-entry-figure wpex-last-mb-0 wpex-clr\"><div class=\"vcex-image-grid-entry-img entry-media wpex-mb-20\"><a href=\"https:\/\/www.ramliatours.com\/wp-content\/uploads\/desierto-de-marruecos.jpg\" class=\"vcex-image-grid-entry-img wpex-lightbox-group-item\" data-title=\"El Desierto de Marrakech\" data-caption=\"El Desierto de Marrakech\"><img decoding=\"async\" width=\"320\" height=\"240\" src=\"https:\/\/www.ramliatours.com\/wp-content\/uploads\/desierto-de-marruecos.jpg\" class=\"wpex-align-middle\" alt=\"El Desierto de Marrakech\" loading=\"lazy\" srcset=\"https:\/\/www.ramliatours.com\/wp-content\/uploads\/desierto-de-marruecos.jpg 1500w, https:\/\/www.ramliatours.com\/wp-content\/uploads\/desierto-de-marruecos-600x450.jpg 600w\" sizes=\"auto, (max-width: 320px) 100vw, 320px\" \/><\/a><\/div><\/figure><\/div><div class=\"id-6324 vcex-image-grid-entry vcex-grid-item textcenter span_1_of_1 col col-1\"><figure class=\"vcex-image-grid-entry-figure wpex-last-mb-0 wpex-clr\"><div class=\"vcex-image-grid-entry-img entry-media wpex-mb-20\"><a href=\"https:\/\/www.ramliatours.com\/wp-content\/uploads\/valle-Draa-ksar-marruecos.jpg\" class=\"vcex-image-grid-entry-img wpex-lightbox-group-item\" ><img decoding=\"async\" width=\"320\" height=\"240\" src=\"https:\/\/www.ramliatours.com\/wp-content\/uploads\/valle-Draa-ksar-marruecos.jpg\" class=\"wpex-align-middle\" alt=\"\" loading=\"lazy\" srcset=\"https:\/\/www.ramliatours.com\/wp-content\/uploads\/valle-Draa-ksar-marruecos.jpg 1500w, https:\/\/www.ramliatours.com\/wp-content\/uploads\/valle-Draa-ksar-marruecos-600x450.jpg 600w\" sizes=\"auto, (max-width: 320px) 100vw, 320px\" \/><\/a><\/div><\/figure><\/div><\/div><\/div>[\/vc_column_inner][\/vc_row_inner][vc_row_inner][vc_column_inner width=\u00a0\u00bb1\/2&Prime;][vc_column_text]\n<h3>Inclus<\/h3>\n<ul>\n<li id=\"tw-target-text\" class=\"tw-data-text tw-ta tw-text-small\" dir=\"ltr\" data-placeholder=\"Traducci\u00f3n\"><span lang=\"fr\" tabindex=\"0\">Comprend le transfert Ouarzazate \/ Ouarzazate <\/span><\/li>\n<li class=\"tw-data-text tw-ta tw-text-small\" dir=\"ltr\" data-placeholder=\"Traducci\u00f3n\"><span lang=\"fr\" tabindex=\"0\">V\u00e9hicules 4&#215;4 ou minibus. <\/span><\/li>\n<li class=\"tw-data-text tw-ta tw-text-small\" dir=\"ltr\" data-placeholder=\"Traducci\u00f3n\"><span lang=\"fr\" tabindex=\"0\">Conducteur <\/span><\/li>\n<li class=\"tw-data-text tw-ta tw-text-small\" dir=\"ltr\" data-placeholder=\"Traducci\u00f3n\"><span lang=\"fr\" tabindex=\"0\">Carburant <\/span><\/li>\n<li class=\"tw-data-text tw-ta tw-text-small\" dir=\"ltr\" data-placeholder=\"Traducci\u00f3n\"><span lang=\"fr\" tabindex=\"0\">Visite guid\u00e9e \u00e0 la Kasbah d&rsquo;Ait ben Haddou. <\/span><\/li>\n<li class=\"tw-data-text tw-ta tw-text-small\" dir=\"ltr\" data-placeholder=\"Traducci\u00f3n\"><span lang=\"fr\" tabindex=\"0\">Excursions \u00e0 dos de chameau dans le dromadaire (1 par personne). <\/span><\/li>\n<li class=\"tw-data-text tw-ta tw-text-small\" dir=\"ltr\" data-placeholder=\"Traducci\u00f3n\"><span lang=\"fr\" tabindex=\"0\">H\u00f4tels en demi-pension, d\u00eener et petit-d\u00e9jeuner. <\/span><\/li>\n<li class=\"tw-data-text tw-ta tw-text-small\" dir=\"ltr\" data-placeholder=\"Traducci\u00f3n\"><span lang=\"fr\" tabindex=\"0\">Une nuit \u00e0 Haimas avec d\u00eener et petit-d\u00e9jeuner.<\/span><\/li>\n<\/ul>\n[\/vc_column_text][\/vc_column_inner][vc_column_inner width=\u00a0\u00bb1\/2&Prime;][vc_column_text]\n<h3>Non inclus<\/h3>\n<ul>\n<li id=\"tw-target-text\" class=\"tw-data-text tw-ta tw-text-small\" dir=\"ltr\" data-placeholder=\"Traducci\u00f3n\"><span lang=\"fr\" tabindex=\"0\">Les vols <\/span><\/li>\n<li class=\"tw-data-text tw-ta tw-text-small\" dir=\"ltr\" data-placeholder=\"Traducci\u00f3n\"><span lang=\"fr\" tabindex=\"0\">Repas d&rsquo;une demi-journ\u00e9e <\/span><\/li>\n<li class=\"tw-data-text tw-ta tw-text-small\" dir=\"ltr\" data-placeholder=\"Traducci\u00f3n\"><span lang=\"fr\" tabindex=\"0\">Les boissons <\/span><\/li>\n<li class=\"tw-data-text tw-ta tw-text-small\" dir=\"ltr\" data-placeholder=\"Traducci\u00f3n\"><span lang=\"fr\" tabindex=\"0\">Assurance voyage <\/span><\/li>\n<li class=\"tw-data-text tw-ta tw-text-small\" dir=\"ltr\" data-placeholder=\"Traducci\u00f3n\"><span lang=\"fr\" tabindex=\"0\">Les pourboires et tout ce qui n&rsquo;est pas inclus dans le programme. <\/span><\/li>\n<li class=\"tw-data-text tw-ta tw-text-small\" dir=\"ltr\" data-placeholder=\"Traducci\u00f3n\"><span lang=\"fr\" tabindex=\"0\">Tout service non mentionn\u00e9 dans le programme.<\/span><\/li>\n<\/ul>\n[\/vc_column_text][\/vc_column_inner][\/vc_row_inner][\/vc_tta_section][vc_tta_section tab_id=\u00a0\u00bb1479472767455-661baa62-9a92&Prime; title=\u00a0\u00bb4 jours &#8211; 300\u20ac\u00a0\u00bb][vc_row_inner][vc_column_inner width=\u00a0\u00bb2\/3&Prime;][vc_column_text]\n<h3>Jour 1 Samedi<br \/>\n<strong>Ville d&rsquo;origin &#8211; Ouarzazate<br \/>\n<\/strong><\/h3>\n<p>Accueil \u00e0 l&rsquo;a\u00e9roport et d\u00e9part pour la Kasbah d&rsquo;Ait Ben Haddou, ville fortifi\u00e9e d\u00e9clar\u00e9e patrimoine mondial de l&rsquo;Unesco.<br \/>\nRetour \u00e0 l&rsquo;h\u00f4tel ou au Riad.\/strong&gt;.<\/p>\n<h3>Jour 2 Dimanche<br \/>\n<strong> Ouarzazate &#8211; D\u00e9sert<\/strong><\/h3>\n<p id=\"tw-target-text\" class=\"tw-data-text tw-ta tw-text-small\" dir=\"ltr\" data-placeholder=\"Traducci\u00f3n\"><span lang=\"fr\" tabindex=\"0\">Apr\u00e8s le petit d\u00e9jeuner, nous quitterons Ouarzazate et nous dirigerons vers le d\u00e9sert de Merzouga. Nous traverserons la palmeraie d&rsquo;Araa et plusieurs villages berb\u00e8res. Nous arriverons \u00e0 Merzouga, petite ville du sud-est du Maroc situ\u00e9e au pied du Grand Erg Chebi, dans le d\u00e9sert du Sahara.<br \/>\nMerzpouga est \u00e9galement connue sous le nom de \u00ab\u00a0La porte des dunes\u00a0\u00bb.<br \/>\nNous partirons 4 \u00d7 4 et nous ferons une excursion \u00e0 dos de chameaux qui nous m\u00e8nera aux grandes dunes du d\u00e9sert o\u00f9 nous jouirons d&rsquo;un coucher de soleil inoubliable.<br \/>\nEscalader les dunes et regarder le coucher et le lever du soleil sont quelques-unes des exp\u00e9riences qui ne nous laissent certainement pas indiff\u00e9rent.<\/span><\/p>\n<p class=\"tw-data-text tw-ta tw-text-small\" dir=\"ltr\" data-placeholder=\"Traducci\u00f3n\"><span lang=\"fr\" tabindex=\"0\">Nuit dans un h\u00f4tel situ\u00e9 dans le d\u00e9sert.<\/span><\/p>\n<h3>Jour 3 Lundi<br \/>\n<strong>D\u00e9sert &#8211; Gorges du Todra &#8211; Gorges du Dades<\/strong><\/h3>\n<p class=\"tw-data-text tw-ta tw-text-small\" dir=\"ltr\" data-placeholder=\"Traducci\u00f3n\"><span lang=\"fr\" tabindex=\"0\">Apr\u00e8s le petit-d\u00e9jeuner, nous irons \u00e0 Alnif jusqu&rsquo;\u00e0 la ville de Tinerhir, situ\u00e9e dans une vaste vall\u00e9e baign\u00e9e par la rivi\u00e8re Todra, qui fournit de l&rsquo;eau d&rsquo;irrigation aux nombreuses parcelles cultiv\u00e9es \u00e0 l&rsquo;ombre de la palmeraie. La palmeraie de Tinerhir, longue de plus de trente kilom\u00e8tres, s\u2019\u00e9tend au sud des gorges du Todra, l\u2019une des portes naturelles qui relient l\u2019Atlas au Sahara, l\u2019une des plus belles oasis de la r\u00e9gion.<br \/>\n<\/span><span lang=\"fr\" tabindex=\"0\">Les gorges de la rivi\u00e8re Todra se situent \u00e0 l&rsquo;extr\u00e9mit\u00e9 nord de la palmeraie de Tinerhir, au pied de la cha\u00eene de montagnes du Haut Atlas oriental. Peu \u00e0 peu, cette palmeraie se r\u00e9tr\u00e9cit et les murs calcaires qui la d\u00e9limitent s\u2019\u00e9l\u00e8vent jusqu\u2019\u00e0 trois cents m\u00e8tres de hauteur. Dans certaines sections, elles ne r\u00e9tr\u00e9cissent que dans une vingtaine de m\u00e8tres, constituant le point le plus \u00e9troit d&rsquo;environ dix m\u00e8tres de large.<br \/>\nDe l\u00e0, nous irons dans les gorges du Dad\u00e8s.<br \/>\nD\u00eener et nuit dans un h\u00f4tel situ\u00e9 dans les gorges.<\/span><\/p>\n<h3>Jour 4 Mardi<br \/>\n<strong> Gorges du Dades &#8211; Ouarzazate &#8211; A\u00e9roport<\/strong><\/h3>\n<p><span lang=\"en\" tabindex=\"0\">Despu\u00e9s del desayuno retornaremos a Ouarzazate.<br \/>\nTraslado al aeropuerto y fin de nuestros servicios.<\/span><\/p>\n[\/vc_column_text][\/vc_column_inner][vc_column_inner width=\u00a0\u00bb1\/3&Prime;]<div class=\"vcex-image-grid-wrap wpex-clr\"><div class=\"vcex-module vcex-image-grid wpex-clr grid-style-default wpex-row gap-15 wpex-lightbox-group\"><div class=\"id-7065 vcex-image-grid-entry vcex-grid-item textcenter span_1_of_1 col col-1\"><figure class=\"vcex-image-grid-entry-figure wpex-last-mb-0 wpex-clr\"><div class=\"vcex-image-grid-entry-img entry-media wpex-mb-20\"><a href=\"https:\/\/www.ramliatours.com\/wp-content\/uploads\/kasbah-atlas-Benhaddou-marruecos-1.jpg\" class=\"vcex-image-grid-entry-img wpex-lightbox-group-item\" ><img decoding=\"async\" width=\"360\" height=\"240\" src=\"https:\/\/www.ramliatours.com\/wp-content\/uploads\/kasbah-atlas-Benhaddou-marruecos-1-360x240.jpg\" class=\"wpex-align-middle\" alt=\"\" loading=\"lazy\" srcset=\"https:\/\/www.ramliatours.com\/wp-content\/uploads\/kasbah-atlas-Benhaddou-marruecos-1-360x240.jpg 360w, https:\/\/www.ramliatours.com\/wp-content\/uploads\/kasbah-atlas-Benhaddou-marruecos-1-367x245.jpg 367w\" sizes=\"auto, (max-width: 360px) 100vw, 360px\" \/><\/a><\/div><\/figure><\/div><div class=\"id-6561 vcex-image-grid-entry vcex-grid-item textcenter span_1_of_1 col col-1\"><figure class=\"vcex-image-grid-entry-figure wpex-last-mb-0 wpex-clr\"><div class=\"vcex-image-grid-entry-img entry-media wpex-mb-20\"><a href=\"https:\/\/www.ramliatours.com\/wp-content\/uploads\/desierto-dunas-y-palmeras-marruecos.jpg\" class=\"vcex-image-grid-entry-img wpex-lightbox-group-item\" data-title=\"Excursiones al desierto de Marruecos\"><img decoding=\"async\" width=\"320\" height=\"240\" src=\"https:\/\/www.ramliatours.com\/wp-content\/uploads\/desierto-dunas-y-palmeras-marruecos.jpg\" class=\"wpex-align-middle\" alt=\"Excursiones al desierto de Marruecos\" loading=\"lazy\" srcset=\"https:\/\/www.ramliatours.com\/wp-content\/uploads\/desierto-dunas-y-palmeras-marruecos.jpg 1500w, https:\/\/www.ramliatours.com\/wp-content\/uploads\/desierto-dunas-y-palmeras-marruecos-600x450.jpg 600w\" sizes=\"auto, (max-width: 320px) 100vw, 320px\" \/><\/a><\/div><\/figure><\/div><div class=\"id-6570 vcex-image-grid-entry vcex-grid-item textcenter span_1_of_1 col col-1\"><figure class=\"vcex-image-grid-entry-figure wpex-last-mb-0 wpex-clr\"><div class=\"vcex-image-grid-entry-img entry-media wpex-mb-20\"><a href=\"https:\/\/www.ramliatours.com\/wp-content\/uploads\/kasbah-marruecos-agdz-2.jpg\" class=\"vcex-image-grid-entry-img wpex-lightbox-group-item\" ><img decoding=\"async\" width=\"360\" height=\"191\" src=\"https:\/\/www.ramliatours.com\/wp-content\/uploads\/kasbah-marruecos-agdz-2.jpg\" class=\"wpex-align-middle\" alt=\"\" loading=\"lazy\" srcset=\"https:\/\/www.ramliatours.com\/wp-content\/uploads\/kasbah-marruecos-agdz-2.jpg 1500w, https:\/\/www.ramliatours.com\/wp-content\/uploads\/kasbah-marruecos-agdz-2-600x318.jpg 600w\" sizes=\"auto, (max-width: 360px) 100vw, 360px\" \/><\/a><\/div><\/figure><\/div><div class=\"id-8477 vcex-image-grid-entry vcex-grid-item textcenter span_1_of_1 col col-1\"><figure class=\"vcex-image-grid-entry-figure wpex-last-mb-0 wpex-clr\"><div class=\"vcex-image-grid-entry-img entry-media wpex-mb-20\"><a href=\"https:\/\/www.ramliatours.com\/wp-content\/uploads\/Excursiones-al-desierto-de-marruecos-en-camello.jpg\" class=\"vcex-image-grid-entry-img wpex-lightbox-group-item\" data-title=\"Paseo en Camello Merzouga Marrakech\"><img decoding=\"async\" width=\"360\" height=\"240\" src=\"https:\/\/www.ramliatours.com\/wp-content\/uploads\/Excursiones-al-desierto-de-marruecos-en-camello-360x240.jpg\" class=\"wpex-align-middle\" alt=\"Paseo en Camello Merzouga Marrakech\" loading=\"lazy\" srcset=\"https:\/\/www.ramliatours.com\/wp-content\/uploads\/Excursiones-al-desierto-de-marruecos-en-camello-360x240.jpg 360w, https:\/\/www.ramliatours.com\/wp-content\/uploads\/Excursiones-al-desierto-de-marruecos-en-camello-300x200.jpg 300w, https:\/\/www.ramliatours.com\/wp-content\/uploads\/Excursiones-al-desierto-de-marruecos-en-camello-367x245.jpg 367w, https:\/\/www.ramliatours.com\/wp-content\/uploads\/Excursiones-al-desierto-de-marruecos-en-camello.jpg 550w\" sizes=\"auto, (max-width: 360px) 100vw, 360px\" \/><\/a><\/div><\/figure><\/div><\/div><\/div>[\/vc_column_inner][\/vc_row_inner][vc_row_inner][vc_column_inner width=\u00a0\u00bb1\/2&Prime;][vc_column_text]\n<h3>Inclus<\/h3>\n<ul>\n<li id=\"tw-target-text\" class=\"tw-data-text tw-ta tw-text-small\" dir=\"ltr\" data-placeholder=\"Traducci\u00f3n\"><span lang=\"fr\" tabindex=\"0\">Comprend le transfert Ouarzazate \/ Ouarzazate <\/span><\/li>\n<li class=\"tw-data-text tw-ta tw-text-small\" dir=\"ltr\" data-placeholder=\"Traducci\u00f3n\"><span lang=\"fr\" tabindex=\"0\">V\u00e9hicules 4&#215;4 ou minibus. <\/span><\/li>\n<li class=\"tw-data-text tw-ta tw-text-small\" dir=\"ltr\" data-placeholder=\"Traducci\u00f3n\"><span lang=\"fr\" tabindex=\"0\">Conducteur <\/span><\/li>\n<li class=\"tw-data-text tw-ta tw-text-small\" dir=\"ltr\" data-placeholder=\"Traducci\u00f3n\"><span lang=\"fr\" tabindex=\"0\">Carburant <\/span><\/li>\n<li class=\"tw-data-text tw-ta tw-text-small\" dir=\"ltr\" data-placeholder=\"Traducci\u00f3n\"><span lang=\"fr\" tabindex=\"0\">Visite guid\u00e9e \u00e0 la Kasbah d&rsquo;Ait ben Haddou. <\/span><\/li>\n<li class=\"tw-data-text tw-ta tw-text-small\" dir=\"ltr\" data-placeholder=\"Traducci\u00f3n\"><span lang=\"fr\" tabindex=\"0\">Excursions \u00e0 dos de chameau dans le dromadaire (1 par personne). <\/span><\/li>\n<li class=\"tw-data-text tw-ta tw-text-small\" dir=\"ltr\" data-placeholder=\"Traducci\u00f3n\"><span lang=\"fr\" tabindex=\"0\">H\u00f4tels en demi-pension, d\u00eener et petit-d\u00e9jeuner. <\/span><\/li>\n<li class=\"tw-data-text tw-ta tw-text-small\" dir=\"ltr\" data-placeholder=\"Traducci\u00f3n\"><span lang=\"fr\" tabindex=\"0\">Une nuit \u00e0 Haimas avec d\u00eener et petit-d\u00e9jeuner.<\/span><\/li>\n<\/ul>\n[\/vc_column_text][\/vc_column_inner][vc_column_inner width=\u00a0\u00bb1\/2&Prime;][vc_column_text]\n<h3>Non inclus<\/h3>\n<ul>\n<li id=\"tw-target-text\" class=\"tw-data-text tw-ta tw-text-small\" dir=\"ltr\" data-placeholder=\"Traducci\u00f3n\"><span lang=\"fr\" tabindex=\"0\">Les vols <\/span><\/li>\n<li class=\"tw-data-text tw-ta tw-text-small\" dir=\"ltr\" data-placeholder=\"Traducci\u00f3n\"><span lang=\"fr\" tabindex=\"0\">Repas d&rsquo;une demi-journ\u00e9e <\/span><\/li>\n<li class=\"tw-data-text tw-ta tw-text-small\" dir=\"ltr\" data-placeholder=\"Traducci\u00f3n\"><span lang=\"fr\" tabindex=\"0\">Les boissons <\/span><\/li>\n<li class=\"tw-data-text tw-ta tw-text-small\" dir=\"ltr\" data-placeholder=\"Traducci\u00f3n\"><span lang=\"fr\" tabindex=\"0\">Assurance voyage <\/span><\/li>\n<li class=\"tw-data-text tw-ta tw-text-small\" dir=\"ltr\" data-placeholder=\"Traducci\u00f3n\"><span lang=\"fr\" tabindex=\"0\">Les pourboires et tout ce qui n&rsquo;est pas inclus dans le programme. <\/span><\/li>\n<li class=\"tw-data-text tw-ta tw-text-small\" dir=\"ltr\" data-placeholder=\"Traducci\u00f3n\"><span lang=\"fr\" tabindex=\"0\">Tout service non mentionn\u00e9 dans le programme.<\/span><\/li>\n<\/ul>\n[\/vc_column_text][\/vc_column_inner][\/vc_row_inner][\/vc_tta_section][\/vc_tta_tabs][\/vc_column][\/vc_row]\n<\/section>","protected":false},"excerpt":{"rendered":"<p>Loin de la civilisation, en d\u00e9couvrant l\u2019hospitalit\u00e9 Berb\u00e8re, en savourant la cuisine traditionnelle et en attendant la beaut\u00e9 du coucher de soleil au son des tam-tams.<\/p>\n","protected":false},"featured_media":6534,"comment_status":"open","ping_status":"closed","template":"","meta":{"_acf_changed":false},"product_brand":[],"product_cat":[156],"product_tag":[],"class_list":{"0":"post-8644","1":"product","2":"type-product","3":"status-publish","4":"has-post-thumbnail","6":"product_cat-offres-fr","7":"entry","8":"no-media","10":"first","11":"instock","12":"shipping-taxable","13":"product-type-simple"},"acf":[],"_links":{"self":[{"href":"https:\/\/www.ramliatours.com\/fr\/wp-json\/wp\/v2\/product\/8644","targetHints":{"allow":["GET"]}}],"collection":[{"href":"https:\/\/www.ramliatours.com\/fr\/wp-json\/wp\/v2\/product"}],"about":[{"href":"https:\/\/www.ramliatours.com\/fr\/wp-json\/wp\/v2\/types\/product"}],"replies":[{"embeddable":true,"href":"https:\/\/www.ramliatours.com\/fr\/wp-json\/wp\/v2\/comments?post=8644"}],"wp:featuredmedia":[{"embeddable":true,"href":"https:\/\/www.ramliatours.com\/fr\/wp-json\/wp\/v2\/media\/6534"}],"wp:attachment":[{"href":"https:\/\/www.ramliatours.com\/fr\/wp-json\/wp\/v2\/media?parent=8644"}],"wp:term":[{"taxonomy":"product_brand","embeddable":true,"href":"https:\/\/www.ramliatours.com\/fr\/wp-json\/wp\/v2\/product_brand?post=8644"},{"taxonomy":"product_cat","embeddable":true,"href":"https:\/\/www.ramliatours.com\/fr\/wp-json\/wp\/v2\/product_cat?post=8644"},{"taxonomy":"product_tag","embeddable":true,"href":"https:\/\/www.ramliatours.com\/fr\/wp-json\/wp\/v2\/product_tag?post=8644"}],"curies":[{"name":"wp","href":"https:\/\/api.w.org\/{rel}","templated":true}]}}