{"id":9231,"date":"2017-10-26T12:03:36","date_gmt":"2017-10-26T11:03:36","guid":{"rendered":"https:\/\/www.ramliatours.com\/tours\/maroc-cote-atlantique-et-desert\/"},"modified":"2022-02-01T17:53:03","modified_gmt":"2022-02-01T16:53:03","slug":"maroc-cote-atlantique-et-desert","status":"publish","type":"product","link":"https:\/\/www.ramliatours.com\/fr\/circuits\/maroc-cote-atlantique-et-desert\/","title":{"rendered":"Maroc, C\u00f4te Atlantique et D\u00e9sert"},"content":{"rendered":"<section class=\"wpb-content-wrapper\">[vc_row][vc_column][vc_column_text]\n<h3>jour 1<br \/>\nVille d&rsquo;origine-Marrakech<\/h3>\n<p>Accueil \u00e0 l&rsquo;a\u00e9roport de Marrakech et transfert \u00e0 l&rsquo;h\u00f4tel situ\u00e9 pr\u00e8s de la place Jamaa el Fna.<\/p>\n<h3>jour 2<br \/>\nMarrakech- Imlil-Tizi&rsquo;n&rsquo;Test-Taroudant<\/h3>\n<p>Apr\u00e8s le petit-d\u00e9jeuner, nous nous dirigerons vers le sud en direction de Taroudant, une ville connue sous le nom de petite Marrakech.<\/p>\n<p>En chemin, nous visiterons quelques villages berb\u00e8res et nous ferons un d\u00e9tour vers Imlil, au pied du Jebel Toubkal, la montagne qui \u00e0 4 180 m\u00e8tres est la plus haute du pays.<\/p>\n<p>Traversant des vall\u00e9es pleines de v\u00e9g\u00e9tation et des montagnes surplombant les plaines du sud, vous atteignez Taroudant, elle est situ\u00e9e \u00e0 223 km au sud-ouest de Marrakech. La r\u00e9gion est connue pour son huile d&rsquo;olive, ses caisses en bois, ses couverts et ses tapis.<\/p>\n<p>Sur la nuit \u00e0 l&rsquo;h\u00f4tel.<\/p>\n<h3>jour 3<br \/>\nTaroudant-Parc Sous Masa-Sidi Ifni<\/h3>\n<p>Apr\u00e8s le petit d\u00e9jeuner, nous visiterons Taroudant avec ses murs imposants et son souk color\u00e9. Nous continuerons \u00e0 visiter le parc national de Massa et le petit mus\u00e9e ethnographique o\u00f9 vous pourrez voir un \u00e9chantillon de la flore et de la faune de la r\u00e9gion.<\/p>\n<p>Ensuite, nous ferons le tour des chemins de terre du parc en Jeep, pour finir par une visite \u00e0 l&#8217;embouchure de la rivi\u00e8re Massa, o\u00f9 il est parfois possible de rencontrer des flamants roses.<\/p>\n<p>Le parc a un littoral diversifi\u00e9, allant des plages de sable sans fin aux falaises, des criques harmonieuses aux grottes o\u00f9 r\u00e9sident les p\u00eacheurs.<\/p>\n<p>Nous continuerons par Sidi Ifni.<\/p>\n<p>Arriv\u00e9e \u00e0 l&rsquo;h\u00f4tel, d\u00eener et logement.<\/p>\n<h3>jour 4<br \/>\nSidi-Ifni-Aoreora-Guelmin-Tafraoute<\/h3>\n<p>La matin\u00e9e sera consacr\u00e9e \u00e0 la d\u00e9couverte de la c\u00f4te atlantique. Nous continuerons jusqu&rsquo;\u00e0 la plage de Legzira, c\u00e9l\u00e8bre pour ses formations rocheuses. L&rsquo;arche rocheuse est une merveille cr\u00e9\u00e9e par la nature.<\/p>\n<p>Dans l&rsquo;apr\u00e8s-midi, de Guelmin nous arriverons \u00e0 Tafraoute, d\u00eener et logement \u00e0 l&rsquo;h\u00f4tel.<\/p>\n<h3>jour 5<br \/>\nTafraoute-Tata-Erg-chgaga<\/h3>\n<p>Apr\u00e8s le petit-d\u00e9jeuner, nous nous dirigerons vers Tata en traversant la \u00ab\u00a0Vall\u00e9e Enchant\u00e9e\u00a0\u00bb\u00a0; un canyon profond o\u00f9 le temps n&rsquo;a pas chang\u00e9 l&rsquo;aspect m\u00e9di\u00e9val des villes. Le chemin traverse des parois rocheuses dans une atmosph\u00e8re presque irr\u00e9elle.<\/p>\n<p>Ensuite, nous ferons un long voyage dans lequel nous traverserons l&rsquo;une des zones d\u00e9sertiques les plus impressionnantes du Maroc. A Foum Zguid, la piste qui longe le Draa et L&rsquo;erg el M&rsquo;Hazil commence \u00e0 se terminer \u00e0 Chgaga, une ville proche du d\u00e9sert.<\/p>\n<p>Arriv\u00e9e \u00e0 notre camp, d\u00eener et logement.<\/p>\n<h3>jour 6<br \/>\nErg-chgaga-Piste Rallye Dakar-Oasis Ramlia<\/h3>\n<p>Nous visiterons l&rsquo;une des pistes utilis\u00e9es lors du rallye Paris-Dakar.<br \/>\n<span id=\"result_box\" class=\"\" lang=\"es\" tabindex=\"-1\"><span class=\"\">Nous passerons toute la journ\u00e9e \u00e0 travers le d\u00e9sert jusqu&rsquo;\u00e0 ce que nous atteignions l&rsquo;oasis de Ramlia. D\u00eener dans un h\u00f4tel situ\u00e9 au milieu du d\u00e9sert.<br \/>\n<\/span><\/span><\/p>\n<h3>jour 7<br \/>\nOasi Ramlia &#8211; Merzouga<\/h3>\n<p>Nous visiterons l&rsquo;oasis traditionnelle de Ramlia, habit\u00e9e par 37 familles d&rsquo;origine nomade et \u00e0 travers le desert, nous arriverons \u00e0 Merzouga.<\/p>\n<p>Nous quitterons le 4\u00d74 pour partir avec les chameaux qui nous emm\u00e8neront au c\u0153ur du d\u00e9sert. L\u00e0, nous admirerons un coucher de soleil inoubliable.<\/p>\n<p>D\u00eener et nuit dans le d\u00e9sert \u00e0 Haimas (tente berb\u00e8re)<\/p>\n<h3>jour 8<br \/>\nMerzouga-Rissani-Gorges du Todghra et du Dad\u00e8s<span id=\"result_box\" class=\"short_text\" lang=\"es\" tabindex=\"-1\"><\/span><\/h3>\n<p>Nous nous l\u00e8verons t\u00f4t pour voir le lever du soleil sur les dunes de Merzouga, o\u00f9 l&rsquo;horizon cr\u00e9e un magnifique paysage.<\/p>\n<p>Escalader les dunes et regarder le coucher et le lever du soleil sont des exp\u00e9riences qui ne nous laisseront certainement pas indiff\u00e9rents.<\/p>\n<p>Apr\u00e8s un bon petit d\u00e9jeuner, nous nous dirigerons vers Rissani pour visiter son march\u00e9 l\u00e9gendaire. Rissani est un important centre commercial fr\u00e9quent\u00e9 par des gens du d\u00e9sert. Un ancien march\u00e9 o\u00f9 l&rsquo;on retrouvera des artisans du bois, des vendeurs de b\u00e9tail, des marchands d&rsquo;\u00e9pices&#8230; On pourra voir le curieux parking des \u00e2nes, o\u00f9 sont gard\u00e9s les animaux et c&rsquo;est aussi un lieu pour les acheter et les vendre. Au centre de Rissani se trouve le Ksar AbouAm enti\u00e8rement habit\u00e9.<\/p>\n<p>Dans l&rsquo;apr\u00e8s-midi, nous irons \u00e0 Alnif. En direction de la route de la vall\u00e9e de la rivi\u00e8re Todra, situ\u00e9e \u00e0 une courte distance de la ville de Tinehir. En suivant la route, nous atteindrons le fond de la vall\u00e9e pour admirer les fameuses Gorges du Todra, un canyon avec hautes parois de plus de 300 m\u00e8tres de haut que la rivi\u00e8re Todra creuse depuis des mill\u00e9naires.<\/p>\n<p>De l\u00e0, nous irons aux gorges du Dad\u00e8s. La vall\u00e9e du Dad\u00e8s part du Haut Atlas et se r\u00e9tr\u00e9cit pour former les gorges dans lesquelles, selon la population locale, elle cache jusqu&rsquo;\u00e0 mille Kasbahs.<\/p>\n<p>H\u00f4tel dans les Gorges.<\/p>\n<h3>jour 9<br \/>\nGorges du Dad\u00e8s &#8211; Village Berb\u00e8re-Marrakech<\/h3>\n<p>Petit d\u00e9jeuner et d\u00e9part vers les Gorges du Dad\u00e8s. Le long de la route, nous traverserons d&rsquo;authentiques villages berb\u00e8res, tels que Skoura et Boutaghar, situ\u00e9s au c\u0153ur de la vall\u00e9e des palmiers.<\/p>\n<p>Les gorges du Dad\u00e8s sont un canyon profond de la rivi\u00e8re Dad\u00e8s, entre les villes de Boumalne Dad\u00e8s et Msemrir. La r\u00e9gion est en grande partie peupl\u00e9e de membres de diff\u00e9rentes tribus Imazighen (berb\u00e8res).<\/p>\n<p>Les formations rocheuses des gorges du Dad\u00e8s combin\u00e9es \u00e0 l&rsquo;architecture traditionnelle des Ksares et kasbah semblent na\u00eetre du m\u00eame rocher et montrent une beaut\u00e9 particuli\u00e8re. Au point de vue de Tamlat, les rochers prennent des formes curieuses en raison de l&rsquo;\u00e9rosion \u00e9olienne et sont commun\u00e9ment appel\u00e9s \u00ab doigts de singe \u00bb.<\/p>\n<p>Dans l&rsquo;apr\u00e8s-midi, nous continuerons le\u00a0 chemin des montagnes du Haut Atlas jusqu&rsquo;\u00e0 Marrakech, la ville des mille et une nuits. Arriv\u00e9e \u00e0 l&rsquo;h\u00f4tel.<\/p>\n<h3>jour 10<br \/>\nMarrakech-Ville d&rsquo;origine<\/h3>\n<p>Apr\u00e8s le petit-d\u00e9jeuner, nous visiterons la M\u00e9dina de Marrakech, d\u00e9clar\u00e9 site du Patrimoine Mondial par l&rsquo;UNESCO. La M\u00e9dina ou vieille ville se caract\u00e9rise par ses rues labyrinthiques et est entour\u00e9e de 90 km kilom\u00e8tres de murs construits en pis\u00e9, avec dix portes d&rsquo;entr\u00e9e, celle de Bab Agnaou se distinguant par sa taille et sa beaut\u00e9.<\/p>\n<p>Au bord de la m\u00e9dina se trouve la mosqu\u00e9e de la Koutoubia. Son minaret de 69 m\u00e8tres de haut est l&rsquo;ic\u00f4ne de la ville de Marrakech. Koutoubia signifie \u00ab mosqu\u00e9e des libraires \u00bb, car dans sa cour, \u00e0 ses d\u00e9buts, au XIIe si\u00e8cle, il y avait de nombreux kiosques \u00e0 livres.<\/p>\n<p>Le Minaret de la Koutoubia est visible de pratiquement toute la ville. Et il sert de point de r\u00e9f\u00e9rence pour s&rsquo;orienter. De la place Koutoubia, nous avons \u00e0 peine dix minutes \u00e0 pied jusqu&rsquo;\u00e0 la place Jemaa el Fna, d\u00e9clar\u00e9e par l&rsquo;UNESCO patrimoine immat\u00e9riel de l&rsquo;humanit\u00e9. Le souk part du nord de la place Jamaa el Fna et de l\u00e0, nous entrerons dans la m\u00e9dina. Nous nous promenons dans les rues du souk color\u00e9, nous verrons comment les marchandises sont command\u00e9es par les guildes. Nous visiterons les principaux lieux d&rsquo;int\u00e9r\u00eat historique que la M\u00e9dina abrite : les Tombeaux Saadiane, la Medersa Ben Youssef, le Palais El Badi. A la sortie de la M\u00e9dina nous prendrons un th\u00e9 \u00e0 la menthe dans certaines des terrasses de la place anim\u00e9e Jamaa el Fna. Tout \u00e0 Marrakech tourne autour de cette place, espace public o\u00f9 l&rsquo;on se retrouve : musiciens, conteurs, charmeurs de serpents, danseurs, dentistes, vendeurs de jus de fruits, acrobates, \u00e9crivains, porteurs d&rsquo;eau, vendeurs d&rsquo;herbes m\u00e9dicinales\u2026<\/p>\n<p><span id=\"result_box\" class=\"\" lang=\"es\" tabindex=\"-1\"><span title=\"All'ora stabilita transfer verso l'aeroporto e fine del viaggio.\">\u00c0 l&rsquo;heure convenue, transfert \u00e0 l&rsquo;a\u00e9roport et fin du voyage.<br \/>\n<\/span><\/span>[\/vc_column_text][\/vc_column][\/vc_row]\n<\/section>","protected":false},"excerpt":{"rendered":"<p>[vc_row][vc_column][vc_column_text] jour 1 Ville d&rsquo;origine-Marrakech Accueil \u00e0 l&rsquo;a\u00e9roport de Marrakech et transfert \u00e0 l&rsquo;h\u00f4tel situ\u00e9 pr\u00e8s de la place Jamaa el Fna. jour 2 Marrakech- Imlil-Tizi&rsquo;n&rsquo;Test-Taroudant Apr\u00e8s le petit-d\u00e9jeuner, nous nous dirigerons vers le sud en direction de Taroudant, une ville connue sous le nom de petite Marrakech. En chemin, nous visiterons quelques villages berb\u00e8res&hellip;<\/p>\n","protected":false},"featured_media":6579,"comment_status":"open","ping_status":"closed","template":"","meta":{"_acf_changed":false},"product_brand":[],"product_cat":[157],"product_tag":[],"class_list":{"0":"post-9231","1":"product","2":"type-product","3":"status-publish","4":"has-post-thumbnail","6":"product_cat-itineraires-fr","7":"entry","8":"has-media","10":"first","11":"instock","12":"shipping-taxable","13":"product-type-simple"},"acf":[],"_links":{"self":[{"href":"https:\/\/www.ramliatours.com\/fr\/wp-json\/wp\/v2\/product\/9231","targetHints":{"allow":["GET"]}}],"collection":[{"href":"https:\/\/www.ramliatours.com\/fr\/wp-json\/wp\/v2\/product"}],"about":[{"href":"https:\/\/www.ramliatours.com\/fr\/wp-json\/wp\/v2\/types\/product"}],"replies":[{"embeddable":true,"href":"https:\/\/www.ramliatours.com\/fr\/wp-json\/wp\/v2\/comments?post=9231"}],"wp:featuredmedia":[{"embeddable":true,"href":"https:\/\/www.ramliatours.com\/fr\/wp-json\/wp\/v2\/media\/6579"}],"wp:attachment":[{"href":"https:\/\/www.ramliatours.com\/fr\/wp-json\/wp\/v2\/media?parent=9231"}],"wp:term":[{"taxonomy":"product_brand","embeddable":true,"href":"https:\/\/www.ramliatours.com\/fr\/wp-json\/wp\/v2\/product_brand?post=9231"},{"taxonomy":"product_cat","embeddable":true,"href":"https:\/\/www.ramliatours.com\/fr\/wp-json\/wp\/v2\/product_cat?post=9231"},{"taxonomy":"product_tag","embeddable":true,"href":"https:\/\/www.ramliatours.com\/fr\/wp-json\/wp\/v2\/product_tag?post=9231"}],"curies":[{"name":"wp","href":"https:\/\/api.w.org\/{rel}","templated":true}]}}