{"id":9242,"date":"2017-06-18T16:25:14","date_gmt":"2017-06-18T16:25:14","guid":{"rendered":"https:\/\/www.ramliatours.com\/tours\/offre-pour-les-etudiants\/"},"modified":"2019-07-05T00:13:32","modified_gmt":"2019-07-04T23:13:32","slug":"offre-pour-les-etudiants","status":"publish","type":"product","link":"https:\/\/www.ramliatours.com\/fr\/circuits\/offre-pour-les-etudiants\/","title":{"rendered":"Voyage au Maroc pour les \u00e9tudiants"},"content":{"rendered":"<section class=\"wpb-content-wrapper\">[vc_row][vc_column][vc_column_text]Nous vous proposons des s\u00e9jours de 8 jours et 7 nuits de l&rsquo;exotique Marrakech aux grandes dunes du d\u00e9sert du Sahara.<\/p>\n<p>Prix de base : 450\u20ac par personne (groupe minimum de 6 personnes).<\/p>\n<h2>MARRAKECH, LA VILLE LA PLUS FASCINANTE DU MAROC.<\/h2>\n<p>Marrakech, situ\u00e9e au pied de l&rsquo;Atlas, est la ville la plus exotique du Maroc, ce qui en fait la principale attraction touristique du pays.<\/p>\n<p>Marrakech est connue comme la Ville Rouge en raison de la couleur de ses b\u00e2timents. En 2001, l&rsquo;UNESCO a d\u00e9clar\u00e9 la place Djamaa el Fna, patrimoine oral de l&rsquo;humanit\u00e9 et est l&rsquo;une des places les plus fr\u00e9quent\u00e9es en Afrique et dans le monde. Tout \u00e0 Marrakech tourne autour de DJamaa el Fna. Beaucoup de gens se rassemblent dans cet espace public, le remplissant de couleurs et de culture : musiciens, conteurs, charmeurs de serpents, danseurs, dentistes, vendeurs de jus de fruits, acrobates, \u00e9crivains, porteurs d&rsquo;eau, vendeurs de plantes m\u00e9dicinales. . . Au cr\u00e9puscule, la place est remplie de stands de nourriture \u00e9clair\u00e9s par des centaines de lumi\u00e8res et \u00e0 la tomb\u00e9e de la nuit, un nombre infini de personnes se rassemblent pour manger. De la place Djemaa el Fna on acc\u00e8de \u00e0 la m\u00e9dina ou \u00e0 la vieille ville. Un labyrinthe de ruelles \u00e9troites pleines de palais, de march\u00e9s, de mosqu\u00e9es, de d\u00f4mes et de minarets.<\/p>\n<p>L&rsquo;ensemble de la M\u00e9dina de Marrakech est inscrit au patrimoine mondial de l&rsquo;UNESCO depuis 1985.<\/p>\n<h2>LE D\u00c9SERT, UNE EXP\u00c9RIENCE UNIQUE !<\/h2>\n<p>De Marrakech, nous traversons les montagnes de l&rsquo;Atlas et vous emmenons au petit village de Merzouga, situ\u00e9 au pied des dunes et connu comme la Perle du D\u00e9sert marocain. Les dunes de Merzouga vous s\u00e9duiront par leur hauteur et la couleur orange de leur sable. Escalader ses hautes dunes et contempler le lever et le coucher du soleil est, sans aucun doute, une exp\u00e9rience inoubliable.<\/p>\n<p>Une autre attraction du d\u00e9sert marocain est de suivre le c\u00e9l\u00e8bre parcours du rallye Paris-Dakar. A Ramlia Tours, nous sommes de bons connaisseurs de cette route et aussi des conducteurs experts dans le d\u00e9sert. Avec des v\u00e9hicules 4\u00d74, nous suivrons l&rsquo;ancienne piste du rallye, en passant par de magnifiques paysages d\u00e9sertiques : dunes, hamadas&#8230; pour atteindre des oasis spectaculaires de palmiers au milieu de nulle part.<\/p>\n<h3>Jour 1<br \/>\n<strong>Arriv\u00e9e \u00e0 Marrakech<\/strong><\/h3>\n<p>A l&rsquo;heure convenue, prise en charge \u00e0 l&rsquo;a\u00e9roport de Marrakech et transfert \u00e0 l&rsquo;h\u00f4tel pr\u00e8s de la place Jamaa el Fna.<\/p>\n<h3>Jour 2<br \/>\n<strong> Marrakech<br \/>\n<\/strong><\/h3>\n<p>Apr\u00e8s le petit d\u00e9jeuner, visite de la m\u00e9dina et de la c\u00e9l\u00e8bre place Jamaa el Fna, pr\u00e8s de l&rsquo;entr\u00e9e de la m\u00e9dina. Apr\u00e8s-midi libre. H\u00e9bergement \u00e0 l&rsquo;h\u00f4tel.<\/p>\n<h3>Jour 3<br \/>\n<strong> Marrakech \/ Ouarzazate \/ Zagora<br \/>\n<\/strong><\/h3>\n<p>Nous partons en 4&#215;4 sur la <strong>route de Marrakech \u00e0 Ouarzazate en traversant le Haut Atlas<\/strong> par le port de Tichka Tizin, le point culminant de la cha\u00eene de montagnes, la route passe avec des vues \u00e0 couper le souffle. Nous suivrons la route vers la vall\u00e9e du Draa jusqu&rsquo;\u00e0 Zagora, la Porte du D\u00e9sert. D\u00eener et nuit \u00e0 l&rsquo;h\u00f4tel.<\/p>\n<h3>Jour 4<br \/>\n<strong> Zagora \/ Oasis de Ramlia<br \/>\n<\/strong><\/h3>\n<p>Apr\u00e8s le petit d\u00e9jeuner, nous quitterons Zagora pour nous diriger vers la route du rallye Paris-Dakar \u00e0 travers de magnifiques paysages sahariens. Nous passerons la nuit dans un h\u00f4tel au c\u0153ur du d\u00e9sert (possibilit\u00e9 de dormir dans le traditionnel Haima berb\u00e8re) et profiterons d&rsquo;un d\u00eener traditionnel anim\u00e9 par le son du tam-tam (tambour).<\/p>\n<h3>Jour 5<br \/>\n<strong>D\u00e9sert \/ D\u00e9sert<\/strong><\/h3>\n<p>Nous nous l\u00e8verons t\u00f4t pour voir le lever du soleil sur les dunes et apr\u00e8s un bon petit d\u00e9jeuner nous nous dirigerons vers Merzouga. Nous quitterons le 4&#215;4 et chevaucherons les chameaux qui nous emm\u00e8neront au c\u0153ur du d\u00e9sert, o\u00f9 nous profiterons d&rsquo;un coucher de soleil inoubliable. D\u00eener et nuit dans un h\u00f4tel situ\u00e9 au milieu du d\u00e9sert (possibilit\u00e9 de dormir dans le traditionnel Haima berb\u00e8re).<\/p>\n<h3>Jour 6<br \/>\n<strong>D\u00e9sert \/ Gorges du Todra \/ Gorges du Dad\u00e8s<\/strong><\/h3>\n<p>Apr\u00e8s le petit d\u00e9jeuner, nous nous dirigerons vers les gorges de la rivi\u00e8re Todra, l&rsquo;une des portes naturelles qui communiquent l&rsquo;Atlas avec le Sahara. C&rsquo;est l&rsquo;une des plus belles oasis de la r\u00e9gion. Les Gorges du Todra sont situ\u00e9es \u00e0 l&rsquo;extr\u00e9mit\u00e9 nord de la palmeraie de Tinerhir, au pied de la cha\u00eene de montagnes du Haut Atlas oriental. Peu \u00e0 peu cette palmeraie se r\u00e9tr\u00e9cit ; les parois rocheuses calcaires qui la d\u00e9limitent s&rsquo;\u00e9l\u00e8vent jusqu&rsquo;\u00e0 trois cents m\u00e8tres de haut ; s\u00e9par\u00e9es en partie par seulement vingt m\u00e8tres, son point le plus \u00e9troit \u00e9tant d&rsquo;une dizaine de m\u00e8tres de large. De l\u00e0, nous irons dans les Gorges du Dad\u00e8s.<\/p>\n<h3>Jour 7<br \/>\n<strong>Gorges du Dad\u00e8s \/ Marrakech<\/strong><\/h3>\n<p>Apr\u00e8s le petit d\u00e9jeuner, nous continuerons notre voyage le long des Gorges du Dad\u00e8s vers les gorges du Tamlat, o\u00f9 les roches acqui\u00e8rent de curieuses formes g\u00e9om\u00e9triques dues \u00e0 l&rsquo;\u00e9rosion \u00e9olienne, connues sous le nom de \u00ab\u00a0doigts de singe\u00a0\u00bb. De l\u00e0, nous suivrons notre route \u00e0 travers les montagnes du Haut Atlas jusqu&rsquo;\u00e0 la ville de Marrakech, la ville des Mille et une Nuits. H\u00e9bergement \u00e0 l&rsquo;h\u00f4tel.<\/p>\n<h3>Jour 8<br \/>\n<strong> Marrakech \/ Marrakech<\/strong><\/h3>\n<p>A l&rsquo;heure pr\u00e9vue, transfert \u00e0 l&rsquo;a\u00e9roport et fin de nos services.[\/vc_column_text][\/vc_column][\/vc_row]\n<\/section>","protected":false},"excerpt":{"rendered":"<p style=\"text-align: center;\">Nous voulons vous offrir l&rsquo;opportunit\u00e9 de d\u00e9couvrir les coins les plus particuliers de notre pays, main dans la main avec des guides autochtones experts.<\/p>\n","protected":false},"featured_media":8333,"comment_status":"open","ping_status":"closed","template":"","meta":{"_acf_changed":false},"product_brand":[],"product_cat":[156],"product_tag":[],"class_list":{"0":"post-9242","1":"product","2":"type-product","3":"status-publish","4":"has-post-thumbnail","6":"product_cat-offres-fr","7":"entry","8":"has-media","10":"first","11":"instock","12":"featured","13":"shipping-taxable","14":"product-type-simple"},"acf":[],"_links":{"self":[{"href":"https:\/\/www.ramliatours.com\/fr\/wp-json\/wp\/v2\/product\/9242","targetHints":{"allow":["GET"]}}],"collection":[{"href":"https:\/\/www.ramliatours.com\/fr\/wp-json\/wp\/v2\/product"}],"about":[{"href":"https:\/\/www.ramliatours.com\/fr\/wp-json\/wp\/v2\/types\/product"}],"replies":[{"embeddable":true,"href":"https:\/\/www.ramliatours.com\/fr\/wp-json\/wp\/v2\/comments?post=9242"}],"wp:featuredmedia":[{"embeddable":true,"href":"https:\/\/www.ramliatours.com\/fr\/wp-json\/wp\/v2\/media\/8333"}],"wp:attachment":[{"href":"https:\/\/www.ramliatours.com\/fr\/wp-json\/wp\/v2\/media?parent=9242"}],"wp:term":[{"taxonomy":"product_brand","embeddable":true,"href":"https:\/\/www.ramliatours.com\/fr\/wp-json\/wp\/v2\/product_brand?post=9242"},{"taxonomy":"product_cat","embeddable":true,"href":"https:\/\/www.ramliatours.com\/fr\/wp-json\/wp\/v2\/product_cat?post=9242"},{"taxonomy":"product_tag","embeddable":true,"href":"https:\/\/www.ramliatours.com\/fr\/wp-json\/wp\/v2\/product_tag?post=9242"}],"curies":[{"name":"wp","href":"https:\/\/api.w.org\/{rel}","templated":true}]}}