{"id":9257,"date":"2016-11-18T11:45:10","date_gmt":"2016-11-18T11:45:10","guid":{"rendered":"https:\/\/www.ramliatours.com\/tours\/visites-guidees-a-la-ville-de-fes\/"},"modified":"2019-07-07T21:32:18","modified_gmt":"2019-07-07T20:32:18","slug":"visites-guidees-a-la-ville-de-fes","status":"publish","type":"product","link":"https:\/\/www.ramliatours.com\/fr\/circuits\/visites-guidees-a-la-ville-de-fes\/","title":{"rendered":"Visite guid\u00e9e de la ville de F\u00e8s"},"content":{"rendered":"<p>L&rsquo;excursion d&rsquo;une journ\u00e9e commence dans la m\u00e9dina de F\u00e8s el Bali, l&rsquo;un des plus grands sites m\u00e9di\u00e9vaux au monde aujourd&rsquo;hui. L&rsquo;ensemble de la m\u00e9dina a \u00e9t\u00e9 d\u00e9clar\u00e9 Patrimoine de l&rsquo;Humanit\u00e9 par l&rsquo;UNESCO, avec ses souks et ruelles m\u00e9di\u00e9vales.<br \/>\nNous entrons par la porte Bab Boujloud et traversons le souk avec ses ruelles \u00e9troites et labyrinthiques, souvent en esquivant des mulets charg\u00e9s de gros ballots.<br \/>\nNous visiterons la Madraza Bou Inania, avec ses pr\u00e9cieuses \u0153uvres en bois de c\u00e8dre, stucs et marbres et d\u00e9corations en onyx. La zaou\u00efa de Moulay Idriss, fondateur de la ville. Le quartier andalou avec sa mosqu\u00e9e et la madrasa Es-Sahrij. L&rsquo;ancien palais Dar Batha, de style arabo-andalou, d\u00e9di\u00e9 aux arts et traditions de F\u00e8s.<\/p>\n<p>La mosqu\u00e9e universitaire d&rsquo;Al-Karaouine est l&rsquo;une des plus anciennes au monde, fond\u00e9e en 859 par Fatima Al-Fihri, le quartier des tanneurs et teinturiers, dont les techniques n&rsquo;ont pas chang\u00e9 depuis le Moyen Age.<\/p>\n","protected":false},"excerpt":{"rendered":"<p>Visites guid\u00e9es de la ville de F\u00e8s<\/p>\n","protected":false},"featured_media":7032,"comment_status":"open","ping_status":"closed","template":"","meta":{"_acf_changed":false},"product_brand":[],"product_cat":[155],"product_tag":[],"class_list":{"0":"post-9257","1":"product","2":"type-product","3":"status-publish","4":"has-post-thumbnail","6":"product_cat-excursions-fr","7":"entry","8":"has-media","10":"first","11":"instock","12":"shipping-taxable","13":"product-type-simple"},"acf":[],"_links":{"self":[{"href":"https:\/\/www.ramliatours.com\/fr\/wp-json\/wp\/v2\/product\/9257","targetHints":{"allow":["GET"]}}],"collection":[{"href":"https:\/\/www.ramliatours.com\/fr\/wp-json\/wp\/v2\/product"}],"about":[{"href":"https:\/\/www.ramliatours.com\/fr\/wp-json\/wp\/v2\/types\/product"}],"replies":[{"embeddable":true,"href":"https:\/\/www.ramliatours.com\/fr\/wp-json\/wp\/v2\/comments?post=9257"}],"wp:featuredmedia":[{"embeddable":true,"href":"https:\/\/www.ramliatours.com\/fr\/wp-json\/wp\/v2\/media\/7032"}],"wp:attachment":[{"href":"https:\/\/www.ramliatours.com\/fr\/wp-json\/wp\/v2\/media?parent=9257"}],"wp:term":[{"taxonomy":"product_brand","embeddable":true,"href":"https:\/\/www.ramliatours.com\/fr\/wp-json\/wp\/v2\/product_brand?post=9257"},{"taxonomy":"product_cat","embeddable":true,"href":"https:\/\/www.ramliatours.com\/fr\/wp-json\/wp\/v2\/product_cat?post=9257"},{"taxonomy":"product_tag","embeddable":true,"href":"https:\/\/www.ramliatours.com\/fr\/wp-json\/wp\/v2\/product_tag?post=9257"}],"curies":[{"name":"wp","href":"https:\/\/api.w.org\/{rel}","templated":true}]}}