{"id":9270,"date":"2016-11-16T12:27:43","date_gmt":"2016-11-16T12:27:43","guid":{"rendered":"https:\/\/www.ramliatours.com\/tours\/fes-desert-marrakech\/"},"modified":"2019-07-08T16:15:45","modified_gmt":"2019-07-08T15:15:45","slug":"fes-desert-marrakech","status":"publish","type":"product","link":"https:\/\/www.ramliatours.com\/fr\/circuits\/fes-desert-marrakech\/","title":{"rendered":"F\u00e8s, D\u00e9sert et Marrakech"},"content":{"rendered":"<section class=\"wpb-content-wrapper\">[vc_row][vc_column][vc_column_text]\n<h3>jour 1<br \/>\nVille d&rsquo;origine &#8211; F\u00e8s<\/h3>\n<p>Accueil et transfert \u00e0 l&rsquo;h\u00f4tel.<\/p>\n<h3>jour 2<br \/>\n<strong> F\u00e8s<\/strong><\/h3>\n<p>Journ\u00e9e compl\u00e8te consacr\u00e9e \u00e0 la d\u00e9couverte de la ville de F\u00e8s, le soir nous retournerons \u00e0 l&rsquo;h\u00f4tel, pour un repos m\u00e9rit\u00e9. F\u00e8s est consid\u00e9r\u00e9e au Maroc comme le centre religieux et culturel du pays. La ville est divis\u00e9e en trois zones, F\u00e8s el Bali (la vieille zone \u00e0 l&rsquo;int\u00e9rieur des remparts), F\u00e8s-Jdid (la nouvelle zone o\u00f9 se trouve le Mellah, le quartier juif), et Ville Nouvelle (la zone fran\u00e7aise au nord-ouest de la ville). La m\u00e9dina de F\u00e8s el Bali est l&rsquo;un des plus grands sites m\u00e9di\u00e9vaux au monde aujourd&rsquo;hui. L&rsquo;ensemble de la m\u00e9dina est d\u00e9clar\u00e9 patrimoine mondial par l&rsquo;UNESCO, ses souks et ses ruelles n&rsquo;ont pas chang\u00e9 depuis le Moyen Age. Pour d\u00e9couvrir la m\u00e9dina de F\u00e8s el Bali, commencez par la porte Bab Boujloud, entrez dans le souk et marchez dans ses ruelles \u00e9troites et labyrinthiques, souvent en \u00e9vitant les mulets charg\u00e9s de gros ballots.<\/p>\n<ul>\n<li>Visite de la madrasa Bou Inania, avec ses pr\u00e9cieuses \u0153uvres en bois de c\u00e8dre, stucs et marbres et d\u00e9corations en onyx.<\/li>\n<li>La zaou\u00efa de Moulay Idriss, fondateur de la ville.<\/li>\n<li>Le quartier andalou avec sa mosqu\u00e9e et la madrasa Es-Sahrij.<\/li>\n<li>L&rsquo;ancien palais Dar Batha, de style arabo-andalou, d\u00e9di\u00e9 aux arts et traditions de F\u00e8s.<\/li>\n<li>La mosqu\u00e9e universitaire d&rsquo;Al-Karaouine est l&rsquo;une des plus anciennes au monde, fond\u00e9e en 859 par Fatima Al-Fihri, fille de Mohammed Al-Fhri, un tr\u00e8s riche marchand de l&rsquo;\u00e9poque. Apr\u00e8s la mort de son p\u00e8re, Fatima et sa s\u0153ur ont re\u00e7u une grande somme d&rsquo;argent, puis Fatima a d\u00e9cid\u00e9 de cr\u00e9er la mosqu\u00e9e universitaire. A l&rsquo;int\u00e9rieur, vous pouvez voir de nombreux arcs, des mosa\u00efques, des sculptures sur bois et des peintures d&rsquo;une grande beaut\u00e9.<\/li>\n<\/ul>\n<p>Le quartier des tanneurs, au Moyen Age, la ville est devenue l&rsquo;un des principaux centres commerciaux du Maghreb, \u00e9tant le principal producteur d&rsquo;adargas. (\u00e9cu en cuir et de forme ovale), utilis\u00e9 \u00e0 l&rsquo;origine par la cavalerie musulmane d&rsquo;Al-Andalus, avec le nom d&rsquo;add\u00e1rqa.<\/p>\n<p>Le Festival Mondial des Musiques Sacr\u00e9es de F\u00e8s, cr\u00e9\u00e9 en 1994, s&rsquo;inscrit dans la vie spirituelle et artistique de la ville ; depuis sa cr\u00e9ation, cet \u00e9v\u00e9nement a \u00e9t\u00e9 un v\u00e9ritable succ\u00e8s international. Le Festival de F\u00e8s 2001 a \u00e9t\u00e9 d\u00e9clar\u00e9 par les Nations Unies comme l&rsquo;un des \u00e9v\u00e9nements les plus exceptionnels contribuant au dialogue entre les civilisations. Elle a lieu chaque ann\u00e9e en juin.<\/p>\n<h3 class=\"clear\">jour 3<br \/>\n<strong>F\u00e8s &#8211; Merzouga<\/strong><\/h3>\n<p>Apr\u00e8s le petit d\u00e9jeuner, nous quitterons F\u00e8s en direction d&rsquo;Ifrane, une ville situ\u00e9e dans le Moyen Atlas dans une r\u00e9gion montagneuse \u00e0 1713 m\u00e8tres d&rsquo;altitude et avec un climat froid, qui a influenc\u00e9 le surnom de la petite Suisse africaine, \u00e0 la sortie d&rsquo;Ifrane, nous prendrons la route des c\u00e9l\u00e8bres for\u00eats de c\u00e8dres du Moyen Atlas, o\u00f9 vit une des derni\u00e8res communaut\u00e9s des singes Barbary, une sorte de macaque qui ne peut \u00eatre vu ici et \u00e0 Gibraltar. Apr\u00e8s un bref arr\u00eat, nous suivrons la route \u00e0 travers l&rsquo;impressionnante vall\u00e9e de la rivi\u00e8re Ziz, \u00e0 travers des gorges calcaires bord\u00e9es de palmiers dattiers et m\u00e9lang\u00e9es aux constructions de maisons en pis\u00e9, ce qui fait de cet endroit un spectacle fascinant pour nos yeux.<\/p>\n<p>La rivi\u00e8re Ziz prend sa source dans le Haut Atlas et creuse son chemin \u00e0 travers d&rsquo;impressionnantes falaises, en direction du sud, o\u00f9 elle arrose l&rsquo;immense palmeraie du Tafilalet. L&rsquo;eau marque la route vers le d\u00e9sert, elle s&rsquo;y perd apr\u00e8s plus de 270 km de travers\u00e9e, l&rsquo;apr\u00e8s-midi nous arriverons \u00e0 Merzouga, connue par \u00ab\u00a0la porte des dunes\u00a0\u00bb, un petit village du sud-est du Maroc situ\u00e9 au bord du Grand Erg Chebi, (d\u00e9sert du Sahara). L\u00e0, nous quitterons le 4&#215;4 et monterons les dromadaires qui nous emm\u00e8neront vers les hautes dunes du d\u00e9sert pour profiter d&rsquo;un coucher de soleil inoubliable. D\u00eener et nuit \u00e0 l&rsquo;h\u00f4tel au pied des m\u00eames dunes.<\/p>\n<h3>jour 4<br \/>\n<strong> F\u00e8s \u2013 Merzouga \u2013 Rissani &#8211; D\u00e9sert<\/strong><\/h3>\n<p>Apr\u00e8s le petit d\u00e9jeuner, nous partons pour Rissani, \u00e0 35 km de Merzouga, o\u00f9 nous visiterons le march\u00e9 color\u00e9, un important centre commercial fr\u00e9quent\u00e9 par les gens du d\u00e9sert. Le march\u00e9 de Rissani est ancestral, dans lequel il y a des artisans du bois, de la vente de b\u00e9tail, d&rsquo;\u00e9pices&#8230; ici nous pourrons aussi voir le curieux Parking des \u00e2nes, o\u00f9 les gens qui vont au march\u00e9 gardent les animaux ici.<\/p>\n<p>Rissani est aussi un lieu de rencontre pour les collectionneurs, les chasseurs de fossiles et les chercheurs ; \u00e0 proximit\u00e9 se trouvent de nombreuses carri\u00e8res de min\u00e9raux et de gisements fossiles.<\/p>\n<p>Historiquement, Rissani \u00e9tait un royaume entre le 8\u00e8me et le 14\u00e8me si\u00e8cle, connu sous le nom de Siyilmasa et tr\u00e8s important dans la r\u00e9gion en raison des caravanes transsahariennes et du mouvement commercial qui existait \u00e0 l&rsquo;\u00e9poque, rivalisant avec F\u00e8s et Marrakech. D&rsquo;ici sont arriv\u00e9es de grandes caravanes de chameaux qui exportaient des m\u00e9taux, des tissus et des dattes au Soudan et en Guin\u00e9e. Ibn Battuta raconte son voyage au Mali en 1352 :<\/p>\n<p><em>Je suis arriv\u00e9 dans la ville de Siyilmasa, qui est l&rsquo;une des plus belles et abondantes en excellentes dates, qui ressemble \u00e0 la ville de Bassorah, mais les Siyilmasa sont mieux (&#8230;) J&rsquo;ai acquis des chameaux et me suis mis en voyage dans une caravane o\u00f9 de nombreux marchands de Siyilmasa&#8230;<\/em><\/p>\n<p>L&rsquo;apr\u00e8s-midi, nous prendrons la route du d\u00e9sert et s\u00e9journerons dans un h\u00f4tel au c\u0153ur le plus authentique du d\u00e9sert et profiterons d&rsquo;un d\u00eener traditionnel accompagn\u00e9 par le son du tam-tam. (Il y a la possibilit\u00e9 de dormir dans haima).<\/p>\n<h3>jour 5<br \/>\n<strong> D\u00e9sert &#8211; Ramlia<\/strong><\/h3>\n<p>Nous nous l\u00e8verons t\u00f4t pour voir le lever du soleil dans les dunes, et apr\u00e8s un bon petit d\u00e9jeuner nous irons \u00e0 l&rsquo;oasis de Ramlia, une oasis de palmiers de la r\u00e9gion du Tafilalt, situ\u00e9e au sud-est de l&rsquo;Erg Chebbi (d\u00e9sert du Sahara), pr\u00e8s de la fronti\u00e8re entre l&rsquo;Alg\u00e9rie et le Maroc. Nous visiterons la palmeraie arros\u00e9e par une tergua traditionnelle ou un canal construit manuellement, \u00ab\u00a0sans eau il n&rsquo;y avait pas de vie dans le d\u00e9sert\u00a0\u00bb et profiterons de l&rsquo;hospitalit\u00e9 qui caract\u00e9rise ses habitants. Les habitants de l&rsquo;oasis de Ramlia sont d&rsquo;anciens nomades, ils appartiennent tous \u00e0 la tribu A\u00eft Khebbach, qui fait partie du grand groupe amazigh des Ait Atta du d\u00e9sert du Sahara du sud-est du Maroc. Dans les environs de Ramlia, nous verrons quelques communaut\u00e9s nomades avec leurs troupeaux. D\u00eener et nuit dans un h\u00f4tel situ\u00e9 au milieu du d\u00e9sert.<\/p>\n<h3>jour 6<br \/>\n<strong> D\u00e9sert \u2013 Ramlia \u2013 Agdz &#8211; Ouarzazate<\/strong><\/h3>\n<p>Nous prendrons le petit d\u00e9jeuner et prendrons la piste d\u00e9sertique par laquelle passait l&rsquo;itin\u00e9raire du rallye Paris-Dakar, pour arriver \u00e0 midi dans la ville d&rsquo;Agdz, dont la traduction litt\u00e9rale serait \u00a0\u00bb lieu de repos \u00ab\u00a0. Autrefois, Agdz servait de point d&rsquo;arr\u00eat pour les caravanes reliant Marrakech \u00e0 Tombouctou, porte d&rsquo;entr\u00e9e de la vall\u00e9e du Draa et zone de bonnes dates. Nous visiterons le village de Tamenougalt, l&rsquo;ancienne capitale des premiers habitants amazighs du Maroc, sa kasbah est le plus important complexe architectural et le plus beau du sud du Maroc. A la fin des ann\u00e9es 80 du si\u00e8cle dernier, le r\u00e9alisateur Bertolucci a choisi cet ensemble architectural pour filmer plusieurs sc\u00e8nes de son film d\u00e9j\u00e0 mythique \u00ab\u00a0Le ciel protecteur\u00a0\u00bb. Son nom \u00ab\u00a0Tamnougalt\u00a0\u00bb en langue berb\u00e8re signifie \u00ab\u00a0carrefour\u00a0\u00bb et en fait, c&rsquo;est ce que ce lieu repr\u00e9sentait dans le pass\u00e9, un centre de carrefour de caravanes venant d&rsquo;Afrique subsaharienne et puis nous partirons pour Ouarzazate, qui en langue berb\u00e8re signifie \u00ab\u00a0sans bruit\u00a0\u00bb. Ouarzazate est aussi connu sous le nom de \u00ab\u00a0Hollywood de l&rsquo;Afrique\u00a0\u00bb. Dans la ville il y a plusieurs studios de cin\u00e9ma dont l&rsquo;un des plus grands au monde, l&rsquo;Atlas Studios. H\u00e9bergement \u00e0 l&rsquo;h\u00f4tel.<\/p>\n<h3 class=\"clear\">jour 7<br \/>\n<strong> Ouarzazate &#8211; Marrakech<\/strong><\/h3>\n<p>Apr\u00e8s le petit d\u00e9jeuner, nous continuerons notre route \u00e0 travers les montagnes du Haut Atlas pour atteindre la ville fortifi\u00e9e, ou kasbah d&rsquo;Ait-Ben-Haddou, qui a \u00e9t\u00e9 fond\u00e9e \u00e0 l&rsquo;\u00e9poque de la route des caravanes entre le d\u00e9sert du Sahara et la ville actuelle de Marrakech. Les kasbahs \u00e9taient autrefois de grands villages berb\u00e8res fortifi\u00e9s con\u00e7us pour d\u00e9fendre la r\u00e9colte et les palmeraies qui poussent le long de leurs lits. Ait-Ben-Haddou est prot\u00e9g\u00e9 par l&rsquo;UNESCO en tant que site du patrimoine mondial depuis 1987. En raison de la beaut\u00e9 de son environnement avec des paysages naturels \u00e0 couper le souffle, de nombreux films sont tourn\u00e9s ici. Apr\u00e8s la visite de la casbah, nous traverserons l&rsquo;Atlas depuis Ait Ben Haddou jusqu&rsquo;au col de Tizi-N-Tichka, \u00e0 2 260 m\u00e8tres d&rsquo;altitude, le point culminant du Haut Atlas, et d&rsquo;ici \u00e0 Marrakech. \u00ab\u00a0La ville aux mille et une nuits. Nuit \u00e0 l&rsquo;h\u00f4tel.<\/p>\n<h3>jour 8<br \/>\n<strong> Marrakech<\/strong><\/h3>\n<p>Marrakech est, avec Mekn\u00e8s, F\u00e8s et Rabat, l&rsquo;une des quatre villes imp\u00e9riales du Maroc. Marrakech a \u00e9t\u00e9 fond\u00e9e en 1062 par Youssef Ibn Tachfin, le premier \u00e9mir de la dynastie berb\u00e8re almoravide, et \u00e9tait la capitale de l&rsquo;Empire islamique.<\/p>\n<p>Marrakech est l&rsquo;une des villes les plus importantes du Maroc, et se trouve dans le sud du pays, au pied de l&rsquo;Atlas. Elle poss\u00e8de de nombreux monuments du patrimoine mondial, ce qui en fait la principale attraction touristique du pays.<\/p>\n<p>Apr\u00e8s le petit d\u00e9jeuner et \u00e0 l&rsquo;heure convenue et commencer la visite de Marrakech sur la place de la mosqu\u00e9e de la Koutoubia, \u00e0 c\u00f4t\u00e9 de la place de la Jamaa el Fna, d&rsquo;ici nous entrons dans la m\u00e9dina catalogu\u00e9e par l&rsquo;UNESCO comme patrimoine mondial, marcher dans les rues du souk et visiter les principales attractions historiques qui abrite la m\u00e9dina. Les tombeaux Saadi, la Medersa Ben Youssef, le palais El Badi. A la sortie de la m\u00e9dina, nous prendrons un th\u00e9 \u00e0 la menthe sur les terrasses de la place anim\u00e9e Jamaa el Fna. \u00ab\u00a0Tout un monde sur une place\u00a0\u00bb, d\u00e9clar\u00e9e patrimoine oral de l&rsquo;humanit\u00e9 par l&rsquo;UNESCO, tout \u00e0 Marrakech tourne autour de la place, dans cet espace public se rassemblent pour la remplir de couleur et de culture ; musiciens, conteurs, charmeurs de serpents, danseurs, dentistes, vendeurs de jus de fruits, acrobates, auteurs de lettres, porteurs d&rsquo;eau, herboristes, femmes qui se font tatouer au henn\u00e9 \u00ab\u00a0La tradition du d\u00e9cor avec des mains et pieds au henn\u00e9 est bien connue dans plusieurs pays du Maghreb\u00a0\u00bb.<\/p>\n<p>Apr\u00e8s-midi libre pour votre plaisir. Une bonne option est d&rsquo;approcher la place Jamaa el Fna au coucher du soleil, et de certaines des hautes terrasses de la place, observez lentement, la place se remplit de stands de nourriture \u00e9clair\u00e9s par des centaines de lumi\u00e8res, et comme la nuit tombe, un nombre infini de personnes se rassemblent pour manger. Nuit \u00e0 l&rsquo;h\u00f4tel.<\/p>\n<h3 class=\"clear\">jour 9<br \/>\n<strong> Marrakech \u2013 Meknes &#8211; F\u00e8s<\/strong><\/h3>\n<p>D\u00e9part t\u00f4t le matin pour F\u00e8s par autoroute, nous nous arr\u00eaterons \u00e0 Mekn\u00e8s, l&rsquo;une des quatre villes imp\u00e9riales du Maroc. Fond\u00e9e au XIe si\u00e8cle par les Almoravides (une tribu berb\u00e8re appel\u00e9e Meknassi), elle devient la capitale du Maghreb au XVIIe si\u00e8cle. A Mekn\u00e8s, nous pouvons voir la porte Bad el Mansour, l&rsquo;une des plus grandes et plus belles portes d&rsquo;entr\u00e9e du Maroc, construite en 1732. La porte de Bad el Mansour, est l&rsquo;entr\u00e9e habituelle de la M\u00e9dina, o\u00f9 l&rsquo;on peut admirer son souk, ses b\u00e2timents historiques et la Grande Mosqu\u00e9e d&rsquo;origine Almoravide du XIIe si\u00e8cle. Nous continuerons jusqu&rsquo;\u00e0 F\u00e8s et resterons \u00e0 l&rsquo;h\u00f4tel.<\/p>\n<h3>jour 10<br \/>\n<strong> F\u00e8s &#8211; Destin<\/strong><\/h3>\n<p>A l&rsquo;heure convenue, transfert \u00e0 l&rsquo;a\u00e9roport et fin de nos services.[\/vc_column_text][\/vc_column][\/vc_row]\n<\/section>","protected":false},"excerpt":{"rendered":"<p>[vc_row][vc_column][vc_column_text] jour 1 Ville d&rsquo;origine &#8211; F\u00e8s Accueil et transfert \u00e0 l&rsquo;h\u00f4tel. jour 2 F\u00e8s Journ\u00e9e compl\u00e8te consacr\u00e9e \u00e0 la d\u00e9couverte de la ville de F\u00e8s, le soir nous retournerons \u00e0 l&rsquo;h\u00f4tel, pour un repos m\u00e9rit\u00e9. F\u00e8s est consid\u00e9r\u00e9e au Maroc comme le centre religieux et culturel du pays. La ville est divis\u00e9e en trois&hellip;<\/p>\n","protected":false},"featured_media":6684,"comment_status":"open","ping_status":"closed","template":"","meta":{"_acf_changed":false},"product_brand":[],"product_cat":[157],"product_tag":[],"class_list":{"0":"post-9270","1":"product","2":"type-product","3":"status-publish","4":"has-post-thumbnail","6":"product_cat-itineraires-fr","7":"entry","8":"has-media","10":"first","11":"instock","12":"shipping-taxable","13":"product-type-simple"},"acf":[],"_links":{"self":[{"href":"https:\/\/www.ramliatours.com\/fr\/wp-json\/wp\/v2\/product\/9270","targetHints":{"allow":["GET"]}}],"collection":[{"href":"https:\/\/www.ramliatours.com\/fr\/wp-json\/wp\/v2\/product"}],"about":[{"href":"https:\/\/www.ramliatours.com\/fr\/wp-json\/wp\/v2\/types\/product"}],"replies":[{"embeddable":true,"href":"https:\/\/www.ramliatours.com\/fr\/wp-json\/wp\/v2\/comments?post=9270"}],"wp:featuredmedia":[{"embeddable":true,"href":"https:\/\/www.ramliatours.com\/fr\/wp-json\/wp\/v2\/media\/6684"}],"wp:attachment":[{"href":"https:\/\/www.ramliatours.com\/fr\/wp-json\/wp\/v2\/media?parent=9270"}],"wp:term":[{"taxonomy":"product_brand","embeddable":true,"href":"https:\/\/www.ramliatours.com\/fr\/wp-json\/wp\/v2\/product_brand?post=9270"},{"taxonomy":"product_cat","embeddable":true,"href":"https:\/\/www.ramliatours.com\/fr\/wp-json\/wp\/v2\/product_cat?post=9270"},{"taxonomy":"product_tag","embeddable":true,"href":"https:\/\/www.ramliatours.com\/fr\/wp-json\/wp\/v2\/product_tag?post=9270"}],"curies":[{"name":"wp","href":"https:\/\/api.w.org\/{rel}","templated":true}]}}