{"id":9290,"date":"2016-11-16T11:52:39","date_gmt":"2016-11-16T11:52:39","guid":{"rendered":"https:\/\/www.ramliatours.com\/tours\/villes-patrimoine-mondial-desert\/"},"modified":"2022-02-01T17:08:33","modified_gmt":"2022-02-01T16:08:33","slug":"villes-patrimoine-mondial-desert","status":"publish","type":"product","link":"https:\/\/www.ramliatours.com\/fr\/circuits\/villes-patrimoine-mondial-desert\/","title":{"rendered":"Villes du Patrimoine Mondial et D\u00e9sert"},"content":{"rendered":"<section class=\"wpb-content-wrapper\">[vc_row][vc_column][vc_column_text]\n<h3>Jour 1<br \/>\nVille d&rsquo;origine\u2013 Casablanca &#8211; Essaouira<\/h3>\n<p>Accueil \u00e0 l&rsquo;a\u00e9roport de Casablanca puis nous visiterons la Mosqu\u00e9e Hassan II. Construite en 1993, c&rsquo;est la plus grande mosqu\u00e9e du Maroc et la troisi\u00e8me plus grande mosqu\u00e9e du monde.<\/p>\n<p>Nous quittons Casablanca et prenons la route d&rsquo;Essaouira, \u00ab la ville de la lumi\u00e8re et du vent \u00bb.<\/p>\n<p>Essaouira, en berb\u00e8re Amogdul signifie \u00ab le bien entretenu \u00bb. Anciennement connu sous le nom de Mogador. Essaouira poss\u00e8de l&rsquo;une des plus belles m\u00e9dinas m\u00e9di\u00e9vales du Maroc, class\u00e9e au patrimoine mondial de l&rsquo;UNESCO depuis 2001. Son port et ses rues sont pleines de vie, donnant \u00e0 la ville une ambiance boh\u00e8me : artisans, commer\u00e7ants, p\u00eacheurs&#8230; Une ville d&rsquo;artistes, ma\u00eetres en orf\u00e8vrerie et marqueterie. Un endroit pour en profiter sans pr\u00e9cipitation.<\/p>\n<p>\u00ab Se promener dans la m\u00e9dina et manger du bon poisson, un des plaisirs d&rsquo;Essaouira \u00bb.<\/p>\n<p>H\u00e9bergement \u00e0 l&rsquo;h\u00f4tel.<\/p>\n<h3>Jour 2<br \/>\nEssaouira &#8211; Marrakech<\/h3>\n<p>Apr\u00e8s le petit d\u00e9jeuner nous partons pour Marrakech. En route, nous visiterons la coop\u00e9rative de femmes Assafar, o\u00f9 l&rsquo;huile d&rsquo;argan est fabriqu\u00e9e.<\/p>\n<p>L&rsquo;Argan \u00ab\u00a0Le v\u00e9ritable or du Maroc\u00a0\u00bb poss\u00e8de de pr\u00e9cieuses propri\u00e9t\u00e9s nutritionnelles et dermatologiques.<\/p>\n<p>Marrakech est l&rsquo;une des villes les plus importantes du Maroc. Nous commencerons la visite sur la place de la mosqu\u00e9e Koutoubia, pr\u00e8s de la place Jamaa El Fna, d&rsquo;ici nous entrerons dans la M\u00e9dina, d\u00e9clar\u00e9e par l&rsquo;UNESCO comme site du patrimoine mundial. Nous nous prom\u00e8nerons dans les rues du souk et visiterons les principaux lieux d&rsquo;int\u00e9r\u00eat historique: les Tombeaux Saadiane, la Medersa Ben Youssef, le Palais El Badi. A la sortie de la M\u00e9dina nous prendrons un th\u00e9 \u00e0 la menthe dans certaines des terrasses de la place Jamaa el Fna. Tout \u00e0 Marrakech tourne autour de la place Jamaa el Fna. D\u00e9clar\u00e9e par l&rsquo;UNESCO Patrimoine Oral de l&rsquo;Humanit\u00e9. Dans cet espace public se r\u00e9unissent : musiciens, conteurs, charmeurs de serpents, danseurs, dentistes, vendeurs de jus de fruits, acrobates, \u00e9crivains, porteurs d&rsquo;eau, vendeurs de herbes m\u00e9dicinales \u2026<\/p>\n<p>Temps libre au coucher du soleil. Une bonne option est de s&rsquo;approcher de la place Jamaa el Fna, et depuis certaines de ses hautes terrasses, d&rsquo;observer comment il fait progressivement noir, et c&rsquo;est alors que la place est remplie de stands de nourriture illumin\u00e9s par des centaines de lumi\u00e8res, et une infinit\u00e9 de personnes se rassembler pour d\u00eener. Nuit \u00e0 l&rsquo;h\u00f4tel.<\/p>\n<h3>Jour 3<br \/>\nMarrakech &#8211; Ait Ben Haddou &#8211; Ouarzazate<\/h3>\n<p>Apr\u00e8s le petit d\u00e9jeuner, nous quittons Marrakech pour Ouarzazate. Nous traverserons la cha\u00eene de montagnes du Haut Atlas avec des paysages incroyables. Le point culminant est le col Tizi-N-Tichka, \u00e0 2260 m\u00e8tres d&rsquo;altitude, et de l\u00e0, nous descendrons jusqu&rsquo;\u00e0 Ouarzazate. Avant d&rsquo;arriver, nous visiterons le ksar Ait Ben Haddou. Une ville fortifi\u00e9e d\u00e9clar\u00e9 site du patrimoine mondial par l&rsquo;UNESCO.<\/p>\n<p>L&rsquo;apr\u00e8s-midi, temps libre \u00e0 Ouarzazate. Nous vous recommandons de visiter : la Kasbah de Taourirt et le mus\u00e9e du cin\u00e9ma \u00ab\u00a0Atlas Studios\u00a0\u00bb, les studios de cin\u00e9ma les plus importants d&rsquo;Afrique du Nord. Ouarzazate est connue comme le \u00ab\u00a0Hollywood de l&rsquo;Afrique\u00a0\u00bb.<\/p>\n<p>Nous passerons la nuit dans un h\u00f4tel.<\/p>\n<h3>Jour 4<br \/>\nOuarzazate \u2013\u00a0<span id=\"result_box\" class=\"\" lang=\"it\" tabindex=\"-1\">Gorges du Dad\u00e8s &#8211; Gorges du Todra &#8211; D\u00e9sert<\/span><strong><br \/>\n<\/strong><\/h3>\n<p>T\u00f4t le matin, nous partons pour la palmeraie de Skoura, au pied des montagnes de l&rsquo;Atlas. La plus grande oasis de la vall\u00e9e du Dad\u00e8s. Situ\u00e9 au milieu de la Route des Mille Kasbachs. Nous trouverons de belles forteresses en pis\u00e9 dispers\u00e9es dans toute la vall\u00e9e. De Skoura, nous continuons vers Kelaat M&rsquo;Gouna, dans la vall\u00e9e des roses.<\/p>\n<p>Apr\u00e8s un arr\u00eat, nous continuerons la route vers le nord, jusqu&rsquo;au village de Boulmane. L\u00e0 commencent les gorges de la rivi\u00e8re Dad\u00e8s. A l&rsquo;int\u00e9rieur des gorges, nous verrons des Kasbahs, et nous observerons que les rochers ont des formes curieuses, caus\u00e9es par l&rsquo;\u00e9rosion \u00e9olienne. A la sortie des gorges, nous suivrons la route vers la vall\u00e9e de la rivi\u00e8re Todra. Une palmeraie luxuriante qui relie l&rsquo;Atlas au Sahara. Les gorges de la rivi\u00e8re Todra sont situ\u00e9es \u00e0 l&rsquo;extr\u00e9mit\u00e9 nord de la palmeraie de la ville de Tinerhir. Peu \u00e0 peu, la palmeraie se r\u00e9tr\u00e9cit et les parois calcaires qui la d\u00e9limitent s&rsquo;\u00e9l\u00e8vent jusqu&rsquo;\u00e0 trois cents m\u00e8tres de hauteur.<\/p>\n<p>A la sortie, nous continuerons la route jusqu&rsquo;\u00e0 ce que nous atteignions l&rsquo;h\u00f4tel. Situ\u00e9 au milieu du d\u00e9sert. Nous aurons un d\u00eener traditionnel et l&rsquo;apr\u00e8s-d\u00eener anim\u00e9 par les sons des tambours.<\/p>\n<h3>Jour 5<br \/>\nD\u00e9sert \u2013 Oasis de Ramlia \u2013 Merzouga<\/h3>\n<p>Nous nous l\u00e8verons t\u00f4t pour voir le lever du soleil dans les dunes, et apr\u00e8s un bon petit d\u00e9jeuner nous irons, \u00e0 l&rsquo;oasis de Ramlia. Une oasis de palmiers dans la r\u00e9gion du Tafilalt, situ\u00e9e au sud-est de l&rsquo;Erg Chebbi (Sahara). Nous visiterons la palmeraie et le foss\u00e9 que les premiers habitants de Ramlia ont construit. L\u00e0, nous pouvons appr\u00e9cier l&rsquo;hospitalit\u00e9 qui caract\u00e9rise ses habitants. Ils sont anciens nomades, tous appartenant \u00e0 la tribu A\u00eft Khebbach du d\u00e9sert du Sahara.<\/p>\n<p>Nous partons pour Merzouga, une petite ville situ\u00e9e au pied des dunes du d\u00e9sert du Sahara. Une fois install\u00e9s, nous partirons en excursion avec les chameaux qui nous emm\u00e8neront dans les grandes dunes du d\u00e9sert pour profiter d&rsquo;un coucher de soleil inoubliable. Nuit en h\u00f4tel situ\u00e9 dans le d\u00e9sert (possibilit\u00e9 de dormir \u00e0 Haima).<\/p>\n<h3>Jour 6<br \/>\nMerzouga &#8211; Vall\u00e9e du Ziz &#8211; Moyen Atlas &#8211; F\u00e8s<\/h3>\n<p>Apr\u00e8s le petit d\u00e9jeuner, nous prendrons la route de F\u00e8s \u00e0 travers l&rsquo;impressionnante vall\u00e9e de la rivi\u00e8re Ziz, nous traverserons ses gorges majestueuses avec des paysages incroyables de montagnes bord\u00e9es d&rsquo;oasis et de fortifications. Nous traverserons le col du Haut Atlas de Tzi n&rsquo;Talrhmeht, connu sous le nom de \u00ab\u00a0le col des chameaux\u00a0\u00bb qui nous m\u00e8nera \u00e0 la ville de Midelt, et de l\u00e0 \u00e0 la ville d&rsquo;Ifran, o\u00f9 nous ferons un bref arr\u00eat dans le c\u00e9l\u00e8bre c\u00e8dre for\u00eats du Moyen Atlas ; \u00e0 cet endroit vit l&rsquo;une des derni\u00e8res communaut\u00e9s de singes de Barbarie, une esp\u00e8ce de macaque que l&rsquo;on ne peut voir qu&rsquo;ici et \u00e0 Gibraltar. Apr\u00e8s une promenade, nous partirons pour F\u00e8s. Nuit en riad.<span id=\"result_box\" class=\"\" lang=\"it\" tabindex=\"-1\"><span id=\"result_box\" class=\"\" lang=\"es\" tabindex=\"-1\"><\/span><\/span><\/p>\n<h3>Jour 7<br \/>\nFez<\/h3>\n<p>Journ\u00e9e enti\u00e8re consacr\u00e9e \u00e0 la d\u00e9couverte de la ville de F\u00e8s.<\/p>\n<p>F\u00e8s est consid\u00e9r\u00e9e comme le centre religieux et culturel du Maroc. F\u00e8s est divis\u00e9 en trois zones : F\u00e8s el Bali, (l&rsquo;ancien quartier entre les murs), F\u00e8s-Jdid, (le quartier juif, Mellah) et la Ville Nouvelle (au nord-ouest de la ville).<\/p>\n<p>La M\u00e9dina de F\u00e8s el Bali est l&rsquo;un des plus grands sites m\u00e9di\u00e9vaux au monde. L&rsquo;ensemble de la m\u00e9dina est class\u00e9 au patrimoine mondial de l&rsquo;UNESCO, ses souks et ses ruelles n&rsquo;ont pas chang\u00e9 depuis le Moyen \u00c2ge.<\/p>\n<p>-M\u00e9dina de F\u00e8s el Bali : Depuis la porte Bab Boujloud, on entre dans le souk et on se prom\u00e8ne dans ses ruelles \u00e9troites et labyrinthiques, nous verrons :<\/p>\n<ul>\n<li>la m\u00e9dersa Bou Inania, avec ses \u0153uvres pr\u00e9cieuses en bois de c\u00e8dre, ses stucs et ses d\u00e9corations en marbre et onyx.<\/li>\n<li>La zaou\u00efa de Moulay Idriss, fondateur de la ville.<\/li>\n<li>la madrasa Es-Sahrij.<\/li>\n<li>L&rsquo;ancien b\u00e2timent Dar Batha, d\u00e9di\u00e9 aux arts et traditions de F\u00e8s.<\/li>\n<li>L&rsquo;Universit\u00e9 Al-Karaouine, l&rsquo;une des plus anciennes au monde, fond\u00e9e en 859 par Fatima Al-Fihri, fille de Mohammed Al-Fhri, riche marchand de l&rsquo;\u00e9poque.<\/li>\n<li>La tannerie Chouwara, un spectacle de teintures naturelles qui remplissent d&rsquo;innombrables fosses.<\/li>\n<\/ul>\n<h3>Jour 8<br \/>\n<strong>F\u00e8s &#8211; Chefchaouen &#8211; F\u00e8s<\/strong><\/h3>\n<p>De F\u00e8s nous partirons t\u00f4t le matin en direction de la ville de Chauen situ\u00e9e au pied de la cha\u00eene du Rif. Ville sacr\u00e9e, c\u00e9l\u00e8bre pour ses passages escarp\u00e9s bleus et blancs.<\/p>\n<p>Nous entrerons dans la M\u00e9dina de Chauen par l&rsquo;une de ses cinq portes en direction de la Grande Mosqu\u00e9e. Nous traverserons les ruelles sinueuses des \u00e9blouissantes maisons blanches bleut\u00e9 qui contrastent avec la grande vari\u00e9t\u00e9 de couleurs des diff\u00e9rents produits des boutiques et des bazars. La place Uta el-Hammam, la plus anim\u00e9e de la M\u00e9dina de Chauen. Pr\u00e9sid\u00e9e par la citadelle et l&rsquo;exceptionnel minaret octogonal de la Grande Mosqu\u00e9e. L\u00e0, nous verrons les gens comment ils vont et viennent de mani\u00e8re d\u00e9tendue. Tout \u00e0 Chauen se fait avec douceur et simplicit\u00e9.<\/p>\n<p>Nous arriverons au riad de F\u00e8s dans la nuit.<\/p>\n<h3>Jour 9<br \/>\nF\u00e8s &#8211; Casablanca &#8211; Destination<\/h3>\n<p>Nous quitterons F\u00e8s t\u00f4t le matin en direction de l&rsquo;a\u00e9roport de Casablanca et fin de nos services.<\/p>\n<p><span id=\"result_box\" class=\"\" lang=\"it\" tabindex=\"-1\"><span id=\"result_box\" class=\"\" lang=\"es\" tabindex=\"-1\"><span class=\"\">\u00a0<\/span><\/span><\/span>[\/vc_column_text][\/vc_column][\/vc_row]\n<\/section>","protected":false},"excerpt":{"rendered":"<p>[vc_row][vc_column][vc_column_text] Jour 1 Ville d&rsquo;origine\u2013 Casablanca &#8211; Essaouira Accueil \u00e0 l&rsquo;a\u00e9roport de Casablanca puis nous visiterons la Mosqu\u00e9e Hassan II. Construite en 1993, c&rsquo;est la plus grande mosqu\u00e9e du Maroc et la troisi\u00e8me plus grande mosqu\u00e9e du monde. Nous quittons Casablanca et prenons la route d&rsquo;Essaouira, \u00ab la ville de la lumi\u00e8re et du vent&hellip;<\/p>\n","protected":false},"featured_media":6624,"comment_status":"open","ping_status":"closed","template":"","meta":{"_acf_changed":false},"product_brand":[],"product_cat":[157],"product_tag":[],"class_list":{"0":"post-9290","1":"product","2":"type-product","3":"status-publish","4":"has-post-thumbnail","6":"product_cat-itineraires-fr","7":"entry","8":"has-media","10":"first","11":"instock","12":"shipping-taxable","13":"product-type-simple"},"acf":[],"_links":{"self":[{"href":"https:\/\/www.ramliatours.com\/fr\/wp-json\/wp\/v2\/product\/9290","targetHints":{"allow":["GET"]}}],"collection":[{"href":"https:\/\/www.ramliatours.com\/fr\/wp-json\/wp\/v2\/product"}],"about":[{"href":"https:\/\/www.ramliatours.com\/fr\/wp-json\/wp\/v2\/types\/product"}],"replies":[{"embeddable":true,"href":"https:\/\/www.ramliatours.com\/fr\/wp-json\/wp\/v2\/comments?post=9290"}],"wp:featuredmedia":[{"embeddable":true,"href":"https:\/\/www.ramliatours.com\/fr\/wp-json\/wp\/v2\/media\/6624"}],"wp:attachment":[{"href":"https:\/\/www.ramliatours.com\/fr\/wp-json\/wp\/v2\/media?parent=9290"}],"wp:term":[{"taxonomy":"product_brand","embeddable":true,"href":"https:\/\/www.ramliatours.com\/fr\/wp-json\/wp\/v2\/product_brand?post=9290"},{"taxonomy":"product_cat","embeddable":true,"href":"https:\/\/www.ramliatours.com\/fr\/wp-json\/wp\/v2\/product_cat?post=9290"},{"taxonomy":"product_tag","embeddable":true,"href":"https:\/\/www.ramliatours.com\/fr\/wp-json\/wp\/v2\/product_tag?post=9290"}],"curies":[{"name":"wp","href":"https:\/\/api.w.org\/{rel}","templated":true}]}}