{"id":9295,"date":"2016-11-16T11:21:34","date_gmt":"2016-11-16T11:21:34","guid":{"rendered":"https:\/\/www.ramliatours.com\/tours\/casablanca-marrakech-littoral-desert-atlas\/"},"modified":"2019-07-08T18:33:37","modified_gmt":"2019-07-08T17:33:37","slug":"casablanca-marrakech-littoral-desert-atlas","status":"publish","type":"product","link":"https:\/\/www.ramliatours.com\/fr\/circuits\/casablanca-marrakech-littoral-desert-atlas\/","title":{"rendered":"Casablanca, Marrakech, Littoral, D\u00e9sert et Atlas"},"content":{"rendered":"<section class=\"wpb-content-wrapper\">[vc_row][vc_column][vc_column_text]\n<h3>jour 1<br \/>\n<strong> Casablanca &#8211; Marrakech<\/strong><\/h3>\n<p>Accueil \u00e0 l&rsquo;a\u00e9roport de Casablanca et transfert \u00e0 l&rsquo;h\u00f4tel Marrakech.<\/p>\n<h3>jour 2<br \/>\n<strong>Marrakech<\/strong><\/h3>\n<p>Apr\u00e8s le petit d\u00e9jeuner, nous visiterons la M\u00e9dina et la c\u00e9l\u00e8bre place Jamaa el Fna.<\/p>\n<p>Marrakech a \u00e9t\u00e9 fond\u00e9e en 1062 par Youssef Ibn Tachfin, le premier \u00e9mir de la dynastie berb\u00e8re almoravide et \u00e9tait la capitale de l&rsquo;Empire islamique.<\/p>\n<p>Marrakech est l&rsquo;une des villes les plus importantes du Maroc, et se trouve dans le sud du pays, au pied de l&rsquo;Atlas. Elle poss\u00e8de de nombreux monuments du patrimoine mondial, ce qui en fait la principale attraction touristique du pays.<br \/>\nEn 2001, l&rsquo;UNESCO a d\u00e9clar\u00e9 la place Jamaa patrimoine oral de l&rsquo;humanit\u00e9, l&rsquo;une des places les plus fr\u00e9quent\u00e9es d&rsquo;Afrique et du monde. Tout \u00e0 Marrakech tourne autour de Jamaa el Fna, une multitude de personnes se rassemblent dans cet espace public qui le remplit de couleurs et de culture ; musiciens, conteurs, charmeurs de serpents, danseurs, dentistes, vendeurs de jus de fruits, acrobates, \u00e9crivains, porteurs d&rsquo;eau, vendeurs de plantes m\u00e9dicinales. . . Au cr\u00e9puscule, la place se remplit de stands de nourriture \u00e9clair\u00e9s par des centaines de lumi\u00e8res, et \u00e0 la tomb\u00e9e de la nuit, un nombre infini de personnes se rassemblent pour manger. Au loin, en observant la sc\u00e8ne de la place, se trouve le plus ancien monument almohade de la ville, la mosqu\u00e9e de Katoubia, c\u00e9l\u00e8bre surtout pour son minaret \u00e0 base carr\u00e9e, que Yacoub a construit le Mansour \u00e0 la fin du XIIe si\u00e8cle, et qui repr\u00e9senta la r\u00e9f\u00e9rence de la Giralda de S\u00e9ville et de la Tour Hasan \u00e0 Rabat. La Tour Katubia est le b\u00e2timent le plus haut de Marrakech et, avec ses 77 m\u00e8tres de hauteur, domine la M\u00e9dina et peut \u00eatre vue de loin lorsque vous atteignez la ville.<\/p>\n<p>Au nord de la place Jemaa el Fna se trouve le souk, o\u00f9 chaque secteur porte le nom du principal type de marchandises qu&rsquo;il offre (v\u00eatements, \u00e9pices, fourrures, babouches, tapis, laine, bois, c\u00e9ramique, etc.), ou des ateliers des artisans (teinturiers, charpentiers, forgerons, etc.). Le souk des tapis occupe la zone de l&rsquo;ancien march\u00e9 aux esclaves. Au nord-est du souk se trouve le quartier des tanneurs, qui s&rsquo;\u00e9tend le long de la rue Bab Debbagh, ainsi appel\u00e9e en raison de la porte portant le m\u00eame nom.<\/p>\n<p>La M\u00e9dina, la vieille ville, est prot\u00e9g\u00e9e par un cordon de bastions en terre rouge entourant un labyrinthe de ruelles pleines de palais, march\u00e9s, mosqu\u00e9es, d\u00f4mes et minarets. La M\u00e9dina de Marrakech a \u00e9t\u00e9 d\u00e9clar\u00e9e Patrimoine de l&rsquo;Humanit\u00e9 par l&rsquo;UNESCO en 1985, et est aujourd&rsquo;hui un site incontournable. Son c\u0153ur et son point de d\u00e9part est la grande place Jemaa el Fna.<\/p>\n<p>H\u00e9bergement \u00e0 l&rsquo;h\u00f4tel.<\/p>\n<h3>jour 3<br \/>\n<strong> Marrakech \u2013 Essaouira<\/strong><\/h3>\n<p>Apr\u00e8s le petit d\u00e9jeuner, nous nous dirigerons vers Essaouira, la ville de la lumi\u00e8re et du vent.<\/p>\n<p>En chemin, nous visiterons la coop\u00e9rative d&rsquo;Assafar, o\u00f9 l&rsquo;huile d&rsquo;argan est fabriqu\u00e9e et o\u00f9 seules les femmes travaillent. L&rsquo;argan \u00ab\u00a0L&rsquo;or v\u00e9ritable du Maroc\u00a0\u00bb poss\u00e8de de pr\u00e9cieuses propri\u00e9t\u00e9s nutritionnelles et dermatologiques. Sa production est faite \u00e0 la main et les ch\u00e8vres sont charg\u00e9es d&rsquo;initier le processus. Ces animaux grimpent sur les branches des arganiers, m\u00e2chent leurs fruits et crachent ensuite leurs pierres. Plus tard, les femmes les ramassent et les battent avec une pierre pour les \u00e9craser avec un moulin. Au cours de la visite de la coop\u00e9rative d&rsquo;Assafar, nous d\u00e9couvrirons la vie quotidienne de ses travailleurs, qui nous expliqueront en d\u00e9tail le processus complexe de fabrication de cette huile.<\/p>\n<p>Essaouira, en Amogdul berb\u00e8re \u00ab\u00a0la bien guardada\u00a0\u00bb. Situ\u00e9e \u00e0 170 kilom\u00e8tres \u00e0 l&rsquo;ouest de Marrakech, c&rsquo;est l&rsquo;ancienne ville de Mogador, ainsi appel\u00e9e parce que c&rsquo;est un lieu historiquement li\u00e9 au Portugal, qui y a \u00e9tabli un \u00e9tablissement commercial. Essaouira, est une petite ville fortifi\u00e9e baign\u00e9e par l&rsquo;Atlantique fond\u00e9e en 1764 par le sultan alaouite Sidi Mohammed Ben Abdallah, profitant des anciennes fortifications portugaises de Mogador avec la volont\u00e9 de faire de la ville un port commercial ouvert sur le monde.<\/p>\n<p>Sa m\u00e9dina ou vieille ville est inscrite au patrimoine mondial de l&rsquo;humanit\u00e9 depuis 2001. Essaouira est l&rsquo;une des villes les plus attractives de toute la c\u00f4te atlantique marocaine gr\u00e2ce \u00e0 son climat temp\u00e9r\u00e9 toute l&rsquo;ann\u00e9e, \u00e0 la gentillesse de ses habitants, \u00e0 son patrimoine culturel et architectural.<\/p>\n<p>La m\u00e9dina est un lieu \u00e0 savourer sans h\u00e2te, l&rsquo;atmosph\u00e8re qui r\u00e8gne dans les rues anim\u00e9es, o\u00f9 se c\u00f4toient artisans, commer\u00e7ants et p\u00eacheurs, ce qui est une grande attraction. L&rsquo;artisanat d&rsquo;Essaouira est riche et vari\u00e9, ils sont ma\u00eetres dans l&rsquo;orf\u00e8vrerie, la marqueterie et l&rsquo;\u00e9b\u00e9nisterie, notamment avec le bois de thuya.<\/p>\n<p>Dans cette ville, il y a toujours eu un \u00e9change culturel qui est toujours maintenu. Depuis 1998, le Festival Gnawa et musiques du monde d&rsquo;Essauira a lieu chaque ann\u00e9e en juin. Cet \u00e9v\u00e9nement rassemble des centaines d&rsquo;artistes locaux et internationaux qui pr\u00e9sentent un m\u00e9lange musical de musiciens avec un grand r\u00e9pertoire de diff\u00e9rents th\u00e8mes et styles tels que le jazz, la pop, le rock ou le reggae. H\u00e9bergement au Riad.<\/p>\n<h3>jour 4<br \/>\n<strong> Essaouira &#8211; Sidi Kaouki &#8211; Agadir<\/strong><\/h3>\n<p>Apr\u00e8s le petit d\u00e9jeuner, nous emprunterons la route parall\u00e8le \u00e0 l&rsquo;oc\u00e9an pour rejoindre le village d&rsquo;El Ghazoua, o\u00f9 nous ferons un d\u00e9tour qui nous m\u00e8nera au Cap Sim, un endroit spectaculaire entre la mer et le d\u00e9sert du Sahara entour\u00e9 de dunes avec des plages vierges et un petit village de p\u00eacheurs. Nous continuerons vers Sidi Koauki, une plage large et \u00e9tendue \u00e0 c\u00f4t\u00e9 d&rsquo;une for\u00eat de Tuyas ; le nom du lieu est en l&rsquo;honneur d&rsquo;un saint homme du XIXe si\u00e8cle, dont le sanctuaire, situ\u00e9 \u00e0 la fin de la plage (morabito), attire chaque ann\u00e9e en ao\u00fbt de nombreux p\u00e8lerins. A Sidi Koauki, nous aurons la possibilit\u00e9 de faire une promenade \u00e0 cheval ou \u00e0 dos de chameau sur la m\u00eame plage. Nous continuerons notre voyage vers la vue spectaculaire sur l&rsquo;oc\u00e9an Atlantique au Cap Rhir, et continuerons vers Taghazout, un petit village touristique qui jouit d&rsquo;un climat doux toute l&rsquo;ann\u00e9e, sa plage de 7 km de sable fin est un centre de surf de renomm\u00e9e mondiale. De l\u00e0, nous continuerons vers Agadir, une ville situ\u00e9e entre l&rsquo;Anti-Atlas et le d\u00e9sert du Sahara. Agadir est le centre touristique par excellence du Maroc, sa plage de sable fin de 10 km et plus de 300 jours de soleil par an l&rsquo;agr\u00e9mentent. Nuit \u00e0 l&rsquo;h\u00f4tel.<\/p>\n<h3>jour 5<br \/>\n<strong>Agadir \u2013 Vall\u00e9e du Tifrit &#8211; Agdz<\/strong><\/h3>\n<p>Petit d\u00e9jeuner et d\u00e9part pour la vall\u00e9e de Tifrit appel\u00e9e \u00ab\u00a0Vall\u00e9e du Paradis\u00a0\u00bb par les hippies dans les ann\u00e9es 70. Situ\u00e9e \u00e0 1160 d&rsquo;altitude, pays de la tribu berb\u00e8re d&rsquo;Ida Outanane qui v\u00e9cut ind\u00e9pendamment jusqu&rsquo;en 1927, la vall\u00e9e est entour\u00e9e de palmiers de montagne, les v\u00f4tres, oliviers et arganiers et son miel thym, fleur d&rsquo;oranger ou cactus est tr\u00e8s appr\u00e9ci\u00e9. En ao\u00fbt, la f\u00eate du miel de Moussem est c\u00e9l\u00e9br\u00e9e. Nous suivrons la route \u00e0 travers les zones de montagne semi-d\u00e9sertiques avec des paysages attrayants qui cachent de petits villages \u00e0 l&rsquo;architecture traditionnelle, pour atteindre la ville de Taliouine \u00ab\u00a0terre de safran\u00a0\u00bb, est le plus grand centre de production de ce produit au Maroc, comme l&rsquo;est aussi la zone de l&rsquo;origan. Pendant les saisons de floraison, les montagnes et les pentes sont couvertes de couleurs. La casbah et le souk de Taliouine, tr\u00e8s populaires aupr\u00e8s des communaut\u00e9s environnantes pour vendre leurs produits et acheter des provisions, m\u00e9ritent une visite.<\/p>\n<p>Nous suivrons la route \u00e0 travers Tazenakht, un village de l&rsquo;Anti Atlas c\u00e9l\u00e8bre pour ses tapis berb\u00e8res aux couleurs magnifiques et ses motifs g\u00e9om\u00e9triques connus sous le nom de \u00ab\u00a0Ouauzguites\u00a0\u00bb.<\/p>\n<p>L&rsquo;apr\u00e8s-midi et le soir, nous arriverons \u00e0 Agdz, au bout de la vall\u00e9e de la rivi\u00e8re Draa, o\u00f9, conform\u00e9ment \u00e0 la tradition, nous s\u00e9journerons \u00e0 l&rsquo;h\u00f4tel. Agdz signifie \u00ab\u00a0lieu de repos\u00a0\u00bb. Dans le pass\u00e9, Agdz servait de point d&rsquo;arr\u00eat pour les caravanes reliant Marrakech \u00e0 Tombouctou.<\/p>\n<h3>jour 6<br \/>\n<strong>Agdz &#8211; Ramlia<\/strong><\/h3>\n<p>Apr\u00e8s le petit d\u00e9jeuner, nous quittons Agdz pour nous rendre \u00e0 l&rsquo;oasis de Ramlia, situ\u00e9e au sud-est du d\u00e9sert du Sahara, pr\u00e8s de la fronti\u00e8re alg\u00e9ro-marocaine. Pour atteindre Ramlia, nous traverserons de magnifiques paysages d\u00e9sol\u00e9s, Ramlia est au milieu de nulle part, ses habitants sont d&rsquo;anciens nomades, ils appartiennent tous \u00e0 la tribu des A\u00eft Khebbach, qui fait partie du grand groupe amazigh des Ait Atta du d\u00e9sert du Sahara du sud-est du Maroc et sont caract\u00e9ris\u00e9s par leur grande hospitalit\u00e9.<\/p>\n<p>D\u00eener et nuit dans un h\u00f4tel situ\u00e9 au milieu du d\u00e9sert le plus pur.<\/p>\n<h3>jour 7<br \/>\n<strong>Ramlia &#8211; Merzouga<\/strong><\/h3>\n<p>Nous nous l\u00e8verons t\u00f4t pour voir le lever du soleil sur les dunes, et apr\u00e8s un bon petit d\u00e9jeuner nous nous dirigerons vers Merzouga, un petit village du sud-est du Maroc situ\u00e9 au pied du Grand Erg Chebi, d\u00e9sert du Sahara. L&rsquo;Erg Chebbi a une longueur de 22 km (du nord au sud) et une largeur de 5 km, et ses dunes ont une hauteur maximale de 150 m. Nous quitterons le 4&#215;4 et chevaucherons les chameaux qui nous emm\u00e8neront au c\u0153ur du d\u00e9sert pour profiter d&rsquo;un coucher de soleil inoubliable. Merzouga est aussi connue comme \u00ab\u00a0La porte des Dunes\u00a0\u00bb. Escalader les dunes et regarder le coucher et le lever du soleil sont quelques exp\u00e9riences qui ne nous laissent certainement pas indiff\u00e9rents. Nuit \u00e0 l&rsquo;h\u00f4tel.<\/p>\n<h3>jour 8<br \/>\n<strong> Merzouga \u2013 Gorges du Todra &#8211; Imichil<\/strong><\/h3>\n<p>Apr\u00e8s le petit d\u00e9jeuner, nous prendrons la direction d&rsquo;Alnif, ville de l&rsquo;Anti Atlas au pied de la cha\u00eene de montagnes basaltiques de Jbel Saghro, berceau des Berb\u00e8res, aussi connu comme les montagnes du d\u00e9sert pour rejoindre la ville de Tinerhir, situ\u00e9e dans une large vall\u00e9e baign\u00e9e par la rivi\u00e8re Todra qui apporte l&rsquo;eau d&rsquo;irrigation aux nombreuses parcelles cultiv\u00e9es \u00e0 l&rsquo;ombre des palmeraie. La palmeraie de Tinerhir, longue de plus de trente kilom\u00e8tres, s&rsquo;\u00e9tend au sud des gorges du Todra, une des portes naturelles qui relient l&rsquo;Atlas au Sahara. C&rsquo;est l&rsquo;une des plus belles oasis de la r\u00e9gion. Les Gorges du Todra sont situ\u00e9es \u00e0 l&rsquo;extr\u00e9mit\u00e9 nord de la palmeraie de Tinerhir, au pied de la cha\u00eene de montagnes du Haut Atlas oriental. Peu \u00e0 peu cette palmeraie se r\u00e9tr\u00e9cit, et les parois rocheuses calcaires qui la d\u00e9limitent s&rsquo;\u00e9l\u00e8vent jusqu&rsquo;\u00e0 trois cents m\u00e8tres de haut et se s\u00e9parent en une vingtaine de m\u00e8tres, son point le plus \u00e9troit \u00e9tant \u00e0 une dizaine de m\u00e8tres de large. De l\u00e0, nous nous dirigeons vers Tamtatouchte et remontons les gorges par le spectaculaire col de Tizi-n-Tirherhoucine, \u00e0 2 650 m\u00e8tres d&rsquo;altitude, jusqu&rsquo;au plateau de la vall\u00e9e d&rsquo;Assif Melloul, \u00ab\u00a0rivi\u00e8re blanche\u00a0\u00bb dans le Haut Atlas central, zone de p\u00e2turage et de transhumance. Un voyage dans le temps au c\u0153ur de l&rsquo;Atlas, loin des routes touristiques. Ils y vivent avec des maisons en pis\u00e9 et en pierre \u00e9parpill\u00e9es dans toute la vall\u00e9e, l&rsquo;une des communaut\u00e9s berb\u00e8res les plus ancestrales du pays. Ce sont des bergers semi-nomades qui conservent leurs traditions s\u00e9culaires et nous arriverons \u00e0 Imichil, un village situ\u00e9 dans la m\u00eame vall\u00e9e, \u00e0 plus de 2200 m\u00e8tres d&rsquo;altitude. Dans ses environs toutes les montagnes de la zone d\u00e9passent les 3000 m\u00e8tres. La r\u00e9gion est riche en p\u00e2turages. Nous visiterons le c\u00e9l\u00e8bre lac de Tizlit, le lac de la mari\u00e9e qui \u00e0 c\u00f4t\u00e9 du lac du mari\u00e9 Isli, quelque chose de plus lointain, une belle l\u00e9gende d&rsquo;amour a \u00e9t\u00e9 cr\u00e9\u00e9e.<\/p>\n<p>La l\u00e9gende raconte que deux jeunes amants, ne pouvaient pas se marier en raison de l&rsquo;opposition de leurs familles respectives, ce qui a caus\u00e9 que les deux s\u00e9par\u00e9ment sont all\u00e9s dans les montagnes avec leurs troupeaux, il y avait tellement de larmes qui provenaient de leurs yeux qu&rsquo;ils ont form\u00e9 les deux lacs qui sont dans les environs de Imilchil, le Tisli et le Isli.<\/p>\n<p>A Imichil on c\u00e9l\u00e8bre pendant le mois de septembre le \u00ab\u00a0Moussem\u00a0\u00bb, un mariage multiple, dans une esplanade pr\u00e8s d&rsquo;Imichil, l\u00e0, une s\u00e9rie de kha\u00efmas sont mont\u00e9s, o\u00f9 les pactes entre tribus de l&rsquo;Atlas sont faits, toutes les jeunes femmes mari\u00e9es sont concentr\u00e9es avec leur famille et une s\u00e9rie de codes pr\u00e9c\u00e8de les c\u00e9r\u00e9monies, les jeunes hommes mari\u00e9s, marchent entre les kha\u00efmas comme une f\u00eate, recherchent celui qui sera son \u00e9pouse, puis on f\u00eate la c\u00e9r\u00e9monie de tous les couples. V\u00eatements, bijoux et coutumes. C&rsquo;est un v\u00e9ritable spectacle de couleur.<br \/>\nD\u00eener et nuit dans un h\u00f4tel de montagne traditionnel.<\/p>\n<h3>jour 9<br \/>\n<strong> Imichil \u2013 Parc national des cascades d&rsquo;Ouzoud &#8211; Casablanca<\/strong><\/h3>\n<p>Petit d\u00e9jeuner et route vers Casablanca, en chemin nous visiterons les cascades d&rsquo;Ouzoud, situ\u00e9es dans le petit village de Tanaghmeilt dans le Moyen Atlas, consid\u00e9r\u00e9 comme le plus haut et le plus beau du pays. Trois chutes d&rsquo;eau font tomber l&rsquo;eau de la rivi\u00e8re Ouzoud d&rsquo;une hauteur de plus de 100 m\u00e8tres, cr\u00e9ant un paysage naturel impressionnant. Ouzoud est un mot berb\u00e8re qui signifie \u00ab\u00a0olive\u00a0\u00bb et fait r\u00e9f\u00e9rence aux oliviers voisins qui ombragent le chemin qui m\u00e8ne au fond des cascades. Au sommet des chutes d&rsquo;eau se trouvent une douzaine de vieux petits moulins qui sont encore en service. La nuit, nous arriverons \u00e0 Casablanca et resterons \u00e0 l&rsquo;h\u00f4tel.<\/p>\n<h3>jour 10<br \/>\n<strong> Casablanca \u2013 Ville de destination<br \/>\n<\/strong><\/h3>\n<p>A l&rsquo;heure pr\u00e9vue, transfert \u00e0 l&rsquo;a\u00e9roport et fin de nos services.[\/vc_column_text][\/vc_column][\/vc_row]\n<\/section>","protected":false},"excerpt":{"rendered":"<p>[vc_row][vc_column][vc_column_text] jour 1 Casablanca &#8211; Marrakech Accueil \u00e0 l&rsquo;a\u00e9roport de Casablanca et transfert \u00e0 l&rsquo;h\u00f4tel Marrakech. jour 2 Marrakech Apr\u00e8s le petit d\u00e9jeuner, nous visiterons la M\u00e9dina et la c\u00e9l\u00e8bre place Jamaa el Fna. Marrakech a \u00e9t\u00e9 fond\u00e9e en 1062 par Youssef Ibn Tachfin, le premier \u00e9mir de la dynastie berb\u00e8re almoravide et \u00e9tait la&hellip;<\/p>\n","protected":false},"featured_media":6579,"comment_status":"open","ping_status":"closed","template":"","meta":{"_acf_changed":false},"product_brand":[],"product_cat":[157],"product_tag":[],"class_list":{"0":"post-9295","1":"product","2":"type-product","3":"status-publish","4":"has-post-thumbnail","6":"product_cat-itineraires-fr","7":"entry","8":"has-media","10":"first","11":"instock","12":"shipping-taxable","13":"product-type-simple"},"acf":[],"_links":{"self":[{"href":"https:\/\/www.ramliatours.com\/fr\/wp-json\/wp\/v2\/product\/9295","targetHints":{"allow":["GET"]}}],"collection":[{"href":"https:\/\/www.ramliatours.com\/fr\/wp-json\/wp\/v2\/product"}],"about":[{"href":"https:\/\/www.ramliatours.com\/fr\/wp-json\/wp\/v2\/types\/product"}],"replies":[{"embeddable":true,"href":"https:\/\/www.ramliatours.com\/fr\/wp-json\/wp\/v2\/comments?post=9295"}],"wp:featuredmedia":[{"embeddable":true,"href":"https:\/\/www.ramliatours.com\/fr\/wp-json\/wp\/v2\/media\/6579"}],"wp:attachment":[{"href":"https:\/\/www.ramliatours.com\/fr\/wp-json\/wp\/v2\/media?parent=9295"}],"wp:term":[{"taxonomy":"product_brand","embeddable":true,"href":"https:\/\/www.ramliatours.com\/fr\/wp-json\/wp\/v2\/product_brand?post=9295"},{"taxonomy":"product_cat","embeddable":true,"href":"https:\/\/www.ramliatours.com\/fr\/wp-json\/wp\/v2\/product_cat?post=9295"},{"taxonomy":"product_tag","embeddable":true,"href":"https:\/\/www.ramliatours.com\/fr\/wp-json\/wp\/v2\/product_tag?post=9295"}],"curies":[{"name":"wp","href":"https:\/\/api.w.org\/{rel}","templated":true}]}}