{"id":9301,"date":"2016-11-16T11:02:10","date_gmt":"2016-11-16T11:02:10","guid":{"rendered":"https:\/\/www.ramliatours.com\/tours\/casablanca-tradition-berbere\/"},"modified":"2019-07-08T19:06:54","modified_gmt":"2019-07-08T18:06:54","slug":"casablanca-tradition-berbere","status":"publish","type":"product","link":"https:\/\/www.ramliatours.com\/fr\/circuits\/casablanca-tradition-berbere\/","title":{"rendered":"De Casablanca \u00e0 la tradition berb\u00e8re"},"content":{"rendered":"<section class=\"wpb-content-wrapper\">[vc_row][vc_column][vc_column_text]\n<h3>jour 1<br \/>\n<strong>Casablanca &#8211; Marrakech<\/strong><\/h3>\n<p>Accueil \u00e0 l&rsquo;a\u00e9roport de Casablanca et transfert \u00e0 l&rsquo;h\u00f4tel Marrakech.<\/p>\n<h3>jour 2<br \/>\n<strong> Marrakech<\/strong><\/h3>\n<p>Apr\u00e8s le petit d\u00e9jeuner, nous visiterons la M\u00e9dina et la c\u00e9l\u00e8bre place Jamaa el Fna.<\/p>\n<p>Marrakech a \u00e9t\u00e9 fond\u00e9e en 1062 par Youssef Ibn Tachfin, le premier \u00e9mir de la dynastie berb\u00e8re almoravide et \u00e9tait la capitale de l&rsquo;Empire islamique.<\/p>\n<p>Marrakech est l&rsquo;une des villes les plus importantes du Maroc, et se trouve dans le sud du pays, au pied de l&rsquo;Atlas. Elle poss\u00e8de de nombreux monuments du patrimoine mondial, ce qui en fait la principale attraction touristique du pays.<br \/>\nEn 2001, l&rsquo;UNESCO a d\u00e9clar\u00e9 la place Jamaa patrimoine oral de l&rsquo;humanit\u00e9, l&rsquo;une des places les plus fr\u00e9quent\u00e9es d&rsquo;Afrique et du monde. Tout \u00e0 Marrakech tourne autour de Jamaa el Fna, une multitude de personnes se rassemblent dans cet espace public qui le remplit de couleurs et de culture ; musiciens, conteurs, charmeurs de serpents, danseurs, dentistes, vendeurs de jus de fruits, acrobates, \u00e9crivains, porteurs d&rsquo;eau, vendeurs de plantes m\u00e9dicinales. . . Au cr\u00e9puscule, la place se remplit de stands de nourriture \u00e9clair\u00e9s par des centaines de lumi\u00e8res, et \u00e0 la tomb\u00e9e de la nuit, un nombre infini de personnes se rassemblent pour manger. Au loin, en observant la sc\u00e8ne de la place, se trouve le plus ancien monument almohade de la ville, la mosqu\u00e9e de Katoubia, c\u00e9l\u00e8bre surtout pour son minaret \u00e0 base carr\u00e9e, que Yacoub a construit le Mansour \u00e0 la fin du XIIe si\u00e8cle, et qui repr\u00e9senta la r\u00e9f\u00e9rence de la Giralda de S\u00e9ville et de la Tour Hasan \u00e0 Rabat. La Tour Katubia est le b\u00e2timent le plus haut de Marrakech et, avec ses 77 m\u00e8tres de hauteur, domine la M\u00e9dina et peut \u00eatre vue de loin lorsque vous atteignez la ville.<\/p>\n<p>Au nord de la place Jemaa el Fna se trouve le souk, o\u00f9 chaque secteur porte le nom du principal type de marchandises qu&rsquo;il offre (v\u00eatements, \u00e9pices, fourrures, babouches, tapis, laine, bois, c\u00e9ramique, etc.), ou des ateliers des artisans (teinturiers, charpentiers, forgerons, etc.). Le souk des tapis occupe la zone de l&rsquo;ancien march\u00e9 aux esclaves. Au nord-est du souk se trouve le quartier des tanneurs, qui s&rsquo;\u00e9tend le long de la rue Bab Debbagh, ainsi appel\u00e9e en raison de la porte portant le m\u00eame nom.<\/p>\n<p>La M\u00e9dina, la vieille ville, est prot\u00e9g\u00e9e par un cordon de bastions en terre rouge entourant un labyrinthe de ruelles pleines de palais, march\u00e9s, mosqu\u00e9es, d\u00f4mes et minarets. La M\u00e9dina de Marrakech a \u00e9t\u00e9 d\u00e9clar\u00e9e Patrimoine de l&rsquo;Humanit\u00e9 par l&rsquo;UNESCO en 1985, et est aujourd&rsquo;hui un site incontournable. Son c\u0153ur et son point de d\u00e9part est la grande place Jemaa el Fna. H\u00e9bergement \u00e0 l&rsquo;h\u00f4tel.<\/p>\n<h3>jour 3<br \/>\n<strong> Marrakech &#8211; Demnate \u2013 Imi n&rsquo;Ifri &#8211; valle Tassaout \u2013 Megdaz- Toufrine<\/strong><\/h3>\n<p>Apr\u00e8s le petit d\u00e9jeuner, nous irons dans la vall\u00e9e de Tassaout par une route en dehors des routes touristiques qui traverse la vall\u00e9e du Teassout jusqu&rsquo;au r\u00e9servoir de Ouarzazate.<\/p>\n<p>A 92 km de Marrakech se trouve la ville berb\u00e8re de Demnate, dans la vall\u00e9e de Tassaout, situ\u00e9e dans l&rsquo;Atlas central, \u00e0 960 m\u00e8tres d&rsquo;altitude, entour\u00e9e d&rsquo;oliveraies et de maisons en torchis. Demnate, au XIIe si\u00e8cle a \u00e9t\u00e9 une ville importante et a \u00e9t\u00e9 le passage de la route qui reliait l&rsquo;Atlas central avec les vall\u00e9es du Todra et Ziz, \u00e0 cette \u00e9poque avait une importante communaut\u00e9 juive.<\/p>\n<p>A 6 km de Demmnate se trouve le Pont Naturel d&rsquo;Imi n&rsquo;Ifri qui signifie en berb\u00e8re \u00ab\u00a0la porte du pr\u00e9cipice ou de l&rsquo;ab\u00eeme\u00a0\u00bb, et par d&rsquo;autres \u00ab\u00a0la grotte de l&rsquo;ogre\u00a0\u00bb selon une ancienne l\u00e9gende de la r\u00e9gion, raconte qu&rsquo;un g\u00e9ant et mal vivant dans le lieu effraie la population du milieu. Ce pont relie deux montagnes, s\u00e9par\u00e9es par la rivi\u00e8re Mehasseur. Pour continuer notre route, nous devons traverser le pont, car il sert de route r\u00e9gionale, il ya un point de vue fantastique o\u00f9 nous pouvons voir cette merveille impressionnante de la nature. Nous suivrons notre chemin par la route qui traverse la vall\u00e9e de la rivi\u00e8re Tassaout, jusqu&rsquo;\u00e0 Toufrine, et nous logerons dans une auberge berb\u00e8re traditionnelle.<\/p>\n<p>De Toufrine nous avons la possibilit\u00e9 d&rsquo;entrer au coeur de la vall\u00e9e pour rejoindre le village de Megdaz \u00ab\u00a0la perle de l&rsquo;Atlas\u00a0\u00bb, o\u00f9 se trouve la plus grande concentration de fortifications et d&rsquo;agadires ou greniers collectifs mieux conserv\u00e9s et habit\u00e9s du Haut Atlas. \u00ab\u00a0Une merveille de l&rsquo;art berb\u00e8re\u00a0\u00bb.<\/p>\n<p>La vall\u00e9e du Tessout est le pays des Berb\u00e8res Chleuhs, vall\u00e9es pleines de culture et de traditions. On dit que le premier po\u00e8te berb\u00e8re vivait dans ces belles vall\u00e9es. Au Maroc, la musique, la po\u00e9sie et les danses berb\u00e8res sont associ\u00e9es \u00e0 cette partie de l&rsquo;Atlas. Les fameuses chansons de Tassaout, ont \u00e9t\u00e9 appel\u00e9es par les femmes, qui au cr\u00e9puscule ont demand\u00e9 l&rsquo;attention de leurs hommes qui travaillaient en dehors des vall\u00e9es. Ces chansons peuvent encore \u00eatre entendues aujourd&rsquo;hui.<\/p>\n<h3>jour 4<br \/>\n<strong> Toufrine \u2013 Skoura \u2013 Vall\u00e9e des Roses &#8211; Gorges du Dad\u00e8s<br \/>\n<\/strong><\/h3>\n<p>Apr\u00e8s le petit d\u00e9jeuner nous prendrons la route qui nous m\u00e8ne au r\u00e9servoir d&rsquo;El Mansour Eddahbi, pr\u00e8s de Ouarzazate, construit \u00e0 l&#8217;embouchure du Dr\u00e2a, sa vall\u00e9e s\u00e9pare les montagnes du Haut Atlas Central et la cha\u00eene de montagnes du Saghro, \u00e0 la sortie du r\u00e9servoir nous emprunterons la route qui nous m\u00e8ne \u00e0 travers la palmeraie de Skoura, d&rsquo;ici une belle route pleine de kasbah d&rsquo;adobe nous m\u00e8nera \u00e0 Kelaat M&rsquo;Gouna, dans la vall\u00e9e des roses, dont le nom est donn\u00e9 par la culture des roses damasc\u00e8ne, la l\u00e9gende raconte que la premi\u00e8re plante est arriv\u00e9e dans une caravane de p\u00e8lerins revenant de La Mecque au dixi\u00e8me si\u00e8cle. Aujourd&rsquo;hui, toute la vall\u00e9e sent le parfum d\u00e9licat, et la culture est orient\u00e9e vers la consommation d&rsquo;eau de rose et l&rsquo;exportation. A Kelaat M&rsquo;Gouna, tous les mois de mai, il y a des c\u00e9l\u00e9brations pendant 3 jours pour la fin de la r\u00e9colte des roses, avec de la musique berb\u00e8re live. Apr\u00e8s un bref arr\u00eat, nous reprendrons notre route vers les Gorges du Dad\u00e8s.<\/p>\n<p>La vall\u00e9e du Dad\u00e8s s&rsquo;\u00e9l\u00e8ve dans le Haut Atlas et se r\u00e9tr\u00e9cit jusqu&rsquo;\u00e0 former les gorges du m\u00eame nom qui, selon les habitants, cachent jusqu&rsquo;\u00e0 mille kasbahs. La gorge du Dad\u00e8s est une gorge profonde de la rivi\u00e8re du Dad\u00e8s, entre Boumalne Dades et Msemrir. La r\u00e9gion est peupl\u00e9e principalement de membres de diff\u00e9rentes tribus imazighen (berb\u00e8res).<\/p>\n<p>Au nord de Boumalne, les formations rocheuses combin\u00e9es \u00e0 l&rsquo;architecture traditionnelle des kasbahs et des ksars d&rsquo;adobe semblent \u00e9merger de la m\u00eame roche et sont d&rsquo;une beaut\u00e9 particuli\u00e8re. Avant d&rsquo;atteindre Boumalne, dans la gorge de Tamlat, les roches prennent de curieuses formes g\u00e9om\u00e9triques dues \u00e0 l&rsquo;\u00e9rosion \u00e9olienne, commun\u00e9ment appel\u00e9e \u00ab\u00a0doigts de singe\u00a0\u00bb. D\u00eener et nuit \u00e0 l&rsquo;h\u00f4tel dans les gorges.<\/p>\n<h3>jour 5<br \/>\n<strong>Gorges du Dad\u00e8s <\/strong><strong>\u2013 Gorgess du Todra &#8211; Merzouga<\/strong><\/h3>\n<p>Petit d\u00e9jeuner, nous prendrons la direction jusqu&rsquo;\u00e0 arriver \u00e0 la ville de Tinerhir, situ\u00e9e dans une large vall\u00e9e baign\u00e9e par la rivi\u00e8re Todra qui apporte l&rsquo;eau d&rsquo;irrigation aux nombreuses parcelles cultiv\u00e9es \u00e0 l&rsquo;ombre de la palmeraie. La palmeraie de Tinerhir de plus de trente kilom\u00e8tres de long s&rsquo;\u00e9tend au sud des gorges du fleuve Todra, une des portes naturelles qui communiquent l&rsquo;Atlas avec le Sahara. Les Gorges du Todra sont situ\u00e9es \u00e0 l&rsquo;extr\u00e9mit\u00e9 nord de la palmeraie de Tinerhir, au pied de la cha\u00eene de montagnes du Haut Atlas oriental. Peu \u00e0 peu cette palmeraie se r\u00e9tr\u00e9cit, et les parois calcaires qui la d\u00e9limitent s&rsquo;\u00e9l\u00e8vent jusqu&rsquo;\u00e0 trois cents m\u00e8tres de haut et se s\u00e9parent en une vingtaine de m\u00e8tres, son point le plus \u00e9troit ayant une dizaine de m\u00e8tres de large.<\/p>\n<p>De l\u00e0, nous irons \u00e0 Merzouga, un petit village du sud-est du Maroc situ\u00e9 au pied du Grand Erg Chebi, d\u00e9sert du Sahara. Nous quitterons le 4&#215;4 et chevaucherons les dromadaires qui nous emm\u00e8neront vers les hautes dunes pour profiter d&rsquo;un coucher de soleil inoubliable. Merzouga est aussi connue comme \u00ab\u00a0La Porte des Dunes\u00a0\u00bb. Escalader les dunes et regarder le coucher et le lever du soleil sont quelques exp\u00e9riences qui ne nous laissent certainement pas indiff\u00e9rents. Nous passerons la nuit dans une tente berb\u00e8re et profiterons d&rsquo;un d\u00eener traditionnel anim\u00e9 par le son du tam-tam (tambour), dans le c\u0153ur le plus authentique du d\u00e9sert.<\/p>\n<h3>jour 6<br \/>\n<strong>Merzouga &#8211; Ramlia<\/strong><\/h3>\n<p>Nous nous l\u00e8verons t\u00f4t pour voir le lever du soleil dans les dunes, et apr\u00e8s un bon petit d\u00e9jeuner nous nous dirigerons vers l&rsquo;oasis de Ramlia, une belle oasis de palmiers dans la r\u00e9gion du Tafilalt, situ\u00e9e dans le sud-est du d\u00e9sert du Sahara, \u00e0 c\u00f4t\u00e9 de la fronti\u00e8re alg\u00e9rienne et marocaine.<\/p>\n<p>Pour arriver \u00e0 Ramlia, nous traverserons de magnifiques paysages d\u00e9sol\u00e9s, Ramlia est au milieu de nulle part, ses habitants sont d&rsquo;anciens nomades, ils appartiennent tous \u00e0 la tribu des A\u00eft Khebbach, qui fait partie du grand groupe amazigh des Ait Atta du d\u00e9sert du Sahara du sud-est du Maroc et qui se caract\u00e9rise par leur grande hospitalit\u00e9.<\/p>\n<p>D\u00eener et nuit dans un h\u00f4tel situ\u00e9 au milieu du d\u00e9sert le plus pur.<\/p>\n<h3>jour 7<br \/>\n<strong> Merzouga \u2013 Ramlia \u2013 Agdz &#8211; Ouarzazate<\/strong><\/h3>\n<p>Nous prendrons le petit d\u00e9jeuner et prendrons la piste d\u00e9sertique par laquelle passait l&rsquo;itin\u00e9raire du rallye Paris-Dakar, pour arriver \u00e0 midi dans la ville d&rsquo;Agdz, dont la traduction litt\u00e9rale serait \u00a0\u00bb lieu de repos \u00ab\u00a0. Autrefois, Agdz servait de point d&rsquo;arr\u00eat pour les caravanes reliant Marrakech \u00e0 Tombouctou, porte d&rsquo;entr\u00e9e de la vall\u00e9e du Draa et zone de bonnes dates. Nous visiterons le village de Tamenougalt, l&rsquo;ancienne capitale de l&rsquo;Amazigh (berb\u00e8re), les premiers habitants du Maroc, puis nous partirons pour Ouarzazate, qui en langue berb\u00e8re signifie \u00a0\u00bb sans bruit \u00ab\u00a0. Ouarzazate est aussi connu sous le nom de \u00ab\u00a0Hollywood de l&rsquo;Afrique\u00a0\u00bb. Dans la ville il y a plusieurs studios de cin\u00e9ma dont l&rsquo;un des plus grands au monde, l&rsquo;Atlas Studios. H\u00e9bergement \u00e0 l&rsquo;h\u00f4tel.<\/p>\n<h3>jour 8<br \/>\n<strong>Ouarzazate &#8211; Ait Ben Haddou &#8211; Marrakech<\/strong><\/h3>\n<p>Nous prendrons le petit d\u00e9jeuner \u00e0 l&rsquo;h\u00f4tel et continuerons notre route \u00e0 travers les montagnes du Haut Atlas jusqu&rsquo;\u00e0 la ville fortifi\u00e9e, ou kasbah d&rsquo;Ait-Ben-Haddou, qui a \u00e9t\u00e9 fond\u00e9e \u00e0 l&rsquo;\u00e9poque de la route des caravanes entre le d\u00e9sert du Sahara et la ville actuelle de Marrakech. Les kasbahs \u00e9taient autrefois de grands villages berb\u00e8res fortifi\u00e9s con\u00e7us pour d\u00e9fendre la r\u00e9colte et les palmeraies qui poussent le long de leurs lits. Ait-Ben-Haddou est prot\u00e9g\u00e9 par l&rsquo;UNESCO en tant que site du patrimoine mondial depuis 1987. En raison de la beaut\u00e9 de son environnement avec des paysages naturels \u00e0 couper le souffle, dans ce lieu de nombreux films sont tourn\u00e9s, apr\u00e8s la visite \u00e0 la casbah, nous nous dirigerons vers Marrakech, pour y arriver, nous traverserons le Haut Atlas par le port de Tichka Tizin, le point le plus \u00e9lev\u00e9 de la cha\u00eene de montagnes, la route traverse le territoire Amazigh (Berb\u00e8re) avec une vue imprenable. Nous arriverons \u00e0 Marrakech \u00ab\u00a0ville aux mille et une nuits\u00a0\u00bb, et nous logerons \u00e0 l&rsquo;h\u00f4tel.<\/p>\n<h3>jour 9<br \/>\n<strong> Marrakech<\/strong><\/h3>\n<p>A l&rsquo;heure pr\u00e9vue, transfert \u00e0 l&rsquo;a\u00e9roport et fin de nos services.<\/p>\n<h2>EXTENSION \u00c0 LA C\u00d4TE ATLANTIQUE<\/h2>\n<h3>jour 9<br \/>\n<strong>Marrakech \u2013 Essaouira<\/strong><\/h3>\n<p>Apr\u00e8s le petit d\u00e9jeuner, nous nous dirigerons vers Essaouira, la ville de la lumi\u00e8re et du vent.<\/p>\n<p>En chemin, nous visiterons la coop\u00e9rative d&rsquo;Assafar, o\u00f9 l&rsquo;huile d&rsquo;argan est fabriqu\u00e9e et o\u00f9 seules les femmes travaillent. L&rsquo;argan \u00ab\u00a0L&rsquo;or v\u00e9ritable du Maroc\u00a0\u00bb poss\u00e8de de pr\u00e9cieuses propri\u00e9t\u00e9s nutritionnelles et dermatologiques. Sa production est faite \u00e0 la main et les ch\u00e8vres sont charg\u00e9es d&rsquo;initier le processus. Ces animaux grimpent sur les branches des arganiers, m\u00e2chent leurs fruits et crachent ensuite leurs pierres. Plus tard, les femmes les ramassent et les battent avec une pierre pour les \u00e9craser avec un moulin. Au cours de la visite de la coop\u00e9rative d&rsquo;Assafar, nous d\u00e9couvrirons la vie quotidienne de ses travailleurs, qui nous expliqueront en d\u00e9tail le processus complexe de fabrication de cette huile.<\/p>\n<p>Essaouira, en Amogdul berb\u00e8re \u00ab\u00a0la bien guardada\u00a0\u00bb. Situ\u00e9e \u00e0 170 kilom\u00e8tres \u00e0 l&rsquo;ouest de Marrakech, c&rsquo;est l&rsquo;ancienne ville de Mogador, ainsi appel\u00e9e parce que c&rsquo;est un lieu historiquement li\u00e9 au Portugal, qui y a \u00e9tabli un \u00e9tablissement commercial. Essaouira, est une petite ville fortifi\u00e9e baign\u00e9e par l&rsquo;Atlantique. Fond\u00e9e en 1764 par le sultan alaouite Sidi Mohammed Ben abdallah, elle profite des anciennes fortifications portugaises de Mogador avec la volont\u00e9 de faire de la ville un port commercial ouvert sur le monde.<\/p>\n<p>Sa m\u00e9dina ou vieille ville est inscrite au patrimoine mondial de l&rsquo;humanit\u00e9 depuis 2001. Essaouira est l&rsquo;une des villes les plus attractives de toute la c\u00f4te atlantique marocaine gr\u00e2ce \u00e0 son climat temp\u00e9r\u00e9 toute l&rsquo;ann\u00e9e, \u00e0 la gentillesse de ses habitants, \u00e0 son patrimoine culturel et architectural, mais surtout \u00e0 l&rsquo;ambiance qui r\u00e8gne dans les rues anim\u00e9es, o\u00f9 artisans, commer\u00e7ants et p\u00eacheurs se c\u00f4toient, qui est une grande attraction touristique.<\/p>\n<p>Dans cette ville, il y a toujours eu un \u00e9change culturel qui continue d&rsquo;\u00eatre maintenu. Depuis 1998, le Festival Essauira Gnawa et musiques du monde a lieu chaque ann\u00e9e en juin. Cet \u00e9v\u00e9nement rassemble des centaines d&rsquo;artistes locaux et internationaux qui pr\u00e9sentent un m\u00e9lange musical de musiciens avec un grand r\u00e9pertoire de diff\u00e9rents th\u00e8mes et styles tels que le jazz, la pop, le rock ou le reggae. H\u00e9bergement au Riad.<\/p>\n<h3>jour 10<br \/>\n<strong>Essaouira \u2013 Safi \u2013 El Jadida &#8211; Casablanca<\/strong><\/h3>\n<p>Le matin, nous quitterons Essaouira pour rejoindre Safi, une ville situ\u00e9e sur la c\u00f4te atlantique, ce qui ressort le plus dans la ville est la m\u00e9dina, compl\u00e8tement entour\u00e9e par le mur construit par les Portugais. La vieille ville a un caract\u00e8re nettement traditionnel qui ne peut plus \u00eatre vu dans d&rsquo;autres m\u00e9dinas o\u00f9 le tourisme arrive. En quittant la m\u00e9dina, nous trouverons la colline des potiers. La poterie bleue de Safi est c\u00e9l\u00e8bre dans le monde entier !<\/p>\n<p>Nous suivrons la route vers El Jadida, la citadelle fortifi\u00e9e est d\u00e9clar\u00e9e patrimoine mondial de l&rsquo;humanit\u00e9 par l&rsquo;UNESCO. De l\u00e0, nous irons \u00e0 Casablanca et visiterons la mosqu\u00e9e Hassan II, construite en 1993, la plus grande mosqu\u00e9e du Maroc et la troisi\u00e8me du monde. Nuit \u00e0 l&rsquo;h\u00f4tel.<\/p>\n<h3>jour 11<br \/>\n<strong>Casablanca \u2013 Ville d&rsquo;Origine<br \/>\n<\/strong><\/h3>\n<p>A l&rsquo;heure pr\u00e9vue, transfert \u00e0 l&rsquo;a\u00e9roport et fin de nos services.[\/vc_column_text][\/vc_column][\/vc_row]\n<\/section>","protected":false},"excerpt":{"rendered":"<p>[vc_row][vc_column][vc_column_text] jour 1 Casablanca &#8211; Marrakech Accueil \u00e0 l&rsquo;a\u00e9roport de Casablanca et transfert \u00e0 l&rsquo;h\u00f4tel Marrakech. jour 2 Marrakech Apr\u00e8s le petit d\u00e9jeuner, nous visiterons la M\u00e9dina et la c\u00e9l\u00e8bre place Jamaa el Fna. Marrakech a \u00e9t\u00e9 fond\u00e9e en 1062 par Youssef Ibn Tachfin, le premier \u00e9mir de la dynastie berb\u00e8re almoravide et \u00e9tait la&hellip;<\/p>\n","protected":false},"featured_media":6399,"comment_status":"open","ping_status":"closed","template":"","meta":{"_acf_changed":false},"product_brand":[],"product_cat":[157],"product_tag":[],"class_list":{"0":"post-9301","1":"product","2":"type-product","3":"status-publish","4":"has-post-thumbnail","6":"product_cat-itineraires-fr","7":"entry","8":"has-media","10":"first","11":"instock","12":"shipping-taxable","13":"product-type-simple"},"acf":[],"_links":{"self":[{"href":"https:\/\/www.ramliatours.com\/fr\/wp-json\/wp\/v2\/product\/9301","targetHints":{"allow":["GET"]}}],"collection":[{"href":"https:\/\/www.ramliatours.com\/fr\/wp-json\/wp\/v2\/product"}],"about":[{"href":"https:\/\/www.ramliatours.com\/fr\/wp-json\/wp\/v2\/types\/product"}],"replies":[{"embeddable":true,"href":"https:\/\/www.ramliatours.com\/fr\/wp-json\/wp\/v2\/comments?post=9301"}],"wp:featuredmedia":[{"embeddable":true,"href":"https:\/\/www.ramliatours.com\/fr\/wp-json\/wp\/v2\/media\/6399"}],"wp:attachment":[{"href":"https:\/\/www.ramliatours.com\/fr\/wp-json\/wp\/v2\/media?parent=9301"}],"wp:term":[{"taxonomy":"product_brand","embeddable":true,"href":"https:\/\/www.ramliatours.com\/fr\/wp-json\/wp\/v2\/product_brand?post=9301"},{"taxonomy":"product_cat","embeddable":true,"href":"https:\/\/www.ramliatours.com\/fr\/wp-json\/wp\/v2\/product_cat?post=9301"},{"taxonomy":"product_tag","embeddable":true,"href":"https:\/\/www.ramliatours.com\/fr\/wp-json\/wp\/v2\/product_tag?post=9301"}],"curies":[{"name":"wp","href":"https:\/\/api.w.org\/{rel}","templated":true}]}}