{"id":9308,"date":"2016-11-16T10:08:10","date_gmt":"2016-11-16T10:08:10","guid":{"rendered":"https:\/\/www.ramliatours.com\/tours\/villes-imperiales-desert\/"},"modified":"2019-07-08T20:17:24","modified_gmt":"2019-07-08T19:17:24","slug":"villes-imperiales-desert","status":"publish","type":"product","link":"https:\/\/www.ramliatours.com\/fr\/circuits\/villes-imperiales-desert\/","title":{"rendered":"Des Villes Imp\u00e9riales au D\u00e9sert"},"content":{"rendered":"<section class=\"wpb-content-wrapper\">[vc_row][vc_column][vc_column_text]\n<h3>jour 1<br \/>\n<strong>Ville d&rsquo;origine\u2013 Casablanca<\/strong><\/h3>\n<p>Accueil \u00e0 l&rsquo;a\u00e9roport de Casablanca et transfert \u00e0 l&rsquo;h\u00f4tel.<\/p>\n<h3>jour 2<br \/>\n<strong> Casablanca &#8211; Rabat \u2013 Meknes \u2013 Fes (316 km)<\/strong><\/h3>\n<p>Petit d\u00e9jeuner \u00e0 l&rsquo;h\u00f4tel, puis visiter la mosqu\u00e9e d&rsquo;Hassan II, construite en 1993, est la plus grande mosqu\u00e9e au Maroc et la troisi\u00e8me plus grande mosqu\u00e9e dans le monde, puis nous avons mis en route vers Rabat, capitale du Royaume du Maroc, visiter le centre historique de la ville en 2012 a \u00e9t\u00e9 d\u00e9clar\u00e9 patrimoine mondial par l&rsquo;UNESCO.<\/p>\n<p>L&rsquo;attraction touristique la plus importante de Rabat est la Kasbah des Oudayas, une ville fortifi\u00e9e unique en son genre avec ses murs bleus et blancs, l&rsquo;entr\u00e9e de la Kasbah se fait par la porte monumentale de l&rsquo;architecture almohade Bad Udaya. La Kasbah des Oudayas a \u00e9t\u00e9 construite par les sultans almohades Abd-el-Moumen et Yaqub al-Mansour au XIIe si\u00e8cle et son nom vient de la tribu Oudayas dont la mission \u00e9tait de prot\u00e9ger la ville.<\/p>\n<p>Nous continuerons notre visite par Rabat \u00e0 la Tour d&rsquo;Hassan et au mausol\u00e9e du sultan Mohamed Ben Yusef, \u00e9galement connu sous le nom du roi Mohamed V, un monarque tr\u00e8s appr\u00e9ci\u00e9 par le peuple marocain. Le mausol\u00e9e contient la tombe de Mohammed V et de ses fils Hassan et Moulay Abdellah II, et a \u00e9t\u00e9 construit entre 1961 et 1971 ; 10 ans de travaux auxquels ont collabor\u00e9 plus de 400 artistes marocains. Le mausol\u00e9e a \u00e9t\u00e9 con\u00e7u par l&rsquo;architecte vietnamien Eric Vo Toan, dans le style arabo-andalou classique de l&rsquo;art traditionnel marocain.<\/p>\n<p>Apr\u00e8s la visite culturelle de Rabat nous partirons en direction de F\u00e8s, en passant nous ferons une pause dans la for\u00eat de la Mamora, un lieu de paix et de beaut\u00e9 o\u00f9 nous pourrons nous d\u00e9tendre dans cette magnifique for\u00eat consid\u00e9r\u00e9e comme la plus grande for\u00eat de ch\u00eanes li\u00e8ge du monde, d\u00e9clar\u00e9e R\u00e9serve de la Biosph\u00e8re.<\/p>\n<p>Apr\u00e8s la pause, nous continuerons notre route vers Mekn\u00e8s, \u00e0 150 km de Rabat, l&rsquo;une des quatre villes imp\u00e9riales du Maroc, avec F\u00e8s, Marrakech et Rabat. Cette ville a \u00e9t\u00e9 fond\u00e9e par les Almoravides au 11\u00e8me si\u00e8cle (une tribu berb\u00e8re appel\u00e9e Meknassi) et est devenue la capitale du Maghreb au 17\u00e8me si\u00e8cle. A Mekn\u00e8s nous pouvons voir la porte de Bad el Mansour, c&rsquo;est l&rsquo;une des plus grandes et plus belles portes d&rsquo;entr\u00e9e du Maroc, construite en 1732.<\/p>\n<p>A 27 km au nord de Mekn\u00e8s se trouve la ville romaine de Volubilis, le site arch\u00e9ologique le plus important du Maroc, inscrit sur la liste du patrimoine mondial de l&rsquo;UNESCO. Apr\u00e8s la visite de Volubilis nous continuerons jusqu&rsquo;\u00e0 F\u00e8s. Nuit \u00e0 l&rsquo;h\u00f4tel.<\/p>\n<h3>jour 3<br \/>\n<strong> Fes<\/strong><\/h3>\n<p>Journ\u00e9e compl\u00e8te consacr\u00e9e \u00e0 la d\u00e9couverte de la ville de F\u00e8s, le soir nous retournerons \u00e0 l&rsquo;h\u00f4tel, pour un repos m\u00e9rit\u00e9.<\/p>\n<p>F\u00e8s est consid\u00e9r\u00e9e au Maroc comme le centre religieux et culturel du pays. La ville est divis\u00e9e en trois zones, F\u00e8s el Bali (la vieille zone \u00e0 l&rsquo;int\u00e9rieur des remparts), F\u00e8s-Jdid (la nouvelle zone o\u00f9 se trouve le Mellah, le quartier juif), et Ville Nouvelle (la zone fran\u00e7aise au nord-ouest de la ville). La m\u00e9dina de F\u00e8s el Bali est l&rsquo;un des plus grands sites m\u00e9di\u00e9vaux au monde aujourd&rsquo;hui. L&rsquo;ensemble de la m\u00e9dina est d\u00e9clar\u00e9 patrimoine mondial par l&rsquo;UNESCO, ses souks et ses ruelles n&rsquo;ont pas chang\u00e9 depuis le Moyen Age. Pour d\u00e9couvrir la m\u00e9dina de F\u00e8s el Bali, commencez par la porte Bab Boujloud, entrez dans le souk et marchez dans ses ruelles \u00e9troites et labyrinthiques, souvent en \u00e9vitant les mulets charg\u00e9s de gros ballots.<\/p>\n<ul>\n<li>Visite de la madrasa Bou Inania, avec ses pr\u00e9cieuses \u0153uvres en bois de c\u00e8dre, stucs et marbres et d\u00e9corations en onyx.<\/li>\n<li>La zaou\u00efa de Moulay Idriss, fondateur de la ville.<\/li>\n<li>Le quartier andalou avec sa mosqu\u00e9e et la madrasa Es-Sahrij.<\/li>\n<li>L&rsquo;ancien palais Dar Batha, de style arabo-andalou, d\u00e9di\u00e9 aux arts et traditions de F\u00e8s.<\/li>\n<li>La mosqu\u00e9e universitaire d&rsquo;Al-Karaouine est l&rsquo;une des plus anciennes au monde, fond\u00e9e en 859 par Fatima Al-Fihri, fille de Mohammed Al-Fhri, un tr\u00e8s riche marchand de l&rsquo;\u00e9poque. Apr\u00e8s la mort de son p\u00e8re, Fatima et sa s\u0153ur ont re\u00e7u une grande somme d&rsquo;argent, puis Fatima a d\u00e9cid\u00e9 de cr\u00e9er la mosqu\u00e9e universitaire. A l&rsquo;int\u00e9rieur, vous pouvez voir de nombreux arcs, des mosa\u00efques, des sculptures sur bois et des peintures d&rsquo;une grande beaut\u00e9.<\/li>\n<\/ul>\n<p>Le quartier des tanneurs, au Moyen Age, la ville est devenue l&rsquo;un des principaux centres commerciaux du Maghreb, \u00e9tant le principal producteur d&rsquo;adargas. (\u00e9cu en cuir et de forme ovale), utilis\u00e9 \u00e0 l&rsquo;origine par la cavalerie musulmane d&rsquo;Al-Andalus, avec le nom d&rsquo;add\u00e1rqa.<\/p>\n<p>Le Festival Mondial des Musiques Sacr\u00e9es de F\u00e8s, cr\u00e9\u00e9 en 1994, s&rsquo;inscrit dans la vie spirituelle et artistique de la ville ; depuis sa cr\u00e9ation, cet \u00e9v\u00e9nement a \u00e9t\u00e9 un v\u00e9ritable succ\u00e8s international. Le Festival de F\u00e8s 2001 a \u00e9t\u00e9 d\u00e9clar\u00e9 par les Nations Unies comme l&rsquo;un des \u00e9v\u00e9nements les plus exceptionnels contribuant au dialogue entre les civilisations. Elle a lieu chaque ann\u00e9e en juin.<\/p>\n<p>\u00ab\u00a0Les musulmans andalous de la ville de F\u00e8s ont con\u00e7u le fez ou tarbush au XVIIe si\u00e8cle, comme une mode de la haute soci\u00e9t\u00e9. Les artisans qui ont particip\u00e9 \u00e0 sa conception \u00e9taient les membres les plus choisis des souks de la ville.<\/p>\n<p>Jusqu&rsquo;au XIXe si\u00e8cle, la ville de F\u00e8s \u00e9tait le seul producteur, jusqu&rsquo;\u00e0 ce que la France et la Turquie commencent \u00e0 d\u00e9velopper ce produit.<\/p>\n<h3>jour 4<br \/>\n<strong>Fes &#8211; Merzouga<\/strong><\/h3>\n<p>Apr\u00e8s le petit d\u00e9jeuner, nous quitterons F\u00e8s en direction d&rsquo;Ifrane, une ville situ\u00e9e dans le Moyen Atlas dans une r\u00e9gion montagneuse \u00e0 1713 m\u00e8tres d&rsquo;altitude et avec un climat froid, qui a influenc\u00e9 le surnom de la petite Suisse africaine, quittant Ifrane, nous prendrons la route vers Midelt, o\u00f9 nous ferons un bref arr\u00eat dans les c\u00e9l\u00e8bres for\u00eats de c\u00e8dres du Moyen Atlas, o\u00f9 vit une des derni\u00e8res communaut\u00e9s des macaques de Barbarie, une esp\u00e8ce de macaque qui ne peut \u00eatre vue ici et \u00e0 Gibraltar.<\/p>\n<p>L&rsquo;itin\u00e9raire de la vall\u00e9e du Ziz se fait \u00e0 travers des gorges calcaires bord\u00e9es de palmiers dattiers et m\u00e9lang\u00e9es aux constructions de maisons en pis\u00e9, ce qui fait de cet endroit un spectacle fascinant pour nos yeux. La rivi\u00e8re Ziz prend sa source dans le Haut Atlas et creuse son chemin \u00e0 travers d&rsquo;impressionnantes falaises, en direction du sud, o\u00f9 elle arrose l&rsquo;immense palmeraie du Tafilalet. L&rsquo;eau marque la route vers le d\u00e9sert, elle s&rsquo;y perd apr\u00e8s plus de 270 km de travers\u00e9e.<\/p>\n<p>L&rsquo;apr\u00e8s-midi nous arriverons \u00e0 Merzouga au pied des dunes, nous quitterons le 4&#215;4 et monterons les dromadaires qui nous emm\u00e8neront sur les hautes dunes du d\u00e9sert pour profiter d&rsquo;un coucher de soleil inoubliable. Nous passerons la nuit dans une tente berb\u00e8re et profiterons d&rsquo;un d\u00eener traditionnel accompagn\u00e9 par le son du tam-tam (tambour), dans le c\u0153ur le plus authentique du d\u00e9sert.<\/p>\n<p>Escalader les dunes et regarder le coucher et le lever du soleil sont quelques unes des exp\u00e9riences qui ne nous laissent sans doute pas indiff\u00e9rents.<\/p>\n<h3>jour 5<br \/>\n<strong>D\u00e9sert \u2013 D\u00e9sert<\/strong><\/h3>\n<p>Nous nous l\u00e8verons t\u00f4t pour voir le lever du soleil dans les dunes, et apr\u00e8s un bon petit d\u00e9jeuner nous nous dirigerons vers l&rsquo;oasis de Ramlia, une belle oasis de palmiers dans la r\u00e9gion du Tafilalt, situ\u00e9e dans le sud-est du d\u00e9sert du Sahara, \u00e0 c\u00f4t\u00e9 de la fronti\u00e8re alg\u00e9rienne et marocaine.<\/p>\n<p>Ramlia est au milieu de nulle part, ses habitants sont d&rsquo;anciens nomades, ils appartiennent tous \u00e0 la tribu des A\u00eft Khebbach, qui fait partie du grand groupe amazigh des Ait Atta du d\u00e9sert du Sahara du sud-est du Maroc et se caract\u00e9rise par leur grande hospitalit\u00e9.<\/p>\n<p>D\u00eener et nuit dans un h\u00f4tel situ\u00e9 au milieu du d\u00e9sert le plus pur.<\/p>\n<h3>jour 6<br \/>\n<strong>D\u00e9sert \u2013 Gorges du Todra &#8211; Gorges du Dad\u00e8s<br \/>\n<\/strong><\/h3>\n<p>Apr\u00e8s le petit d\u00e9jeuner, nous prendrons la direction d&rsquo;Alnif pour rejoindre la ville de Tinerhir, situ\u00e9e dans une large vall\u00e9e baign\u00e9e par la rivi\u00e8re Todra qui apporte l&rsquo;eau d&rsquo;irrigation aux nombreuses parcelles cultiv\u00e9es \u00e0 l&rsquo;ombre de la palmeraie. La palmeraie de Tinerhir de plus de trente kilom\u00e8tres de long s&rsquo;\u00e9tend au sud des gorges du fleuve Todra, une des portes naturelles qui communiquent l&rsquo;Atlas avec le Sahara, \u00e9tant l&rsquo;une des plus belles oasis de la r\u00e9gion.<\/p>\n<p>Les Gorges du Todra sont situ\u00e9es \u00e0 l&rsquo;extr\u00e9mit\u00e9 nord de la palmeraie de Tinerhir, au pied de la cha\u00eene de montagnes du Haut Atlas oriental. Peu \u00e0 peu cette palmeraie se r\u00e9tr\u00e9cit, et les parois rocheuses calcaires qui la d\u00e9limitent s&rsquo;\u00e9l\u00e8vent jusqu&rsquo;\u00e0 trois cents m\u00e8tres de haut et se s\u00e9parent en une vingtaine de m\u00e8tres, son point le plus \u00e9troit \u00e9tant \u00e0 une dizaine de m\u00e8tres de large. De l\u00e0, nous nous dirigerons vers les Gorges du Dad\u00e8s.<\/p>\n<p>D\u00eener et nuit dans un h\u00f4tel situ\u00e9 dans les gorges.<\/p>\n<h3>jour 7<br \/>\n<strong> Gorges du Dades \u2013 Ait Ben Haddou &#8211; Marrakech<\/strong><\/h3>\n<p>Apr\u00e8s le petit d\u00e9jeuner, nous continuerons notre voyage \u00e0 travers les Gorges du Dad\u00e8s. Avant d&rsquo;atteindre Boumalne, dans la gorge de Tamlat, les rochers acqui\u00e8rent de curieuses formes g\u00e9om\u00e9triques par l&rsquo;\u00e9rosion \u00e9olienne, commun\u00e9ment appel\u00e9e \u00a0\u00bb doigts de singe \u00ab\u00a0, d&rsquo;ici nous suivons une route de montagne vers les villages de Skoura et Boutaghar, retrouvant \u00e0 notre rythme les nomades avec leurs troupeaux.<\/p>\n<p>Dans l&rsquo;apr\u00e8s-midi, nous continuerons notre route \u00e0 travers les montagnes du Haut Atlas jusqu&rsquo;\u00e0 la ville fortifi\u00e9e, ou kasbah d&rsquo;Ait-Ben-Haddou, qui a \u00e9t\u00e9 fond\u00e9e \u00e0 l&rsquo;\u00e9poque de la route des caravanes entre le d\u00e9sert du Sahara et la ville actuelle de Marrakech. Les kasbahs \u00e9taient autrefois de grands villages berb\u00e8res fortifi\u00e9s con\u00e7us pour d\u00e9fendre la r\u00e9colte et les palmeraies qui poussent le long de leurs lits. Ait-Ben-Haddou est prot\u00e9g\u00e9 par l&rsquo;UNESCO en tant que site du patrimoine mondial depuis 1987. En raison de la beaut\u00e9 de son environnement, de nombreux films sont tourn\u00e9s ici. Apr\u00e8s la visite de la casbah, nous suivrons la route \u00e0 travers le port de Tichka Tizin, le point culminant du Haut Atlas, la route traverse le territoire amazigh (berb\u00e8re) avec des vues imprenables, jusqu&rsquo;\u00e0 Marrakech, la ville des Mille et une Nuits. S\u00e9jour \u00e0 l&rsquo;h\u00f4tel<\/p>\n<h3>jour 8<br \/>\n<strong>Marrakech<\/strong><\/h3>\n<p>Apr\u00e8s le petit d\u00e9jeuner, nous visiterons la M\u00e9dina et la c\u00e9l\u00e8bre place Jamaa el Fna.<br \/>\nMarrakech a \u00e9t\u00e9 fond\u00e9e en 1062 par Youssef Ibn Tachfin, le premier \u00e9mir de la dynastie berb\u00e8re almoravide et \u00e9tait la capitale de l&rsquo;Empire islamique.<\/p>\n<p>Marrakech est l&rsquo;une des villes les plus importantes du Maroc, et se trouve dans le sud du pays, au pied de l&rsquo;Atlas. Elle poss\u00e8de de nombreux monuments du patrimoine mondial, ce qui en fait la principale attraction touristique du pays.<\/p>\n<p>En 2001, l&rsquo;UNESCO a d\u00e9clar\u00e9 la place Jamaa patrimoine oral de l&rsquo;humanit\u00e9, l&rsquo;une des places les plus fr\u00e9quent\u00e9es d&rsquo;Afrique et du monde. Tout \u00e0 Marrakech tourne autour de Jamaa el Fna, une multitude de personnes se rassemblent dans cet espace public qui le remplit de couleurs et de culture ; musiciens, conteurs, charmeurs de serpents, danseurs, dentistes, vendeurs de jus de fruits, acrobates, \u00e9crivains, porteurs d&rsquo;eau, vendeurs de plantes m\u00e9dicinales. . . Au cr\u00e9puscule, la place se remplit de stands de nourriture \u00e9clair\u00e9s par des centaines de lumi\u00e8res, et \u00e0 la tomb\u00e9e de la nuit, un nombre infini de personnes se rassemblent pour manger. Au loin, en observant la sc\u00e8ne de la place, se trouve le plus ancien monument almohade de la ville, la mosqu\u00e9e de Katoubia, c\u00e9l\u00e8bre surtout pour son minaret \u00e0 base carr\u00e9e, que Yacoub a construit le Mansour \u00e0 la fin du XIIe si\u00e8cle, et qui repr\u00e9senta la r\u00e9f\u00e9rence de la Giralda de S\u00e9ville et de la Tour Hasan \u00e0 Rabat. La Tour Katubia est le b\u00e2timent le plus haut de Marrakech et, avec ses 77 m\u00e8tres de hauteur, domine la M\u00e9dina et peut \u00eatre vue de loin lorsque vous atteignez la ville.<\/p>\n<p>Au nord de la place Jemaa el Fna se trouve le souk, o\u00f9 chaque secteur porte le nom du principal type de marchandises qu&rsquo;il offre (v\u00eatements, \u00e9pices, fourrures, babouches, tapis, laine, bois, c\u00e9ramique, etc.), ou des ateliers des artisans (teinturiers, charpentiers, forgerons, etc.). Le souk des tapis occupe la zone de l&rsquo;ancien march\u00e9 aux esclaves. Au nord-est du souk se trouve le quartier des tanneurs, qui s&rsquo;\u00e9tend le long de la rue Bab Debbagh, ainsi appel\u00e9e en raison de la porte portant le m\u00eame nom.<\/p>\n<p>La M\u00e9dina, la vieille ville, est prot\u00e9g\u00e9e par un cordon de bastions en terre rouge entourant un labyrinthe de ruelles pleines de palais, march\u00e9s, mosqu\u00e9es, d\u00f4mes et minarets. La M\u00e9dina de Marrakech a \u00e9t\u00e9 d\u00e9clar\u00e9e Patrimoine de l&rsquo;Humanit\u00e9 par l&rsquo;UNESCO en 1985, et est aujourd&rsquo;hui un site incontournable. Son c\u0153ur et son point de d\u00e9part est la grande place Jemaa el Fna.<\/p>\n<p>H\u00e9bergement \u00e0 l&rsquo;h\u00f4tel.<\/p>\n<h3>jour 9<br \/>\n<strong>Marrakech \u2013 Ville de destination<br \/>\n<\/strong><\/h3>\n<p>A l&rsquo;heure pr\u00e9vue, transfert \u00e0 l&rsquo;a\u00e9roport et fin de nos services.<\/p>\n<p>&nbsp;<\/p>\n<h2>EXTENSION \u00c0 ESSAOUIRA<\/h2>\n<h3>jour 9<br \/>\n<strong>Marrakech \u2013 Essaouira &#8211; Marrakech<\/strong><\/h3>\n<p>Apr\u00e8s le petit d\u00e9jeuner, nous nous dirigerons vers Essaouira, la ville de la lumi\u00e8re et du vent.<br \/>\n\u00ab\u00a0Une promenade dans la m\u00e9dina et manger du bon poisson, un des plaisirs d&rsquo;Essaouira.<br \/>\nEssaouira, en Amogdul berb\u00e8re \u00ab\u00a0le bien gard\u00e9\u00a0\u00bb. Situ\u00e9e \u00e0 170 kilom\u00e8tres \u00e0 l&rsquo;ouest de Marrakech, se trouve l&rsquo;ancienne ville de Mogador, ainsi appel\u00e9e parce que c&rsquo;est un lieu historiquement li\u00e9 au Portugal, qui y a \u00e9tabli un \u00e9tablissement commercial. Essaouira, est une petite ville fortifi\u00e9e baign\u00e9e par l&rsquo;Atlantique. Fond\u00e9e en 1764 par le sultan alaouite Sidi Mohammed Ben abdallah, elle profite des anciennes fortifications portugaises de Mogador avec la volont\u00e9 de faire de la ville un port commercial ouvert sur le monde.<\/p>\n<p>Sa m\u00e9dina ou vieille ville est inscrite au patrimoine mondial de l&rsquo;humanit\u00e9 depuis 2001. Essaouira est l&rsquo;une des villes les plus charmantes de toute la c\u00f4te atlantique marocaine gr\u00e2ce \u00e0 son climat temp\u00e9r\u00e9 toute l&rsquo;ann\u00e9e, la gentillesse de ses habitants, son patrimoine culturel et architectural, mais surtout pour l&rsquo;ambiance qui r\u00e8gne dans les rues anim\u00e9es, o\u00f9 artisans, commer\u00e7ants et p\u00eacheurs se c\u00f4toient, qui est une grande attraction touristique.<\/p>\n<p>En chemin, nous visiterons la coop\u00e9rative d&rsquo;Assafar, o\u00f9 l&rsquo;huile d&rsquo;argan est fabriqu\u00e9e et o\u00f9 seules les femmes travaillent. L&rsquo;argan \u00ab\u00a0L&rsquo;or v\u00e9ritable du Maroc\u00a0\u00bb poss\u00e8de de pr\u00e9cieuses propri\u00e9t\u00e9s nutritionnelles et dermatologiques. Sa production est artisanale et les ch\u00e8vres sont charg\u00e9es d&rsquo;initier le processus. Ces animaux grimpent sur les branches des arganiers, m\u00e2chent leurs fruits et crachent ensuite leurs pierres. Plus tard, les femmes les ramassent et les battent avec une pierre pour les \u00e9craser avec un moulin. Au cours de la visite de la coop\u00e9rative d&rsquo;Assafar, nous d\u00e9couvrirons la vie quotidienne de ses travailleurs, qui nous expliqueront en d\u00e9tail le processus complexe de fabrication de cette huile.<\/p>\n<p>L&rsquo;apr\u00e8s-midi\/le soir, nous retournerons \u00e0 Marrakech, o\u00f9 nous logerons \u00e0 l&rsquo;h\u00f4tel.<\/p>\n<h3>jour 10<br \/>\n<strong> Marrakech \u2013 Ville d&rsquo;origine<br \/>\n<\/strong><\/h3>\n<p>A l&rsquo;heure pr\u00e9vue, transfert \u00e0 l&rsquo;a\u00e9roport et fin de nos services.[\/vc_column_text][\/vc_column][\/vc_row]\n<\/section>","protected":false},"excerpt":{"rendered":"<p>[vc_row][vc_column][vc_column_text] jour 1 Ville d&rsquo;origine\u2013 Casablanca Accueil \u00e0 l&rsquo;a\u00e9roport de Casablanca et transfert \u00e0 l&rsquo;h\u00f4tel. jour 2 Casablanca &#8211; Rabat \u2013 Meknes \u2013 Fes (316 km) Petit d\u00e9jeuner \u00e0 l&rsquo;h\u00f4tel, puis visiter la mosqu\u00e9e d&rsquo;Hassan II, construite en 1993, est la plus grande mosqu\u00e9e au Maroc et la troisi\u00e8me plus grande mosqu\u00e9e dans le monde,&hellip;<\/p>\n","protected":false},"featured_media":6369,"comment_status":"open","ping_status":"closed","template":"","meta":{"_acf_changed":false},"product_brand":[],"product_cat":[157],"product_tag":[],"class_list":{"0":"post-9308","1":"product","2":"type-product","3":"status-publish","4":"has-post-thumbnail","6":"product_cat-itineraires-fr","7":"entry","8":"has-media","10":"first","11":"instock","12":"shipping-taxable","13":"product-type-simple"},"acf":[],"_links":{"self":[{"href":"https:\/\/www.ramliatours.com\/fr\/wp-json\/wp\/v2\/product\/9308","targetHints":{"allow":["GET"]}}],"collection":[{"href":"https:\/\/www.ramliatours.com\/fr\/wp-json\/wp\/v2\/product"}],"about":[{"href":"https:\/\/www.ramliatours.com\/fr\/wp-json\/wp\/v2\/types\/product"}],"replies":[{"embeddable":true,"href":"https:\/\/www.ramliatours.com\/fr\/wp-json\/wp\/v2\/comments?post=9308"}],"wp:featuredmedia":[{"embeddable":true,"href":"https:\/\/www.ramliatours.com\/fr\/wp-json\/wp\/v2\/media\/6369"}],"wp:attachment":[{"href":"https:\/\/www.ramliatours.com\/fr\/wp-json\/wp\/v2\/media?parent=9308"}],"wp:term":[{"taxonomy":"product_brand","embeddable":true,"href":"https:\/\/www.ramliatours.com\/fr\/wp-json\/wp\/v2\/product_brand?post=9308"},{"taxonomy":"product_cat","embeddable":true,"href":"https:\/\/www.ramliatours.com\/fr\/wp-json\/wp\/v2\/product_cat?post=9308"},{"taxonomy":"product_tag","embeddable":true,"href":"https:\/\/www.ramliatours.com\/fr\/wp-json\/wp\/v2\/product_tag?post=9308"}],"curies":[{"name":"wp","href":"https:\/\/api.w.org\/{rel}","templated":true}]}}