{"id":9337,"date":"2016-11-11T12:53:15","date_gmt":"2016-11-11T12:53:15","guid":{"rendered":"https:\/\/www.ramliatours.com\/tours\/de-marrakech-au-desert-par-la-route-des-kasbahs\/"},"modified":"2019-07-11T18:29:08","modified_gmt":"2019-07-11T17:29:08","slug":"de-marrakech-au-desert-par-la-route-des-kasbahs","status":"publish","type":"product","link":"https:\/\/www.ramliatours.com\/fr\/circuits\/de-marrakech-au-desert-par-la-route-des-kasbahs\/","title":{"rendered":"De Marrakech au d\u00e9sert par la route des Kasbahs"},"content":{"rendered":"<section class=\"wpb-content-wrapper\">[vc_row][vc_column][vc_column_text]\n<h3>jour 1<br \/>\n<strong>Ville d&rsquo;origine &#8211; Marrakech<\/strong><\/h3>\n<p>A l&rsquo;heure pr\u00e9vue, accueil \u00e0 l&rsquo;a\u00e9roport et transfert \u00e0 l&rsquo;h\u00f4tel, situ\u00e9 pr\u00e8s de la place Jamaa el Fna.<\/p>\n<h3>jour 2<strong><br \/>\nMarrakech<\/strong><\/h3>\n<p>Apr\u00e8s le petit d\u00e9jeuner, visite de la m\u00e9dina et de la c\u00e9l\u00e8bre place Jamaa el Fna, pr\u00e8s de l&rsquo;entr\u00e9e de la m\u00e9dina.<\/p>\n<p>Marrakech est, avec Mekn\u00e8s, F\u00e8s et Rabat, l&rsquo;une des quatre villes imp\u00e9riales du Maroc. Marrakech a \u00e9t\u00e9 fond\u00e9e en 1062 par Youssef Ibn Tachfin, le premier \u00e9mir de la dynastie berb\u00e8re almoravide et \u00e9tait la capitale de l&rsquo;Empire islamique.<br \/>\nMarrakech est l&rsquo;une des villes les plus importantes du Maroc, et se trouve dans le sud du pays, au pied de l&rsquo;Atlas. Elle poss\u00e8de de nombreux monuments du patrimoine mondial, ce qui en fait la principale attraction touristique du pays.<\/p>\n<p>Marrakech, est connue pour la ville rouge en raison de la couleur de ses b\u00e2timents. En 2001, l&rsquo;UNESCO a d\u00e9clar\u00e9 la place Djemaa patrimoine oral de l&rsquo;humanit\u00e9, l&rsquo;une des places les plus fr\u00e9quent\u00e9es d&rsquo;Afrique et du monde. Tout \u00e0 Marrakech tourne autour de DJamaa la Fna, une multitude de gens se rassemblent dans cet espace public qui le remplit de couleurs et de culture ; musiciens, conteurs, charmeurs de serpents, danseurs, dentistes, vendeurs de jus de fruits, acrobates, \u00e9crivains, porteurs d&rsquo;eau, vendeurs de plantes m\u00e9dicinales. . . Au cr\u00e9puscule, la place se remplit de stands de nourriture \u00e9clair\u00e9s par des centaines de lumi\u00e8res, et \u00e0 la tomb\u00e9e de la nuit, un nombre infini de personnes se rassemblent pour manger. Au loin, en observant la sc\u00e8ne de la place, se trouve le plus ancien monument almohade de la ville, la mosqu\u00e9e de Katoubia, c\u00e9l\u00e8bre surtout pour son minaret \u00e0 base carr\u00e9e, que Yacoub a construit le Mansour \u00e0 la fin du XIIe si\u00e8cle, et qui repr\u00e9senta la r\u00e9f\u00e9rence de la Giralda de S\u00e9ville et de la Tour Hasan \u00e0 Rabat. La Tour Katubia est le b\u00e2timent le plus haut de Marrakech et, avec ses 77 m\u00e8tres de hauteur, domine la M\u00e9dina et peut \u00eatre vue de loin lorsque vous atteignez la ville.<\/p>\n<p>Au nord de la place Djemaa el Fna se trouve le souk, o\u00f9 chaque secteur porte le nom du principal type de marchandises qu&rsquo;il offre (v\u00eatements, \u00e9pices, fourrures, babouches, tapis, laine, bois, c\u00e9ramique, etc.), ou les ateliers des artisans (teinturiers, charpentiers, forgerons, etc.). Le souk des tapis occupe la zone de l&rsquo;ancien march\u00e9 aux esclaves. Au nord-est du souk se trouve le quartier des tanneurs, qui s&rsquo;\u00e9tend le long de la rue Bab Debbagh, ainsi appel\u00e9e en raison de la porte portant le m\u00eame nom.<\/p>\n<p>La M\u00e9dina, la vieille ville, est prot\u00e9g\u00e9e par un cordon de bastions en terre rouge entourant un labyrinthe de ruelles pleines de palais, march\u00e9s, mosqu\u00e9es, d\u00f4mes et minarets. La M\u00e9dina de Marrakech a \u00e9t\u00e9 d\u00e9clar\u00e9e Patrimoine de l&rsquo;Humanit\u00e9 par l&rsquo;UNESCO en 1985, et est aujourd&rsquo;hui un site incontournable. Son c\u0153ur et son point de d\u00e9part est la grande place Djemaa el Fna. H\u00e9bergement \u00e0 l&rsquo;h\u00f4tel.<\/p>\n<h3>jour 3<br \/>\n<strong>Marrakech &#8211; Ouarzazate \u2013 Zagora<\/strong><\/h3>\n<p>Nous partons en 4&#215;4 sur <strong>la route qui va de Marrakech \u00e0 Ouarzazate<\/strong> en traversant le <strong>Haut Atlas<\/strong> par le port de Tichka Tizin, le point culminant de la cha\u00eene de montagnes, la route traverse le territoire amazigh (berb\u00e8re) avec des vues imprenables, suivre la route de la vall\u00e9e du Draa pour atteindre Zagora. Le fleuve Draa est le plus long et le plus important fleuve du Maroc. La ville d&rsquo;Agdz est la porte d&rsquo;entr\u00e9e de la vall\u00e9e du Draa, dont la traduction litt\u00e9rale serait \u00ab\u00a0lieu de repos\u00a0\u00bb. Dans le pass\u00e9, Agdz a servi <strong>de point d&rsquo;arr\u00eat aux caravanes qui reliaient Marrakech et Tombouctou<\/strong>, car les 200 km suivants se passent dans une cha\u00eene d&rsquo;oasis riches en palmiers et arbres fruitiers, en contraste avec la couleur rouge\u00e2tre s\u00e8che autour des montagnes et parsem\u00e9e d&rsquo;adobe kasbash, nous allons passer le village du Tamenougalt, ancienne capitale des Amazigh (Berb\u00e8res), les premiers habitants du Maroc ; au fond de la vall\u00e9e o\u00f9 se trouve la ville de Zagora, porte d&rsquo;entr\u00e9e du d\u00e9sert. D\u00eener et nuit \u00e0 l&rsquo;h\u00f4tel.<\/p>\n<h3>jour 4<br \/>\n<strong> Zagora \u2013 Oasis de Ramlia<\/strong><\/h3>\n<p>Apr\u00e8s le petit d\u00e9jeuner, nous quittons Zagora pour nous diriger vers l&rsquo;oasis de Ramlia, une magnifique oasis de palmiers dans la r\u00e9gion de Tafilalt, situ\u00e9e au sud-est de l&rsquo;Erg Chebbi (d\u00e9sert du Sahara), pr\u00e8s de la fronti\u00e8re alg\u00e9ro-marocaine, \u00e0 80 km de Rissani. Ramlia est au milieu de nulle part. Les habitants de l&rsquo;oasis de Ramlia sont d&rsquo;anciens nomades, ils appartiennent tous \u00e0 la tribu des A\u00eft Khebbach, qui fait partie du grand groupe amazigh des Ait Atta du d\u00e9sert du Sahara du sud-est du Maroc et qui se caract\u00e9rise par leur grande hospitalit\u00e9. Pour arriver \u00e0 Ramlia, nous sommes oblig\u00e9s de suivre le parcours du rallye Paris-Dakar, \u00e0 travers de magnifiques paysages d\u00e9sol\u00e9s. Nous passerons la nuit dans un h\u00f4tel au c\u0153ur le plus authentique du d\u00e9sert (possibilit\u00e9 de dormir dans un haima berb\u00e8re traditionnel) et profiterons d&rsquo;un d\u00eener traditionnel anim\u00e9 par le son du tam-tam (tambour).<\/p>\n<h3>jour 5<br \/>\n<strong>Desert &#8211; Desert<\/strong><\/h3>\n<p>Nous nous l\u00e8verons t\u00f4t pour voir le lever du soleil sur les dunes, et apr\u00e8s un bon petit d\u00e9jeuner nous nous dirigerons vers Merzouga, un petit village du sud-est du Maroc situ\u00e9 au pied du Grand Erg Chebi, d\u00e9sert du Sahara. L&rsquo;Erg Chebbi a une longueur de 22 km (du nord au sud) et une largeur de 5 km, et ses dunes ont une hauteur maximale de 150 m. Nous quitterons le 4&#215;4 et chevaucherons les chameaux qui nous emm\u00e8neront au c\u0153ur du d\u00e9sert pour profiter d&rsquo;un coucher de soleil inoubliable. Merzouga est aussi connue comme \u00ab\u00a0La porte des Dunes\u00a0\u00bb. Escalader les dunes et regarder le coucher et le lever du soleil sont quelques exp\u00e9riences qui ne nous laissent certainement pas indiff\u00e9rents. D\u00eener et nuit dans un h\u00f4tel situ\u00e9 au milieu du d\u00e9sert le plus pur (possibilit\u00e9 de dormir dans un haima berb\u00e8re traditionnel).<\/p>\n<h3>jour 6<br \/>\n<strong>D\u00e9sert &#8211; Gorges du Todra &#8211; Gorges du Dad\u00e8s<\/strong><\/h3>\n<p>Apr\u00e8s le petit d\u00e9jeuner, nous prendrons la direction d&rsquo;Alnif pour rejoindre la ville de Tinerhir, situ\u00e9e dans une large vall\u00e9e baign\u00e9e par la rivi\u00e8re Todra qui apporte l&rsquo;eau d&rsquo;irrigation aux nombreuses parcelles cultiv\u00e9es \u00e0 l&rsquo;ombre de la palmeraie. La palmeraie de Tinerhir de plus de trente kilom\u00e8tres de long s&rsquo;\u00e9tend au sud des gorges du fleuve Todra, une des portes naturelles qui communiquent l&rsquo;Atlas avec le Sahara, \u00e9tant l&rsquo;une des plus belles oasis de la r\u00e9gion.<\/p>\n<p>Les Gorges du Todra sont situ\u00e9es \u00e0 l&rsquo;extr\u00e9mit\u00e9 nord de la palmeraie de Tinerhir, au pied de la cha\u00eene de montagnes du Haut Atlas oriental. Peu \u00e0 peu cette palmeraie se r\u00e9tr\u00e9cit, et les parois rocheuses calcaires qui la d\u00e9limitent s&rsquo;\u00e9l\u00e8vent jusqu&rsquo;\u00e0 trois cents m\u00e8tres de haut et se s\u00e9parent en une vingtaine de m\u00e8tres, son point le plus \u00e9troit \u00e9tant \u00e0 une dizaine de m\u00e8tres de large. De l\u00e0, nous nous dirigerons vers les Gorges du Dad\u00e8s.<\/p>\n<p>D\u00eener et nuit dans un h\u00f4tel situ\u00e9 dans les gorges.<\/p>\n<h3>jour 7<br \/>\n<strong>Gorges du Dad\u00e8s \u2013 Ait Ben Haddou &#8211; Marrakech<\/strong><\/h3>\n<p>Apr\u00e8s le petit d\u00e9jeuner, nous continuerons notre voyage \u00e0 travers les Gorges du Dad\u00e8s. Avant d&rsquo;atteindre Boumalne, dans la gorge de Tamlat, les rochers acqui\u00e8rent de curieuses formes g\u00e9om\u00e9triques par l&rsquo;\u00e9rosion \u00e9olienne, commun\u00e9ment appel\u00e9e \u00a0\u00bb doigts de singe \u00ab\u00a0, d&rsquo;ici nous suivons une route de montagne vers les villages de Skoura et Boutaghar, retrouvant \u00e0 notre rythme les nomades avec leurs troupeaux.<\/p>\n<p>Dans l&rsquo;apr\u00e8s-midi, nous continuerons notre route \u00e0 travers les montagnes du Haut Atlas jusqu&rsquo;\u00e0 la ville fortifi\u00e9e, ou kasbah d&rsquo;Ait-Ben-Haddou, qui a \u00e9t\u00e9 fond\u00e9e \u00e0 l&rsquo;\u00e9poque de la route des caravanes entre le d\u00e9sert du Sahara et la ville actuelle de Marrakech.<\/p>\n<p><strong>Les kasbahs<\/strong> \u00e9taient autrefois de grands <strong>villages aux murs berb\u00e8res<\/strong> con\u00e7us pour d\u00e9fendre la r\u00e9colte et les palmeraies qui poussent le long de leurs lits. Ait-Ben-Haddou est prot\u00e9g\u00e9 par l&rsquo;UNESCO en tant que site du patrimoine mondial depuis 1987. En raison de la beaut\u00e9 de son environnement avec des paysages naturels impressionnants, dans ce lieu de nombreux films sont tourn\u00e9s, apr\u00e8s la visite \u00e0 la casbah, nous suivrons le chemin \u00e0 travers le port de Tichka Tizin, le point culminant de la cha\u00eene de montagnes du Haut Atlas, la route traverse le territoire amazigh (berb\u00e8re) avec une vue imprenable, pour atteindre Marrakech, la ville des mille et une nuit.<br \/>\nS\u00e9jour \u00e0 l&rsquo;h\u00f4tel.<\/p>\n<h3>jour 8<br \/>\n<strong>Marrakech \u2013 Ville de destination<br \/>\n<\/strong><\/h3>\n<p>A l&rsquo;heure pr\u00e9vue, transfert \u00e0 l&rsquo;a\u00e9roport et fin de nos services.<\/p>\n<h2><strong>EXTENSION \u00c0 ESSAOUIRA<\/strong><\/h2>\n<h3>jour 8<br \/>\n<strong> Marrakech \u2013 Essaouira &#8211; Marrakech<\/strong><\/h3>\n<p>Apr\u00e8s le petit d\u00e9jeuner, nous nous dirigerons vers Essaouira, la ville de la lumi\u00e8re et du vent.<br \/>\n\u00ab\u00a0Une promenade dans la m\u00e9dina et manger du bon poisson, un des plaisirs d&rsquo;Essaouira.<br \/>\nEssaouira, en Amogdul berb\u00e8re \u00ab\u00a0le bien gard\u00e9\u00a0\u00bb. Situ\u00e9e \u00e0 170 kilom\u00e8tres \u00e0 l&rsquo;ouest de Marrakech, se trouve l&rsquo;ancienne ville de Mogador, ainsi appel\u00e9e parce que c&rsquo;est un lieu historiquement li\u00e9 au Portugal, qui y a \u00e9tabli un \u00e9tablissement commercial. Essaouira, est une petite ville fortifi\u00e9e baign\u00e9e par l&rsquo;Atlantique. Fond\u00e9e en 1764 par le sultan alaouite Sidi Mohammed Ben abdallah, elle profite des anciennes fortifications portugaises de Mogador avec la volont\u00e9 de faire de la ville un port commercial ouvert sur le monde.<\/p>\n<p>Sa m\u00e9dina ou vieille ville est inscrite au patrimoine mondial de l&rsquo;humanit\u00e9 depuis 2001. Essaouira est l&rsquo;une des villes les plus attractives de toute la c\u00f4te atlantique marocaine gr\u00e2ce \u00e0 son climat temp\u00e9r\u00e9 toute l&rsquo;ann\u00e9e, \u00e0 la gentillesse de ses habitants, \u00e0 son patrimoine culturel et architectural, mais surtout \u00e0 l&rsquo;ambiance qui r\u00e8gne dans les rues anim\u00e9es, o\u00f9 artisans, commer\u00e7ants et p\u00eacheurs se c\u00f4toient, qui est une grande attraction touristique.<\/p>\n<p>En chemin, nous visiterons la coop\u00e9rative d&rsquo;Assafar, o\u00f9 l&rsquo;huile d&rsquo;argan est fabriqu\u00e9e et o\u00f9 seules les femmes travaillent. L&rsquo;argan \u00ab\u00a0<strong>L&rsquo;or v\u00e9ritable du Maroc<\/strong>\u00a0\u00bb poss\u00e8de de <strong>pr\u00e9cieuses propri\u00e9t\u00e9s nutritionnelles et dermatologiques<\/strong>. Sa production est artisanale et les ch\u00e8vres sont charg\u00e9es d&rsquo;initier le processus. Ces animaux grimpent sur les branches des arganiers, m\u00e2chent leurs fruits et crachent ensuite leurs pierres. Plus tard, les femmes les ramassent et les battent avec une pierre pour les \u00e9craser avec un moulin. Au cours de la visite de la coop\u00e9rative d&rsquo;<strong>Assafar<\/strong>, nous d\u00e9couvrirons la vie quotidienne de ses travailleurs, qui nous expliqueront en d\u00e9tail le processus complexe de fabrication de cette huile.<\/p>\n<p>L&rsquo;apr\u00e8s-midi\/le soir, nous retournerons \u00e0 Marrakech, o\u00f9 nous logerons \u00e0 l&rsquo;h\u00f4tel.<\/p>\n<h3>jour 9<br \/>\n<strong>Marrakech \u2013 Ville d&rsquo;origine<br \/>\n<\/strong><\/h3>\n<p>A l&rsquo;heure pr\u00e9vue, transfert \u00e0 l&rsquo;a\u00e9roport et fin de nos services.[\/vc_column_text][\/vc_column][\/vc_row]\n<\/section>","protected":false},"excerpt":{"rendered":"<p>[vc_row][vc_column][vc_column_text] jour 1 Ville d&rsquo;origine &#8211; Marrakech A l&rsquo;heure pr\u00e9vue, accueil \u00e0 l&rsquo;a\u00e9roport et transfert \u00e0 l&rsquo;h\u00f4tel, situ\u00e9 pr\u00e8s de la place Jamaa el Fna. jour 2 Marrakech Apr\u00e8s le petit d\u00e9jeuner, visite de la m\u00e9dina et de la c\u00e9l\u00e8bre place Jamaa el Fna, pr\u00e8s de l&rsquo;entr\u00e9e de la m\u00e9dina. Marrakech est, avec Mekn\u00e8s, F\u00e8s&hellip;<\/p>\n","protected":false},"featured_media":6342,"comment_status":"open","ping_status":"closed","template":"","meta":{"_acf_changed":false},"product_brand":[],"product_cat":[157],"product_tag":[],"class_list":{"0":"post-9337","1":"product","2":"type-product","3":"status-publish","4":"has-post-thumbnail","6":"product_cat-itineraires-fr","7":"entry","8":"has-media","10":"first","11":"instock","12":"shipping-taxable","13":"product-type-variable"},"acf":[],"_links":{"self":[{"href":"https:\/\/www.ramliatours.com\/fr\/wp-json\/wp\/v2\/product\/9337","targetHints":{"allow":["GET"]}}],"collection":[{"href":"https:\/\/www.ramliatours.com\/fr\/wp-json\/wp\/v2\/product"}],"about":[{"href":"https:\/\/www.ramliatours.com\/fr\/wp-json\/wp\/v2\/types\/product"}],"replies":[{"embeddable":true,"href":"https:\/\/www.ramliatours.com\/fr\/wp-json\/wp\/v2\/comments?post=9337"}],"wp:featuredmedia":[{"embeddable":true,"href":"https:\/\/www.ramliatours.com\/fr\/wp-json\/wp\/v2\/media\/6342"}],"wp:attachment":[{"href":"https:\/\/www.ramliatours.com\/fr\/wp-json\/wp\/v2\/media?parent=9337"}],"wp:term":[{"taxonomy":"product_brand","embeddable":true,"href":"https:\/\/www.ramliatours.com\/fr\/wp-json\/wp\/v2\/product_brand?post=9337"},{"taxonomy":"product_cat","embeddable":true,"href":"https:\/\/www.ramliatours.com\/fr\/wp-json\/wp\/v2\/product_cat?post=9337"},{"taxonomy":"product_tag","embeddable":true,"href":"https:\/\/www.ramliatours.com\/fr\/wp-json\/wp\/v2\/product_tag?post=9337"}],"curies":[{"name":"wp","href":"https:\/\/api.w.org\/{rel}","templated":true}]}}