{"id":9347,"date":"2016-11-14T13:17:23","date_gmt":"2016-11-14T13:17:23","guid":{"rendered":"https:\/\/www.ramliatours.com\/tours\/le-sud-du-maroc-terre-du-peuple-bereber\/"},"modified":"2019-07-11T19:55:33","modified_gmt":"2019-07-11T18:55:33","slug":"le-sud-du-maroc-terre-du-peuple-bereber","status":"publish","type":"product","link":"https:\/\/www.ramliatours.com\/fr\/circuits\/le-sud-du-maroc-terre-du-peuple-bereber\/","title":{"rendered":"Le sud du Maroc, terre du peuple berb\u00e8re"},"content":{"rendered":"<section class=\"wpb-content-wrapper\">[vc_row][vc_column][vc_column_text]\n<h3>jour 1<br \/>\n<strong>Ville d&rsquo;origine \u2013 Marrakech<\/strong><\/h3>\n<p>A l&rsquo;heure pr\u00e9vue, accueil \u00e0 l&rsquo;a\u00e9roport et transfert \u00e0 l&rsquo;h\u00f4tel, situ\u00e9 pr\u00e8s de la place Jamaa el Fna.<\/p>\n<h3>jour 2<br \/>\n<strong>Marrakech<\/strong><\/h3>\n<p>Apr\u00e8s le petit d\u00e9jeuner, visite de la m\u00e9dina et de la c\u00e9l\u00e8bre place Jamaa el Fna, pr\u00e8s de l&rsquo;entr\u00e9e de la m\u00e9dina.<\/p>\n<p>Marrakech est, avec Mekn\u00e8s, F\u00e8s et Rabat, l&rsquo;une des quatre villes imp\u00e9riales du Maroc. Marrakech a \u00e9t\u00e9 fond\u00e9e en 1062 par Youssef Ibn Tachfin, le premier \u00e9mir de la dynastie berb\u00e8re almoravide et \u00e9tait la capitale de l&rsquo;Empire islamique.<br \/>\nMarrakech est l&rsquo;une des villes les plus importantes du Maroc, et se trouve dans le sud du pays, au pied de l&rsquo;Atlas. Elle poss\u00e8de de nombreux monuments du patrimoine mondial, ce qui en fait la principale attraction touristique du pays.<\/p>\n<p>Marrakech, est connue pour la ville rouge en raison de la couleur de ses b\u00e2timents. En 2001, l&rsquo;UNESCO a d\u00e9clar\u00e9 la place Djemaa patrimoine oral de l&rsquo;humanit\u00e9, l&rsquo;une des places les plus fr\u00e9quent\u00e9es d&rsquo;Afrique et du monde. Tout \u00e0 Marrakech tourne autour de DJamaa la Fna, une multitude de gens se rassemblent dans cet espace public qui le remplit de couleurs et de culture ; musiciens, conteurs, charmeurs de serpents, danseurs, dentistes, vendeurs de jus de fruits, acrobates, \u00e9crivains, porteurs d&rsquo;eau, vendeurs de plantes m\u00e9dicinales. . . Au cr\u00e9puscule, la place se remplit de stands de nourriture \u00e9clair\u00e9s par des centaines de lumi\u00e8res, et \u00e0 la tomb\u00e9e de la nuit, un nombre infini de personnes se rassemblent pour manger. Au loin, en observant la sc\u00e8ne de la place, se trouve le plus ancien monument almohade de la ville, la mosqu\u00e9e de Katoubia, c\u00e9l\u00e8bre surtout pour son minaret \u00e0 base carr\u00e9e, que Yacoub a construit le Mansour \u00e0 la fin du XIIe si\u00e8cle, et qui repr\u00e9senta la r\u00e9f\u00e9rence de la Giralda de S\u00e9ville et de la Tour Hasan \u00e0 Rabat. La Tour Katubia est le b\u00e2timent le plus haut de Marrakech et, avec ses 77 m\u00e8tres de hauteur, domine la M\u00e9dina et peut \u00eatre vue de loin lorsque vous atteignez la ville.<\/p>\n<p>Au nord de la place Djemaa el Fna se trouve le souk, o\u00f9 chaque secteur porte le nom du principal type de marchandises qu&rsquo;il offre (v\u00eatements, \u00e9pices, fourrures, babouches, tapis, laine, bois, c\u00e9ramique, etc.), ou les ateliers des artisans (teinturiers, charpentiers, forgerons, etc.). Le souk des tapis occupe la zone de l&rsquo;ancien march\u00e9 aux esclaves. Au nord-est du souk se trouve le quartier des tanneurs, qui s&rsquo;\u00e9tend le long de la rue Bab Debbagh, ainsi appel\u00e9e en raison de la porte portant le m\u00eame nom.<\/p>\n<p>La M\u00e9dina, la vieille ville, est prot\u00e9g\u00e9e par un cordon de bastions en terre rouge entourant un labyrinthe de ruelles pleines de palais, march\u00e9s, mosqu\u00e9es, d\u00f4mes et minarets. La M\u00e9dina de Marrakech a \u00e9t\u00e9 d\u00e9clar\u00e9e Patrimoine de l&rsquo;Humanit\u00e9 par l&rsquo;UNESCO en 1985, et est aujourd&rsquo;hui un site incontournable. Son c\u0153ur et son point de d\u00e9part est la grande place Djemaa el Fna. H\u00e9bergement \u00e0 l&rsquo;h\u00f4tel.<\/p>\n<h3>jour 3<br \/>\n<strong>Marrakech \u2013 Essaouira<\/strong><\/h3>\n<p class=\"imgCenter\"><strong>\u00ab\u00a0Une promenade dans la m\u00e9dina et manger du bon poisson, un des plaisirs d&rsquo;Essaouira.\u00a0\u00bb<\/strong><\/p>\n<p>Apr\u00e8s le petit d\u00e9jeuner, nous irons \u00e0 la ville blanche d&rsquo;Essaouira.<br \/>\nEssaouira, en Amogdul berb\u00e8re \u00ab\u00a0le bien gard\u00e9\u00a0\u00bb. Situ\u00e9e \u00e0 170 kilom\u00e8tres \u00e0 l&rsquo;ouest de Marrakech, se trouve l&rsquo;ancienne ville de Mogador, ainsi appel\u00e9e pour \u00eatre un lieu historiquement li\u00e9 au Portugal, qui y a \u00e9tabli un \u00e9tablissement commercial.<\/p>\n<p>Essaouira, est une petite ville fortifi\u00e9e baign\u00e9e par l&rsquo;Atlantique, fond\u00e9e en 1764 par le sultan alaouite Sidi Mohammed Ben Abdallah. Ses fortifications jouissent d&rsquo;une vue sur la mer et la m\u00e9dina.<\/p>\n<p>Sa m\u00e9dina ou vieille ville est inscrite au patrimoine mondial de l&rsquo;humanit\u00e9 depuis 2001. Essaouira est l&rsquo;une des villes les plus attractives de toute la c\u00f4te atlantique marocaine gr\u00e2ce \u00e0 son climat temp\u00e9r\u00e9 toute l&rsquo;ann\u00e9e, \u00e0 la gentillesse de ses habitants, \u00e0 son patrimoine culturel et architectural, mais surtout \u00e0 l&rsquo;ambiance qui r\u00e8gne dans les rues anim\u00e9es, o\u00f9 se c\u00f4toient artisans, commer\u00e7ants et p\u00eacheurs, ce qui constitue une attraction \u00e9norme pour les visiteurs.<\/p>\n<p>Dans cette ville, il y a toujours eu un \u00e9change culturel qui continue d&rsquo;\u00eatre maintenu. Depuis 1998, le Festival Gnawa et musiques du monde d&rsquo;Essaouira a lieu chaque ann\u00e9e en juin. Cet \u00e9v\u00e9nement rassemble des centaines d&rsquo;artistes locaux et internationaux qui pr\u00e9sentent un m\u00e9lange musical de musiciens avec un grand r\u00e9pertoire de diff\u00e9rents th\u00e8mes et styles tels que le jazz, la pop, le rock ou le reggae.<br \/>\nNuit au Riad.<\/p>\n<h3>jour 4<br \/>\n<strong>Essaouira &#8211; Agadir<\/strong><\/h3>\n<p>Apr\u00e8s le petit d\u00e9jeuner, nous suivrons la route parall\u00e8le \u00e0 l&rsquo;oc\u00e9an. Les for\u00eats d&rsquo;arganiers, les espaces prot\u00e9g\u00e9s, les plages et le surf rendent cet itin\u00e9raire plus agr\u00e9able. Nous arriverons au village d&rsquo;El Ghazoua, o\u00f9 nous ferons un d\u00e9tour qui nous m\u00e8nera au Cap Sim, un endroit spectaculaire entre la mer et le d\u00e9sert du Sahara entour\u00e9 de dunes avec des plages vierges et un petit village de p\u00eacheurs. Nous continuerons vers Sidi Koauki, une plage large et \u00e9tendue \u00e0 c\u00f4t\u00e9 d&rsquo;une for\u00eat de Tuyas ; le nom du lieu est en l&rsquo;honneur d&rsquo;un saint homme du XIXe si\u00e8cle, dont le sanctuaire, situ\u00e9 \u00e0 la fin de la plage (morabito), attire chaque ann\u00e9e en ao\u00fbt de nombreux p\u00e8lerins. A Sidi Koauki, nous aurons la possibilit\u00e9 de faire une promenade \u00e0 cheval ou \u00e0 dos de chameau sur la m\u00eame plage. Nous continuerons notre voyage vers la vue spectaculaire sur l&rsquo;oc\u00e9an Atlantique au Cap Rhir, et continuerons vers Taghazout, un petit village touristique qui jouit d&rsquo;un climat doux toute l&rsquo;ann\u00e9e, sa plage de 7 km de sable fin est un centre de surf de renomm\u00e9e mondiale. En cours de route, il y a la possibilit\u00e9 de visiter les coop\u00e9ratives de femmes qui fabriquent l&rsquo;huile d&rsquo;argan. De l\u00e0, nous continuons vers Agadir, une ville situ\u00e9e entre l&rsquo;Anti-Atlas et le d\u00e9sert du Sahara. Nuit \u00e0 l&rsquo;h\u00f4tel.<\/p>\n<h3>jour 5<br \/>\n<strong>Agadir<\/strong><\/h3>\n<p>Journ\u00e9e libre pour profiter de la plage.<br \/>\nLa baie d&rsquo;Agadir est le centre touristique par excellence du Maroc, sa plage de sable fin de 10 km et plus de 300 jours de soleil par an l&rsquo;agr\u00e9mentent.<\/p>\n<p>Nuit \u00e0 l&rsquo;h\u00f4tel.<\/p>\n<h3>jour 6<br \/>\n<strong>Agadir &#8211; Si di R\u2019bat &#8211; Parc national de Souss-Massa \u2013 Sidi Ifni<\/strong><\/h3>\n<p>Petit d\u00e9jeuner et d\u00e9part d&rsquo;Agadir pour le paysage c\u00f4tier spectaculaire qui se compose principalement de petites falaises tr\u00e8s battues par la force de la mer Atlantique o\u00f9 elles gardent des plages avec des syst\u00e8mes dunaires accentu\u00e9s jusqu&rsquo;\u00e0 atteindre le Parc National Souss-Massa d\u00e9clar\u00e9 R\u00e9serve de Biosph\u00e8re par l&rsquo;UNESCO en 1980. Paradis des oiseaux, des milliers d&rsquo;oiseaux migrateurs arrivent chaque printemps des r\u00e9gions du Sahel, de l&rsquo;Afrique \u00e9quatoriale et des c\u00f4tes du Sahara. Nous visiterons la plage de Si di R&rsquo;bat, une plage vierge d&rsquo;environ 8 kilom\u00e8tres de long, situ\u00e9e dans un environnement sauvage.<\/p>\n<p>Ensuite, nous suivrons la route c\u00f4ti\u00e8re jusqu&rsquo;\u00e0 la plage de Legzira, une merveille naturelle entre Mirleft et Sidi Ifni, cette plage poss\u00e8de d&rsquo;imposantes arches rocheuses naturelles rouge\u00e2tres d&rsquo;une grande beaut\u00e9 avec des hauteurs impressionnantes qui vous permettent de vous sentir insignifiant en marchant sous eux. Nuit \u00e0 l&rsquo;h\u00f4tel.<\/p>\n<h3>jour 7<br \/>\n<strong>Sidi Ifni \u2013 Route de la rivi\u00e8re Draa &#8211; Zagora<\/strong><\/h3>\n<p>Petit d\u00e9jeuner et nous partirons vers la route de la vall\u00e9e du fleuve Draa jusqu&rsquo;\u00e0 arriver \u00e0 Zagora \u00ab\u00a0la Porte du D\u00e9sert\u00a0\u00bb, point de d\u00e9part des caravanes qui sont parties pour Tumbuct\u00fa. Vall\u00e9e pr\u00e9-saharienne par excellence, point de rencontre entre montagnes et d\u00e9sert, parsem\u00e9e de belles palmeraies, de belles oasis et de grands ksours ou alcazabas.<\/p>\n<p>Les villes le long de la route ont des souks anim\u00e9s et color\u00e9s o\u00f9 les nomades se rassemblent pour acheter et \u00e9changer des produits. Depuis neuf si\u00e8cles, cette r\u00e9gion voit passer des caravanes maliennes charg\u00e9es d&rsquo;\u00e9pices, d&rsquo;or et de tissus. Apr\u00e8s un long voyage, nous arriverons \u00e0 Zagora et resterons \u00e0 l&rsquo;h\u00f4tel.<\/p>\n<h3>jour 8<br \/>\n<strong>Zagora \u2013 Oasis de Ramlia<\/strong><\/h3>\n<p>Apr\u00e8s le petit d\u00e9jeuner, nous quitterons Zagora et prendrons la route du d\u00e9sert vers l&rsquo;oasis de Ramlia, une belle oasis de palmiers dans la r\u00e9gion de Tafilalt, situ\u00e9e au sud-est de l&rsquo;Erg Chebbi (d\u00e9sert du Sahara). Les habitants de l&rsquo;oasis de Ramlia sont d&rsquo;anciens nomades, ils appartiennent tous \u00e0 la tribu des A\u00eft Khebbach, qui fait partie du grand groupe amazigh des Ait Atta du d\u00e9sert du Sahara du sud-est du Maroc et se caract\u00e9risent par leur grande hospitalit\u00e9 et leur mode de vie traditionnel. Pour rejoindre Ramlia, nous sommes oblig\u00e9s de suivre le parcours du rallye Paris-Dakar, \u00e0 travers de magnifiques paysages d\u00e9sol\u00e9s. Les oasis de Tafilalt, pendant des si\u00e8cles, furent la derni\u00e8re station des caravanes avant d&rsquo;entrer dans le Sahara pour atteindre les march\u00e9s des royaumes noirs, avec Tombouctou en t\u00eate.<\/p>\n<p>Nous passerons la nuit dans un h\u00f4tel au c\u0153ur le plus authentique du d\u00e9sert (possibilit\u00e9 de dormir dans un haima berb\u00e8re) et profiterons d&rsquo;un d\u00eener traditionnel anim\u00e9 par le son du tam-tam (tambour).<\/p>\n<h3>jour 9<br \/>\n<strong>Oasis de Ramlia &#8211; Merzouga<\/strong><\/h3>\n<p>Nous nous l\u00e8verons t\u00f4t pour voir le lever du soleil dans les dunes, et apr\u00e8s un bon petit d\u00e9jeuner nous visiterons l&rsquo;oasis de Ramlia. Apr\u00e8s le d\u00e9jeuner, nous nous dirigeons vers Merzouga, un petit village du sud-est du Maroc situ\u00e9 au pied des grandes dunes. Aussi connu sous le nom de Gran Erg Chebi, le plus \u00e9lev\u00e9 du pays. Nous quitterons le 4&#215;4 et chevaucherons les chameaux qui nous emm\u00e8neront au c\u0153ur du d\u00e9sert pour profiter d&rsquo;un coucher de soleil inoubliable. Merzouga est aussi connue comme \u00ab\u00a0La Porte des Dunes\u00a0\u00bb. Escalader les dunes et regarder le coucher et le lever du soleil sont quelques exp\u00e9riences qui ne nous laissent certainement pas indiff\u00e9rents. D\u00eener et nuit dans un h\u00f4tel situ\u00e9 au pied des dunes. (Possibilit\u00e9 de dormir dans un haima berb\u00e8re traditionnel).<\/p>\n<h3>jour 10<br \/>\n<strong>Merzouga \u2013 Rissani &#8211; Ouarzazate<\/strong><\/h3>\n<p>Apr\u00e8s le petit d\u00e9jeuner, nous partirons pour Rissani, \u00e0 35 km de Merzouga, nous visiterons le march\u00e9, un important centre commercial fr\u00e9quent\u00e9 par les gens du d\u00e9sert. Le march\u00e9 de Rissani est ancestral, dans lequel il y a des artisans du bois, de la vente de b\u00e9tail, d&rsquo;\u00e9pices&#8230; ici nous pourrons voir le curieux Parking des \u00e2nes, o\u00f9 les gens qui vont au march\u00e9 gardent les animaux ici.<\/p>\n<p>Rissani est aussi un lieu de rencontre pour les collectionneurs, les chasseurs de fossiles et les chercheurs ; \u00e0 proximit\u00e9 se trouvent de nombreuses carri\u00e8res de min\u00e9raux et de gisements fossiles.<\/p>\n<p>Historiquement, Rissani \u00e9tait un royaume entre le 8\u00e8me et le 14\u00e8me si\u00e8cle, connu sous le nom de Siyilmasa et tr\u00e8s important dans la r\u00e9gion en raison des caravanes transsahariennes et du mouvement commercial qui existait \u00e0 l&rsquo;\u00e9poque, rival de F\u00e8s et de Marrakech. D&rsquo;ici sont arriv\u00e9es de grandes caravanes de chameaux qui exportaient des m\u00e9taux, des tissus et des dattes au Soudan et en Guin\u00e9e.<\/p>\n<p>Ibn Battuta raconte son voyage au Mali en 1352 :<br \/>\n<em>Je suis arriv\u00e9 dans la ville de Siyilmasa, qui est l&rsquo;une des plus belles et des plus abondantes en excellentes dates, dans laquelle la ville de Bassorah lui ressemble, mais celles de Siyilmasa sont meilleures (&#8230;) J&rsquo;ai acquis des chameaux et je suis parti en voyage dans une caravane o\u00f9 beaucoup de marchands de Siyilmasa voyageaient&#8230;<\/em><\/p>\n<p>Apr\u00e8s le d\u00e9jeuner, nous irons \u00e0 Ouarzarzate o\u00f9 nous passerons la nuit.<\/p>\n<h3>jour 11<br \/>\n<strong>Ouarzazate \u2013 Ait Ben Haddou &#8211; Marrakech<\/strong><\/h3>\n<p>Apr\u00e8s le petit d\u00e9jeuner, nous continuerons notre route \u00e0 travers les montagnes du Haut Atlas pour atteindre la ville fortifi\u00e9e, ou kasbah d&rsquo;Ait-Ben-Haddou, qui a \u00e9t\u00e9 fond\u00e9e \u00e0 l&rsquo;\u00e9poque de la route des caravanes entre le d\u00e9sert du Sahara et la ville actuelle de Marrakech. Les kasbahs \u00e9taient autrefois de grands villages berb\u00e8res fortifi\u00e9s con\u00e7us pour d\u00e9fendre la r\u00e9colte et les palmeraies qui poussent le long de leurs lits. Ait-Ben-Haddou est prot\u00e9g\u00e9 par l&rsquo;UNESCO en tant que site du patrimoine mondial depuis 1987. En raison de la beaut\u00e9 de son environnement avec des paysages naturels \u00e0 couper le souffle, de nombreux films sont tourn\u00e9s ici. Apr\u00e8s la visite de la kasbah, nous suivrons la route \u00e0 travers le port de Tichka Tizin, le point culminant du Haut Atlas, la route traverse le territoire amazigh (berb\u00e8re) avec des vues \u00e0 couper le souffle, pour atteindre Marrakech, la ville des Mille et une Nuits. S\u00e9jour \u00e0 l&rsquo;h\u00f4tel.<\/p>\n<h3>jour 12<br \/>\n<strong>Marrakech &#8211; Ville de destination<\/strong><\/h3>\n<p>A l&rsquo;heure pr\u00e9vue, transfert \u00e0 l&rsquo;a\u00e9roport et fin de nos services.[\/vc_column_text][\/vc_column][\/vc_row]\n<\/section>","protected":false},"excerpt":{"rendered":"<p>[vc_row][vc_column][vc_column_text] jour 1 Ville d&rsquo;origine \u2013 Marrakech A l&rsquo;heure pr\u00e9vue, accueil \u00e0 l&rsquo;a\u00e9roport et transfert \u00e0 l&rsquo;h\u00f4tel, situ\u00e9 pr\u00e8s de la place Jamaa el Fna. jour 2 Marrakech Apr\u00e8s le petit d\u00e9jeuner, visite de la m\u00e9dina et de la c\u00e9l\u00e8bre place Jamaa el Fna, pr\u00e8s de l&rsquo;entr\u00e9e de la m\u00e9dina. Marrakech est, avec Mekn\u00e8s, F\u00e8s&hellip;<\/p>\n","protected":false},"featured_media":6321,"comment_status":"open","ping_status":"closed","template":"","meta":{"_acf_changed":false},"product_brand":[],"product_cat":[157],"product_tag":[],"class_list":{"0":"post-9347","1":"product","2":"type-product","3":"status-publish","4":"has-post-thumbnail","6":"product_cat-itineraires-fr","7":"entry","8":"has-media","10":"first","11":"instock","12":"shipping-taxable","13":"product-type-simple"},"acf":[],"_links":{"self":[{"href":"https:\/\/www.ramliatours.com\/fr\/wp-json\/wp\/v2\/product\/9347","targetHints":{"allow":["GET"]}}],"collection":[{"href":"https:\/\/www.ramliatours.com\/fr\/wp-json\/wp\/v2\/product"}],"about":[{"href":"https:\/\/www.ramliatours.com\/fr\/wp-json\/wp\/v2\/types\/product"}],"replies":[{"embeddable":true,"href":"https:\/\/www.ramliatours.com\/fr\/wp-json\/wp\/v2\/comments?post=9347"}],"wp:featuredmedia":[{"embeddable":true,"href":"https:\/\/www.ramliatours.com\/fr\/wp-json\/wp\/v2\/media\/6321"}],"wp:attachment":[{"href":"https:\/\/www.ramliatours.com\/fr\/wp-json\/wp\/v2\/media?parent=9347"}],"wp:term":[{"taxonomy":"product_brand","embeddable":true,"href":"https:\/\/www.ramliatours.com\/fr\/wp-json\/wp\/v2\/product_brand?post=9347"},{"taxonomy":"product_cat","embeddable":true,"href":"https:\/\/www.ramliatours.com\/fr\/wp-json\/wp\/v2\/product_cat?post=9347"},{"taxonomy":"product_tag","embeddable":true,"href":"https:\/\/www.ramliatours.com\/fr\/wp-json\/wp\/v2\/product_tag?post=9347"}],"curies":[{"name":"wp","href":"https:\/\/api.w.org\/{rel}","templated":true}]}}