{"id":9360,"date":"2016-11-17T11:44:55","date_gmt":"2016-11-17T11:44:55","guid":{"rendered":"https:\/\/www.ramliatours.com\/tours\/visite-guidee-de-la-ville-de-marrakech\/"},"modified":"2019-07-11T20:50:04","modified_gmt":"2019-07-11T19:50:04","slug":"visite-guidee-de-la-ville-de-marrakech","status":"publish","type":"product","link":"https:\/\/www.ramliatours.com\/fr\/circuits\/visite-guidee-de-la-ville-de-marrakech\/","title":{"rendered":"Visite guid\u00e9e de la ville de Marrakech"},"content":{"rendered":"<p>La visite d&rsquo;une journ\u00e9e commence sur la place de la <strong>mosqu\u00e9e de la Koutoubia<\/strong>, \u00e0 c\u00f4t\u00e9 de la place de <strong>Jamaa el Fna<\/strong>, d&rsquo;o\u00f9 nous entrons dans la m\u00e9dina catalogu\u00e9e par l&rsquo;UNESCO comme site du patrimoine mondial, fl\u00e2nons dans les rues du souk et visitons les principales attractions historiques qui h\u00e9bergent <strong>la m\u00e9dina<\/strong>. Les tombeaux <strong>Saadi, la Medersa Ben Youssef, le palais El Badi<\/strong>. A la sortie de la m\u00e9dina, nous prendrons un th\u00e9 \u00e0 la menthe sur les terrasses de la place anim\u00e9e Jamaa el Fna. \u00ab\u00a0Un monde sur une place\u00a0\u00bb, d\u00e9clar\u00e9 patrimoine oral de l&rsquo;humanit\u00e9 par l&rsquo;UNESCO, tout \u00e0 <strong>Marrakech<\/strong> tourne autour de la place Jamaa el Fna, dans cet espace public o\u00f9 se rassemblent musiciens, conteurs, charmeurs de serpents, danseurs, dentistes, vendeurs de jus de fruits, acrobates, \u00e9crivains, porteurs d&rsquo;eau, marchands de plantes. . . Au cr\u00e9puscule, la place se remplit de stands de nourriture \u00e9clair\u00e9s par des centaines de lumi\u00e8res, et \u00e0 la tomb\u00e9e de la nuit, un nombre infini de personnes se rassemblent pour manger.<\/p>\n","protected":false},"excerpt":{"rendered":"<p>La visite d&rsquo;une journ\u00e9e commence sur la place de la mosqu\u00e9e de la Koutoubia, \u00e0 c\u00f4t\u00e9 de la place de Jamaa el Fna, d&rsquo;o\u00f9 nous entrons dans la m\u00e9dina catalogu\u00e9e par l&rsquo;UNESCO comme site du patrimoine mondial, fl\u00e2nons dans les rues du souk et visitons les principales attractions historiques qui h\u00e9bergent la m\u00e9dina. Les tombeaux&hellip;<\/p>\n","protected":false},"featured_media":7203,"comment_status":"open","ping_status":"closed","template":"","meta":{"_acf_changed":false},"product_brand":[],"product_cat":[155],"product_tag":[],"class_list":{"0":"post-9360","1":"product","2":"type-product","3":"status-publish","4":"has-post-thumbnail","6":"product_cat-excursions-fr","7":"entry","8":"has-media","10":"first","11":"instock","12":"shipping-taxable","13":"product-type-simple"},"acf":[],"_links":{"self":[{"href":"https:\/\/www.ramliatours.com\/fr\/wp-json\/wp\/v2\/product\/9360","targetHints":{"allow":["GET"]}}],"collection":[{"href":"https:\/\/www.ramliatours.com\/fr\/wp-json\/wp\/v2\/product"}],"about":[{"href":"https:\/\/www.ramliatours.com\/fr\/wp-json\/wp\/v2\/types\/product"}],"replies":[{"embeddable":true,"href":"https:\/\/www.ramliatours.com\/fr\/wp-json\/wp\/v2\/comments?post=9360"}],"wp:featuredmedia":[{"embeddable":true,"href":"https:\/\/www.ramliatours.com\/fr\/wp-json\/wp\/v2\/media\/7203"}],"wp:attachment":[{"href":"https:\/\/www.ramliatours.com\/fr\/wp-json\/wp\/v2\/media?parent=9360"}],"wp:term":[{"taxonomy":"product_brand","embeddable":true,"href":"https:\/\/www.ramliatours.com\/fr\/wp-json\/wp\/v2\/product_brand?post=9360"},{"taxonomy":"product_cat","embeddable":true,"href":"https:\/\/www.ramliatours.com\/fr\/wp-json\/wp\/v2\/product_cat?post=9360"},{"taxonomy":"product_tag","embeddable":true,"href":"https:\/\/www.ramliatours.com\/fr\/wp-json\/wp\/v2\/product_tag?post=9360"}],"curies":[{"name":"wp","href":"https:\/\/api.w.org\/{rel}","templated":true}]}}