{"id":7587,"date":"2016-11-18T13:58:46","date_gmt":"2016-11-18T12:58:46","guid":{"rendered":"http:\/\/www.ramliatours.com\/tours\/capodanno-nel-deserto\/"},"modified":"2024-12-07T22:33:54","modified_gmt":"2024-12-07T21:33:54","slug":"capodanno-nel-deserto","status":"publish","type":"product","link":"https:\/\/www.ramliatours.com\/it\/circuiti\/capodanno-nel-deserto\/","title":{"rendered":"Capodanno nel Deserto"},"content":{"rendered":"<section class=\"wpb-content-wrapper\">[vc_row][vc_column][vc_column_text]Quest&#8217;anno ci porter\u00e0 un grande viaggio per Capodanno. 9 giorni in Marocco<\/p>\n<p>Non c&#8217;\u00e8 ressa, godendo l&#8217;ospitalit\u00e0 berbera, cucina tradizionale e crogiolarsi al sole meraviglioso in attesa del nuovo anno con il suono del tam-tam.<\/p>\n<p>&nbsp;<\/p>\n<h3>Dicembre 26<\/h3>\n<p>All&#8217;ora stabilita, l\u2019accoglienza all&#8217;aeroporto di Marrakech e trasferimento in hotel, che si trova vicino alla <strong>Jamaa el Fna<\/strong>.<\/p>\n<h3>Dicembre 27<\/h3>\n<p>Dopo la prima colazione visita alla famosa, esotica e splendente <strong>Jamaa el Fna<\/strong>, Dichiarato Patrimonio Culturale dell&#8217;Umanit\u00e0 dall&#8217;UNESCO, all&#8217;ingresso della medina.<\/p>\n<h3>Dicembre 28<\/h3>\n<p>Viaggeremo con veicoli 4&#215;4, che attraversano la Atlas dal Tichka Tizin ad Ait Ben Haddou, Ksar, dichiarata Patrimonio Mondiale dell&#8217;UNESCO, da qui, nella Valle del Dades fino a Zagora . Cena e pernottamento in hotel.<\/p>\n<h3>Dicembre 29<\/h3>\n<p>Lunedi ci si recher\u00e0 a visitare lungo uno dei percorsi utilizzati per il Rally Parigi-Dakar,\u00a0 l&#8217;oasi di Ramlia, Ouzina e Jdayd. Cena e pernottamento in mezzo al deserto in Haimas (tenda berbera)<\/p>\n<h3>Dicembre 30<\/h3>\n<p>Proseguendo lungo la pista si arriver\u00e0 a Merzouga\u00a0 e al <strong>Grand Erg Chebi<\/strong>.\u00a0 Lasceremo il 4&#215;4 e monteremo sui cammelli che ci porteranno nell cuore del deserto per ammirare un tramonto indimenticabile. Cena e pernottamento in mezzo al deserto in Haimas (tenda berbera)<\/p>\n<h3>Dicembre 31<\/h3>\n<p>Sveglia presto per vedere l&#8217;alba sulle dune, e\u00a0 dopo una buona colazione ci dirigiamo verso Merzouga e Rissani a visitare il suo mercato leggendario. Nel pomeriggio si prosegue verso l&#8217;oasi di Ramlia, dove si dar\u00e0 il benvenuto al nuovo anno con una cena tipica con il suono dei\u00a0 <strong>TAM-TAM berberi <\/strong>nel cuore pi\u00f9 autentico del deserto.<\/p>\n<h3>Gennaio 1<\/h3>\n<p>Dopo la prima colazione, ci dirigiamo verso Alnif dove inizia il sentiero delle Gole del Todra,dalla citt\u00e0 di Tinerhir al termine di una valle di palme e di villaggi di fango circondato da montagne scoscese e brulle: una delle pi\u00f9 famose attrazioni naturali del Marocco, un miglio di roccia alta 300metri. Da qui si andr\u00e0 alla <strong>Gole di Dades<\/strong>. Cena e pernottamento in un albergo nelle gole.<\/p>\n<h3>Gennaio 2<\/h3>\n<p>Prima colazione e partenza per visitare le <strong>Gole di Dades<\/strong>, con le sue gole e canyon. Lungo il percorso si passa attraverso villaggi berberi come <strong>Boutaghar<\/strong> e <strong>Skoura, <\/strong>situato nel cuore della valle delle palme. Nel pomeriggio si seguir\u00e0 il percorso delle montagne dell&#8217;Alto Atlante fino a Marrakech, citt\u00e0 dei Mille e una notte, dove abbiamo soggiornato all&#8217;hotel della prima notte.<\/p>\n<h3>Gennaio 3<\/h3>\n<p>All&#8217;ora stabilita, ci si sposta verso l&#8217;aeroporto e fine del viaggio.<\/p>\n<p><a href=\"http:\/\/www.ramliatours.com\/it\/contatto.html\"><strong class=\"highlight\">Prenota ADESSO<\/strong><\/a><\/p>\n<p>Se questo programma non \u00e8 quello che stai cercando,\u00a0<a href=\"http:\/\/www.ramliatours.com\/it\/contatto.html\">richiedici i giorni che preferisci<\/a> e ti offriremo un&#8217;alternativa per il tuo viaggio.<\/p>\n<h2>Condizioni di viaggio<\/h2>\n<ul>\n<li><strong>Inizio e fine del viaggio<\/strong>Aeroporto di Marrakech<\/li>\n<li><strong>8 giorni <\/strong><\/li>\n<li><strong>Minimo gruppo<\/strong>: 4 persone<\/li>\n<li><strong>Prezzo:<\/strong> 800 \u20ac a persona<\/li>\n<\/ul>\n[\/vc_column_text][\/vc_column][\/vc_row]\n<\/section>","protected":false},"excerpt":{"rendered":"<p>[vc_row][vc_column][vc_column_text]Quest&#8217;anno ci porter\u00e0 un grande viaggio per Capodanno. 9 giorni in Marocco Non c&#8217;\u00e8 ressa, godendo l&#8217;ospitalit\u00e0 berbera, cucina tradizionale e crogiolarsi al sole meraviglioso in attesa del nuovo anno con il suono del tam-tam. &nbsp; Dicembre 26 All&#8217;ora stabilita, l\u2019accoglienza all&#8217;aeroporto di Marrakech e trasferimento in hotel, che si trova vicino alla Jamaa el&hellip;<\/p>\n","protected":false},"featured_media":7030,"comment_status":"open","ping_status":"closed","template":"","meta":{"_acf_changed":false},"product_brand":[],"product_cat":[161],"product_tag":[],"class_list":{"0":"post-7587","1":"product","2":"type-product","3":"status-publish","4":"has-post-thumbnail","6":"product_cat-offerte-it","7":"entry","8":"has-media","10":"first","11":"instock","12":"shipping-taxable","13":"product-type-simple"},"acf":[],"_links":{"self":[{"href":"https:\/\/www.ramliatours.com\/it\/wp-json\/wp\/v2\/product\/7587","targetHints":{"allow":["GET"]}}],"collection":[{"href":"https:\/\/www.ramliatours.com\/it\/wp-json\/wp\/v2\/product"}],"about":[{"href":"https:\/\/www.ramliatours.com\/it\/wp-json\/wp\/v2\/types\/product"}],"replies":[{"embeddable":true,"href":"https:\/\/www.ramliatours.com\/it\/wp-json\/wp\/v2\/comments?post=7587"}],"wp:featuredmedia":[{"embeddable":true,"href":"https:\/\/www.ramliatours.com\/it\/wp-json\/wp\/v2\/media\/7030"}],"wp:attachment":[{"href":"https:\/\/www.ramliatours.com\/it\/wp-json\/wp\/v2\/media?parent=7587"}],"wp:term":[{"taxonomy":"product_brand","embeddable":true,"href":"https:\/\/www.ramliatours.com\/it\/wp-json\/wp\/v2\/product_brand?post=7587"},{"taxonomy":"product_cat","embeddable":true,"href":"https:\/\/www.ramliatours.com\/it\/wp-json\/wp\/v2\/product_cat?post=7587"},{"taxonomy":"product_tag","embeddable":true,"href":"https:\/\/www.ramliatours.com\/it\/wp-json\/wp\/v2\/product_tag?post=7587"}],"curies":[{"name":"wp","href":"https:\/\/api.w.org\/{rel}","templated":true}]}}