{"id":8480,"date":"2016-11-16T10:08:10","date_gmt":"2016-11-16T09:08:10","guid":{"rendered":"http:\/\/www.ramliatours.com\/tours\/citta-imperiali-e-deserto\/"},"modified":"2019-07-08T20:17:24","modified_gmt":"2019-07-08T19:17:24","slug":"citta-imperiali-e-deserto","status":"publish","type":"product","link":"https:\/\/www.ramliatours.com\/it\/circuiti\/citta-imperiali-e-deserto\/","title":{"rendered":"Citta\u2019 Imperiali e Deserto"},"content":{"rendered":"<section class=\"wpb-content-wrapper\">[vc_row][vc_column][vc_column_text]\n<h3>Giorno 1<br \/>\n<strong> Italia-Casablanca<\/strong><\/h3>\n<p>Arrivo \u00a0all&#8217;aeroporto di Casablanca e trasferimento verso l\u2019 hotel.<\/p>\n<h3>Giorno 2<br \/>\n<strong> Casablanca-Fes<br \/>\n<\/strong><\/h3>\n<p>Visita alla moschea di Hassan II, edificata per volont\u00e0 del sovrano del Hassan II e inaugurata nel 1993, \u00e8 la moschea pi\u00f9 grande del Marocco e per dimensioni la terza moschea al mondo, sulla cima del minareto della moschea, il pi\u00f9 alto del mondo con i suoi 210 metri, \u00e8 montato un faro con un laser puntato verso \u201cLa Mecca\u201d.<\/p>\n<p>Partenza per Rabat. Visita della \u00a0citt\u00e0 e Il centro storico della citt\u00e0, tra cui i principali edifici e piazze, \u00e8 stata dichiarata Patrimonio dell&#8217;Umanit\u00e0 dall&#8217;UNESCO nel 2012, a Rabat trovare diverse attrazioni, come La Kasba degli Ouda\u00efa \u00e8 un quartiere fortificato, si entra all&#8217;interno della Kasba attraverso la Bab el Qudaia, porta monumentale di architettura Almohade. La Torre di Hassan, \u00e8 il minareto di una moschea rimasta incompleta Iniziata per ordine del sultano Yacoub al-Mansour, la torre doveva essere la pi\u00f9 grande del mondo assieme alla adiacente moschea, ma i lavori si interruppero alla sua morte nel 1199. La torre, realizzata in mattoni rossi, i resti della moschea e il moderno mausoleo di Mohammed V, Il mausoleo contiene la tomba di Mohammed V e dei suoi figli Moulay Abdellah e Hassan II. Venne costruito fra il 1961 ed il 1971, in dieci anni di lavoro al quale parteciparono 400 artigiani. L&#8217;architettura del mausoleo \u00e8 dovuta all&#8217;architetto vietnamita Eric Vo Toan, e si rif\u00e0 allo stile classico arabo-andaluso secondo l&#8217;arte tradizionale marocchina, formano uno dei pi\u00f9 importanti complessi storici e turistici di Rabat. Subito dopo partenza per Meknes e la foresta Mamora. Arrivo a Meknes, una citt\u00e0 che ha raggiunto il suo splendore grazie al Sultano Moulay Ismail. A \u00a027 km da Mekn\u00e8s ci sono le rovine della citt\u00e0 romana di Volubilis \u00e8 un sito archeologico romano, situato ai piedi del monte Zerhoun, a 27 km a nord di Meknes, e a 80 km a nord-oeste di Atlante. \u00c8 il sito archeologico pi\u00f9 noto del Marocco ed \u00e8 inserito nell&#8217;elenco dei patrimoni dell&#8217;umanit\u00e0 dell&#8217;UNESCO. \u00a0Segue la visita alla citt\u00e0 santa di Moulay Idriss. Proseguimento per Fez. Notte nel hotel.<\/p>\n<h3>Giorno 3<br \/>\n<strong> Fez<\/strong><\/h3>\n<p>Entera giornata dedicata alla scoperta della citt\u00e0 intellettuale del regno. Fez \u00e8 la capitale della regione di Fez-Bulman, si tratta di una delle quattro citt\u00e0 imperiali insieme a Marrakech, Rabat e Meknes. In Marocco \u00e8 considerato il centro religioso e culturale del paese. La citt\u00e0 \u00e8 divisa in tre parti, Fes el Bali, la citt\u00e0 vecchia all&#8217;interno delle mura, Fez-Jdid, la nuova zona dove si trova la Mellah, il quartiere ebraico e la Ville Nouvelle, la zona francese del nord-ovest della citt\u00e0. La medina di F\u00e8s el Bali, \u00e8 uno dei siti medievali pi\u00f9 grandi attualmente esistenti nel mondo. Tutti medina \u00e8 stata dichiarata Patrimonio dell&#8217;Umanit\u00e0 dall&#8217;UNESCO, il suo souk e vicoli sono rimasti immutati dal Medioevo.<\/p>\n<p>Dobbiamo visitare Inania Madrasa Bou, con le sue pregevoli opere in legno di cedro e decorazioni in stucco e marmo e onice, il Zaouia di Moulay Idriss, fondatore della citt\u00e0, il quartiere della gente di al-Andalus, con la sua moschea e la madrassa \u00e8-Sahrij. Hai anche a visitare il vecchio palazzo Dar Batha, in stile arabo andaluso dedicato alle arti e alle tradizioni di Fez, la Moschea Universit\u00e0 di Al-Karaouine che \u00e8 una delle pi\u00f9 antiche del mondo, fondata nel 859 da Fatima Al-Fihri, figlia di Mohammed Al-Fhri, un ricco mercante in questo momento; dopo la morte del padre, Fatima e sua sorella ricevuto un sacco di soldi, e poi hanno deciso di creare Fatima Universit\u00e0 Moschea. Notte nel riad.<\/p>\n<h3>Giorno 4<br \/>\n<strong>Fez &#8211; Merzouga<\/strong><\/h3>\n<p>Da Fez partenza verso il Medio Atlante, visita di Ifrane conosciuta come la Svizzera d&#8217;Africa. Si prosegue per Azrou &#8220;The Rock&#8221;, villaggio berbero conosciuto per il suo artigianato, i tappeti e le sculture in legno. Proseguimento per Midelt, la citt\u00e0 si trova su di un altopiano, circondata dal fiume Moulouya, sulla catena montuosa dell&#8217;Atlante. Stop per visitare le foreste di cedro famoso di Medio Atlante, sede di uno dei le comunit\u00e0 ultimo scimmie di Barberia, una specie di scimmia che pu\u00f2 essere vista solo qui e in Gibilterra. Si segue il percorso del Tizi Talghemt \u00a0a 1907 metri di altitudine, il paesaggio \u00e8 incantevole in quanto le montagne sono completamente brulle e coperte da un mantello viola. Poi ci siamo diretti verso alla impressionante Ziz valle, fiancheggiato da alte palme. Arrivo a Errachid\u00eda e attraverso il massiccio del Tafilalet, e da l\u00ec verso Merzouga, \u00e8 una piccola citt\u00e0 nel sud-est del Marocco, situata nella regione di Meknes-Tafilalet, circa 35 km a sud di Rissani. Merzouga \u00e8 anche conosciuta come &#8220;La porta delle Dune&#8221; di Erg Chebbi, da dove le dune si vede all&#8217;orizzonte la creazione di un paesaggio di bellezza. Salire le dune e guardare il tramonto e l&#8217;alba sono alcune esperienze che sicuramente non ci lascia indifferenti.<\/p>\n<p>Ai piedi delle dune, troviamo il Dayet Srji Lago, dove si possono vedere molti uccelli migratori. a Merzouga, godere di una passeggiata sul cammello e notte nella tenda berbera.<\/p>\n<h3>Giorno 5<br \/>\n<strong><b>Merzouga-Oasi Ramlia<\/b><\/strong><\/h3>\n<p>Sveglia presto per vedere l&#8217;alba sulle dune, Merzouga e in seguito una ricca colazione. Ci dirigeremo verso Rissani per visitare il suo leggendario mercato. Rissani \u00e8 un importante centro commerciale frequentato dalla gente del deserto, si tratta di un antico mercato, dove ci sono artigiani del legno, la vendita di bestiame, commercianti di spezie &#8230; \u00c8 possibile trovare il curioso Donkey Parcheggio, in cui vengono tenuti gli animali ed \u00e8 anche un luogo di acquisto e la vendita di loro. Nel centro di Rissani sorge il Ksar AbouAm, completamente abitato.<\/p>\n<p>Nel pomeriggio si prosegue verso l&#8217;oasi di Ramlia, un oasi di palme bella regione Tafilalt trova nel sud est del Erg Chebbi (deserto del Sahara), nel bordo di Algeria e Marocco, situato a 80 km da Rissani. Ramlia si trova nel bel mezzo del nulla, senza acqua della citt\u00e0, non c&#8217;\u00e8 elettricit\u00e0 e lontano da altre popolazioni attraverso strade non asfaltate. Per raggiungere Ramlia siano necessarie per seguire il rally Parigi-Dakar percorso, attraversando paesaggi desolati molto bella. Dove passeremo la notte in hotel, nel cuore pi\u00f9 autentico del deserto.<\/p>\n<h3>Giorno 6<br \/>\n<strong>Oasi Ramlia-Gole di Dades<\/strong><\/h3>\n<p>Dopo la prima colazione, ci dirigiamo verso Alnif dove comincia la pista per le Gole del Todra, vicino alla citt\u00e0 di Tinerhir, al termine di una valle di palme e di villaggi di fango circondati da montagne scoscese e brulle. Una delle pi\u00f9 famose attrazioni naturali del Marocco: pareti alte 300 metri lunghe un miglio. Da qui andremo delle Gole Dades, la valle del fiume Dades parte dalla Alto Atlante e si restringe a formare le gole dove, secondo la popolazione locale, fino a mille Kasbah sono nascosti Cena e pernottamento in un albergo nelle gole.<\/p>\n<h3>Giorno 7<br \/>\n<strong><b>Gole di Dades &#8211; Marrakech<\/b><\/strong><\/h3>\n<p>Prima colazione e partenza per le Gole Dades, con le sue gole e canyon. Lungo il percorso si passa attraverso i villaggi berberi come Skoura e Boutaghar situati nel cuore della valle delle palme. La gola di Dades \u00e8 una profonda gola del fiume Dades, tra le citt\u00e0 di Boumalne Dades e Msemrir. Lungo la valle si possono trovare diverse citt\u00e0 il cui nucleo \u00e8 Boumalne Dades. L&#8217;area \u00e8 popolata in gran parte da membri di trib\u00f9 imazighen diversi (berbero). A nord di Boumalne, formazioni rocciose combinato con l&#8217;architettura tradizionale di Ksares Adobe e kasbahs sembrano nascere dalla roccia stessa e mostra una particolare bellezza. Prima di arrivare a Boumalne, in gola Tamlat, le rocce acquisire forme curiose a causa dell&#8217;erosione del vento e sono popolarmente noto come &#8220;dita di scimmia&#8221;.<\/p>\n<p>Nel pomeriggio si seguir\u00e0 il percorso delle montagne dell&#8217;Alto Atlante fino a Marrakech, citt\u00e0 delle Mille e una notte. Soggiorno presso l\u2019hotel<\/p>\n<h3>Giorno 8<br \/>\n<strong>Marrakech<\/strong><\/h3>\n<p>Dopo la prima colazione visita alla rinomata piazza Jamaa el Fna, e ingresso presso la medina. Marrakeck, situata nel sud del paese, \u00e8 una delle pi\u00f9 importanti citt\u00e0 del Marocco. Ha numerosi monumenti dichiarati Patrimonio dell&#8217;Umanit\u00e0 che la rende la principale attrazione turistica del paese. Marrakech, la citt\u00e0 rosa per il colore dei suoi edifici, i colori predominanti nell&#8217;ambiente, si trova ai piedi dell&#8217;Atlante. Nel 2001 l&#8217;UNESCO ha dichiarato la piazza Djemaa el Fna orale come Patrimonio dell&#8217;Umanit\u00e0.<\/p>\n<p>In lontananza, guardando la scena della piazza, si pu\u00f2 vedere il monumento pi\u00f9 antico almohade in citt\u00e0, il Katubia. Nel nord della piazza Djemaa el Fna \u00e8 possibile trovare il souk, con ogni settore ha il nome del il tipo principale di merci is offered (vestiti, spezie, cuoio, pantofole, tappeti, lana, legno, ceramica, ecc. ) o il nome dei laboratori artigiani (tintori, falegnami, fabbri, ecc). Il souk tappeto l&#8217;area del vecchio mercato degli schiavi. Nord-est del souk \u00e8 il quartiere dei conciatori, che si estende lungo la via Bab Debbagh. Questa strada prende questo nome perch\u00e9 si conclude verso la porta che porta lo stesso nome.<\/p>\n<p>La Medina \u00e8 la citt\u00e0 vecchia, protetta da un cordone di bastioni di terra rossa che racchiudono un dedalo di vicoli e palazzi, mercati e moschee, cupole e miranetes. La Medina di Marrakech \u00e8 stata dichiarata patrimonio dell&#8217;umanit\u00e0 dall&#8217;UNESCO nel 1985 ed \u00e8 oggi uno dei luoghi di visita obbligata. Marrakech \u00e8 il cuore grande piazza Djemaa el Fna.<\/p>\n<p>Pernottamento presso l\u2019hotel<\/p>\n<h3>Giorno 9<br \/>\n<strong><b>Marrakech &#8211; Italia <\/b><\/strong><\/h3>\n<p>All&#8217;ora stabilita transfer verso l&#8217;aeroporto e fine del viaggio.<\/p>\n[\/vc_column_text][\/vc_column][\/vc_row]\n<\/section>","protected":false},"excerpt":{"rendered":"<p>[vc_row][vc_column][vc_column_text] Giorno 1 Italia-Casablanca Arrivo \u00a0all&#8217;aeroporto di Casablanca e trasferimento verso l\u2019 hotel. Giorno 2 Casablanca-Fes Visita alla moschea di Hassan II, edificata per volont\u00e0 del sovrano del Hassan II e inaugurata nel 1993, \u00e8 la moschea pi\u00f9 grande del Marocco e per dimensioni la terza moschea al mondo, sulla cima del minareto della moschea,&hellip;<\/p>\n","protected":false},"featured_media":6370,"comment_status":"open","ping_status":"closed","template":"","meta":{"_acf_changed":false},"product_brand":[],"product_cat":[162],"product_tag":[],"class_list":{"0":"post-8480","1":"product","2":"type-product","3":"status-publish","4":"has-post-thumbnail","6":"product_cat-circuiti-it","7":"entry","8":"has-media","10":"first","11":"instock","12":"shipping-taxable","13":"product-type-simple"},"acf":[],"_links":{"self":[{"href":"https:\/\/www.ramliatours.com\/it\/wp-json\/wp\/v2\/product\/8480","targetHints":{"allow":["GET"]}}],"collection":[{"href":"https:\/\/www.ramliatours.com\/it\/wp-json\/wp\/v2\/product"}],"about":[{"href":"https:\/\/www.ramliatours.com\/it\/wp-json\/wp\/v2\/types\/product"}],"replies":[{"embeddable":true,"href":"https:\/\/www.ramliatours.com\/it\/wp-json\/wp\/v2\/comments?post=8480"}],"wp:featuredmedia":[{"embeddable":true,"href":"https:\/\/www.ramliatours.com\/it\/wp-json\/wp\/v2\/media\/6370"}],"wp:attachment":[{"href":"https:\/\/www.ramliatours.com\/it\/wp-json\/wp\/v2\/media?parent=8480"}],"wp:term":[{"taxonomy":"product_brand","embeddable":true,"href":"https:\/\/www.ramliatours.com\/it\/wp-json\/wp\/v2\/product_brand?post=8480"},{"taxonomy":"product_cat","embeddable":true,"href":"https:\/\/www.ramliatours.com\/it\/wp-json\/wp\/v2\/product_cat?post=8480"},{"taxonomy":"product_tag","embeddable":true,"href":"https:\/\/www.ramliatours.com\/it\/wp-json\/wp\/v2\/product_tag?post=8480"}],"curies":[{"name":"wp","href":"https:\/\/api.w.org\/{rel}","templated":true}]}}