{"id":8481,"date":"2016-11-11T12:53:15","date_gmt":"2016-11-11T11:53:15","guid":{"rendered":"http:\/\/www.ramliatours.com\/tours\/marrakech-e-deserto-grand-sud\/"},"modified":"2019-07-11T18:53:54","modified_gmt":"2019-07-11T17:53:54","slug":"da-marrakech-al-deserto-sulla-rotta-delle-kasbahs","status":"publish","type":"product","link":"https:\/\/www.ramliatours.com\/it\/circuiti\/da-marrakech-al-deserto-sulla-rotta-delle-kasbahs\/","title":{"rendered":"Da Marrakech al deserto sulla rotta delle Kasbah"},"content":{"rendered":"<section class=\"wpb-content-wrapper\">[vc_row][vc_column][vc_column_text]\n<h3>giorno 1<br \/>\n<strong>Citt\u00e0 di origine &#8211; Marrakech<\/strong><\/h3>\n<p>All&#8217;orario stabilito, reception all&#8217;aeroporto e trasferimento in hotel, situato vicino a Piazza Jamaa el Fna.<\/p>\n<h3>giorno 2<strong><br \/>\nMarrakech<\/strong><\/h3>\n<p>Dopo la prima colazione, visita alla Medina e alla famosa Piazza Jamaa el Fna, vicino all&#8217;ingresso della Medina.<\/p>\n<p>Marrakech \u00e8, insieme a Meknes, Fez e Rabat, una delle quattro citt\u00e0 imperiali del Marocco. Marrakech fu fondata nel 1062 da Youssef Ibn Tachfin, il primo emiro della dinastia berbera degli Almoravidi e fu la capitale dell&#8217;Impero Islamico.<br \/>\nMarrakech \u00e8 una delle citt\u00e0 pi\u00f9 importanti del Marocco, e si trova nel sud del paese, ai piedi dell&#8217;Atlante. Ha numerosi monumenti Patrimonio dell&#8217;Umanit\u00e0, che ne fanno la principale attrazione turistica del paese.<\/p>\n<p>Marrakech, \u00e8 conosciuta per la citt\u00e0 rossa per il colore dei suoi edifici. Nel 2001 l&#8217;UNESCO ha dichiarato Piazza Djemaa Patrimonio Orale dell&#8217;Umanit\u00e0, essendo una delle piazze pi\u00f9 frequentate in Africa e nel mondo. Tutto a Marrakech ruota attorno a DJamaa the Fna, una moltitudine di persone si riuniscono in questo spazio pubblico riempendolo di colore e cultura; musicisti, cantastorie, incantatori di serpenti, ballerini, dentisti, venditori di succhi di frutta, acrobati, scrittori di lettere, portatori d&#8217;acqua, venditori di erbe medicinali. . . All&#8217;imbrunire la piazza si riempie di bancarelle di cibo illuminate da centinaia di luci e, al calare della notte, un numero infinito di persone si riuniscono per mangiare. In lontananza, osservando la scena della piazza, si trova il pi\u00f9 antico monumento almohade della citt\u00e0, la moschea Katubia, famosa soprattutto per il minareto a base quadrata, che Yacoub costru\u00ec la Mansour alla fine del XII secolo, e che rappresentava il modello di riferimento per la Giralda di Siviglia e per la Torre Hasan di Rabat. La Torre Katubia \u00e8 l&#8217;edificio pi\u00f9 alto di Marrakech e, con i suoi 77 metri di altezza, domina la Medina ed \u00e8 visibile da lontano quando si raggiunge la citt\u00e0.<\/p>\n<p>A nord della piazza Djemaa el Fna si trova il souk, dove ogni settore porta il nome del principale tipo di prodotti che offre (abbigliamento, spezie, pellicce, babbuchi, babbuchi, tappeti, lana, legno, ceramica, ecc.), o le botteghe degli artigiani (tintori, falegnami, fabbri, ecc.). Il souk di tappeti occupa l&#8217;area del vecchio mercato degli schiavi. A nord-est del souk si trova il quartiere dei conciatori, che si estende lungo Bab Debbagh Street, cos\u00ec chiamato per l&#8217;omonima porta.<\/p>\n<p>La Medina, la citt\u00e0 vecchia, \u00e8 protetta da un cordone di bastioni in terra rossa che racchiude un labirinto di vicoli pieni di palazzi, mercati, moschee, cupole e minareti. La Medina di Marrakech \u00e8 stata dichiarata Patrimonio dell&#8217;Umanit\u00e0 dall&#8217;UNESCO nel 1985 ed \u00e8 oggi una tappa obbligata. Il suo cuore e punto di partenza \u00e8 la grande piazza Djemaa el Fna. Sistemazione in hotel.<\/p>\n<h3>giorno 3<br \/>\n<strong>Marrakech &#8211; Ouarzazate \u2013 Zagora<\/strong><\/h3>\n<p>Partiamo con veicoli 4&#215;4 sulla <strong>strada che va da Marrakech a Ouarzazate<\/strong> attraversando <strong>l&#8217;Alto Atlante<\/strong> dal porto di Tichka Tizin, il punto pi\u00f9 alto della catena montuosa, la strada attraversa il territorio di Amazigh (berbero) con panorami mozzafiato, seguiamo il percorso per la Valle del Draa per raggiungere Zagora. Il fiume Draa \u00e8 il fiume pi\u00f9 lungo e pi\u00f9 importante del Marocco. La citt\u00e0 di Agdz \u00e8 la porta d&#8217;ingresso alla valle del Draa, la cui traduzione letterale sarebbe &#8220;luogo di riposo&#8221;. In passato, Agdz serviva come <strong>uno dei punti di sosta delle carovane che collegavano Marrakech e Timbuktu<\/strong>, per i successivi 200 km vengono trascorse in una catena di oasi ricche di palme e alberi da frutto, in contrasto con il colore rossastro secco intorno alle montagne e punteggiato di kasbash adobe, si passer\u00e0 per il villaggio di Tamenougalt, l&#8217;antica capitale dell&#8217;Amazigh (berbero), i primi abitanti del Marocco; alla fine della valle dove si trova la citt\u00e0 di Zagora, la porta del deserto. Cena e pernottamento in hotel.<\/p>\n<h3>giorno 4<br \/>\n<strong> Zagora \u2013 Oasi di Ramlia<br \/>\n<\/strong><\/h3>\n<p>Dopo la prima colazione, lasciamo Zagora e ci dirigiamo verso l&#8217;oasi di Ramlia, una bellissima oasi di palme nella regione del Tafilalt, situata a sud-est dell&#8217;Erg Chebbi (deserto del Sahara), vicino al confine algerino-marocchino, a 80 km da Rissani. Ramlia \u00e8 nel bel mezzo del nulla. Gli abitanti dell&#8217;oasi di Ramlia sono antichi nomadi, appartengono tutti alla trib\u00f9 degli A\u00eft Khebbach, che fa parte del grande gruppo Amazigh dell&#8217;Ait Atta del deserto del Sahara sud-est del Marocco e si caratterizzano per la loro grande ospitalit\u00e0. Per arrivare a Ramlia siamo costretti a seguire il percorso del rally Parigi-Dakar, attraverso bellissimi paesaggi desolati. Trascorreremo la notte in un hotel nel cuore pi\u00f9 autentico del deserto (possibilit\u00e0 di dormire nella tradizionale haima berbera) e godremo di una cena tradizionale animata dal suono del tam-tam (tam-tam).<\/p>\n<h3>giorno 5<br \/>\n<strong>Deserto &#8211; Deserto<\/strong><\/h3>\n<p>Ci alzeremo presto per vedere l&#8217;alba sulle dune, e dopo una buona colazione ci dirigiamo a Merzouga, un piccolo villaggio nel sud-est del Marocco situato ai piedi del Grande Erg Chebi, deserto del Sahara. L&#8217;Erg Chebbi ha una lunghezza di 22 km (da nord a sud) e una larghezza di 5 km, e le sue dune hanno un&#8217;altezza massima di 150 m. Lasceremo il 4&#215;4 e cavalcheremo i cammelli che ci porteranno nel cuore del deserto per goderci un tramonto indimenticabile. Merzouga \u00e8 anche conosciuta come &#8220;La porta delle Dune&#8221;. Arrampicarsi sulle dune e guardare il tramonto e l&#8217;alba sono alcune esperienze che non ci lasciano certamente indifferenti. Cena e pernottamento in un hotel situato nel cuore del deserto pi\u00f9 puro (possibilit\u00e0 di dormire nella tradizionale haima berbera).<\/p>\n<h3>giorno 6<br \/>\nGole del deserto &#8211; Gole del Todra &#8211; Gole del Dades<\/h3>\n<p>Dopo la prima colazione, prenderemo la direzione di Alnif per raggiungere la citt\u00e0 di Tinerhir, situata in un&#8217;ampia valle bagnata dal fiume Todra che porta l&#8217;acqua di irrigazione ai numerosi appezzamenti coltivati all&#8217;ombra del palmeto. Il palmeto di Tinerhir, lungo pi\u00f9 di trenta chilometri, si estende a sud delle gole del fiume Todra, una delle porte naturali che comunicano l&#8217;Atlante con il Sahara, essendo una delle pi\u00f9 belle oasi della regione.<\/p>\n<p>Le Gole del fiume Todra si trovano all&#8217;estremit\u00e0 settentrionale del palmeto di Tinerhir, ai piedi dell&#8217;Alto Atlante orientale. A poco a poco questo palmeto si restringe, e le pareti di roccia calcarea che lo delimitano si innalzano fino a trecento metri di altezza e separati in qualche tratto da una ventina di metri, essendo il suo punto pi\u00f9 stretto largo una decina di metri. Da qui andremo alle Gole del fiume Dades.<\/p>\n<p>Cena e pernottamento in un hotel situato nelle gole.<\/p>\n<h3>giorno 7<br \/>\n<strong>Gole del Dades\u2013 Ait Ben Haddou &#8211; Marrakech<\/strong><\/h3>\n<p>Dopo la prima colazione, continueremo il nostro viaggio attraverso le Gole del fiume Dades. Prima di raggiungere Boumalne, nella gola di Tamlat, le rocce acquistano curiose forme geometriche per erosione del vento, popolarmente note come &#8220;dita di scimmia&#8221;, da qui seguiamo una strada di montagna fino ai villaggi di Skoura e Boutaghar, trovando al nostro ritmo nomadi con le loro mandrie.<\/p>\n<p>Nel pomeriggio continueremo il nostro percorso attraverso l&#8217;Alto Atlante fino a raggiungere la citt\u00e0 fortificata, o kasbah di Ait-Ben-Haddou, fondata all&#8217;epoca della rotta delle carovane tra il deserto del Sahara e l&#8217;attuale citt\u00e0 di Marrakech.<\/p>\n<p>Le kasbah erano grandi villaggi con mura berbere, progettati per difendere il raccolto e i palmeti che crescono lungo i loro letti. Ait-Ben-Haddou \u00e8 stato protetto dall&#8217;UNESCO come patrimonio dell&#8217;umanit\u00e0 dal 1987. Per la bellezza del suo ambiente con impressionanti paesaggi naturali, in questo luogo vengono girati numerosi film, dopo la visita alla kasbah, si seguir\u00e0 il percorso attraverso il porto di Tichka Tizin, il punto pi\u00f9 alto dell&#8217;Alto Atlante, la strada attraversa il territorio di Amazigh (berbero) con panorami mozzafiato, per raggiungere Marrakech, la citt\u00e0 delle Mille e una notte.<br \/>\nSoggiorno in hotel.<\/p>\n<h3>giorno 8<br \/>\n<strong>Marrakech \u2013 Citt\u00e0 di destinazione<br \/>\n<\/strong><\/h3>\n<p>Al momento stabilito, trasferimento all&#8217;aeroporto e fine dei nostri servizi.<\/p>\n<h2><strong>ESTENSIONE AD ESSAOUIRA<\/strong><\/h2>\n<h3>giorno 8<br \/>\n<strong> Marrakech \u2013 Essaouira &#8211; Marrakech<\/strong><\/h3>\n<p>Dopo la prima colazione ci dirigiamo verso Essaouira, la citt\u00e0 della luce e del vento.<br \/>\n&#8220;Una passeggiata nella medina e mangiare del buon pesce, uno dei piaceri di Essaouira.<br \/>\nEssaouira, in berbero Amogdul &#8220;il ben tenuto&#8221;. Situata a 170 chilometri ad ovest di Marrakech, \u00e8 l&#8217;antica citt\u00e0 di Mogador, cos\u00ec chiamata perch\u00e9 \u00e8 un luogo storicamente legato al Portogallo, che qui ha stabilito uno stabilimento commerciale. Essaouira, \u00e8 una piccola citt\u00e0 fortificata bagnata dall&#8217;Atlantico. fondata nel 1764 dal sultano alaouita Sidi Mohammed Ben abdallah, sfruttando le antiche fortificazioni portoghesi di Mogador con il desiderio di fare della citt\u00e0 un porto commerciale aperto al mondo.<\/p>\n<p>La sua medina o citt\u00e0 vecchia \u00e8 stata dichiarata Patrimonio dell&#8217;Umanit\u00e0 dal 2001. Essaouira \u00e8 una delle citt\u00e0 pi\u00f9 attraenti di tutta la costa atlantica marocchina grazie al suo clima mite durante tutto l&#8217;anno, alla gentilezza dei suoi abitanti, al suo patrimonio culturale e architettonico, ma soprattutto per l&#8217;atmosfera che regna nelle strade piene di vita, dove si mescolano artigiani, mercanti e pescatori, che \u00e8 una grande attrazione per i visitatori.<\/p>\n<p>Durante il tragitto visiteremo la cooperativa Assafar, dove si produce olio di argan e dove lavorano solo donne. L&#8217;argan &#8220;Il vero <strong>oro del Marocco<\/strong>&#8221; ha preziose <strong>propriet\u00e0 nutrizionali e dermatologiche<\/strong>. La sua produzione \u00e8 artigianale e le capre sono responsabili dell&#8217;avvio del processo. Questi animali si arrampicano sui rami degli alberi di Argan, masticano i loro frutti e poi sputano le loro pietre. Pi\u00f9 tardi, le donne li raccolgono e li picchiano con una pietra per schiacciarli con un macinino. Durante la visita alla cooperativa <strong>Assafar<\/strong>, conosceremo la vita quotidiana dei suoi lavoratori, che spiegheranno in dettaglio il complesso processo di produzione di questo olio.<\/p>\n<p>Nel pomeriggio\/sera torneremo a Marrakech, dove alloggeremo in hotel.<\/p>\n<h3>giorno 9<br \/>\n<strong>Marrakech \u2013 Citt\u00e0 di origine<br \/>\n<\/strong><\/h3>\n<p>Al momento stabilito, trasferimento all&#8217;aeroporto e fine dei nostri servizi.[\/vc_column_text][\/vc_column][\/vc_row]\n<\/section>","protected":false},"excerpt":{"rendered":"<p>[vc_row][vc_column][vc_column_text] giorno 1 Citt\u00e0 di origine &#8211; Marrakech All&#8217;orario stabilito, reception all&#8217;aeroporto e trasferimento in hotel, situato vicino a Piazza Jamaa el Fna. giorno 2 Marrakech Dopo la prima colazione, visita alla Medina e alla famosa Piazza Jamaa el Fna, vicino all&#8217;ingresso della Medina. Marrakech \u00e8, insieme a Meknes, Fez e Rabat, una delle quattro&hellip;<\/p>\n","protected":false},"featured_media":6343,"comment_status":"open","ping_status":"closed","template":"","meta":{"_acf_changed":false},"product_brand":[],"product_cat":[162],"product_tag":[],"class_list":{"0":"post-8481","1":"product","2":"type-product","3":"status-publish","4":"has-post-thumbnail","6":"product_cat-circuiti-it","7":"entry","8":"has-media","10":"first","11":"instock","12":"shipping-taxable","13":"product-type-variable"},"acf":[],"_links":{"self":[{"href":"https:\/\/www.ramliatours.com\/it\/wp-json\/wp\/v2\/product\/8481","targetHints":{"allow":["GET"]}}],"collection":[{"href":"https:\/\/www.ramliatours.com\/it\/wp-json\/wp\/v2\/product"}],"about":[{"href":"https:\/\/www.ramliatours.com\/it\/wp-json\/wp\/v2\/types\/product"}],"replies":[{"embeddable":true,"href":"https:\/\/www.ramliatours.com\/it\/wp-json\/wp\/v2\/comments?post=8481"}],"wp:featuredmedia":[{"embeddable":true,"href":"https:\/\/www.ramliatours.com\/it\/wp-json\/wp\/v2\/media\/6343"}],"wp:attachment":[{"href":"https:\/\/www.ramliatours.com\/it\/wp-json\/wp\/v2\/media?parent=8481"}],"wp:term":[{"taxonomy":"product_brand","embeddable":true,"href":"https:\/\/www.ramliatours.com\/it\/wp-json\/wp\/v2\/product_brand?post=8481"},{"taxonomy":"product_cat","embeddable":true,"href":"https:\/\/www.ramliatours.com\/it\/wp-json\/wp\/v2\/product_cat?post=8481"},{"taxonomy":"product_tag","embeddable":true,"href":"https:\/\/www.ramliatours.com\/it\/wp-json\/wp\/v2\/product_tag?post=8481"}],"curies":[{"name":"wp","href":"https:\/\/api.w.org\/{rel}","templated":true}]}}