{"id":8488,"date":"2017-10-26T12:03:36","date_gmt":"2017-11-07T19:09:49","guid":{"rendered":"http:\/\/www.ramliatours.com\/?post_type=product&#038;p=8488\/"},"modified":"2025-10-03T19:45:40","modified_gmt":"2025-10-03T18:45:40","slug":"marrakech-costa-atlantica-e-deserto","status":"publish","type":"product","link":"https:\/\/www.ramliatours.com\/it\/circuiti\/marrakech-costa-atlantica-e-deserto\/","title":{"rendered":"Marrakech, Costa Atlantica e Deserto"},"content":{"rendered":"<section class=\"wpb-content-wrapper\">[vc_row][vc_column][vc_column_text]\n<h3>Giorno 1<br \/>\nItalia-Marrakech<\/h3>\n<p>All\u2019ora stabilita, l\u2019accoglienza all\u2019aeroporto di Marrakech e trasferimento in albergo, che si trova vicino alla Jamaa el Fna.<\/p>\n<h3>Giorno 2<br \/>\nMarrakech-Imlil-Tizi&#8217;n&#8217;Test-Taroudant<\/h3>\n<p>Dopo la prima colazione partenza verso sud in direzione di Taroudant, citt\u00e0 conosciuta come la piccola Marrakech. Lungo il tragitto visita ad alcuni villaggi berberi e con una leggera deviazione verso Imlil sosta ai piedi del Jebel Toubkal, il monte che con i suoi 4.180 metri \u00e8 il pi\u00f9 alto del paese.<\/p>\n<p>Attraversando valli ricche di vegetazione e monti con panorami sulle piane del sud si arriva Taroudant, <strong>si trova a 223 km a sud ovest di Marrakech. La zona \u00e8 conosciuta per il suo olio d\u2019oliva, le sue scatole di legno, argenteria e tappeti.<\/strong> Sistemazione in albergo.<\/p>\n<h3>Giorno 3<br \/>\nTaroudant-Parque de Sous Masa-Sidi Ifni<\/h3>\n<p>Dopo la prima colazione visita di Taroudant con le sue imponenti mura e con il coloratissimo souk. Proseguimento per la visita del Parco Nazionale di Massa iniziando dal piccolo Museo Etnografico dove \u00e8 possibile vedere un riassunto della flora e della fauna dell\u2019area.<\/p>\n<p>Si percorreranno poi in jeep le strade sterrate all\u2019interno del Parco per ammirare gli orix bianchi, gli struzzi e altri animali endemici e introdotti. Fine della visita con la foce del fiume Massa dove talvolta \u00e8 possibile incontrare i fenicotteri rosa.<\/p>\n<p><strong>Il Parco vanta di una costa diversificata: si va dalle spiagge sconfinate di sabbia, agli scogli a strapiombo, dalle armoniose insenature, alle grotte residenza di pescatori.<\/strong><\/p>\n<p>Proseguimento per Sidi Ifni. Arrivo e sistemazione in albergo<\/p>\n<h3>Giorno 4<br \/>\nSidi-Ifni-Aoreora-Guelmin-Tafraoute<\/h3>\n<p>La mattinata sar\u00e0 dedicata alla scoperta della costa atlantica. Proseguiremo verso la spiaggia di Legzira, famosa per le sue formazioni rocciose. L&#8217;arco di roccia \u00e8 una meraviglia creata dalla natura.<\/p>\n<p>Nel pomeriggio, da Guelmin arriveremo a Tafraoute.<\/p>\n<p>Sistemazione in albergo<\/p>\n<h3>Giorno 5<br \/>\nTafraoute-Tata-Erg-chgaga<strong><br \/>\n<\/strong><\/h3>\n<p>Dopo la colazione partenza in direzione Tata attraversando la \u201cvalle incantata\u201d. Un profondo canyon dove il tempo non ha cambiato l\u2019aspetto medievale dei villaggi. La strada scorre tra pareti di roccia scoscese in un\u2019atmosfera quasi irreale.<\/p>\n<p>Partenza per una lunga tappa che prevede l\u2019attraversamento del di un\u2019area desertica tra le pi\u00f9 suggestive del Marocco. A Foum Zguid inizia la pista che attraversa distese di pietre e sabbia e costeggia il Draa e l\u2019erg el M\u2019Hazil per finire Chgaga. Paesino ai bordi del deserto.<\/p>\n<p>Arrivo a nostro campo, cena e pernottamento.<\/p>\n<h3>Giorno 6<br \/>\nErg-chgaga-Pistas Rally Dakar-Oasis Ramlia<\/h3>\n<p>Percorreremo uno dei tracciati utilizzati nel Rally Parigi-Dakar.<br \/>\nPasseremo l&#8217;intera giornata attraverso il deserto fino a raggiungere l&#8217;Oasi di Ramlia.<br \/>\nCena in un hotel situato in mezzo al deserto.<span id=\"result_box\" class=\"\" lang=\"es\" tabindex=\"-1\"><\/span><\/p>\n<h3>Giorno 7<br \/>\nOasi Ramlia \u2013 Merzouga<\/h3>\n<p>Visiteremo la tradizionale Oasi di Ramlia, abitata da 37 famiglie di origine nomade e attraverso il deserto arriveremo a Merzouga.<br \/>\nLasceremo la 4\u00d74 per andare con i cammelli che ci porteranno nel cuore del deserto.<br \/>\nL\u00ec ammireremo un tramonto indimenticabile.<br \/>\nCena e pernottamento nel deserto ad Haimas (tenda berbera)<\/p>\n<h3>Giorno 8<br \/>\nMerzouga-Rissani-Les Goles di Todghra e Dades<span id=\"result_box\" class=\"short_text\" lang=\"es\" tabindex=\"-1\"><\/span><\/h3>\n<p>Ci alzeremo presto per vedere l&#8217;alba sulle dune di Merzouga, conosciuta anche come &#8220;La Porta delle Dune&#8221; di Erg Chebbi, dove l&#8217;orizzonte crea un bellissimo paesaggio.<\/p>\n<p>Scalare le dune e guardare il tramonto e l&#8217;alba sono alcune esperienze che di certo non ci lasceranno indifferenti.<\/p>\n<p>Dopo una buona colazione, ci dirigeremo verso Rissani per visitare il suo mitico mercato. Rissani \u00e8 un importante centro commerciale frequentato da gente del deserto. Un vecchio mercato dove troveremo artigiani del legno, venditori di bestiame, mercanti di spezie&#8230; Potremo vedere il curioso parcheggio degli asini, dove sono tenuti gli animali ed \u00e8 anche un posto dove comprarli e venderli.<\/p>\n<p>Nel centro di Rissani si trova il Ksar AbouAm completamente abitato.<br \/>\nNel pomeriggio andremo ad Alnif. In direzione del percorso delle famose Gole del Todra, un canyon con pareti alte pi\u00f9 di 300 metri che il fiume Todra scava da millenni.<br \/>\nDa qui andremo alle gole del Dades che, secondo la popolazione locale, nascondono fino a mille Kasbah.<\/p>\n<p>Albergo nelle gole.<\/p>\n<h3>Giorno 9<br \/>\nGoles di Dades-Villagi Berberi-Marrakech<\/h3>\n<p>Prima colazione e partenza per le gole del Dades. Lungo la strada attraverseremo autentici villaggi berberi, come Skoura e Boutaghar. Situato nel cuore della valle delle palme.<\/p>\n<p>La gola del Dades si trova tra le citt\u00e0 di Boumalne Dades e Msemrir. Area in gran parte popolata da membri di varie trib\u00f9 Imazighen (berberi).<br \/>\nLe formazioni rocciose della gola del Dades attaccate alle kasbah sembrano derivare dalla stessa roccia. \u00c8 davvero di grande bellezza.<\/p>\n<p>Al belvedere di Tamlat, le rocce assumono forme curiose a causa dell&#8217;erosione del vento. Popolarmente noto come &#8220;dita di scimmia&#8221;.<br \/>\nNel pomeriggio proseguiremo lungo il percorso delle montagne dell&#8217;Alto Atlante fino a Marrakech. La citt\u00e0 delle mille e una notte.<\/p>\n<p>Arrivo in albergo.<\/p>\n<h3>Giorno 10<br \/>\nMarrakech-Tornato a casa<\/h3>\n<p>Dopo la colazione visiteremo la Medina di Marrakech, dichiarata Patrimonio dell&#8217;Umanit\u00e0 dall&#8217;UNESCO. La Medina o citt\u00e0 vecchia \u00e8 caratterizzata dalle sue strade labirintiche. Circondato da 90 km chilometri di mura costruite in adobe, e con dieci porte d&#8217;ingresso, quella di Bab Agnaou si distingue per grandezza e bellezza.<\/p>\n<p>Ai margini della Medina si trova la Moschea Koutoubia. Il suo minareto alto 69 metri \u00e8 l&#8217;icona della citt\u00e0 di Marrakech. Koutoubia significa &#8220;moschea dei librai&#8221;, perch\u00e9 nel suo cortile, nei suoi primi giorni, nel XII secolo, c&#8217;erano numerosi leggii.<\/p>\n<p>Dalla piazza Koutoubia abbiamo appena dieci minuti a piedi fino alla piazza Jemaa el Fna, dichiarata dall&#8217;UNESCO Patrimonio Immateriale dell&#8217;Umanit\u00e0. Il souk va dal nord della piazza Jamaa el Fna e da qui entreremo nella Medina.<\/p>\n<p>Camminiamo per le strade del colorato souk, osserveremo come vengono ordinate le merci dalle corporazioni. Visiteremo i principali luoghi di interesse storico che la Medina ospita: le Tombe Saadiane, la Medersa Ben Youssef, il Palazzo El Badi.<\/p>\n<p>All&#8217;uscita della Medina prenderemo un t\u00e8 alla menta in alcune delle terrazze della vivace piazza Jamaa el Fna. Tutto a Marrakech ruota intorno a questa piazza. Uno spazio pubblico dove si incontrano: musicisti, cantastorie, incantatori di serpenti, ballerini, dentisti, venditori di succhi di frutta, acrobati, scrittori, portatori d&#8217;acqua, venditori di erbe officinali&#8230; &#8220;Un mondo in una piazza&#8221;<\/p>\n<p><span id=\"result_box\" class=\"\" lang=\"es\" tabindex=\"-1\"><span title=\"All'ora stabilita transfer verso l'aeroporto e fine del viaggio.\">All&#8217;orario concordato trasferimento in aeroporto e fine del viaggio.<br \/>\n<\/span><\/span>[\/vc_column_text][\/vc_column][\/vc_row]\n<\/section>","protected":false},"excerpt":{"rendered":"<p>[vc_row][vc_column][vc_column_text] Giorno 1 Italia-Marrakech All\u2019ora stabilita, l\u2019accoglienza all\u2019aeroporto di Marrakech e trasferimento in albergo, che si trova vicino alla Jamaa el Fna. Giorno 2 Marrakech-Imlil-Tizi&#8217;n&#8217;Test-Taroudant Dopo la prima colazione partenza verso sud in direzione di Taroudant, citt\u00e0 conosciuta come la piccola Marrakech. Lungo il tragitto visita ad alcuni villaggi berberi e con una leggera deviazione&hellip;<\/p>\n","protected":false},"featured_media":6580,"comment_status":"open","ping_status":"closed","template":"","meta":{"_acf_changed":false},"product_brand":[],"product_cat":[162],"product_tag":[],"class_list":{"0":"post-8488","1":"product","2":"type-product","3":"status-publish","4":"has-post-thumbnail","6":"product_cat-circuiti-it","7":"entry","8":"has-media","10":"first","11":"instock","12":"shipping-taxable","13":"product-type-simple"},"acf":[],"_links":{"self":[{"href":"https:\/\/www.ramliatours.com\/it\/wp-json\/wp\/v2\/product\/8488","targetHints":{"allow":["GET"]}}],"collection":[{"href":"https:\/\/www.ramliatours.com\/it\/wp-json\/wp\/v2\/product"}],"about":[{"href":"https:\/\/www.ramliatours.com\/it\/wp-json\/wp\/v2\/types\/product"}],"replies":[{"embeddable":true,"href":"https:\/\/www.ramliatours.com\/it\/wp-json\/wp\/v2\/comments?post=8488"}],"wp:featuredmedia":[{"embeddable":true,"href":"https:\/\/www.ramliatours.com\/it\/wp-json\/wp\/v2\/media\/6580"}],"wp:attachment":[{"href":"https:\/\/www.ramliatours.com\/it\/wp-json\/wp\/v2\/media?parent=8488"}],"wp:term":[{"taxonomy":"product_brand","embeddable":true,"href":"https:\/\/www.ramliatours.com\/it\/wp-json\/wp\/v2\/product_brand?post=8488"},{"taxonomy":"product_cat","embeddable":true,"href":"https:\/\/www.ramliatours.com\/it\/wp-json\/wp\/v2\/product_cat?post=8488"},{"taxonomy":"product_tag","embeddable":true,"href":"https:\/\/www.ramliatours.com\/it\/wp-json\/wp\/v2\/product_tag?post=8488"}],"curies":[{"name":"wp","href":"https:\/\/api.w.org\/{rel}","templated":true}]}}