{"id":8498,"date":"2017-11-06T19:44:54","date_gmt":"2017-11-06T18:44:54","guid":{"rendered":"http:\/\/www.ramliatours.com\/?post_type=product&#038;p=8498"},"modified":"2023-11-02T12:13:10","modified_gmt":"2023-11-02T11:13:10","slug":"marrakech","status":"publish","type":"product","link":"https:\/\/www.ramliatours.com\/it\/circuiti\/marrakech\/","title":{"rendered":"Marrakech, Deserto, Fez, Casablanca e Essaouira"},"content":{"rendered":"<section class=\"wpb-content-wrapper\">[vc_row][vc_column][vc_column_text]\n<h3>Giorno 1 Origine \u2013 Marrakech<\/h3>\n<p>All&#8217;orario concordato, trasferimento dall&#8217;aeroporto di Marrakech all&#8217;albergo situato molto vicino alla piazza Jemaa El Fna. Tempo libero nella citt\u00e0 di Marrakech.<br \/>\nAll&#8217;imbrunire, una buona opzione \u00e8 avvicinarsi alla piazza Jamaa el Fna, e da alcune delle sue alte terrazze osservare come a poco a poco si fa buio, ed \u00e8 allora che la piazza si riempie di bancarelle di cibo illuminate da centinaia di luci, e innumerevoli le persone si riuniscono.<\/p>\n<h3>Giorno 2 Marrakech<\/h3>\n<p>Marrakech \u00e8 la citt\u00e0 pi\u00f9 vivace del Marocco.<\/p>\n<p>Dopo la colazione visiteremo la Medina di Marrakech, dichiarata Patrimonio dell&#8217;Umanit\u00e0 dall&#8217;UNESCO. La Medina o citt\u00e0 vecchia \u00e8 caratterizzata dalle sue strade labirintiche ed \u00e8 circondata da 90 km chilometri di mura costruite in adobe, con dieci porte d&#8217;ingresso, quella di Bab Agnaou che spicca per grandezza e bellezza.<\/p>\n<p>Ai margini della Medina si trova la Moschea Koutoubia. Il suo minareto alto 69 metri \u00e8 l&#8217;icona della citt\u00e0 di Marrakech. Koutoubia significa &#8220;moschea dei librai&#8221;, perch\u00e9 nel suo cortile, nei suoi primi giorni, nel XII secolo, c&#8217;erano numerosi leggii.<\/p>\n<p>Il minareto della Koutoubia pu\u00f2 essere visto praticamente da tutta la citt\u00e0. E funge da punto di riferimento quando si tratta di orientarsi. Dalla piazza Koutoubia abbiamo una decina di minuti a piedi fino alla piazza Jemaa el Fna, dichiarata dall&#8217;UNESCO Patrimonio Immateriale dell&#8217;Umanit\u00e0. Dal nord di Jamaa el Fna entreremo nella Medina. Cammineremo per le strade del colorato souk, e visiteremo i principali luoghi d\u2019interesse storico: le Tombe Saadiane, la Medersa Ben Youssef, il Palazzo El Badi. Al termine della visita sorseggiamo un t\u00e8 alla menta in una delle terrazze della vivace piazza Jamaa el Fna. Tutto a Marrakech ruota intorno a questa piazza, spazio pubblico dove si incontrano: musicisti, cantastorie, incantatori di serpenti, ballerini, dentisti, venditori di succhi di frutta, acrobati, scrittori, portatori d&#8217;acqua, venditori di erbe medicinali&#8230; \u00abUn mondo in una piazza&#8221;.<\/p>\n<h3>Giorno 3 Marrakech \u2013 Ait Ben Haddou &#8211; Ouarzazate<\/h3>\n<p>Dopo la colazione, lasciamo Marrakech verso Ouarzazate, attraverseremo la catena montuosa dell&#8217;Alto Atlante con paesaggi meravigliosi. Il punto pi\u00f9 alto \u00e8 il collo di Tizi-N-Tichka, a 2.260 metri di altezza, e da qui scenderemo fino a raggiungere Ouarzazate. Prima di raggiungere questa citt\u00e0, visiteremo Ait Ben Haddou, una citt\u00e0 fortificata, dichiarata Patrimonio dell&#8217;Umanit\u00e0 dall&#8217;UNESCO.<br \/>\nNel pomeriggio, tempo libero a Ouarzazate.<br \/>\nConsigliamo di visitare:<\/p>\n<p>La Kasbah Taourirt, dichiarata Patrimonio dell&#8217;Umanit\u00e0. Ex residenza di uno dei governatori pi\u00f9 potenti della regione; Attualmente \u00e8 la sede di un&#8217;organizzazione incaricata della conservazione del patrimonio architettonico del sud del Marocco.<br \/>\nIl museo cinematografico &#8220;Atlas Studios&#8221;, i pi\u00f9 importanti studi cinematografici del Nord Africa. Ouarzazate \u00e8 conosciuta come la &#8220;Hollywood dell&#8217;Africa&#8221;.<\/p>\n<p>Notte in albergo.<\/p>\n<h3>Giorno 4 Ouarzazate &#8211; Dades Gole &#8211; Todghra Gole<\/h3>\n<p>Dopo la colazione, seguiremo il percorso delle Mille Kasbah che ci porta attraverso il palmeto di Skoura, da qui a Kelaat M&#8217;Gouna, nella valle delle rose, il cui nome \u00e8 dato dalla coltivazione delle rose damascene. Dopo una breve sosta, proseguiremo verso le gole e la valle del fiume Dades. A nord della citt\u00e0 di Boulmane, il paesaggio arido misto alla tradizionale architettura di adobe \u00e8 di grande bellezza. All&#8217;interno della gola del Dades, le rocce acquistano curiose forme geometriche causate dall&#8217;erosione del vento, alcune delle quali sono note come &#8220;dita di scimmia&#8221;. Dopo la visita continueremo il percorso fino a raggiungere la valle del fiume Todra, un palmeto di oltre trenta chilometri di lunghezza, una delle porte naturali che collegano l&#8217;Atlante con il Sahara. Le gole del fiume Todra si trovano all&#8217;estremit\u00e0 settentrionale del palmeto della citt\u00e0 di Tinerhir. Detto palmeto si restringe e i muri di pietra che lo delimitano si elevano fino a trecento metri di altezza. Dopo la visita arriveremo in albergo, situato all&#8217;ingresso delle gole.<\/p>\n<h3>Giorno 5 Todghra Gole &#8211; Merzouga<\/h3>\n<p>Dopo colazione partiamo per Merzouga. 194 km attraverso oasi pre-sahariane fino a raggiungere Merzouga situata tra le dune di Erg Chebbi, deserto del Sahara. Lasceremo il 4&#215;4 e cavalcheremo su dromedari e attraverseremo le dune rosse del deserto. Andremo fino alle dune e vedremo l&#8217;impressionante tramonto. Cena tipica berbera, con musica intorno al fuoco e migliaia di stelle sopra le nostre teste. Dormiremo in una tenda berbera.<\/p>\n<h3>Giorno 6 Merzouga \u2013 Rissani \u2013 Valle dello Ziz \u2013 Fez<\/h3>\n<p>Dopo aver visto l&#8217;alba nel deserto, torneremo in dromedario a Merzouga, l\u00ec faremo colazione in un albergo e avremo la possibilit\u00e0 di una doccia calda.<br \/>\nPartiremo per Rissani e visiteremo il suo mercato tradizionale. Attraverseremo la valle e le gole del fiume Ziz, un paesaggio desertico con antiche kasbah di adobe, imponenti scogliere e un immenso canyon che segue il letto del fiume ricco di palme da dattero. Il palmeto considerato il pi\u00f9 grande del mondo.<br \/>\nSeguiamo il percorso per il Parco Nazionale d\u2019Ifrane. Situato nelle montagne del Medio Atlante, visiteremo la foresta di cedri, in questo luogo vive una delle ultime comunit\u00e0 di scimmie di Barberia, una specie di macaco che pu\u00f2 essere vista solo qui e a Gibilterra. Dopo una passeggiata partiremo per Fez. Notte in riad.<\/p>\n<h3>Giorno 7 Fez<\/h3>\n<p>Intera giornata dedicata alla citt\u00e0 di Fez. Notte in riad.<br \/>\nFez \u00e8 il centro religioso e culturale del Marocco. La citt\u00e0 di Fez fu fondata nel IX secolo e nel XIII e XIV secolo sostitu\u00ec Marrakech come capitale del regno. La citt\u00e0 \u00e8 divisa in tre zone: Fez el Bali, (all&#8217;interno delle mura), Fez-Jdid, (il quartiere ebraico, Mellah) e la Ville Nouvelle (la francese).<br \/>\nLa Medina di Fez el Bali \u00e8 uno dei pi\u00f9 grandi siti medievali del mondo. L&#8217;intera medina \u00e8 dichiarata Patrimonio dell&#8217;Umanit\u00e0 dall&#8217;UNESCO, i suoi souk e vicoli non sono cambiati dal Medioevo.<\/p>\n<p>-Medina de Fez el Bali: dalla porta di Bab Boujloud entriamo nel souk e percorriamo le sue strade strette e labirintiche.<\/p>\n<p>All&#8217;interno della medina vedremo:<\/p>\n<ul>\n<li>la Madrasa Bou Inania, costruita con legno di cedro, stucco, marmo e onice.<\/li>\n<li>La zaou\u00efa di Moulay Idriss, fondatore della citt\u00e0.<\/li>\n<li>la madrasa di Es-Sahrij.<\/li>\n<li>L&#8217;antico edificio Dar Batha, dedicato alle arti e alle tradizioni di Fez.<\/li>\n<li>Universit\u00e0 Al-Karaouine, una delle pi\u00f9 antiche al mondo, fondata nell&#8217;859 da Fatima Al-Fihri, figlia di Mohammed Al-Fhri, un ricco mercante di quei tempi<\/li>\n<li>La conceria Chouwara, uno spettacolo di coloranti naturali che riempiono innumerevoli fosse. Il metodo di tintura delle pelli di cammello, agnello e bue \u00e8 cambiato poco dal Medioevo.<\/li>\n<\/ul>\n<h3>Giorno 8 Fez &#8211; Volubilis &#8211; Meknes<\/h3>\n<p>Prima colazione in hotel e poi ci recheremo alla citt\u00e0 romana di Volubilis, il pi\u00f9 importante sito archeologico del Marocco, iscritto nella lista dei Patrimoni dell&#8217;Umanit\u00e0 dall&#8217;UNESCO. Dopo la visita di Volubilis proseguiremo fino a raggiungere Meknes, una delle quattro citt\u00e0 imperiali del Marocco, insieme a Fez, Marrakech e Rabat. Fu capitale del Maghreb nel XVII secolo. A Meknes entreremo nella Medina attraverso la magnifica porta di Bad el Mansour, costruita nel 1732. Cammineremo attraverso il souk e vedremo gli edifici storici e la Grande Moschea di origine Almoravid del XII secolo. Notte in albergo.<\/p>\n<h3>Giorno 9 Meknes \u2013 Rabat \u2013 Casablanca<\/h3>\n<p>Dopo colazione andremo a Rabat, la capitale del Marocco. La citt\u00e0 conserva il fascino di diversi stili e periodi storici.<br \/>\nCammineremo vicino all&#8217;oceano e visiteremo i suoi luoghi famosi: la Kasbah Oudayas del XII secolo, il mausoleo di Mohamed V e la Torre di Hassan. Proseguiremo per Casablanca dove pernotteremo.<\/p>\n<h3>Giorno 10 Casablanca &#8211; Essaouira<\/h3>\n<p>Dopo colazione visiteremo la Moschea di Hassan II. Costruita su un&#8217;isola artificiale nell&#8217;Oceano Atlantico, \u00e8 la terza pi\u00f9 grande del mondo. Dopo la visita si prosegue lungo la costa fino a El Jadida, che si distingue principalmente per la Cittadella portoghese precedentemente nota come Mazag\u00e1n, dichiarata Patrimonio dell&#8217;Umanit\u00e0. Passeremo per la citt\u00e0 di Safi, famosa per la sua tradizione della ceramica risalente al XII secolo. Safi \u00e8 il principale porto di pesca per l&#8217;industria delle sardine del paese. Proseguiamo per 120 km paralleli all&#8217;oceano fino a raggiungere Essaouira, una delle citt\u00e0 pi\u00f9 belle della costa atlantica. Essaouira \u00e8 circondata da mura. Artisti, mercanti e pescatori si mescolano nelle strade e nelle piazze della Medina. Citt\u00e0 multiculturale e centro della musica Gnawa. Sistemazione in hotel e tempo libero.<\/p>\n<p>&#8220;Una passeggiata nella medina e mangiare del buon pesce, uno dei piaceri di Essaouira&#8221;.<\/p>\n<h3>Giorno 11 Essaouira \u2013 Marrakech<\/h3>\n<p>Passeremo la giornata a Essaouira, in lingua berbera Amogdul \u201cla ben tenuta\u201d. Precedentemente noto come Mogador. La sua medina o citt\u00e0 vecchia \u00e8 una delle meglio conservate del paese ed \u00e8 stata dichiarata Patrimonio dell&#8217;Umanit\u00e0 dal 2001. Una citt\u00e0 da godersi senza fretta. Al tramonto ci sposteremo a Marrakech. Notte in albergo.<\/p>\n<h3>Giorno 12 Marrakech \u2013 Destino<\/h3>\n<p>All&#8217;orario concordato trasferimento in aeroporto e fine dei nostri servizi.[\/vc_column_text][\/vc_column][\/vc_row]\n<\/section>","protected":false},"excerpt":{"rendered":"<p>[vc_row][vc_column][vc_column_text] Giorno 1 Origine \u2013 Marrakech All&#8217;orario concordato, trasferimento dall&#8217;aeroporto di Marrakech all&#8217;albergo situato molto vicino alla piazza Jemaa El Fna. Tempo libero nella citt\u00e0 di Marrakech. All&#8217;imbrunire, una buona opzione \u00e8 avvicinarsi alla piazza Jamaa el Fna, e da alcune delle sue alte terrazze osservare come a poco a poco si fa buio, ed&hellip;<\/p>\n","protected":false},"featured_media":8866,"comment_status":"open","ping_status":"closed","template":"","meta":{"_acf_changed":false},"product_brand":[],"product_cat":[162],"product_tag":[],"class_list":{"0":"post-8498","1":"product","2":"type-product","3":"status-publish","4":"has-post-thumbnail","6":"product_cat-circuiti-it","7":"entry","8":"has-media","10":"first","11":"instock","12":"shipping-taxable","13":"product-type-simple"},"acf":[],"_links":{"self":[{"href":"https:\/\/www.ramliatours.com\/it\/wp-json\/wp\/v2\/product\/8498","targetHints":{"allow":["GET"]}}],"collection":[{"href":"https:\/\/www.ramliatours.com\/it\/wp-json\/wp\/v2\/product"}],"about":[{"href":"https:\/\/www.ramliatours.com\/it\/wp-json\/wp\/v2\/types\/product"}],"replies":[{"embeddable":true,"href":"https:\/\/www.ramliatours.com\/it\/wp-json\/wp\/v2\/comments?post=8498"}],"wp:featuredmedia":[{"embeddable":true,"href":"https:\/\/www.ramliatours.com\/it\/wp-json\/wp\/v2\/media\/8866"}],"wp:attachment":[{"href":"https:\/\/www.ramliatours.com\/it\/wp-json\/wp\/v2\/media?parent=8498"}],"wp:term":[{"taxonomy":"product_brand","embeddable":true,"href":"https:\/\/www.ramliatours.com\/it\/wp-json\/wp\/v2\/product_brand?post=8498"},{"taxonomy":"product_cat","embeddable":true,"href":"https:\/\/www.ramliatours.com\/it\/wp-json\/wp\/v2\/product_cat?post=8498"},{"taxonomy":"product_tag","embeddable":true,"href":"https:\/\/www.ramliatours.com\/it\/wp-json\/wp\/v2\/product_tag?post=8498"}],"curies":[{"name":"wp","href":"https:\/\/api.w.org\/{rel}","templated":true}]}}