{"id":8504,"date":"2017-11-08T19:20:35","date_gmt":"2017-11-08T18:20:35","guid":{"rendered":"http:\/\/www.ramliatours.com\/?post_type=product&#038;p=8504"},"modified":"2023-11-02T13:34:08","modified_gmt":"2023-11-02T12:34:08","slug":"marrakesh","status":"publish","type":"product","link":"https:\/\/www.ramliatours.com\/it\/circuiti\/marrakesh\/","title":{"rendered":"Da Marrakech alle dune di Erg Chigaga"},"content":{"rendered":"<section class=\"wpb-content-wrapper\">[vc_row][vc_column][vc_column_text]\n<h3>Giorno 1 Origine &#8211; Marrakesh<strong><br \/>\n<\/strong><\/h3>\n<p>Accoglienza e sistemazione in albergo.<\/p>\n<h3>Giorno 2 Marrakesh &#8211; Kasbah Telouet &#8211; Ighrem N&#8217;Ougdal \u2013\u00a0 Ait Ben Hadou \u2013 Ouarzazate<\/h3>\n<p>Dopo la colazione partiamo in rotta da Marrakech verso Ouarzazate.<\/p>\n<p>Il percorso \u00e8 lungo circa 200 km e si snoda lungo una strada di montagna ricca di luoghi d\u2019interesse paesaggistico e architettonico.<\/p>\n<p>Faremo diverse fermate a :.<\/p>\n<ul>\n<li>Kasbah Telouet nota anche per il Palazzo Glaoui.<\/li>\n<li>Tizi n&#8217;Tichka, \u00e8 l&#8217;incrocio stradale pi\u00f9 alto del Nord Africa, con i suoi 2.260 metri di altezza. Viste mozzafiato.<\/li>\n<li>Ighrem n-Ougdal, un edificio fortificato, una costruzione tradizionale berbera nell&#8217;Alto Atlante conosciuta anche come Agadir. Viene utilizzato come magazzino collettivo.<\/li>\n<li>Ait Ben Haddou, la kasbah berbera meglio conservata e pi\u00f9 rappresentativa del Marocco. Dichiarata Patrimonio dell&#8217;Umanit\u00e0 dall&#8217;Unesco nel 1987. La citt\u00e0 fortificata, o kasbah di Ait-Ben-Haddou, \u00e8 stata fondata all&#8217;epoca della rotta carovaniera che circolava tra il deserto del Sahara e l&#8217;attuale citt\u00e0 di Marrakech.<\/li>\n<\/ul>\n<p>Dopo aver visitato Ait-Ben-Haddou, andremo a Ouarzazate. Notte in albergo.<\/p>\n<h3>Giorno 3 Ouarzazate &#8211; Skoura &#8211; Dades Gole &#8211; Todra Gole<\/h3>\n<p>Dopo colazione andremo all&#8217;oasi di Skoura, un vasto e rigoglioso palmeto famoso per le sue numerose Kasbah o fortezze costruite con adobe di origine berbera situata a 40 km da Ouarzazate. Seguiremo la Strada delle Kasbah lungo la strada che attraversa la valle del fiume Dades. Vicino alla citt\u00e0 di Boulmane e seguendo il corso del fiume, entreremo nella vertiginosa Gola del Dades e osserveremo immediatamente come la valle si restringe, formando una bellissima gola nelle montagne dell&#8217;Atlante.<\/p>\n<p>All&#8217;interno della gola, tra le sue pareti di pietra rossastra, vedremo decine di Kasbah e formazioni geologiche uniche. Una delle immagini pi\u00f9 impressionanti \u00e8 al punto panoramico di Tamlalt. Dove possiamo vedere che l&#8217;erosione del vento ha causato forme capricciose nelle rocce popolarmente conosciute come il cervello dell&#8217;Atlante o le dita di scimmia.<\/p>\n<p>All&#8217;uscita delle gole prendiamo il percorso verso l&#8217;esuberante palmeto della valle del fiume Todra, situato a breve distanza dalla citt\u00e0 di Tinehir. Seguendo la strada raggiungeremo la fine della valle per ammirare le famose Gole del Todra, un canyon con pareti alte oltre 300 metri che il fiume Todra scava da millenni.<\/p>\n<p>Notte in albergo.<\/p>\n<h3>Giorno 4 Todra Gole -Jbel Saghro &#8211; Nkoub &#8211; Zagora<\/h3>\n<p>Al mattino presto, dopo aver fatto colazione, ci dirigeremo verso i Monti Saghro. Percorso alternativo non frequentato dai turisti. Uno spettacolare paesaggio di origine vulcanica basaltica dove \u00e8 comune trovare pastori nomadi della trib\u00f9 Ait Atta.<\/p>\n<p>Arriveremo nella citt\u00e0 di Nkoub e da l\u00ec andremo all&#8217;Oasi del fiume Draa, uno dei pi\u00f9 grandi palmeti del Marocco. Arriveremo alla citt\u00e0 di Zagora, meglio conosciuta come \u201cLa porta del Deserto\u201d. La citt\u00e0 pi\u00f9 meridionale dell&#8217;intero paese. Sistemazione in albergo.<\/p>\n<h3>Giorno 5 Zagora &#8211; Tamegroute &#8211; Mhamid &#8211; Chigaga<\/h3>\n<p>Lasciamo Zagora e arriviamo nella citt\u00e0 di Tamegroute. Visiteremo la Zaouia Nasiriyya e la sua famosa biblioteca, una delle pi\u00f9 preziose del Nord Africa.<\/p>\n<p>La biblioteca possiede pi\u00f9 di quattromila manoscritti centenari, tutti originali, alcuni rilegati in pelle di gazzella.<\/p>\n<p>Visiteremo anche il centro della ceramica. Una cooperativa di ceramisti che producono principalmente ceramiche verdi. Infine visiteremo l&#8217;antico ksar sotterraneo di Ouled Driss, risalente al XVII secolo. Attualmente abitato da circa 150 persone.<\/p>\n<p>Seguiamo il percorso verso Isfoul fino a raggiungere la citt\u00e0 di M&#8217;hamid.<\/p>\n<p>Dopo pranzo ci dirigiamo verso le dune di Chigaga per ammirare il tramonto. Cena e pernottamento in tenda in mezzo al deserto.<\/p>\n<h3>Giorno 6 Chigaga &#8211; Lago Iriki &#8211; Taznaght &#8211; Ouarzazate<\/h3>\n<p>Ci alzeremo presto per vedere l&#8217;alba sulle dune. Dopo una buona colazione, partiremo per Foum Zguid, zona di allevamento di cammelli e oasi di coltivazione. Arriviamo al Lago Iriki, classificato Riserva Naturale nel 1967, dove vivono specie di gazzelle, volpi e luogo di uccelli migratori. Un paesaggio desertico ricco di acacie e pastori nomadi, tipico del sud del Marocco.<\/p>\n<p>Continueremo il percorso verso la citt\u00e0 di Ouarzazate, dove pernotteremo in albergo.<\/p>\n<h3>Giorno 7 Ouarzazate &#8211; Oasi di Fint &#8211; Tifoultoute &#8211; Marrakesh<\/h3>\n<p>Dopo colazione partiremo da Ouarzazate per Marrakech facendo diverse soste lungo il percorso.<\/p>\n<ul>\n<li>L&#8217;oasi di Fint, composta da 4 villaggi, Timoula, Belghizi, Wangarf e Taherbilte. \u00c8 un&#8217;oasi verde situata in una profonda valle dove il tempo sembra essersi fermato.<\/li>\n<li>La Kasbah de Tifoultoute \u00e8 uno degli edifici pi\u00f9 importanti del Marocco ed \u00e8 stata utilizzata in diverse produzioni cinematografiche.<\/li>\n<\/ul>\n<p>Continueremo la strada verso l&#8217;esotica citt\u00e0 di Marrakech dove arriveremo nel pomeriggio\/sera. Sistemazione in albergo.<\/p>\n<h3>Giorno 8 Marrakesh<\/h3>\n<p>All&#8217;ora stabilita trasferimento all&#8217;aeroporto di Marrakech e fine dei nostri servizi.[\/vc_column_text][\/vc_column][\/vc_row]\n<\/section>","protected":false},"excerpt":{"rendered":"<p>[vc_row][vc_column][vc_column_text] Giorno 1 Origine &#8211; Marrakesh Accoglienza e sistemazione in albergo. Giorno 2 Marrakesh &#8211; Kasbah Telouet &#8211; Ighrem N&#8217;Ougdal \u2013\u00a0 Ait Ben Hadou \u2013 Ouarzazate Dopo la colazione partiamo in rotta da Marrakech verso Ouarzazate. Il percorso \u00e8 lungo circa 200 km e si snoda lungo una strada di montagna ricca di luoghi d\u2019interesse&hellip;<\/p>\n","protected":false},"featured_media":6886,"comment_status":"open","ping_status":"closed","template":"","meta":{"_acf_changed":false},"product_brand":[],"product_cat":[162],"product_tag":[],"class_list":{"0":"post-8504","1":"product","2":"type-product","3":"status-publish","4":"has-post-thumbnail","6":"product_cat-circuiti-it","7":"entry","8":"has-media","10":"first","11":"instock","12":"featured","13":"shipping-taxable","14":"product-type-simple"},"acf":[],"_links":{"self":[{"href":"https:\/\/www.ramliatours.com\/it\/wp-json\/wp\/v2\/product\/8504","targetHints":{"allow":["GET"]}}],"collection":[{"href":"https:\/\/www.ramliatours.com\/it\/wp-json\/wp\/v2\/product"}],"about":[{"href":"https:\/\/www.ramliatours.com\/it\/wp-json\/wp\/v2\/types\/product"}],"replies":[{"embeddable":true,"href":"https:\/\/www.ramliatours.com\/it\/wp-json\/wp\/v2\/comments?post=8504"}],"wp:featuredmedia":[{"embeddable":true,"href":"https:\/\/www.ramliatours.com\/it\/wp-json\/wp\/v2\/media\/6886"}],"wp:attachment":[{"href":"https:\/\/www.ramliatours.com\/it\/wp-json\/wp\/v2\/media?parent=8504"}],"wp:term":[{"taxonomy":"product_brand","embeddable":true,"href":"https:\/\/www.ramliatours.com\/it\/wp-json\/wp\/v2\/product_brand?post=8504"},{"taxonomy":"product_cat","embeddable":true,"href":"https:\/\/www.ramliatours.com\/it\/wp-json\/wp\/v2\/product_cat?post=8504"},{"taxonomy":"product_tag","embeddable":true,"href":"https:\/\/www.ramliatours.com\/it\/wp-json\/wp\/v2\/product_tag?post=8504"}],"curies":[{"name":"wp","href":"https:\/\/api.w.org\/{rel}","templated":true}]}}