{"id":8605,"date":"2016-11-15T21:13:16","date_gmt":"2016-11-15T20:13:16","guid":{"rendered":"http:\/\/www.ramliatours.com\/tours\/tanger-costa-atlantica-ciudades-imperiales\/"},"modified":"2022-02-01T18:28:12","modified_gmt":"2022-02-01T17:28:12","slug":"tanger-costa-atlantica-citta-imperiali","status":"publish","type":"product","link":"https:\/\/www.ramliatours.com\/it\/circuiti\/tanger-costa-atlantica-citta-imperiali\/","title":{"rendered":"Tanger: Costa Atlantica e Citt\u00e0 Imperiali"},"content":{"rendered":"<section class=\"wpb-content-wrapper\">[vc_row][vc_column][vc_column_text]\n<h3>GIORNO 1<br \/>\nTangeri -Fez<\/h3>\n<p>Accoglienza a Tangere trasferimento a Fez per il soggiornoin hotel<\/p>\n<h3>GIORNO 2<br \/>\nFez<\/h3>\n<p>Intera giornata dedicata alla citt\u00e0 di Fez, la sera torneremo in hotel per goderci un meritato riposo.Fez \u00e8 considerato il centro religioso e culturale del Marocco. La citt\u00e0 \u00e8 divisa in tre zone: Fez el Bali, (la vecchia zona all&#8217;interno delle mura), Fez-Jdid, (il quartiere ebraico, Mellah) e la Ville Nouvelle (la francese, a nordovest della citt\u00e0).La Medina di Fez el Bali \u00e8 uno dei pi\u00f9 grandi siti medievali del mondo. L&#8217;intera Medina \u00e8 dichiarata Patrimonio dell&#8217;Umanit\u00e0 dall&#8217;UNESCO, i suoi souk e vicoli non sono cambiati dal Medioevo.-Medina di Fez el Bali: Dalla porta Bab Boujloud, entriamo nel souk e percorriamo le sue strade strette e labirintiche, evitando spesso i muli carichi di grosse balle. All&#8217;interno della Medina vedremo:<\/p>\n<ul>\n<li>la Madrasa Bou Inania, con le sue preziose opere in legno di cedro, stucchi e decorazioni in marmo e onice.<\/li>\n<li>La zaou\u00efa di Moulay Idriss, fondatore della citt\u00e0.<\/li>\n<li>a madrasa di Es-Sahrij.\u2022 L&#8217;antico edificio Dar Batha, dedicato alle arti e alle tradizioni di Fez.<\/li>\n<li>Universit\u00e0 Al-Karaouine, una delle pi\u00f9 antiche al mondo, fondata nell&#8217;859 da Fatima Al-Fihri, figlia di Mohammed Al-Fhri, ricco mercante dell&#8217;epoca.<\/li>\n<li>La conceria Chouwara, uno spettacolo di coloranti naturali che riempiono innumerevoli fosse. Poco ha cambiato il sistema di tintura della pelle di cammello, agnello e bue dal Medioevo.<\/li>\n<\/ul>\n<h3>GIORNO 3<br \/>\nFez &#8211;Volubilis -Meknes -Rabat<\/h3>\n<p>Prima colazione in hotel e poi percorreremo 200 km fino a raggiungere Rabat. Lungo il percorso visiteremo la citt\u00e0 romana di Volubilis, il pi\u00f9 importante sito archeologico del Marocco, iscritto nella lista dei Patrimoni dell&#8217;Umanit\u00e0 dell&#8217;UNESCO. Dopo la visita di Volubilis, proseguiremo per Meknes, una delle quattro citt\u00e0 imperiali del Marocco, insieme a Fez, Marrakech e Rabat. Fondata nell&#8217;XI secolo dagli Almoravidi, fucapitale del Maghreb nel XVII. La porta di Bad el Mansour, \u00e8 l&#8217;ingresso alla Medina, l\u00ec visiteremo il souk, gli edifici storici e la Grande Moschea di origine Almoravid del XII secolo. Dopo la visita partiremo per Rabat.Rabat \u00e8 la capitale del Regno del Marocco, visiteremo il centro storico dichiarato Patrimonio dell&#8217;Umanit\u00e0 dall&#8217;UNESCO nel 2012.<\/p>\n<p>-La Kasbah degli Udaya costruita nel XII secolo, una citt\u00e0 fortificata unica nel suo genere con le suemura bianche e blu, l&#8217;ingresso alla Kasbah avviene attraverso la monumentale porta Bad Udaya dell&#8217;architettura almohade.<br \/>\n-La Torre di Hassan.<br \/>\n-Il mausoleo del sultano Mohamed Ben Yusef, noto anche come Re Mohamed V.<\/p>\n<p>Notte in hotel.<\/p>\n<h3>GIORNO 4<br \/>\nRabat -Essaouira<\/h3>\n<p>Partenza da Rabat per Essaouira, citt\u00e0 che si affaccia sull&#8217;Oceano Atlantico. Essaouira \u00e8 circondata da mura che proteggono la sua affascinante medina piena di vita. Strade e piazze dove si mescolanoartisti, mercanti e pescatori. Citt\u00e0 multiculturale e centrodella musica Gnawa. Pernottamento in albergo. Tempo libero.<br \/>\n&#8220;Una passeggiata nella medina e mangiare del buon pesce, uno dei piaceri di Essaouira&#8221;.<\/p>\n<h3>GIORNO 5<br \/>\nEssaouira<\/h3>\n<p>Essaouira, in lingua berbera Amogdul. Precedentemente noto come Mogador. La sua medina o citt\u00e0 vecchia \u00e8 stata dichiarata Patrimonio dell&#8217;Umanit\u00e0 dal 2001. Una citt\u00e0 da vivere senza fretta.L&#8217;artigianato di Essaouira \u00e8 ricco e vario, sono maestri nell&#8217;oreficeria, nell&#8217;intarsio e nell&#8217;ebanisteria,in particolare con il legno di tuia.<br \/>\nPernottamientoin albergo.<\/p>\n<h3>GIORNO 6<br \/>\nEssaouira -Si di R&#8217;bat -Parco Nazionale Souss-Massa -Agadir<\/h3>\n<p>Dopo colazione lasciamo Essaouira, in direzione sud, verso Sidi R&#8217;bat, nel Parco Nazionale di Souss Massa. Un percorso con scogliere spettacolari, spiagge vergini, foreste di argan&#8230; Paesaggi di grande bellezza e preservati dal turismo di massa. Sulla strada ci fermeremo a Cape Ghir per contemplare una delle migliori viste sull&#8217;Oceano Atlantico e continueremo in direzione del Parco di Souss Massa. Elencato come riserva della biosfera dall&#8217;UNESCO. L\u00ec ci sono fino a200 diverse specie di uccelli; uccelli protetti e alcuni di loro in pericolo di estinzione. Ad esempio, l&#8217;Eremita Ibis. Il parco \u00e8 davvero un paradiso per gli amanti degli uccelli e della fotografia. Sous Massa \u00e8, senza dubbio, uno di quegli spazi che affascina chi ama la natura. All&#8217;interno del parco vedremo le estese aree sabbiose della spiaggia di Sidi R&#8217;bat. Spiaggia vergine con solo un piccolo nucleodi case di pescatori e abitata dacolonie di uccelli Eremita Ibis. Dopo la visita continueremo il percorso fino a raggiungere Agadir, una citt\u00e0 situata tra l&#8217;Antiatlante e il deserto del Sahara Agadir \u00e8 il centro turistico per eccellenza del Marocco, la sua spiaggia di sabbia fine di 10 km e pi\u00f9 di 300 giorni disole all&#8217;anno lo garantiscono. Notte in albergo.<\/p>\n<h3>GIORNO 7<br \/>\nAgadir-Marrakech<\/h3>\n<p>Partenza per Marrakech (250 km.).Tempo libero. Notte in albergo.<br \/>\n<strong>Raccomandazioni:<\/strong>Visita ai Giardini Majorelle. Sono giardini botanici progettati dall&#8217;artista francese Jacques Majorelle e sono stati acquisiti nel 1980 dallo stilista Yves Saint Laurent.All&#8217;imbrunire, una buona opzione \u00e8 avvicinarsi alla piazza Jamaa el Fna, e da alcune delle sue alte terrazze, osservarecome si fa gradualmente buio, ed \u00e8 allora che la piazza si riempie di bancarelle di cibo illuminate da centinaia di luci e innumerevoli le persone si riuniscono per cena.<\/p>\n<h3>GIORNO 8<br \/>\nMarrakesh<\/h3>\n<p>Marrakech \u00e8 una delle citt\u00e0 pi\u00f9 importanti del Marocco e si trova nel sud del paese, ai piedi dell&#8217;Atlante. Inizieremo la visita nella piazza della moschea Koutoubia, vicino alla piazza Jamaa El Fna, da qui entreremo nella Medina, dichiarata dall&#8217;UNESCO Patrimonio dell&#8217;Umanit\u00e0, cammineremo per le vie del souk e visiteremo: le Tombe Saadiane, la Medersa di Ben Youssef, il Palazzo El Badi. All&#8217;uscita della Medina prenderemo un t\u00e8 alla menta in alcune delle terrazze della vivace piazza Jamaa el Fna. Dichiarato dall&#8217;UNESCO Patrimonio Orale dell&#8217;Umanit\u00e0. Tutto a Marrakech ruota intorno alla piazza Jamaa el Fna, in questo spazio pubblico si raccolgono: musicisti, cantastorie, incantatori di serpenti, ballerini, dentisti, venditori di succhi di frutta, acrobati, scrittori, portatori d&#8217;acqua, venditori di erbe medicinali&#8230;<br \/>\nNotte in albergo.<\/p>\n<h3>GIORNO 9<br \/>\nMarrakech -Citt\u00e0 di origine<\/h3>\n<p>Giornata libera incitt\u00e0. All&#8217;ora stabilita, trasferimento in aeroporto e fine dei nostri servizi.<\/p>\n<h3>ESTENSIONE DA MARRAKECH AL DESERTO.6 GIORNI \/ 5 NOTTI<\/h3>\n<h3>GIORNO 9<br \/>\nMarrakech -Ait Ben Haddou -Tamnougalt -Zagora<\/h3>\n<p>Partiremo con i veicoli 4\u00d74, attraversando l&#8217;Atlante dal passo di montagna di Tizin Tichka verso lo Ksar di Ait Ben Haddou, dichiarato Patrimonio dell&#8217;Umanit\u00e0 dall&#8217;UNESCO, e poi continueremo il viaggio a sud verso la kasbah di Tamnougalt, considerata il complesso architettonico pi\u00f9 importante e uno dei pi\u00f9 belli del sud del Marocco. Alla fine degli anni &#8217;80 del secolo scorso, il regista Bernardo Bertolucci scelse questa kasbah per girare alcune scene del suo ormai mitico film &#8220;The Protecting Sky&#8221;. &#8220;Tamnougalt&#8221; in lingua berbera significa &#8220;crocevia&#8221; questo \u00e8 ci\u00f2 che quel luogo rappresentava in passato, crocevia di carovane provenienti dall&#8217;Africa subsahariana. Visiteremo la kasbah e da l\u00ec andremo a Zagora.<br \/>\nCena e pernottamento in hotel<\/p>\n<h3>GIORNO 10<br \/>\nZagora -Ramlia<\/h3>\n<p>Durante la giornata visiteremo uno dei circuiti utilizzati nel Rally Parigi-Dakar. Sulla strada attraverso il deserto, vedremo alcune comunit\u00e0 nomadi con le loro mandrie.L&#8217;oasi di Ramlia. Un&#8217;oasi di palme nella regione del Tafilalt, situata nel sud-est del Sahara. Visiteremo il palmeto e il fossato che costruirono i primi abitanti di Ramlia. &#8220;Senza acqua non c&#8217;era vita nel deserto&#8221;. L\u00ec possiamo apprezzare l&#8217;ospitalit\u00e0 che caratterizza la sua gente. Gli abitanti dell&#8217;oasi di Ramlia sono antichi nomadi, tutti appartenenti alla trib\u00f9 Ayt Khebbach del deserto del Sahara. Cena e pernottamento in un albergosituato in mezzo al deserto.<\/p>\n<h3>GIORNO 11<br \/>\nRamlia-Merzouga<\/h3>\n<p>Ci alzeremo presto per ammirare l&#8217;alba tra le dune e dopo colazione faremo ilpercorso attraverso il deserto fino a raggiungere Merzouga, un piccolo paese situato ai piedi delle dune del Grande ErgChebi, nel deserto del Sahara. Una volta sistemati, faremo un&#8217;escursione con i cammelli che ci porter\u00e0 sulle grandi dune del deserto per godere di un tramonto indimenticabile. Merzouga \u00e8 anche conosciuta come \u00abLa porta delle dune\u00bb.&#8221;Scalare le dune e guardare il tramonto e l&#8217;alba sono alcune esperienze che di certonon ci lasciano indifferenti&#8221;.<br \/>\nNotte in albergosituato nel deserto (possibilit\u00e0 di dormire ad Haima).<\/p>\n<h3>GIORNO 12<br \/>\nMerzouga -Gole del Todra -Gole del Dades<\/h3>\n<p>Dopo aver ammirato l&#8217;alba in mezzo alle dune, faremo colazione e proseguiremo il viaggio verso le imponenti Gole del Todra. \u00c8 uno dei luoghi naturali pi\u00f9 famosi del Marocco. Le pareti rocciose che delimitano le gole si elevano fino a trecento metri e sono separate in alcuni tratti da appena venti metri, il loro punto pi\u00f9 stretto \u00e8 largo una decina di metri. Da qui andremo alle gole del fiume Dades.<br \/>\nCena e pernottamento in un albergosituato nelle gole.<\/p>\n<h3>GIORNO 13<br \/>\nLe Gole del Dades -Marrakech<\/h3>\n<p>Partenza per leGole del Dades. Durante il percorso attraverseremo i villaggi berberi di Boutaghar e Skoura, situati nel cuore del palmeto del fiume Dades.Proseguiamoil percorso attraverso l&#8217;arida Valle del Dades, un paesaggio spettacolare costellato di kashab che sembrano nascere dalla stessa montagna e che il passaggio del fiume ha creato gole vertiginose e oasi verdi di palme. Entreremo nella gola del Dades, situata a nord della citt\u00e0 di Boulmane. Arriveremo al belvedere di Tamlat, l\u00ec le rocce assumono forme curiose a causa dell&#8217;erosione del vento e sono popolarmente conosciute come &#8220;dita di scimmia&#8221;.Nel pomeriggio proseguiremo il percorso delle montagne dell&#8217;Alto Atlante fino a Marrakech, la citt\u00e0 delle Mille e una notte.<br \/>\nNotte in albergo<\/p>\n<h3>GIORNO 14<br \/>\nMarrakech -Citt\u00e0 di destinazione.<\/h3>\n<p>All&#8217;ora stabilita, trasferimento in aeroporto e fine dei nostri servizi.[\/vc_column_text][\/vc_column][\/vc_row]\n<\/section>","protected":false},"excerpt":{"rendered":"<p>[vc_row][vc_column][vc_column_text] GIORNO 1 Tangeri -Fez Accoglienza a Tangere trasferimento a Fez per il soggiornoin hotel GIORNO 2 Fez Intera giornata dedicata alla citt\u00e0 di Fez, la sera torneremo in hotel per goderci un meritato riposo.Fez \u00e8 considerato il centro religioso e culturale del Marocco. La citt\u00e0 \u00e8 divisa in tre zone: Fez el Bali, (la&hellip;<\/p>\n","protected":false},"featured_media":7279,"comment_status":"open","ping_status":"closed","template":"","meta":{"_acf_changed":false},"product_brand":[],"product_cat":[162],"product_tag":[],"class_list":{"0":"post-8605","1":"product","2":"type-product","3":"status-publish","4":"has-post-thumbnail","6":"product_cat-circuiti-it","7":"entry","8":"has-media","10":"first","11":"instock","12":"shipping-taxable","13":"product-type-simple"},"acf":[],"_links":{"self":[{"href":"https:\/\/www.ramliatours.com\/it\/wp-json\/wp\/v2\/product\/8605","targetHints":{"allow":["GET"]}}],"collection":[{"href":"https:\/\/www.ramliatours.com\/it\/wp-json\/wp\/v2\/product"}],"about":[{"href":"https:\/\/www.ramliatours.com\/it\/wp-json\/wp\/v2\/types\/product"}],"replies":[{"embeddable":true,"href":"https:\/\/www.ramliatours.com\/it\/wp-json\/wp\/v2\/comments?post=8605"}],"wp:featuredmedia":[{"embeddable":true,"href":"https:\/\/www.ramliatours.com\/it\/wp-json\/wp\/v2\/media\/7279"}],"wp:attachment":[{"href":"https:\/\/www.ramliatours.com\/it\/wp-json\/wp\/v2\/media?parent=8605"}],"wp:term":[{"taxonomy":"product_brand","embeddable":true,"href":"https:\/\/www.ramliatours.com\/it\/wp-json\/wp\/v2\/product_brand?post=8605"},{"taxonomy":"product_cat","embeddable":true,"href":"https:\/\/www.ramliatours.com\/it\/wp-json\/wp\/v2\/product_cat?post=8605"},{"taxonomy":"product_tag","embeddable":true,"href":"https:\/\/www.ramliatours.com\/it\/wp-json\/wp\/v2\/product_tag?post=8605"}],"curies":[{"name":"wp","href":"https:\/\/api.w.org\/{rel}","templated":true}]}}