{"id":8607,"date":"2016-11-16T11:52:39","date_gmt":"2016-11-16T10:52:39","guid":{"rendered":"http:\/\/www.ramliatours.com\/tours\/casablanca-marrakech-patrimonio-humanidad\/"},"modified":"2022-02-01T17:09:24","modified_gmt":"2022-02-01T16:09:24","slug":"casablanca-marrakech-patrimonio-mondiale","status":"publish","type":"product","link":"https:\/\/www.ramliatours.com\/it\/circuiti\/casablanca-marrakech-patrimonio-mondiale\/","title":{"rendered":"Citt\u00e0 Patrimonio dell&#8217;Umanit\u00e0 e Deserto."},"content":{"rendered":"<section class=\"wpb-content-wrapper\">[vc_row][vc_column][vc_column_text]\n<h3>Giorno 1<br \/>\n<span id=\"result_box\" class=\"short_text\" lang=\"it\" tabindex=\"-1\"><span class=\"\">Citt\u00e0 di origine<\/span><\/span>\u2013 Casablanca &#8211; Essaouira<\/h3>\n<p>Accoglienza all&#8217;aeroporto di Casablanca e poi visiteremo la Moschea di Hassan II. Costruita nel 1993, \u00e8 la pi\u00f9 grande moschea del Marocco e la terza pi\u00f9 grande moschea del mondo.<\/p>\n<p>Lasciamo Casablanca e prendiamo la strada per Essaouira, \u201cla citt\u00e0 della luce e del vento\u201d.<\/p>\n<p>Essaouira, in berbero Amogdul significa \u201cil ben tenuto\u201d. Precedentemente noto come Mogador. Essaouira ha una delle migliori Medina medievali del Marocco. Dichiarata Patrimonio dell&#8217;Umanit\u00e0 dall&#8217;UNESCO dal 2001. Il suo porto e le sue strade sono piene di vita, conferendo alla citt\u00e0 un&#8217;atmosfera boh\u00e9mien: artigiani, mercanti, pescatori &#8230; Una citt\u00e0 \u200bdi artisti, maestri dell&#8217;oreficeria e dell&#8217;intarsio. Un posto dove gustarlo senza fretta.<\/p>\n<p>&#8220;Una passeggiata nella medina e mangiare del buon pesce, uno dei piaceri di Essaouira&#8221;.<\/p>\n<p>Sistemazione in albergo.<\/p>\n<h3>Giorno 2<br \/>\nEssaouira &#8211; Marrakech<\/h3>\n<p>Dopo prima colazione partiamo per Marrakech. Lungo il percorso visiteremo la cooperativa femminile di Assafar, dove si produce l&#8217;olio di argan.<\/p>\n<p>L&#8217;Argan &#8220;Il vero oro del Marocco&#8221; ha preziose propriet\u00e0 nutrizionali e dermatologiche.<\/p>\n<p>Marrakech situata ai piedi dell&#8217;Atlante, \u00e8 una delle citt\u00e0 pi\u00f9 importanti del Marocco. Inizieremo la visita nella piazza della moschea Koutoubia, vicino alla piazza Jamaa El Fna, da qui entreremo nella Medina. Dichiarata dall&#8217;UNESCO Patrimonio dell&#8217;Umanit\u00e0. Cammineremo per le vie del souk e visiteremo: le Tombe Saadiane, la Medersa di Ben Youssef, il Palazzo El Badi. All&#8217;uscita della Medina prenderemo un t\u00e8 alla menta in alcune delle terrazze della vivace piazza Jamaa el Fna. Tutto a Marrakech ruota intorno alla piazza Jamaa el Fna. Dichiarato dall&#8217;UNESCO Patrimonio Orale dell&#8217;Umanit\u00e0. In questo spazio pubblico si raccolgono: musicisti, cantastorie, incantatori di serpenti, ballerini, dentisti, venditori di succhi di frutta, acrobati, scrittori, portatori d&#8217;acqua, venditori di erbe officinali&#8230; \u00abUn mondo in una piazza\u00bb.<\/p>\n<p>Tempo libero al tramonto. Una buona opzione \u00e8 avvicinarsi alla piazza Jamaa el Fna. E da alcune delle sue alte terrazze, osservare come si fa gradualmente buio, ed \u00e8 allora che la piazza si riempie di bancarelle di cibo illuminate da centinaia di luci. E un&#8217;infinit\u00e0 di persone si incontra a cena. Notte in albergo.<\/p>\n<h3>Giorno 3<br \/>\nMarrakech &#8211; Ouarzazate<\/h3>\n<p>Dopo prima colazione, lasciamo Marrakech per Ouarzazate. Attraverseremo la catena montuosa dell&#8217;Alto Atlante con paesaggi incredibili. Il punto pi\u00f9 alto \u00e8 il collo di Tizi-N-Tichka, a 2.260 metri di altezza, e da qui scenderemo fino a raggiungere Ouarzazate. Prima di raggiungere questa citt\u00e0, visiteremo lo ksar Ait Ben Haddou. Citt\u00e0 fortificata dichiarata Patrimonio dell&#8217;Umanit\u00e0 dall&#8217;UNESCO.<\/p>\n<p>Nel pomeriggio, tempo libero a Ouarzazate.<\/p>\n<p>Consigliamo di visitare: la Kasbah di Taourirt, dichiarata Patrimonio dell&#8217;Umanit\u00e0. Che fu la residenza di uno dei pi\u00f9 potenti governatori della regione. Attualmente \u00e8 la sede della conservazione del patrimonio architettonico del sud del Marocco.<\/p>\n<p>Il museo cinematografico &#8220;Atlas Studios&#8221;, i pi\u00f9 importanti studi cinematografici del Nord Africa. Ouarzazate \u00e8 conosciuta come la &#8220;Hollywood dell&#8217;Africa&#8221;.<\/p>\n<p>Passeremo la notte in un albergo.<\/p>\n<h3>Giorno 4<br \/>\nOuarzazate \u2013 <span id=\"result_box\" class=\"\" lang=\"it\" tabindex=\"-1\">Gole del Dades &#8211; Gole del Todra &#8211; Deserto<\/span><strong><br \/>\n<\/strong><\/h3>\n<p>Al mattino presto, iniziamo il percorso che ci porta attraverso il palmeto di Skoura, ai piedi delle montagne dell&#8217;Atlante. La pi\u00f9 grande oasi della Valle del Dades. Situato nel mezzo della Strada delle Mille Kasbash. Bellissime fortezze di adobe sparse in tutta la valle. Da Skoura, proseguiamo verso Kelaat M&#8217;Gouna, nella valle delle rose.<\/p>\n<p>Dopo una sosta, riprenderemo la nostra strada verso il nord della citt\u00e0 di Boulmane. L\u00ec iniziano le gole del fiume Dades. Alcune formazioni rocciose che si mescolano con l&#8217;architettura tradizionale in adobe, sembrano nate dalla stessa roccia. Inoltre, osserveremo che le rocce hanno forme curiose, causate dall&#8217;erosione del vento. Conosciuti come &#8220;dita di scimmia&#8221;. All&#8217;uscita delle gole, seguiremo il percorso verso la valle del fiume Todra. Un rigoglioso palmeto che collega l&#8217;Atlante con il Sahara. Le gole del fiume Todra si trovano all&#8217;estremit\u00e0 settentrionale del palmeto della citt\u00e0 di Tinerhir. A poco a poco il palmeto si restringe e i muri di pietra che lo delimitano si elevano fino a trecento metri di altezza. Dopo la visita continueremo il nostro percorso fino ad arrivare in albergo, situato nel mezzo del deserto. Ci godremo una cena tradizionale allietata dai suoni dei tamburi.<\/p>\n<h3>Giorno 5<br \/>\nDeserto \u2013 Oasis de Ramlia \u2013 Merzouga<\/h3>\n<p>Ci alzeremo presto per vedere l&#8217;alba tra le dune, e dopo una buona colazione andremo all&#8217;oasi di Ramlia. Un&#8217;oasi di palme nella regione del Tafilalt, situata a sud-est di Erg Chebbi (Sahara). Visiteremo il palmeto e il fossato che costruirono i primi abitanti di Ramlia. <em>&#8220;Senza acqua non c&#8217;era vita nel deserto&#8221;. <\/em>L\u00ec possiamo apprezzare l&#8217;ospitalit\u00e0 che caratterizza la sua gente. Sono antichi nomadi, tutti appartenenti alla trib\u00f9 A\u00eft Khebbach del deserto del Sahara. Partiamo per Merzouga, sulla strada attraverso il deserto, vedremo alcune comunit\u00e0 nomadi con le loro mandrie. Arriveremo a Merzouga, piccola cittadina situata ai piedi delle dune del deserto del Sahara. Una volta sistemati, faremo un&#8217;escursione con i cammelli che ci porter\u00e0 sulle grandi dune per godere di un tramonto indimenticabile. Notte in Albergo situato nel deserto (possibilit\u00e0 di dormire ad Haima).<\/p>\n<h3>Giorno 6<br \/>\nMerzouga &#8211; Valle dello Ziz &#8211; Medio Atlante &#8211; Fez<\/h3>\n<p>Dopo colazione prenderemo la direzione di Fez attraverso l&#8217;imponente valle del fiume Ziz. Attraverseremo le sue maestose gole, godendo di un incredibile scenario di montagna fiancheggiato da oasi e fortificazioni. Attraverseremo il passo dell&#8217;Alto Atlante di Tzi n&#8217;Talrhmeht, noto come &#8220;il passo dei cammelli&#8221; che ci porter\u00e0 alla citt\u00e0 di Midelt. E continuiamo il percorso verso la citt\u00e0 di Ifran. Faremo una sosta nella foresta di cedri del Medio Atlante. Qui vive una delle ultime comunit\u00e0 di scimmie barbaresche, una specie di macaco che si trova solo qui ea Gibilterra. Partenza per Fes.<\/p>\n<p><span id=\"result_box\" class=\"\" lang=\"it\" tabindex=\"-1\">Notte in riad.<br \/>\n<\/span><\/p>\n<h3>Giorno 7<br \/>\nFez<\/h3>\n<p>Intera giornata dedicata alla scoperta della citt\u00e0 di Fez, di notte torneremo al riad per goderci un meritato riposo.<\/p>\n<p>Fez \u00e8 considerato il centro religioso e culturale del Marocco. La citt\u00e0 \u00e8 divisa in tre zone: Fez el Bali, (la vecchia zona all&#8217;interno delle mura), Fez-Jdid, (dove si trova il quartiere ebraico, Mellah) e la Ville Nouvelle (a nordovest della citt\u00e0).<\/p>\n<p>La Medina di Fez el Bali \u00e8 uno dei pi\u00f9 grandi siti medievali del mondo. L&#8217;intera Medina \u00e8 dichiarata Patrimonio dell&#8217;Umanit\u00e0 dall&#8217;UNESCO, i suoi souk e vicoli non sono cambiati dal Medioevo.<\/p>\n<p>-Medina di Fez el Bali: Dalla porta Bab Boujloud, entriamo nel souk e percorriamo le sue strade strette e labirintiche. All&#8217;interno della Medina vedremo:<\/p>\n<ul>\n<li>la Madrasa Bou Inania.<\/li>\n<li>La zaou\u00efa di Moulay Idriss, fondatore della citt\u00e0.<\/li>\n<li>La madrasa di Es-Sahrij.<\/li>\n<li>L&#8217;antico edificio Dar Batha, dedicato alle arti e alle tradizioni di Fez.<\/li>\n<li>Universit\u00e0 Al-Karaouine, una delle pi\u00f9 antiche al mondo, fondata nell&#8217;859 da Fatima Al-Fihri, figlia di Mohammed Al-Fhri, ricco mercante dell&#8217;epoca.<\/li>\n<li>La conceria Chouwara, uno spettacolo di coloranti naturali che riempiono innumerevoli fosse.<\/li>\n<\/ul>\n<h3>Giorno 8<br \/>\nFez &#8211; Chefchaouen &#8211; Fez<\/h3>\n<p>Da Fez partiremo la mattina presto verso la citt\u00e0 di Chauen situata ai piedi della catena montuosa del Rif. Citt\u00e0 sacra.<\/p>\n<p>Entreremo nella Medina di Chauen attraverso una delle sue cinque porte verso la Grande Moschea, cammineremo attraverso i vicoli tortuosi di abbaglianti case bianco-bluastre che contrastano con la grande variet\u00e0 di colori dei diversi prodotti dei negozi e dei bazar, Noi percepir\u00e0 il profumo del pane appena sfornato nel forno a legna o del Tajin pronto da mangiare. Una festa per tutti i sensi. Dopo la passeggiata, ci siederemo a prendere un t\u00e8 alla menta sulla terrazza di un caff\u00e8 nella piazza Uta el-Hammam, la pi\u00f9 vivace della Medina di Chauen, presieduta dalla cittadella e dall&#8217;eccezionale minareto ottagonale della Grande Moschea; l\u00ec vedremo le persone come vanno e vengono in modo rilassato. Tutto a Chauen \u00e8 fatto con delicatezza e semplicit\u00e0.<\/p>\n<p>Arriveremo al riad di Fez di notte.<\/p>\n<h3>Giorno 9<br \/>\nFez &#8211; Casablanca &#8211; Destinazione<\/h3>\n<p>Lasceremo Fez la mattina presto verso l&#8217;aeroporto di Casablanca e fine del viatjo.<\/p>\n<p><span id=\"result_box\" class=\"\" lang=\"it\" tabindex=\"-1\">\u00a0<\/span>[\/vc_column_text][\/vc_column][\/vc_row]\n<\/section>","protected":false},"excerpt":{"rendered":"<p>[vc_row][vc_column][vc_column_text] Giorno 1 Citt\u00e0 di origine\u2013 Casablanca &#8211; Essaouira Accoglienza all&#8217;aeroporto di Casablanca e poi visiteremo la Moschea di Hassan II. Costruita nel 1993, \u00e8 la pi\u00f9 grande moschea del Marocco e la terza pi\u00f9 grande moschea del mondo. Lasciamo Casablanca e prendiamo la strada per Essaouira, \u201cla citt\u00e0 della luce e del vento\u201d. Essaouira,&hellip;<\/p>\n","protected":false},"featured_media":6625,"comment_status":"open","ping_status":"closed","template":"","meta":{"_acf_changed":false},"product_brand":[],"product_cat":[162],"product_tag":[],"class_list":{"0":"post-8607","1":"product","2":"type-product","3":"status-publish","4":"has-post-thumbnail","6":"product_cat-circuiti-it","7":"entry","8":"has-media","10":"first","11":"instock","12":"shipping-taxable","13":"product-type-simple"},"acf":[],"_links":{"self":[{"href":"https:\/\/www.ramliatours.com\/it\/wp-json\/wp\/v2\/product\/8607","targetHints":{"allow":["GET"]}}],"collection":[{"href":"https:\/\/www.ramliatours.com\/it\/wp-json\/wp\/v2\/product"}],"about":[{"href":"https:\/\/www.ramliatours.com\/it\/wp-json\/wp\/v2\/types\/product"}],"replies":[{"embeddable":true,"href":"https:\/\/www.ramliatours.com\/it\/wp-json\/wp\/v2\/comments?post=8607"}],"wp:featuredmedia":[{"embeddable":true,"href":"https:\/\/www.ramliatours.com\/it\/wp-json\/wp\/v2\/media\/6625"}],"wp:attachment":[{"href":"https:\/\/www.ramliatours.com\/it\/wp-json\/wp\/v2\/media?parent=8607"}],"wp:term":[{"taxonomy":"product_brand","embeddable":true,"href":"https:\/\/www.ramliatours.com\/it\/wp-json\/wp\/v2\/product_brand?post=8607"},{"taxonomy":"product_cat","embeddable":true,"href":"https:\/\/www.ramliatours.com\/it\/wp-json\/wp\/v2\/product_cat?post=8607"},{"taxonomy":"product_tag","embeddable":true,"href":"https:\/\/www.ramliatours.com\/it\/wp-json\/wp\/v2\/product_tag?post=8607"}],"curies":[{"name":"wp","href":"https:\/\/api.w.org\/{rel}","templated":true}]}}