{"id":8610,"date":"2016-11-16T11:02:10","date_gmt":"2016-11-16T10:02:10","guid":{"rendered":"http:\/\/www.ramliatours.com\/tours\/casablanca-tradicion-bereber\/"},"modified":"2019-07-08T19:06:54","modified_gmt":"2019-07-08T18:06:54","slug":"casablanca-tradicion-bereber","status":"publish","type":"product","link":"https:\/\/www.ramliatours.com\/it\/circuiti\/casablanca-tradicion-bereber\/","title":{"rendered":"Da Casablanca alla tradizione Berbera"},"content":{"rendered":"<section class=\"wpb-content-wrapper\">[vc_row][vc_column][vc_column_text]\n<h3>Giorno 1<br \/>\n<strong>Casablanca &#8211; Marrakech<\/strong><\/h3>\n<p><span id=\"result_box\" class=\"\" lang=\"it\" tabindex=\"-1\">Ricevimento all&#8217;aeroporto di Casablanca e trasferimento a Marrakech Alloggio in hotel<\/span><\/p>\n<h3>Giorno 2<br \/>\n<strong> Marrakech<\/strong><\/h3>\n<p><span id=\"result_box\" class=\"\" lang=\"it\" tabindex=\"-1\">Dopo colazione, visiteremo la Medina e la famosa piazza Jamaa el Fna.<\/span><\/p>\n<p>Marrakech fu fondata nel 1062 da Youssef Ibn Tachfin, primo emiro della dinastia berbera degli Almoravidi ed era la capitale dell&#8217;Impero islamico.<\/p>\n<p><span id=\"result_box\" class=\"\" lang=\"it\" tabindex=\"-1\"><span title=\"Marrakech, es una de las ciudades m\u00e1s importantes de Marruecos, y est\u00e1 al sur del pa\u00eds, al pie del Atlas.\">Marrakech, \u00e8 una delle citt\u00e0 pi\u00f9 importanti del Marocco e si trova nel sud del paese, ai piedi dell&#8217;Atlante. <\/span><span title=\"Posee numerosos monumentos Patrimonio de la Humanidad, lo que la convierte en el principal atractivo tur\u00edstico del pa\u00eds. \">Ha numerosi monumenti patrimonio mondiale, che lo rende la principale attrazione turistica del paese.<\/span><\/span><\/p>\n<p><span title=\"En el a\u00f1o 2001 la UNESCO declar\u00f3 la plaza Jamaa el Fna Patrimonio Oral de la Humanidad, siendo una de las plazas m\u00e1s concurridas de \u00c1frica y del mundo.\">Nel 2001, l&#8217;UNESCO ha dichiarato la Jamaa el Fna come il Patrimonio Orale dell&#8217;Umanit\u00e0, una delle piazze pi\u00f9 trafficate dell&#8217;Africa e del mondo. <\/span><span title=\"Todo en Marrakech gira en torno a Jamaa el Fna, multitud de personas se dan cita en este espacio p\u00fablico llen\u00e1ndolo de color y cultura;\">Tutto a Marrakech ruota intorno a Jamaa el Fna, una moltitudine di persone si riuniscono in questo spazio pubblico riempiendolo di colori e cultura; <\/span><span title=\"m\u00fasicos, contadores de cuentos, encantadores de serpientes, danzantes, dentistas, vendedores de zumos de fruta, acr\u00f3batas, escritores de cartas, aguadores, vendedores de hierbas medicinales.\">musicisti, cantastorie, incantatori di serpenti, ballerini, dentisti, venditori di succhi di frutta, acrobati, letterati, portatori d&#8217;acqua, venditori di erbe medicinali. <\/span><span title=\".\">. <\/span><span title=\".\">. <\/span><span title=\"Al atardecer la plaza se llena de puestos de comida iluminados por cientos de luces, y a medida que va llegando la noche, un infinito n\u00famero de personas se re\u00fanen para comer.\">Al tramonto la piazza \u00e8 piena di bancarelle di cibo illuminate da centinaia di luci, e quando arriva la notte, un numero infinito di persone si riuniscono per mangiare. <\/span><span title=\"A lo lejos, observando la escena de la plaza, se encuentra el monumento almohade m\u00e1s antiguo de la ciudad, la mezquita de la Katubia, famosa sobre todo por su minarete de base cuadrada, que hizo construir Yacoub el Mansour a fines del siglo XII,\">In lontananza, osservando la scena della piazza, si trova il pi\u00f9 antico monumento almohade della citt\u00e0, la moschea Katubia, famosa soprattutto per il suo minareto a base quadrata, costruito da Yacoub el Mansour alla fine del XII secolo. <\/span><span title=\"y que represent\u00f3 el modelo de referencia para la Giralda de Sevilla, y para la Torre Hasan en Rabat.\">e quello rappresentava il modello di riferimento per la Giralda di Siviglia e per la Torre Hasan a Rabat. <\/span><span title=\"La torre de la Katubia es el edificio m\u00e1s alto de Marrakech y con sus 77 metros de altura domina la Medina, pudi\u00e9ndose ver a distancia cuando se llega a la ciudad.\">La torre della Katubia \u00e8 l&#8217;edificio pi\u00f9 alto di Marrakech e con i suoi 77 metri di altezza domina la Medina, potendo vedere a distanza quando si raggiunge la citt\u00e0.<\/span><\/p>\n<p><span id=\"result_box\" class=\"\" lang=\"it\" tabindex=\"-1\">A nord della piazza Jemaa el Fna si trova il souk, dove ogni settore prende il nome dal tipo principale di merce che offre (vestiti, spezie, pelli, pantofole, tappeti, lana, legno, ceramica, ecc.), O i laboratori degli artigiani (tintori, carpentieri, fabbri, ecc.). Il souk dei tappeti occupa l&#8217;area del vecchio mercato degli schiavi. A nord-est del souk c&#8217;\u00e8 il quartiere dei conciatori, che si estende lungo Bab Debbagh Street, cos\u00ec chiamato per via della porta che porta lo stesso nome.<\/span><\/p>\n<p><span id=\"result_box\" class=\"\" lang=\"it\" tabindex=\"-1\">La Medina, \u00e8 la citt\u00e0 vecchia, ed \u00e8 protetta da un cordone di bastioni fatti di terra rossa che racchiudono un labirinto di stradine piene di palazzi, mercati, moschee, cupole e minareti. La Medina di Marrakech \u00e8 stata dichiarata dall&#8217;UNESCO patrimonio dell&#8217;umanit\u00e0 nel 1985 ed \u00e8 attualmente uno dei luoghi da visitare. Il suo cuore e punto di partenza \u00e8 la grande piazza Jemaa el Fna. Sistemazione in hotel<\/span><\/p>\n<h3>Giorno 3<br \/>\n<strong> Marrakech &#8211; Demnate \u2013 Imi n&#8217;Ifri &#8211; valle Tassaout \u2013 Megdaz- Toufrine<\/strong><\/h3>\n<p><span id=\"result_box\" class=\"\" lang=\"it\" tabindex=\"-1\">Dopo colazione andremo nella valle di Tassaout da una strada fuori dalle rotte turistiche che attraversa la valle del Teassout fino al bacino di Ouarzazate.<\/span><\/p>\n<p>A 92 km da Marrakech troviamo la citt\u00e0 berbera di Demnate, nella valle di Tassaout situata nell&#8217;atlante centrale ea 960 metri di altitudine, circondata da uliveti e case di mattoni. <span class=\"\">Demnate, nel XII secolo era una citt\u00e0 importante ed era il passaggio della rotta che univa l&#8217;Atlante centrale con le valli di Todra e Ziz, in quel momento aveva un&#8217;importante comunit\u00e0 ebraica.<\/span><\/p>\n<p><span id=\"result_box\" class=\"\" lang=\"it\" tabindex=\"-1\">A 6 km di Demmnate \u00e8 il Ponte naturale di Imi n&#8217;Ifri che significa in berbero &#8220;la porta del precipizio o dell&#8217;abisso&#8221;, e da altri &#8220;la grotta dell&#8217;orco&#8221; secondo un&#8217;antichissima leggenda della zona, racconta che un Essere gigante e il male vivevano nel posto spaventando la popolazione dell&#8217;ambiente. Questo ponte unisce due montagne, separate dal fiume Mehasseur. Per continuare il nostro percorso dobbiamo attraversare il ponte, poich\u00e9 funge da strada regionale, c&#8217;\u00e8 un fantastico punto panoramico dove possiamo vedere questa impressionante meraviglia della natura. <span class=\"\">Continueremo il nostro cammino lungo la strada che attraversa la valle del fiume Tassaout, fino a raggiungere Toufrine, e alloggeremo in un tradizionale ostello berbero.<\/span><\/span><\/p>\n<p><span id=\"result_box\" class=\"\" lang=\"it\" tabindex=\"-1\">Da Toufrine abbiamo la possibilit\u00e0 di andare nel cuore della valle per raggiungere il villaggio di Megdaz &#8220;la perla dell&#8217;Atlante&#8221;, dove troverete la pi\u00f9 grande concentrazione di fortificazioni e agadir o granai collettivi meglio conservati e abitati nell&#8217;Alto Atlante. &#8220;Una meraviglia dell&#8217;arte berbera&#8221;.<\/span><\/p>\n<p><span id=\"result_box\" class=\"\" lang=\"it\" tabindex=\"-1\">La valle di Tessout, \u00e8 il paese dei Cheruh Berberi, vallate ricche di cultura e tradizioni. Si dice che la prima poetessa berbera vivesse in queste splendide vallate. In Marocco, la musica, la poesia e le danze berbere sono associate a quest&#8217;area dell&#8217;Atlante. <span class=\"\">Le famose canzoni di Tassaout furono chiamate dalle donne, che al crepuscolo richiesero l&#8217;attenzione dei loro uomini che lavoravano fuori dalle valli.<\/span> Anche oggi puoi sentire quelle canzoni.<\/span><\/p>\n<h3>Giorno 4<br \/>\n<strong><span id=\"result_box\" class=\"\" lang=\"it\" tabindex=\"-1\">Toufrine &#8211; Skoura &#8211; Valle delle Rose &#8211; Gorges du Dades<\/span><\/strong><\/h3>\n<p><span id=\"result_box\" class=\"\" lang=\"it\" tabindex=\"-1\">Dopo colazione prenderemo la strada che porta al serbatoio El Mansour Eddahbi, vicino a Ouarzazate, costruito sulla foce del fiume Dr\u00e2a, la sua valle separa le montagne dell&#8217;Alto Atlante Centrale e la catena montuosa di Saghro, all&#8217;uscita del bacino seguiremo il <span class=\"\">percorso che ci porta attraverso il palmeto di Skoura, da qui una bella strada piena di adobe kasbah ci porter\u00e0 a Kelaat M&#8217;Gouna, nella valle delle rose, il cui nome deriva dalla coltivazione delle rose damascena, la leggenda dice che<\/span> <span class=\"\">il primo piano arriv\u00f2 in una carovana di pellegrini di ritorno dalla Mecca, nel decimo secolo: oggi l&#8217;intera valle odora di un profumo delicato, e la coltivazione \u00e8 orientata al consumo di acqua di rose e all&#8217;esportazione.<\/span> <span class=\"\">A Kelaat M&#8217;Gouna ogni maggio ci sono celebrazioni per 3 giorni per la fine della raccolta delle rose, con musica dal vivo berbero.<\/span> <span class=\"\">Dopo una breve sosta, rimprovereremo la strada per le Gole di Dades<\/span><\/span>.<\/p>\n<p><span id=\"result_box\" class=\"\" lang=\"it\" tabindex=\"-1\">La valle del fiume Dades sorge nell&#8217;alto Atlante e si restringe fino a formare le gole con lo stesso nome che, secondo la gente del posto, nascondono fino a mille kasbah. La gola del Dades \u00e8 una profonda gola del fiume Dades, tra le citt\u00e0 di Boumalne Dades e Msemrir. La zona \u00e8 popolata principalmente da membri di diverse trib\u00f9 imazighen (berberi).<\/span><\/p>\n<p><span id=\"result_box\" class=\"\" lang=\"it\" tabindex=\"-1\">A nord di Boumalne, le formazioni rocciose combinate con l&#8217;architettura tradizionale delle kasbah e dei ksares di adobe sembrano sorgere dalla stessa roccia e sono di una bellezza particolare. Prima di arrivare a Boumalne, nella gola del Tamlat, le rocce acquisiscono curiose forme geometriche a causa dell&#8217;erosione del vento, popolarmente conosciuta come &#8220;dita delle scimmie&#8221;. <span class=\"\">Cena e pernottamento in un albergo situato nelle gole.<\/span><\/span><\/p>\n<h3>Giorno 5<br \/>\n<strong><span id=\"result_box\" class=\"\" lang=\"it\" tabindex=\"-1\">Gole del Dades &#8211; Gole del Todra &#8211; Merzouga<\/span><\/strong><\/h3>\n<p><span id=\"result_box\" class=\"\" lang=\"it\" tabindex=\"-1\">Colazione, prenderemo la direzione fino ad arrivare alla citt\u00e0 di Tinerhir, situata in un&#8217;ampia valle bagnata dal fiume Todra che contribuisce all&#8217;acqua di irrigazione per i numerosi appezzamenti coltivati all&#8217;ombra del palmeto. Il palmeto Tinerhir, lungo pi\u00f9 di trenta chilometri, si estende a sud delle gole del fiume Todra, una delle porte naturali che collegano l&#8217;Atlante con il Sahara. <span class=\"\">Le gole del fiume Todra, si trovano all&#8217;estremit\u00e0 settentrionale del palmeto di Tinerhir, ai piedi della catena montuosa dell&#8217;Atlante orientale.<\/span> <span class=\"\">A poco a poco questo palmeto si restringe e le pareti di pietra calcarea che lo delimitano si elevano fino a trecento metri di altezza e si dividono in qualche tratto di pochi metri, essendo il punto pi\u00f9 stretto largo una decina di metri.<\/span><\/span><\/p>\n<p><span id=\"result_box\" class=\"\" lang=\"it\" tabindex=\"-1\">Da qui andremo a Merzouga, una piccola citt\u00e0 nel sud-est del Marocco, situata ai piedi del Grande Erg Chebi, nel deserto del Sahara. Lasceremo la 4&#215;4 e pedaleremo sui cammelli che ci porteranno sulle alte dune per goderci un tramonto indimenticabile. Merzouga \u00e8 anche conosciuta come &#8220;La porta delle dune&#8221;. Sali le dune e vedi il tramonto e l&#8217;alba sono alcune esperienze che certamente non ci lascia indifferenti. Trascorreremo la notte in una tenda berbera e gusteremo una cena tradizionale animata dal suono del tam-tam (tamburo), nel cuore pi\u00f9 autentico del deserto.<\/span><\/p>\n<h3>Giorno 6<br \/>\n<strong>Merzouga &#8211; Ramlia<\/strong><\/h3>\n<p><span id=\"result_box\" class=\"\" lang=\"it\" tabindex=\"-1\">Ci alzeremo presto per vedere l&#8217;alba tra le dune, e dopo una buona colazione ci dirigeremo all&#8217;oasi di Ramlia, una bellissima oasi di palme nella regione di Tafilalt, situata nel sud-est del deserto del Sahara, vicino al confine con l&#8217;Algeria e il Marocco.<\/span><\/p>\n<p><span id=\"result_box\" class=\"\" lang=\"it\" tabindex=\"-1\">Per raggiungere Ramlia, attraverseremo bellissimi paesaggi desolati, Ramlia \u00e8 nel mezzo del nulla, i suoi abitanti sono antichi nomadi, appartengono tutti alla trib\u00f9 di A\u00eft Khebbach, che fa parte del grande gruppo Amazigh di Ait Atta da sud Est del deserto del Sahara del Marocco e sono caratterizzati da una grande ospitalit\u00e0.<\/span><\/p>\n<p><span id=\"result_box\" class=\"\" lang=\"it\" tabindex=\"-1\">Cena e pernottamento in un hotel situato nel mezzo del deserto pi\u00f9 puro.<\/span><\/p>\n<h3>Giorno 7<br \/>\n<strong> Merzouga \u2013 Ramlia \u2013 Agdz &#8211; Ouarzazate<\/strong><\/h3>\n<p><span id=\"result_box\" class=\"\" lang=\"it\" tabindex=\"-1\">Faremo colazione e prenderemo la pista del deserto dove \u00e8 passata la strada della manifestazione Parigi-Dakar, arriveremo a mezzogiorno alla citt\u00e0 di Agdz, la cui traduzione letterale sarebbe &#8220;luogo di riposo&#8221;. In passato, Agdz era uno dei punti di sosta delle roulotte che collegavano Marrakech e Timbuktu, la porta della valle del fiume Draa e la zona delle buone date. <span class=\"\">Visiteremo la citt\u00e0 di Tamenougalt, l&#8217;antica capitale dell&#8217;Amazigh (berbero), i primi abitanti del Marocco, e poi andremo a Ouarzazate, che in lingua berbera significa &#8220;senza rumore&#8221;.<\/span> <span class=\"\">Ouarzazate \u00e8 anche conosciuto come &#8220;The Hollywood of Africa&#8221;.<\/span> <span class=\"\">In citt\u00e0 ci sono diversi studi cinematografici tra i quali alcuni dei pi\u00f9 grandi al mondo, gli Atlas Studios.<\/span> <span class=\"\">Soggiorna in hotel<\/span><\/span>.<\/p>\n<h3>Giorno 8<br \/>\n<strong>Ouarzazate &#8211; Ait Ben Haddou &#8211; Marrakech<\/strong><\/h3>\n<p><span id=\"result_box\" class=\"\" lang=\"it\" tabindex=\"-1\"><span title=\"Tomaremos el desayuno en el hotel y seguiremos nuestra ruta por las monta\u00f1as del Alto Atlas hasta llegar a la ciudad fortificada, o kasbah de Ait- Ben- Haddou, que fue fundada en la \u00e9poca de la ruta de las caravanas entre el desierto del Sahara y\">Faremo colazione in hotel e continueremo il nostro percorso attraverso le montagne dell&#8217;Alto Atlante fino a raggiungere la citt\u00e0 fortificata, o kasbah di Ait-Ben-Haddou, che fu fondata al tempo della rotta carovana tra il deserto del Sahara e <\/span><span title=\"la actual ciudad de Marrakech.\">l&#8217;attuale citt\u00e0 di Marrakech. <\/span><span title=\"Las kasbahs fueron antiguamente grandes pueblos ber\u00e9beres amurallados dise\u00f1ados con el objetivo de defender la cosecha y los palmerales que crecen junto a sus cauces.\">Le kasbah erano precedentemente grandi villaggi berberi cinto da mura progettati per difendere il raccolto e le palme che crescono accanto ai loro letti. <\/span><span title=\"Ait- Ben- Haddou est\u00e1 protegido por la UNESCO como Patrimonio de la Humanidad desde 1987. Debido a la belleza de su entorno con paisajes naturales impresionantes, en este lugar se ruedan numerosas pel\u00edculas, despu\u00e9s de la visita a la kasbah, nos pondremos en marcha\">Ait-Ben-Haddou \u00e8 stato protetto dall&#8217;UNESCO come sito del patrimonio mondiale dal 1987. A causa della bellezza dei suoi dintorni con i suoi paesaggi naturali mozzafiato, molti film sono girati in questo posto, dopo la visita alla Kasbah, andremo avanti <\/span><span title=\"hacia Marrakech, para llegar all\u00ed, cruzaremos el Alto Atlas por el puerto de Tichka Tizin, el punto m\u00e1s elevado de la cordillera, la carretera transcurre por territorio Amazigh (Bereber) con unas vistas impresionantes.\">a Marrakech, per arrivarci, attraverseremo l&#8217;Alto Atlante dal porto di Tichka Tizin, il punto pi\u00f9 alto della catena montuosa, la strada attraversa il territorio di Amazigh (Berbero) con viste mozzafiato. <\/span><span title=\"Llegaremos a Marrakech \u201cciudad de las mil y una noches\u201d, y nos alojaremos en el hotel.\">Arriveremo a Marrakech &#8220;citt\u00e0 di mille e una notte&#8221;, e resteremo in hotel.<\/span><\/span><\/p>\n<h3>Girono 9<br \/>\n<strong> Marrakech<\/strong><\/h3>\n<p><span id=\"result_box\" class=\"\" lang=\"it\" tabindex=\"-1\"><span class=\"\">All&#8217;ora programmata, trasferimento all&#8217;aeroporto e fine dei nostri servizi<\/span><\/span><\/p>\n<h2><span id=\"result_box\" class=\"short_text\" lang=\"it\" tabindex=\"-1\">ESTENSIONE ALLA COSTA ATLANTICA<\/span><\/h2>\n<h3>Giorno 9<br \/>\n<strong>Marrakech \u2013 Essaouira<\/strong><\/h3>\n<p><span id=\"result_box\" class=\"\" lang=\"it\" tabindex=\"-1\">Dopo colazione andremo ad Essaouira, la citt\u00e0 della luce e del vento.<\/span><\/p>\n<p><span class=\"\">Lungo la strada visiteremo la cooperativa Assafar, dove viene prodotto l&#8217;olio di argan e dove lavorano solo le donne.<\/span> <span class=\"\">L&#8217;argan &#8220;Il vero oro del Marocco&#8221; ha preziose propriet\u00e0 nutrizionali e dermatologiche.<\/span> <span class=\"\">La sua produzione \u00e8 fatta a mano e le capre sono responsabili dell&#8217;avvio del processo.<\/span> <span class=\"\">Questi animali si arrampicano sui rami degli alberi di Argan, masticano i loro frutti e poi sputano le loro ossa.<\/span> <span class=\"\">Pi\u00f9 tardi, le donne le raccolgono e le colpiscono con una pietra per macinarle con una smerigliatrice.<\/span> <span class=\"\">Nella visita alla cooperativa Assafar, conosceremo giorno per giorno i suoi lavoratori, che ci spiegheranno in dettaglio il complesso processo di produzione di questo olio.<\/span><\/p>\n<p><span id=\"result_box\" class=\"\" lang=\"it\" tabindex=\"-1\">Essaouira, nel berbero Amogdul &#8220;il ben custodito&#8221;. Situato a 170 chilometri a ovest di Marrakech, \u00e8 l&#8217;antica citt\u00e0 di Mogador, chiamata per essere un luogo storicamente legato al Portogallo, che qui stabil\u00ec uno stabilimento commerciale. Essaouira, \u00e8 una piccola citt\u00e0 fortificata bagnata dall&#8217;Atlantico. fondata nel 1764 dal sultano alawita Sidi Mohammed Ben Abdallah, sfruttando le antiche fortificazioni portoghesi di Mogador con il desiderio di rendere la citt\u00e0 un porto commerciale aperto al mondo.<\/span><\/p>\n<p><span id=\"result_box\" class=\"\" lang=\"it\" tabindex=\"-1\">La sua medina o citt\u00e0 vecchia \u00e8 elencata come sito del patrimonio mondiale dal 2001. Essaouira \u00e8 una delle citt\u00e0 pi\u00f9 affascinanti della costa atlantica del Marocco, grazie al suo clima mite tutto l&#8217;anno, alla gentilezza dei suoi abitanti, al suo patrimonio culturale e architettonico, ma soprattutto per l&#8217;atmosfera che regna nelle strade piene di vita, dove si mescolano artigiani, mercanti e pescatori, che \u00e8 una grande attrazione per i visitatori.<\/span><\/p>\n<p><span id=\"result_box\" class=\"\" lang=\"it\" tabindex=\"-1\">In questa citt\u00e0 c&#8217;\u00e8 sempre stato uno scambio culturale che continua a essere mantenuto. Dal 1998, il Festival di Gnawa e la World Music of Essauira si tengono ogni anno a giugno. Questo evento riunisce centinaia di artisti locali e internazionali che mostrano una fusione musicale di musicisti con un vasto repertorio di diversi temi e stili come il jazz, il pop, il rock o il reggae. Alloggio a Riyadh.<\/span><\/p>\n<h3>Giorno 10<br \/>\n<strong>Essaouira \u2013 Safi \u2013 El Jadida &#8211; Casablanca<\/strong><\/h3>\n<p><span id=\"result_box\" class=\"\" lang=\"it\" tabindex=\"-1\"><span class=\"\">Al mattino lasceremo Essaouira fino a raggiungere Safi, una citt\u00e0 situata sulla costa atlantica, quello che spicca di pi\u00f9 nella citt\u00e0 \u00e8 la medina, completamente circondata dal muro costruito dai portoghesi.<\/span> <span class=\"\">La citt\u00e0 vecchia ha un marcato carattere tradizionale che non si vede pi\u00f9 nelle altre medine dove arriva il turismo.<\/span> <span class=\"\">Lasciando la medina troveremo la collina dei vasai.<\/span> <span class=\"\">La ceramica blu di Safi \u00e8 famosa in tutto il mondo!<\/span><\/span><\/p>\n<p><span id=\"result_box\" class=\"\" lang=\"it\" tabindex=\"-1\">Seguiremo la strada per El Jadida, la cittadella fortificata \u00e8 dichiarata patrimonio dell&#8217;umanit\u00e0 dall&#8217;UNESCO. <span class=\"\">Da qui ci dirigeremo verso Casablanca e visiteremo la Moschea di Hassan II, costruita nel 1993, \u00e8 la pi\u00f9 grande moschea del Marocco e la terza pi\u00f9 grande moschea del mondo.<\/span> Notte in albergo.<\/span><\/p>\n<h3>Giorno 11<br \/>\n<strong>Casablanca \u2013 <span id=\"result_box\" class=\"short_text\" lang=\"it\" tabindex=\"-1\">Citt\u00e0 di Origine<\/span><br \/>\n<\/strong><\/h3>\n<p><span id=\"result_box\" class=\"\" lang=\"it\" tabindex=\"-1\">All&#8217;ora programmata, trasferimento all&#8217;aeroporto e fine dei nostri servizi<\/span>[\/vc_column_text][\/vc_column][\/vc_row]\n<\/section>","protected":false},"excerpt":{"rendered":"<p>[vc_row][vc_column][vc_column_text] Giorno 1 Casablanca &#8211; Marrakech Ricevimento all&#8217;aeroporto di Casablanca e trasferimento a Marrakech Alloggio in hotel Giorno 2 Marrakech Dopo colazione, visiteremo la Medina e la famosa piazza Jamaa el Fna. Marrakech fu fondata nel 1062 da Youssef Ibn Tachfin, primo emiro della dinastia berbera degli Almoravidi ed era la capitale dell&#8217;Impero islamico. Marrakech,&hellip;<\/p>\n","protected":false},"featured_media":6400,"comment_status":"open","ping_status":"closed","template":"","meta":{"_acf_changed":false},"product_brand":[],"product_cat":[162],"product_tag":[],"class_list":{"0":"post-8610","1":"product","2":"type-product","3":"status-publish","4":"has-post-thumbnail","6":"product_cat-circuiti-it","7":"entry","8":"has-media","10":"first","11":"instock","12":"shipping-taxable","13":"product-type-simple"},"acf":[],"_links":{"self":[{"href":"https:\/\/www.ramliatours.com\/it\/wp-json\/wp\/v2\/product\/8610","targetHints":{"allow":["GET"]}}],"collection":[{"href":"https:\/\/www.ramliatours.com\/it\/wp-json\/wp\/v2\/product"}],"about":[{"href":"https:\/\/www.ramliatours.com\/it\/wp-json\/wp\/v2\/types\/product"}],"replies":[{"embeddable":true,"href":"https:\/\/www.ramliatours.com\/it\/wp-json\/wp\/v2\/comments?post=8610"}],"wp:featuredmedia":[{"embeddable":true,"href":"https:\/\/www.ramliatours.com\/it\/wp-json\/wp\/v2\/media\/6400"}],"wp:attachment":[{"href":"https:\/\/www.ramliatours.com\/it\/wp-json\/wp\/v2\/media?parent=8610"}],"wp:term":[{"taxonomy":"product_brand","embeddable":true,"href":"https:\/\/www.ramliatours.com\/it\/wp-json\/wp\/v2\/product_brand?post=8610"},{"taxonomy":"product_cat","embeddable":true,"href":"https:\/\/www.ramliatours.com\/it\/wp-json\/wp\/v2\/product_cat?post=8610"},{"taxonomy":"product_tag","embeddable":true,"href":"https:\/\/www.ramliatours.com\/it\/wp-json\/wp\/v2\/product_tag?post=8610"}],"curies":[{"name":"wp","href":"https:\/\/api.w.org\/{rel}","templated":true}]}}