{"id":8612,"date":"2016-11-14T13:29:02","date_gmt":"2016-11-14T12:29:02","guid":{"rendered":"http:\/\/www.ramliatours.com\/tours\/atlas-marrakech-desierto\/"},"modified":"2019-07-14T18:53:53","modified_gmt":"2019-07-14T17:53:53","slug":"marrakech-atlas-deserto","status":"publish","type":"product","link":"https:\/\/www.ramliatours.com\/it\/circuiti\/marrakech-atlas-deserto\/","title":{"rendered":"Marrakech, Atlas e Deserto"},"content":{"rendered":"<section class=\"wpb-content-wrapper\">[vc_row][vc_column][vc_column_text]\n<h3>D\u00eda 1<br \/>\n<strong>Ciudad de origen \u2013 Marrakech<\/strong><\/h3>\n<p>A la hora se\u00f1alada, recepci\u00f3n en el aeropuerto y traslado al hotel, situado cerca de la plaza Jamaa el Fna.<\/p>\n<h3>D\u00eda 2<br \/>\n<strong>Marrakech<\/strong><\/h3>\n<p>Despu\u00e9s del desayuno, visita a la Medina y a la famosa plaza Jamaa el Fna, cerca de la entrada de la Medina.<\/p>\n<p>Marrakech, es, junto a Meknes, Fez y Rabat, una de las cuatro ciudades imperiales de Marruecos. Marrakech fue fundada en 1062 por Youssef Ibn Tachfin, primer emir de la dinast\u00eda bereber de los almor\u00e1vides y fue la capital del Imperio isl\u00e1mico.<\/p>\n<p>Marrakech, es una de las ciudades m\u00e1s importantes de Marruecos, y est\u00e1 al sur del pa\u00eds, al pie del Atlas. Posee numerosos monumentos Patrimonio de la Humanidad, lo que la convierte en el principal atractivo tur\u00edstico del pa\u00eds.<\/p>\n<p>Marrakech, es conocida por la ciudad roja debido al color de sus edificaciones. En el a\u00f1o 2001 la UNESCO declar\u00f3 la plaza de Djemaa el Fna Patrimonio Oral de la Humanidad, siendo una de las plazas m\u00e1s concurridas de \u00c1frica y del mundo. Todo en Marrakech gira en torno a DJamaa el Fna, multitud de personas se dan cita en este espacio p\u00fablico llen\u00e1ndolo de color y cultura; m\u00fasicos, contadores de cuentos, encantadores de serpientes, danzantes, dentistas, vendedores de zumos de fruta, acr\u00f3batas, escritores de cartas, aguadores, vendedores de hierbas medicinales. . .<\/p>\n<p>Al atardecer la plaza se llena de puestos de comida iluminados por cientos de luces, y a medida que va llegando la noche, un infinito n\u00famero de personas se re\u00fanen para comer. A lo lejos, observando la escena de la plaza, se encuentra el monumento almohade m\u00e1s antiguo de la ciudad, la mezquita de la Katubia, famosa sobre todo por su minarete de base cuadrada, que hizo construir Yacoub el Mansour a fines del siglo XII, y que represent\u00f3 el modelo de referencia para la Giralda de Sevilla, y para la Torre Hasan en Rabat. La torre de la Katubia es el edificio m\u00e1s alto de Marrakech y con sus 77 metros de altura domina la Medina, pudi\u00e9ndose ver a distancia cuando se llega a la ciudad.<\/p>\n<p>Al norte de la plaza de Djemaa el Fna se encuentra el zoco, donde cada sector lleva el nombre del principal tipo de mercanc\u00edas que ofrece (vestidos, especias, pieles, babuchas, alfombras, lana, madera, ceramica, etc.), o de los talleres de los artesanos (tintoreros, carpinteros, herreros, etc.). El zoco de las alfombras ocupa el \u00e1rea del viejo mercado de los esclavos. Al nordeste del zoco est\u00e1 el barrio de los curtidores, que se extiende a lo largo de la calle Bab Debbagh, llamada as\u00ed debido a la puerta que lleva ese mismo nombre.<\/p>\n<p>La Medina, es la ciudad vieja, y est\u00e1 protegida por un cord\u00f3n de bastiones hechos de tierra roja que encierran un laberinto de callejuelas llenas de palacios, mercados, mezquitas, c\u00fapulas y minaretes. La Medina de Marrakech ha sido declarada como Patrimonio de la Humanidad por la Unesco en el a\u00f1o 1985, siendo actualmente uno de los lugares de visita obligada. Su coraz\u00f3n y punto de partida es la gran plaza Djemaa el Fna. Alojamiento en el hotel.<\/p>\n<h3>D\u00eda 3<strong><br \/>\nMarrakech \u2013 Ait Ben Hoddou &#8211; Ouarzazat<\/strong><\/h3>\n<p class=\"imgCenter\">Despu\u00e9s del desayuno, saldremos con veh\u00edculos 4&#215;4 por la carretera que va desde Marrakech a Ouarzazate cruzando el Alto Atlas por el puerto de Tichka Tizin, el punto m\u00e1s elevado de la cordillera, la carretera transcurre por territorio Amazigh (Bereber) con unas vistas impresionantes, seguiremos la ruta hasta llegar a la ciudad fortificada, o kasbah de Ait- Ben- Haddou, que fue fundada en la \u00e9poca de la ruta de las caravanas entre el desierto del Sahara y la actual ciudad de Marrakech. Las kasbahs fueron antiguamente grandes pueblos ber\u00e9beres amurallados dise\u00f1ados con el objetivo de defender la cosecha y los palmerales que crecen junto a sus cauces. Ait- Ben- Haddou est\u00e1 protegido por la UNESCO como Patrimonio de la Humanidad desde 1987. Debido a la belleza de su entorno con paisajes naturales impresionantes, en este lugar se ruedan numerosas pel\u00edculas. Despu\u00e9s de la visita kasbah tomaremos el camino hasta llegar a la ciudad de Ouarzazat, all\u00ed nos alojaremos.<br \/>\n<strong><em>\u201csilencio, se rueda\u201d<\/em><\/strong><\/p>\n<p>Ouarzazat en el idioma bereber significa \u201csin ruido\u201d.<\/p>\n<p>Ouarzazat tiene una luminosidad excepcional, en la ciudad hay varios estudios de cine entre los que se encuentran unos de los m\u00e1s grandes del mundo, los Atlas Studios.<\/p>\n<h3>D\u00eda 4<br \/>\n<strong>Ouarzazat \u2013 Valle de las Rosas \u2013 Gargantas del Dades<\/strong><\/h3>\n<p>Despu\u00e9s del desayuno, tomaremos la ruta que nos lleva por el palmeral de Skoura, desde aqu\u00ed una bonita carretera llena de kasbah de adobe nos llevara a Kelaat M&#8217;Gouna, en el valle de las rosas, cuyo nombre viene dado por el cultivo de rosas damascena, La leyenda asegura que la primera planta lleg\u00f3 e n alguna caravana de peregrinos que regresaban de La Meca all\u00e1, por el siglo X. Hoy en d\u00eda el valle entero huele a un delicado perfume, y el cultivo est\u00e1 orientado al consumo de agua de rosas y la exportaci\u00f3n. En Kelaat M&#8217;Gouna cada Mayo se celebran fiestas durante 3 d\u00edas por el fin de la cosecha de las rosas, con m\u00fasica berebere en vivo. Tras una breve parada, reprenderemos nuestro camino hasta las Gargantas del Dades<\/p>\n<p>El valle del r\u00edo Dades surge en el alto Atlas y se estrecha hasta formar las gargantas del mismo nombre que seg\u00fan dicen los locales, se esconden hasta mil kasbahs. La garganta del Dades es un profundo desfiladero del r\u00edo Dades, entre las localidades\u00a0 de Boumalne Dades y Msemrir. La zona est\u00e1 poblada principalmente por miembros de distintas tribus imazighen (ber\u00e9beres).<\/p>\n<p>Al norte de Boumalne, las formaciones rocosas combinadas con la arquitectura tradicional de kasbahs y ksares de adobe parecen surgir de la misma roca y son de una particular belleza. Antes de llegar a Boumalne, en el desfiladero de Tamlat, las rocas adquieren curiosas formas geom\u00e9tricas por la erosi\u00f3n del viento, denominadas popularmente como \u00a0\u201cdedos de mono\u201d. Cena y alojamiento en un hotel situado en las gargantas.<\/p>\n<h3>D\u00eda 5<br \/>\n<strong>Gargantas del Dades &#8211; Ramlia<\/strong><\/h3>\n<p>Despu\u00e9s del desayuno, nos dirigiremos hacia el desierto hasta llegar al oasis de Ramlia, un hermoso oasis de palmeras de la regi\u00f3n del Tafilalt, ubicado en el sureste del Erg Chebbi (desierto del Sahara), junto a la frontera de Argelia y Marruecos.<\/p>\n<p>Ramlia se encuentra en el medio de la nada. Los habitantes del oasis de Ramlia son antiguos n\u00f3madas, pertenecen todos ellos a la tribu de A\u00eft Khebbach, que es parte del gran grupo Amazigh de Ait Atta del sur este del Desierto del Sahara de Marruecos y se caracterizan por su gran hospitalidad. Para llegar a Ramlia estamos obligados a seguir la ruta del rally Par\u00eds-Dakar, a trav\u00e9s de hermosos paisajes desolados. Pasaremos la noche en una Hotel en el m\u00e1s aut\u00e9ntico coraz\u00f3n del desierto. y disfrutaremos de una cena tradicional amenizada con el sonido del tam-tam (tambor)<\/p>\n<h3>D\u00eda 6<br \/>\n<strong>Ramlia &#8211; Merzouga<\/strong><\/h3>\n<p>Nos levantaremos temprano para ver el amanecer en las dunas, y despu\u00e9s de un buen desayuno nos dirigimos a Merzouga, peque\u00f1o pueblo en el sureste de Marruecos situado a los pies del Gran Erg Chebi, desierto del Sahara. El Erg Chebbi tiene una longitud de 22 km (de norte a sur) y 5 km de anchura, y sus dunas tienen una altura m\u00e1xima de 150 m. Dejaremos el 4&#215;4 y montaremos en los camellos que nos llevar\u00e1n al coraz\u00f3n del desierto para disfrutar de una puesta de sol inolvidable. Merzouga es tambi\u00e9n conocida como &#8220;La puerta de las Dunas&#8221;.<\/p>\n<p>Subir las dunas y ver el atardecer y el amanecer son algunas experiencias que sin duda no nos deja indiferentes. Noche en hotel.<\/p>\n<h3>D\u00eda 7<br \/>\n<strong>Merzouga \u2013 Gargantas del Todra &#8211; Imichil<\/strong><\/h3>\n<p>Despu\u00e9s del desayuno, tomaremos la direcci\u00f3n de Alnif, ciudad del Anti Atlas al pie de la cordillera de basalto del Jbel Saghro, cuna de los bereberes, tambi\u00e9n conocidas como las monta\u00f1as del desierto hasta llegar a la ciudad de Tinerhir, emplazada en un amplio valle ba\u00f1ado por el el r\u00edo Todra que aporta el agua de riego a las numerosas parcelas cultivadas a sombra del palmeral. El palmeral de Tinerhir de m\u00e1s de treinta kil\u00f3metros de largo se extiende al sur de las gargantas del r\u00edo Todra, una de las puertas naturales que comunican el Atlas con el Sahara. Siendo uno de los m\u00e1s bellos oasis de la regi\u00f3n. Las Gargantas del r\u00edo Todra, se encuentran en el extremo norte del palmeral de Tinerhir, al pie de la cordillera del Alto Atlas Oriental. Poco a poco este palmeral se va estrechando, y las paredes de roca caliza que lo delimitan se elevan hasta los trescientos metros de altura y separadas en alg\u00fan tramo por apenas una veintena de metros, siendo su punto m\u00e1s estrecho de unos diez metros de anchura. Desde aqu\u00ed nos dirigiremos a Tamtatouchte y remontaremos las gargantas por el espectacular collado del Tizi-n-Tirherhoucine, de 2.650 metros hasta llegar al altiplano del valle de Assif Melloul,\u201d r\u00edo blanco\u201d en el Alto Atlas Central, una zona de pastoreo y de trashumancia. Un viaje en el tiempo en el coraz\u00f3n del Atlas, lejos de las rutas tur\u00edsticas. All\u00ed viven con casas de adobe y piedra esparcidas por todo el valle una de las comunidades de ber\u00e9beres m\u00e1s ancestrales del pa\u00eds. Son pastores semin\u00f3madas que conservan sus tradiciones seculares, llegaremos Imichil, pueblo situado en el mismo valle, a m\u00e1s de 2200 m de altitud. En sus alrededores todas las monta\u00f1as de la zona superan los 3000 metros. Zona rica en pastos. Visitaremos el famoso lago de Tizlit, el lago de la novia que junto al lago del novio Isli, algo m\u00e1s lejano, se ha creado una bonita leyenda de amor.<\/p>\n<p><em>La leyenda cuenta que dos j\u00f3venes enamorados, no pudieron casarse por la oposici\u00f3n de sus respectivas familias, eso caus\u00f3 que ambos por separado se fuesen a las monta\u00f1as con sus reba\u00f1os, fueron tantas las l\u00e1grimas que salieron de sus ojos que se formaron los dos lagos que se encuentran en las inmediaciones de Imilchil, el Tisli y el Isli.<\/em><\/p>\n<p>En Imichil se celebra durante el mes de septiembre el\u201d Moussem\u201d, una boda multitudinaria, en una explanada cerca de Imichil, all\u00ed, se montan una serie de khaimas, donde se hacen los pactos entre tribus del Atlas, todas las j\u00f3venes casaderas se concentran con su familia y una serie de c\u00f3digos preceden a las ceremonias, los j\u00f3venes casaderos, caminan entre las khaimas, como si de una feria se tratase, buscando a la que ser\u00e1 su esposa, despu\u00e9s se celebra la ceremonia de todas las parejas. Ropas, joyas y costumbres. Es un verdadero espect\u00e1culo de color.<\/p>\n<p>Cena y alojamiento en un hotel tradicional de monta\u00f1a.<\/p>\n<h3>D\u00eda 8<br \/>\n<strong>Imichil \u2013 Parque Nacional de las Cascadas de Ouzoud &#8211; Marrakech<\/strong><\/h3>\n<p>Desayuno y ruta hasta Marrakech, por el camino visitaremos las cascadas de Ouzoud, localizadas en el peque\u00f1o pueblo de Tanaghmeilt en el Atlas Medio, consideradas las m\u00e1s altas y bellas del pa\u00eds. Tres cascadas dejan caer el agua del r\u00edo Ouzoud desde una altura de m\u00e1s de 100 metros, confeccionando un paisaje natural impresionante. <em>Ouzoud<\/em> es una palabra bereber que significa \u00abaceituna\u00bb y que hace referencia a los cercanos olivos que hacen sombra en el camino por el que se accede a la parte inferior de las cascadas. En la cima de las cascadas hay una docena de antiguos molinos peque\u00f1os que todav\u00eda est\u00e1n en uso. Por la noche llegaremos a Marrakech y nos hospedaremos en el hotel.<\/p>\n<h3>D\u00eda 9<br \/>\n<strong>Marrakech \u2013 Ciudad de Destino<\/strong><\/h3>\n<p>A la hora establecida, transfer al aeropuerto y final de nuestros servicios[\/vc_column_text][\/vc_column][\/vc_row]\n<\/section>","protected":false},"excerpt":{"rendered":"<p>[vc_row][vc_column][vc_column_text] D\u00eda 1 Ciudad de origen \u2013 Marrakech A la hora se\u00f1alada, recepci\u00f3n en el aeropuerto y traslado al hotel, situado cerca de la plaza Jamaa el Fna. D\u00eda 2 Marrakech Despu\u00e9s del desayuno, visita a la Medina y a la famosa plaza Jamaa el Fna, cerca de la entrada de la Medina. Marrakech, es,&hellip;<\/p>\n","protected":false},"featured_media":6526,"comment_status":"open","ping_status":"closed","template":"","meta":{"_acf_changed":false},"product_brand":[],"product_cat":[162],"product_tag":[],"class_list":{"0":"post-8612","1":"product","2":"type-product","3":"status-publish","4":"has-post-thumbnail","6":"product_cat-circuiti-it","7":"entry","8":"has-media","10":"first","11":"instock","12":"shipping-taxable","13":"product-type-simple"},"acf":[],"_links":{"self":[{"href":"https:\/\/www.ramliatours.com\/it\/wp-json\/wp\/v2\/product\/8612","targetHints":{"allow":["GET"]}}],"collection":[{"href":"https:\/\/www.ramliatours.com\/it\/wp-json\/wp\/v2\/product"}],"about":[{"href":"https:\/\/www.ramliatours.com\/it\/wp-json\/wp\/v2\/types\/product"}],"replies":[{"embeddable":true,"href":"https:\/\/www.ramliatours.com\/it\/wp-json\/wp\/v2\/comments?post=8612"}],"wp:featuredmedia":[{"embeddable":true,"href":"https:\/\/www.ramliatours.com\/it\/wp-json\/wp\/v2\/media\/6526"}],"wp:attachment":[{"href":"https:\/\/www.ramliatours.com\/it\/wp-json\/wp\/v2\/media?parent=8612"}],"wp:term":[{"taxonomy":"product_brand","embeddable":true,"href":"https:\/\/www.ramliatours.com\/it\/wp-json\/wp\/v2\/product_brand?post=8612"},{"taxonomy":"product_cat","embeddable":true,"href":"https:\/\/www.ramliatours.com\/it\/wp-json\/wp\/v2\/product_cat?post=8612"},{"taxonomy":"product_tag","embeddable":true,"href":"https:\/\/www.ramliatours.com\/it\/wp-json\/wp\/v2\/product_tag?post=8612"}],"curies":[{"name":"wp","href":"https:\/\/api.w.org\/{rel}","templated":true}]}}