{"id":9244,"date":"2017-06-18T16:25:14","date_gmt":"2017-06-18T16:25:14","guid":{"rendered":"https:\/\/www.ramliatours.com\/tours\/offerta-per-gli-studenti\/"},"modified":"2019-07-05T00:13:32","modified_gmt":"2019-07-04T23:13:32","slug":"offerta-per-gli-studenti","status":"publish","type":"product","link":"https:\/\/www.ramliatours.com\/it\/circuiti\/offerta-per-gli-studenti\/","title":{"rendered":"Viaggio in Marocco per gli studenti"},"content":{"rendered":"<section class=\"wpb-content-wrapper\">[vc_row][vc_column][vc_column_text]Offriamo soggiorni di 8 giorni e 7 notti dall&#8217;esotica Marrakech alle grandi dune del deserto del Sahara.<\/p>\n<p>Prezzo base: 450\u20ac a persona (gruppo minimo 6 persone).<\/p>\n<h2>MARRAKECH, LA CITT\u00c0 PI\u00d9 AFFASCINANTE DEL MAROCCO.<\/h2>\n<p>Marrakech, situata ai piedi dell&#8217;Atlante, \u00e8 la citt\u00e0 pi\u00f9 esotica del Marocco, il che la rende la principale attrazione turistica del paese.<\/p>\n<p>Marrakech \u00e8 conosciuta come la Citt\u00e0 Rossa per il colore dei suoi edifici. Nel 2001, l&#8217;UNESCO ha dichiarato Piazza Djamaa el Fna patrimonio orale dell&#8217;umanit\u00e0 e uno dei luoghi pi\u00f9 visitati in Africa e nel mondo. Tutto a Marrakech ruota intorno a DJamaa el Fna. Molte persone si riuniscono in questo spazio pubblico, riempiendolo di colore e cultura: musicisti, cantastorie, incantatori di serpenti, ballerini, dentisti, venditori di succhi di frutta, acrobati, scrittori, portatori d&#8217;acqua, venditori di piante medicinali&#8230;.. Al crepuscolo, la piazza \u00e8 piena di bancarelle di cibo illuminate da centinaia di luci e al calar della notte, un numero infinito di persone si riuniscono per mangiare. Da piazza Djemaa el Fna si pu\u00f2 accedere alla medina o al centro storico. Un labirinto di stradine piene di palazzi, mercati, moschee, cupole e minareti.<\/p>\n<p>L&#8217;intera Medina di Marrakech \u00e8 patrimonio mondiale dell&#8217;UNESCO dal 1985.<\/p>\n<h2>IL DESERTO, UN&#8217;ESPERIENZA UNICA!<\/h2>\n<p>Da Marrakech, attraversiamo le montagne dell&#8217;Atlante e vi portiamo al piccolo villaggio di Merzouga, situato ai piedi delle dune e conosciuto come la Perla del deserto marocchino. Le dune di Merzouga vi sedurranno con la loro altezza e il colore arancione della loro sabbia. Arrampicarsi sulle sue alte dune e contemplare l&#8217;alba e il tramonto \u00e8, senza dubbio, un&#8217;esperienza indimenticabile.<\/p>\n<p>Un&#8217;altra attrazione del deserto marocchino \u00e8 seguire il famoso percorso di rally Parigi-Dakar. A Ramlia Tours, siamo buoni conoscitori di questa strada e anche autisti esperti nel deserto. Con veicoli 4\u00d74, seguiremo la vecchia pista da rally, attraversando magnifici paesaggi desertici: dune, hamadas&#8230;.. per raggiungere spettacolari oasi di palme in mezzo al nulla.<\/p>\n<h3>Giorno 1<br \/>\n<strong>Arrivo a Marrakech<\/strong><\/h3>\n<p>All&#8217;orario concordato, trasferimento all&#8217;aeroporto di Marrakech e trasferimento in hotel vicino a Piazza Jamaa el Fna.<\/p>\n<h3>Giorno 2<br \/>\n<strong> Marrakech<br \/>\n<\/strong><\/h3>\n<p>Dopo la prima colazione, visita alla medina e alla famosa piazza Jamaa el Fna, vicino all&#8217;ingresso della medina. Pomeriggio libero. Sistemazione in albergo.<\/p>\n<h3>Giorno 3<br \/>\n<strong> Marrakech \/ Ouarzazate \/ Zagora<br \/>\n<\/strong><\/h3>\n<p>Partiamo in 4&#215;4 sulla strada da Marrakech a Ouarzazate attraversando l&#8217;Alto Atlante attraverso il porto di Tichka Tizin, il punto pi\u00f9 alto della catena montuosa, la strada passa con panorami mozzafiato. Seguiremo la strada per la Valle del Draa fino a Zagora, la Porta del Deserto. Cena e pernottamento in hotel.<\/p>\n<h3>Giorno 4<br \/>\n<strong> Zagora \/ Oasis de Ramlia<br \/>\n<\/strong><\/h3>\n<p>Dopo la prima colazione, lasceremo Zagora per dirigersi verso la strada da rally Parigi-Dakar attraverso magnifici paesaggi sahariani. Passeremo la notte in un hotel nel cuore del deserto (possibilit\u00e0 di dormire nella tradizionale Haima berbera) e godremo di una cena tradizionale animata dal suono del tamburo.<\/p>\n<h3>Giorno 5<br \/>\n<strong>Deserto \/ Deserto<\/strong><\/h3>\n<p>Ci alzeremo presto per vedere l&#8217;alba sulle dune e dopo una buona colazione ci dirigeremo verso Merzouga. Lasceremo il 4&#215;4 e cavalcheremo i cammelli che ci porteranno nel cuore del deserto, dove godremo di un tramonto indimenticabile. Cena e pernottamento in un hotel situato in mezzo al deserto (possibilit\u00e0 di dormire nella tradizionale Haima berbera).<\/p>\n<h3>Giorno 6<br \/>\n<strong>Gola del deserto \/ Gola del Todra \/ Gola del Dades<\/strong><\/h3>\n<p>Dopo la prima colazione, ci dirigiamo verso la gola del fiume Todra, una delle porte naturali che collegano le montagne dell&#8217;Atlante con il Sahara. \u00c8 una delle oasi pi\u00f9 belle della regione. Le Gole del Todra si trovano all&#8217;estremit\u00e0 settentrionale del palmeto di Tinerhir, ai piedi dell&#8217;Alto Atlante orientale. Gradualmente questo palmeto si restringeva; le pareti di roccia calcarea che lo delimitano salgono a trecento metri di altezza; in parte separate da una ventina di metri, il suo punto pi\u00f9 stretto \u00e8 largo una decina di metri. Da l\u00ec, andremo alla Gola del Dades.<\/p>\n<h3>Giorno 7<br \/>\n<strong>Gola del Dades \/ Marrakech<\/strong><\/h3>\n<p>Dopo la prima colazione, continueremo il nostro viaggio lungo la gola del Dades fino alla gola di Tamlat, dove le rocce acquisiscono curiose forme geometriche a causa dell&#8217;erosione del vento, le cosiddette &#8220;dita di scimmia&#8221;. Da l\u00ec, seguiremo il nostro percorso attraverso l&#8217;Alto Atlante fino alla citt\u00e0 di Marrakech, la citt\u00e0 delle Mille e una notte. Sistemazione in albergo.<\/p>\n<h3>Giorno 8<br \/>\n<strong> Marrakech \/ Marrakech<\/strong><\/h3>\n<p>All&#8217;ora prevista, trasferimento all&#8217;aeroporto e fine dei nostri servizi.[\/vc_column_text][\/vc_column][\/vc_row]\n<\/section>","protected":false},"excerpt":{"rendered":"<p style=\"text-align: center;\">Vogliamo offrirvi l&#8217;opportunit\u00e0 di scoprire gli angoli pi\u00f9 unici del nostro paese, accompagnati da esperte guide aborigene.<\/p>\n","protected":false},"featured_media":8334,"comment_status":"open","ping_status":"closed","template":"","meta":{"_acf_changed":false},"product_brand":[],"product_cat":[161],"product_tag":[],"class_list":{"0":"post-9244","1":"product","2":"type-product","3":"status-publish","4":"has-post-thumbnail","6":"product_cat-offerte-it","7":"entry","8":"has-media","10":"first","11":"instock","12":"featured","13":"shipping-taxable","14":"product-type-simple"},"acf":[],"_links":{"self":[{"href":"https:\/\/www.ramliatours.com\/it\/wp-json\/wp\/v2\/product\/9244","targetHints":{"allow":["GET"]}}],"collection":[{"href":"https:\/\/www.ramliatours.com\/it\/wp-json\/wp\/v2\/product"}],"about":[{"href":"https:\/\/www.ramliatours.com\/it\/wp-json\/wp\/v2\/types\/product"}],"replies":[{"embeddable":true,"href":"https:\/\/www.ramliatours.com\/it\/wp-json\/wp\/v2\/comments?post=9244"}],"wp:featuredmedia":[{"embeddable":true,"href":"https:\/\/www.ramliatours.com\/it\/wp-json\/wp\/v2\/media\/8334"}],"wp:attachment":[{"href":"https:\/\/www.ramliatours.com\/it\/wp-json\/wp\/v2\/media?parent=9244"}],"wp:term":[{"taxonomy":"product_brand","embeddable":true,"href":"https:\/\/www.ramliatours.com\/it\/wp-json\/wp\/v2\/product_brand?post=9244"},{"taxonomy":"product_cat","embeddable":true,"href":"https:\/\/www.ramliatours.com\/it\/wp-json\/wp\/v2\/product_cat?post=9244"},{"taxonomy":"product_tag","embeddable":true,"href":"https:\/\/www.ramliatours.com\/it\/wp-json\/wp\/v2\/product_tag?post=9244"}],"curies":[{"name":"wp","href":"https:\/\/api.w.org\/{rel}","templated":true}]}}