{"id":9259,"date":"2016-11-18T11:45:10","date_gmt":"2016-11-18T11:45:10","guid":{"rendered":"https:\/\/www.ramliatours.com\/tours\/tour-guidato-alla-citta-di-fez\/"},"modified":"2019-07-07T21:32:18","modified_gmt":"2019-07-07T20:32:18","slug":"tour-guidato-alla-citta-di-fez","status":"publish","type":"product","link":"https:\/\/www.ramliatours.com\/it\/circuiti\/tour-guidato-alla-citta-di-fez\/","title":{"rendered":"Tour guidato della citt\u00e0 di Fez"},"content":{"rendered":"<p>Il tour di un giorno inizia nella Medina di Fez el Bali, uno dei pi\u00f9 grandi siti medievali del mondo di oggi. L&#8217;intera medina \u00e8 stata dichiarata patrimonio dell&#8217;umanit\u00e0 dall&#8217;UNESCO, con i suoi souk e vicoli medievali.<br \/>\nEntriamo dalla porta Bab Boujloud e camminiamo attraverso il souk con le sue strade strette e labirintiche, spesso schivando i muli carichi di grandi pacchi.<br \/>\nVisiteremo la Bou Inania Madraza, con le sue preziose opere in legno di cedro, stucchi e decorazioni in marmo e onice. La zaou\u00efa di Moulay Idriss, fondatore della citt\u00e0. Il quartiere andaluso con la sua moschea e la Madrasa Es-Sahrij. L&#8217;antico palazzo Dar Batha, in stile arabo-andaluso, dedicato alle arti e tradizioni di Fez.<\/p>\n<p>La Moschea Universitaria di Al-Karaouine \u00e8 una delle pi\u00f9 antiche del mondo, fondata nell&#8217;859 da Fatima Al-Fihri, il distretto dei conciatori e dei tintori, le cui tecniche non sono cambiate dal Medioevo.<\/p>\n","protected":false},"excerpt":{"rendered":"<p>Tour guidati della citt\u00e0 di Fez<\/p>\n","protected":false},"featured_media":7033,"comment_status":"open","ping_status":"closed","template":"","meta":{"_acf_changed":false},"product_brand":[],"product_cat":[163],"product_tag":[],"class_list":{"0":"post-9259","1":"product","2":"type-product","3":"status-publish","4":"has-post-thumbnail","6":"product_cat-escursioni-it","7":"entry","8":"has-media","10":"first","11":"instock","12":"shipping-taxable","13":"product-type-simple"},"acf":[],"_links":{"self":[{"href":"https:\/\/www.ramliatours.com\/it\/wp-json\/wp\/v2\/product\/9259","targetHints":{"allow":["GET"]}}],"collection":[{"href":"https:\/\/www.ramliatours.com\/it\/wp-json\/wp\/v2\/product"}],"about":[{"href":"https:\/\/www.ramliatours.com\/it\/wp-json\/wp\/v2\/types\/product"}],"replies":[{"embeddable":true,"href":"https:\/\/www.ramliatours.com\/it\/wp-json\/wp\/v2\/comments?post=9259"}],"wp:featuredmedia":[{"embeddable":true,"href":"https:\/\/www.ramliatours.com\/it\/wp-json\/wp\/v2\/media\/7033"}],"wp:attachment":[{"href":"https:\/\/www.ramliatours.com\/it\/wp-json\/wp\/v2\/media?parent=9259"}],"wp:term":[{"taxonomy":"product_brand","embeddable":true,"href":"https:\/\/www.ramliatours.com\/it\/wp-json\/wp\/v2\/product_brand?post=9259"},{"taxonomy":"product_cat","embeddable":true,"href":"https:\/\/www.ramliatours.com\/it\/wp-json\/wp\/v2\/product_cat?post=9259"},{"taxonomy":"product_tag","embeddable":true,"href":"https:\/\/www.ramliatours.com\/it\/wp-json\/wp\/v2\/product_tag?post=9259"}],"curies":[{"name":"wp","href":"https:\/\/api.w.org\/{rel}","templated":true}]}}