{"id":9278,"date":"2016-11-16T12:27:43","date_gmt":"2016-11-16T12:27:43","guid":{"rendered":"https:\/\/www.ramliatours.com\/tours\/fes-deserto-marrakech\/"},"modified":"2019-07-08T16:11:59","modified_gmt":"2019-07-08T15:11:59","slug":"fes-deserto-marrakech","status":"publish","type":"product","link":"https:\/\/www.ramliatours.com\/it\/circuiti\/fes-deserto-marrakech\/","title":{"rendered":"Fes, Deserto e Marrakech"},"content":{"rendered":"<section class=\"wpb-content-wrapper\">[vc_row][vc_column][vc_column_text]\n<h3>d\u00eda 1<br \/>\n<strong>Origen &#8211; Fes<\/strong><\/h3>\n<p>Recepci\u00f3n y traslado al hotel.<\/p>\n<h3>d\u00eda 2<br \/>\n<strong> Fes<\/strong><\/h3>\n<p>D\u00eda completo dedicado al descubrimiento de la ciudad de Fes, por la noche regresaremos al hotel, para disfrutar de un merecido descanso. Fes est\u00e1 considerada en Marruecos como el centro religioso y cultural del pa\u00eds. La ciudad se divide en tres zonas, Fez el Bali, (la zona antigua dentro de las murallas), Fez-Jdid, (la zona nueva donde se encuentra la Mellah, el barrio jud\u00edo), y la Ville Nouvelle (la zona francesa en el noroeste de la ciudad). La medina de Fez el Bali, es de los mayores emplazamientos medievales que existen actualmente en el mundo. Toda la medina est\u00e1 declarada Patrimonio Mundial de la Humanidad por la UNESCO, sus zocos y callejuelas no han cambiado desde la Edad Media. Para conocer la medina de Fez el Bali, hay que empezar por la puerta Bab Boujloud, entrar en el zoco y recorrer sus estrechas y laber\u00ednticas calles esquivando con frecuencia a los mulos cargados con grandes fardos.<\/p>\n<ul>\n<li>Visitar la madraza Bou Inania, con sus valiosos trabajos en madera de cedro, los estucos y las decoraciones de m\u00e1rmol y \u00f3nice.<\/li>\n<li>La zaou\u00efa de Moulay Idriss, fundador de la ciudad.<\/li>\n<li>El barrio de los andalus\u00edes con su mezquita y la madraza Es-Sahrij.<\/li>\n<li>El antiguo palacio Dar Batha, de estilo ar\u00e1bigo andalus\u00ed dedicado a las artes y tradiciones de Fez.<\/li>\n<li>La Mezquita Universidad de Al- Karaouine que es de las m\u00e1s antiguas del mundo, fundada en el a\u00f1o 859 por F\u00e1tima Al-Fihri, hija de Mohammed Al-Fhri, un mercader muy rico de esas \u00e9pocas. Despu\u00e9s de la muerte de su padre, F\u00e1tima y su hermana recibieron una gran cantidad de dinero, y entonces F\u00e1tima decidi\u00f3 crear la Mezquita Universidad. En su interior se puede ver cantidad de arcos, mosaicos, tallas de madera y pinturas de gran belleza.<\/li>\n<\/ul>\n<p>El barrio de los curtidores, en la Edad Media, la ciudad se convirti\u00f3 en uno de los principales centros comerciales del Magreb, siendo la principal productora de adargas. (escudo hecho de cuero y de forma ovalada), usado originalmente por la caballer\u00eda musulmana de Al-\u00c1ndalus, con el nombre de <em>add\u00e1rqa<\/em>.<\/p>\n<p>El Festival de M\u00fasicas Sacras del Mundo de Fez, creado en 1994, forma parte de la vida espiritual y art\u00edstica de la ciudad; desde su creaci\u00f3n, este acontecimiento ha tenido un verdadero \u00e9xito internacional. El Festival de Fez de 2001 fue declarado por las Naciones Unidas como uno de los acontecimientos que han contribuido de manera m\u00e1s excepcional al di\u00e1logo entre civilizaciones. Se celebra cada a\u00f1o en el mes de junio.<\/p>\n<h3 class=\"clear\">d\u00eda 3<br \/>\n<strong>Fes &#8211; Merzouga<\/strong><\/h3>\n<p>Despu\u00e9s del desayuno saldremos de Fes en direcci\u00f3n a Ifrane, ciudad situada en el Atlas Medio en una zona monta\u00f1osa a 1713 metros de altitud y con un clima fr\u00edo, lo que ha influido el sobrenombre de la peque\u00f1a Suiza africana, a la salida de Ifrane, tomaremos la ruta hasta los famosos bosques de cedros del Atlas Medio, donde vive una de las \u00faltimas comunidades de monos de Berber\u00eda, una especie de macaco que solo puede verse aqu\u00ed y en Gibraltar. Despu\u00e9s de una breve parada, seguiremos la ruta a trav\u00e9s del impresionante valle del r\u00edo Ziz El recorrido del valle del Ziz, es a trav\u00e9s de gargantas de piedra calc\u00e1rea bordeadas de altas palmeras datileras y mezcladas con las construcciones de casas de adobe, lo que hace del lugar un espect\u00e1culo fascinante para nuestros ojos.<\/p>\n<p>El r\u00edo Ziz nace en el Alto Atlas y excava su recorrido en impresionantes acantilados, se dirige hacia el sur, donde riega el inmenso palmeral de Tafilalet. El agua marca la ruta hacia el desierto, all\u00ed se pierde tras recorrer m\u00e1s de 270 Km. Por la tarde llegaremos a Merzouga, conocida por \u201cla puerta de la dunas\u201d, un peque\u00f1o pueblo en el sureste de Marruecos situado al borde del Gran Erg Chebi, (desierto del Sahara). Alli dejaremos el 4&#215;4 y montaremos en los camellos que nos llevar\u00e1n a las altas dunas del desierto para disfrutar de una puesta de sol inolvidable. Cena y alojamiento en un hotel al pie de las mismas dunas.<\/p>\n<h3>d\u00eda 4<br \/>\n<strong> Fes \u2013 Merzouga \u2013 Rissani &#8211; Desierto<\/strong><\/h3>\n<p>Despu\u00e9s del desayuno saldremos hacia Rissani, a 35 km de Merzouga, visitaremos el colorido mercado, un importante centro de comercio frecuentado por gente del desierto. El mercado de Rissani es ancestral, en el cual hay artesanos de madera, venta de ganado, de especias&#8230; aqu\u00ed tambi\u00e9n podremos ver el curioso Parking de asnos, donde la gente que va al mercado guarda aqu\u00ed los animales.<\/p>\n<p>Rissani es adem\u00e1s un lugar de encuentro de coleccionistas, buscadores de f\u00f3siles e investigadores; en sus proximidades se encuentran numerosas canteras de minerales y yacimientos f\u00f3siles.<\/p>\n<p>A nivel hist\u00f3rico Rissani fue un reino propiamente dicho entre los siglos 8 y 14, conocido como Siyilmasa y muy importante en la zona debido a las caravanas transaharianas y movimiento comercial que hab\u00eda en esos tiempos, rivalizando con Fez y Marraquech. Desde aqu\u00ed sal\u00edan grandes caravanas de camellos que exportaban a Sud\u00e1n y a Guinea los metales, las telas y los d\u00e1tiles. Ibn Battuta en su viaje en direcci\u00f3n a Mali en el a\u00f1o 1352 relata:<\/p>\n<p><em>llegu\u00e9 a la ciudad de Siyilmasa, que es una de las m\u00e1s hermosas y abundante en excelentes d\u00e1tiles, en lo cual se le asemeja la ciudad de Basora, pero los de Siyilmasa son mejores (&#8230;) adquir\u00ed camellos y me puse de viaje en una caravana donde viajaban muchos mercaderes de Siyilmasa&#8230;<\/em><\/p>\n<p>Por la tarde reprendemos la ruta del desierto y nos alojaremos en un hotel en el m\u00e1s aut\u00e9ntico coraz\u00f3n del desierto y disfrutaremos de una cena tradicional amenizada con el sonido del tam-tam. (Hay la posibilidad de dormir en haima).<\/p>\n<h3>d\u00eda 5<br \/>\n<strong> Desierto &#8211; Ramlia<\/strong><\/h3>\n<p>Nos levantaremos temprano para ver el amanecer en las dunas, y despu\u00e9s de un buen desayuno nos dirigimos al oasis de Ramlia , un oasis de palmeras de la regi\u00f3n del Tafilalt, ubicado en el sureste del Erg Chebbi (desierto del Sahara), junto a la frontera de Argelia y Marruecos. Visitaremos el palmeral regado por una tergua o acequia tradicional construida manualmente, \u201csin el agua no hab\u00eda vida en el desierto\u201d y disfrutaremos de la hospitalidad que caracteriza a sus gentes. Los habitantes del oasis de Ramlia son antiguos n\u00f3madas, pertenecen todos ellos a la tribu de A\u00eft Khebbach, que es parte del gran grupo Amazigh de Ait Atta del sur este del Desierto del Sahara de Marruecos. En los alrededores de Ramlia veremos algunas comunidades n\u00f3madas con sus reba\u00f1os. Cena y alojamiento en un hotel situado en medio del desierto.<\/p>\n<h3>d\u00eda 6<br \/>\n<strong> Desierto \u2013 Ramlia \u2013 Agdz &#8211; Ouarzazate<\/strong><\/h3>\n<p>Desayunaremos y tomaremos la pista del desierto por donde pasaba la ruta del rally Par\u00eds-Dakar, llegaremos al mediod\u00eda a la ciudad de Agdz, cuya traducci\u00f3n literal ser\u00eda \u201clugar de descanso\u201d. En el pasado, Agdz serv\u00eda como uno de los puntos de parada de las caravanas que un\u00edan Marrakech y Tombuct\u00fa, la puerta del valle del r\u00edo Draa y zona de buenos d\u00e1tiles. Visitaremos el pueblo de Tamenougalt, la antigua capital de los amazigh los primeros habitantes de Marruecos, su kasbah es el conjunto arquitect\u00f3nico m\u00e1s importante y de los m\u00e1s bellos del sur Marroqu\u00ed. A finales de los 80 del siglo pasado, el director Bertolucci escog\u00eda este conjunto arquitect\u00f3nico para filmar varias escenas de su ya m\u00edtica pel\u00edcula \u201cEl Cielo Protector\u201d. Su nombre \u201cTamnougalt\u201d en lengua bereber significa \u201cencrucijada\u201d y de hecho, eso es lo que represento ese lugar en tiempos pasados, un centro de encrucijadas de caravanas que ven\u00edan del \u00c1frica subsahariana y a continuaci\u00f3n saldremos hacia Ouarzazate, que en el idioma bereber significa \u201csin ruido\u201d. Ouarzazate tambi\u00e9n es conocida como &#8220;El Hollywood de \u00c1frica&#8221;. En la ciudad hay varios estudios de cine entre los que se encuentran unos de los m\u00e1s grandes del mundo, los Atlas Studios. Estancia en el hotel.<\/p>\n<h3 class=\"clear\">d\u00eda 7<br \/>\n<strong> Ouarzazate &#8211; Marrakech<\/strong><\/h3>\n<p>Despu\u00e9s del desayuno seguiremos nuestra ruta por las monta\u00f1as del Alto Atlas hasta llegar a la ciudad fortificada, o kasbah de Ait- Ben- Haddou, que fue fundada en la \u00e9poca de la ruta de las caravanas entre el desierto del Sahara y la actual ciudad de Marrakech. Las kasbahs fueron antiguamente grandes pueblos ber\u00e9beres amurallados dise\u00f1ados con el objetivo de defender la cosecha y los palmerales que crecen junto a sus cauces. Ait- Ben- Haddou est\u00e1 protegido por la UNESCO como Patrimonio de la Humanidad desde 1987. Debido a la belleza de su entorno con paisajes naturales impresionantes, en este lugar se ruedan numerosas pel\u00edculas. Despu\u00e9s de la visita kasbah, cruzaremos el Atlas desde Ait Ben Haddou accederemos al puerto de monta\u00f1a de Tizi-N-Tichka, a 2.260 metros de altura, el punto m\u00e1s elevado de la cordillera del Alto Atlas, y desde aqu\u00ed a Marrakech. \u201cla ciudad de las mil y una noches\u201d. Noche en hotel.<\/p>\n<h3>d\u00eda 8<br \/>\n<strong> Marrakech<\/strong><\/h3>\n<p>Marrakech, es, junto a Meknes, Fez y Rabat, una de las cuatro ciudades imperiales de Marruecos. Marrakech fue fundada en 1062 por Youssef Ibn Tachfin, primer emir de la dinast\u00eda bereber de los almor\u00e1vides y fue la capital del Imperio isl\u00e1mico.<\/p>\n<p>Marrakech, es una de las ciudades m\u00e1s importantes de Marruecos, y est\u00e1 al sur del pa\u00eds, al pie del Atlas. Posee numerosos monumentos Patrimonio de la Humanidad, lo que la convierte en el principal atractivo tur\u00edstico del pa\u00eds.<\/p>\n<p>Despu\u00e9s de desayunar y a la hora pactada y empezaremos la visita a Marrakech en la plaza de la Mezquita Koutoubia, junto a la plaza de Jamaa el Fna, desde aqu\u00ed entraremos en la Medina catalogada por la UNESCO como Patrimonio de la Humanidad, pasearemos por las callejuelas del zoco y visitaremos los principales atractivos hist\u00f3ricos que alberga la Medina. Las Tumbas Saad\u00edes, la Medersa Ben Youssef, el Palacio El Badi. A la salida de la Medina tomaremos un t\u00e9 a la menta en algun as de las terrazas de la animada plaza Jamaa el Fna. \u201ctodo un mundo en una plaza\u201d, declarada por la UNESCO Patrimonio oral de la Humanidad, todo en Marrakech gira en torno a la plaza, en este espacio p\u00fablico se re\u00fanen llen\u00e1ndolo de color y cultura; m\u00fasicos, contadores de cuentos, encantadores de serpientes, danzantes, dentistas, vendedores de zumos de fruta, acr\u00f3batas, escritores de cartas, aguadores, vendedores de hierbas medicinales, mujeres haciendo tatuajes con henna \u201cLa tradici\u00f3n de decorarse las manos y los pies con henna se extiende por muchos pa\u00edses del Magreb\u201d.<\/p>\n<p>Tarde libre para su disfrute. Una buena opci\u00f3n es acercarse al atardecer la plaza Jamaa el Fna, y desde algunas de las altas terrazas de la plaza observar como poco a poco, la plaza se llena de puestos de comida iluminados por cientos de luces, y a medida que va llegando la noche, un infinito n\u00famero de personas se re\u00fanen para comer. Noche en hotel.<\/p>\n<h3 class=\"clear\">d\u00eda 9<br \/>\n<strong> Marrakech \u2013 Meknes &#8211; Fes<\/strong><\/h3>\n<p>Salida por la ma\u00f1ana temprano hacia Fez por autopista, pararemos en Meknes, una de las cuatro ciudades imperiales de Marruecos. Fundada en el siglo XI por los almor\u00e1vides (una tribu bereber con el nombre de Meknassi), y lleg\u00f3 a ser capital del Magreb en el XVII. En Meknes podemos ver la puerta de Bad el Mansour, se trata de una de las puertas de entrada m\u00e1s grandes y m\u00e1s hermosas de Marruecos, construida en 1732. La puerta de Bad el Mansour, es la entrada habitual a la Medina, donde podremos admirar su zoco, los edificios hist\u00f3ricos y la Gran Mezquita de origen almor\u00e1vide del siglo XII. Seguiremos hasta Fes y nos alojaremos en el hotel.<\/p>\n<h3>d\u00eda 10<br \/>\n<strong> Fes &#8211; Destino<\/strong><\/h3>\n<p>A la hora convenida, traslado al aeropuerto y fin de nuestros servicios.[\/vc_column_text][\/vc_column][\/vc_row]\n<\/section>","protected":false},"excerpt":{"rendered":"<p>[vc_row][vc_column][vc_column_text] d\u00eda 1 Origen &#8211; Fes Recepci\u00f3n y traslado al hotel. d\u00eda 2 Fes D\u00eda completo dedicado al descubrimiento de la ciudad de Fes, por la noche regresaremos al hotel, para disfrutar de un merecido descanso. Fes est\u00e1 considerada en Marruecos como el centro religioso y cultural del pa\u00eds. La ciudad se divide en tres&hellip;<\/p>\n","protected":false},"featured_media":6685,"comment_status":"open","ping_status":"closed","template":"","meta":{"_acf_changed":false},"product_brand":[],"product_cat":[162],"product_tag":[],"class_list":{"0":"post-9278","1":"product","2":"type-product","3":"status-publish","4":"has-post-thumbnail","6":"product_cat-circuiti-it","7":"entry","8":"has-media","10":"first","11":"instock","12":"shipping-taxable","13":"product-type-simple"},"acf":[],"_links":{"self":[{"href":"https:\/\/www.ramliatours.com\/it\/wp-json\/wp\/v2\/product\/9278","targetHints":{"allow":["GET"]}}],"collection":[{"href":"https:\/\/www.ramliatours.com\/it\/wp-json\/wp\/v2\/product"}],"about":[{"href":"https:\/\/www.ramliatours.com\/it\/wp-json\/wp\/v2\/types\/product"}],"replies":[{"embeddable":true,"href":"https:\/\/www.ramliatours.com\/it\/wp-json\/wp\/v2\/comments?post=9278"}],"wp:featuredmedia":[{"embeddable":true,"href":"https:\/\/www.ramliatours.com\/it\/wp-json\/wp\/v2\/media\/6685"}],"wp:attachment":[{"href":"https:\/\/www.ramliatours.com\/it\/wp-json\/wp\/v2\/media?parent=9278"}],"wp:term":[{"taxonomy":"product_brand","embeddable":true,"href":"https:\/\/www.ramliatours.com\/it\/wp-json\/wp\/v2\/product_brand?post=9278"},{"taxonomy":"product_cat","embeddable":true,"href":"https:\/\/www.ramliatours.com\/it\/wp-json\/wp\/v2\/product_cat?post=9278"},{"taxonomy":"product_tag","embeddable":true,"href":"https:\/\/www.ramliatours.com\/it\/wp-json\/wp\/v2\/product_tag?post=9278"}],"curies":[{"name":"wp","href":"https:\/\/api.w.org\/{rel}","templated":true}]}}