{"id":9298,"date":"2016-11-16T11:21:34","date_gmt":"2016-11-16T11:21:34","guid":{"rendered":"https:\/\/www.ramliatours.com\/tours\/casablanca-marrakech-litorale-deserto-atlante\/"},"modified":"2019-07-08T18:33:37","modified_gmt":"2019-07-08T17:33:37","slug":"casablanca-marrakech-litorale-deserto-atlante","status":"publish","type":"product","link":"https:\/\/www.ramliatours.com\/it\/circuiti\/casablanca-marrakech-litorale-deserto-atlante\/","title":{"rendered":"Casablanca, Marrakech, Litorale, Deserto e Atlante"},"content":{"rendered":"<section class=\"wpb-content-wrapper\">[vc_row][vc_column][vc_column_text]\n<h3>giorno 1<br \/>\n<strong> Casablanca &#8211; Marrakech<\/strong><\/h3>\n<p>Accoglienza all&#8217;aeroporto di Casablanca e trasferimento all&#8217;Hotel Marrakech.<\/p>\n<h3>giorno 2<br \/>\n<strong>Marrakech<\/strong><\/h3>\n<p>Dopo la prima colazione, visiteremo la Medina e la famosa piazza Jamaa el Fna.<\/p>\n<p>Marrakech fu fondata nel 1062 da Youssef Ibn Tachfin, il primo emiro della dinastia berbera degli Almoravidi e fu la capitale dell&#8217;Impero Islamico.<\/p>\n<p>Marrakech \u00e8 una delle citt\u00e0 pi\u00f9 importanti del Marocco, e si trova nel sud del paese, ai piedi dell&#8217;Atlante. Ha numerosi monumenti Patrimonio dell&#8217;Umanit\u00e0, che ne fanno la principale attrazione turistica del paese.<br \/>\nNel 2001 l&#8217;UNESCO ha dichiarato Jamaa Square Patrimonio Orale dell&#8217;Umanit\u00e0, essendo una delle piazze pi\u00f9 frequentate in Africa e nel mondo. Tutto a Marrakech ruota attorno alla Jamaa el Fna, una moltitudine di persone si riuniscono in questo spazio pubblico riempendolo di colore e cultura; musicisti, cantastorie, incantatori di serpenti, ballerini, dentisti, venditori di succhi di frutta, acrobati, scrittori di lettere, portatori d&#8217;acqua, venditori di erbe medicinali. . . All&#8217;imbrunire la piazza si riempie di bancarelle di cibo illuminate da centinaia di luci e, al calare della notte, un numero infinito di persone si riuniscono per mangiare. In lontananza, osservando la scena della piazza, si trova il pi\u00f9 antico monumento almohade della citt\u00e0, la moschea Katubia, famosa soprattutto per il minareto a base quadrata, che Yacoub costru\u00ec la Mansour alla fine del XII secolo, e che rappresentava il modello di riferimento per la Giralda di Siviglia e per la Torre Hasan di Rabat. La Torre Katubia \u00e8 l&#8217;edificio pi\u00f9 alto di Marrakech e, con i suoi 77 metri di altezza, domina la Medina ed \u00e8 visibile da lontano quando si raggiunge la citt\u00e0.<\/p>\n<p>A nord della piazza Jemaa el Fna si trova il souk, dove ogni settore porta il nome del principale tipo di prodotti che offre (abbigliamento, spezie, pellicce, babbuchi, babbuchi, tappeti, lana, legno, ceramica, ecc.), o delle botteghe artigiane (tintori, falegnami, fabbri, ecc.). Il souk di tappeti occupa l&#8217;area del vecchio mercato degli schiavi. A nord-est del souk si trova il quartiere dei conciatori, che si estende lungo Bab Debbagh Street, cos\u00ec chiamato per l&#8217;omonima porta.<\/p>\n<p>La Medina, la citt\u00e0 vecchia, \u00e8 protetta da un cordone di bastioni in terra rossa che racchiude un labirinto di vicoli pieni di palazzi, mercati, moschee, cupole e minareti. La Medina di Marrakech \u00e8 stata dichiarata Patrimonio dell&#8217;Umanit\u00e0 dall&#8217;UNESCO nel 1985 ed \u00e8 oggi una tappa obbligata. Il suo cuore e punto di partenza \u00e8 la grande piazza Jemaa el Fna.<\/p>\n<p>Sistemazione in hotel.<\/p>\n<h3>giorno 3<br \/>\n<strong> Marrakech \u2013 Essaouira<\/strong><\/h3>\n<p>Dopo la prima colazione ci dirigiamo verso Essaouira, la citt\u00e0 della luce e del vento.<\/p>\n<p>Durante il tragitto visiteremo la cooperativa Assafar, dove si produce olio di argan e dove lavorano solo donne. L&#8217;argan &#8220;Il vero oro del Marocco&#8221; ha preziose propriet\u00e0 nutrizionali e dermatologiche. La sua produzione \u00e8 fatta a mano e le capre sono responsabili dell&#8217;avvio del processo. Questi animali si arrampicano sui rami degli alberi di Argan, masticano i loro frutti e poi sputano le loro pietre. Pi\u00f9 tardi, le donne li raccolgono e li picchiano con una pietra per schiacciarli con un macinino. Durante la visita alla cooperativa Assafar, conosceremo la vita quotidiana dei suoi lavoratori, che spiegheranno in dettaglio il complesso processo di produzione di questo olio.<\/p>\n<p>Essaouira, in berbero Amogdul &#8220;la bien guardada&#8221;. Situata a 170 chilometri ad ovest di Marrakech, \u00e8 l&#8217;antica citt\u00e0 di Mogador, cos\u00ec chiamata perch\u00e9 \u00e8 un luogo storicamente legato al Portogallo, che qui ha stabilito un&#8217;attivit\u00e0 commerciale. Essaouira, \u00e8 una piccola citt\u00e0 fortificata bagnata dall&#8217;Atlantico fondata nel 1764 dal sultano alaouita Sidi Mohammed Ben Abdallah, sfruttando le antiche fortificazioni portoghesi di Mogador con il desiderio di fare della citt\u00e0 un porto commerciale aperto al mondo.<\/p>\n<p>La sua medina o citt\u00e0 vecchia \u00e8 stata dichiarata Patrimonio dell&#8217;Umanit\u00e0 dal 2001. Essaouira \u00e8 una delle citt\u00e0 pi\u00f9 attraenti di tutta la costa atlantica marocchina grazie al suo clima mite tutto l&#8217;anno, alla gentilezza dei suoi abitanti, al suo patrimonio culturale e architettonico.<\/p>\n<p>La medina \u00e8 un luogo da godere senza fretta, l&#8217;atmosfera che regna nelle strade piene di vita, dove si mescolano artigiani, mercanti e pescatori, che \u00e8 una grande attrazione. L&#8217;artigianato di Essaouira \u00e8 ricco e vario, sono maestri orafi, intarsiatori ed ebanisti, soprattutto con legno di thuya.<\/p>\n<p>In questa citt\u00e0 c&#8217;\u00e8 sempre stato uno scambio culturale che viene mantenuto. Dal 1998, il Gnawa and World Music Festival di Essauira si tiene ogni anno a giugno. L&#8217;evento concentra centinaia di artisti locali e internazionali che propongono un mix musicale di musicisti con un grande repertorio di temi e stili diversi come il jazz, il pop, il rock o il reggae. Sistemazione in Riad.<\/p>\n<h3>giorno 4<br \/>\n<strong> Essaouira &#8211; Sidi Kaouki &#8211; Agadir<\/strong><\/h3>\n<p>Dopo la prima colazione percorreremo il percorso parallelo all&#8217;oceano per raggiungere il villaggio di El Ghazoua, l\u00ec faremo una deviazione che ci porter\u00e0 a Capo Sim, un luogo spettacolare tra il mare e il deserto del Sahara circondato da dune con spiagge vergini e un piccolo villaggio di pescatori. Proseguiremo per Sidi Koauki, un&#8217;ampia ed estesa spiaggia accanto ad una foresta di Tuyas; il nome del luogo \u00e8 in onore di un uomo santo del XIX secolo, il cui santuario, situato alla fine della spiaggia (morabito), attira ogni anno nel mese di agosto molti pellegrini. A Sidi Koauki, avremo la possibilit\u00e0 di fare una passeggiata a cavallo o a dorso di cammello sulla stessa riva della spiaggia. Continueremo il nostro viaggio verso la spettacolare vista sull&#8217;Oceano Atlantico a Capo Rhir, e continueremo a Taghazout, un piccolo villaggio turistico che gode di un clima mite durante tutto l&#8217;anno, la sua spiaggia di 7 km di sabbia fine \u00e8 un centro surfistico di fama mondiale. Da qui si prosegue per Agadir, citt\u00e0 situata tra l&#8217;Anti-Atlante e il deserto del Sahara. Agadir \u00e8 il centro turistico per eccellenza del Marocco, la sua spiaggia di sabbia fine di 10 km e pi\u00f9 di 300 giorni di sole all&#8217;anno lo sostengono. Pernottamento in hotel.<\/p>\n<h3>giorno 5<br \/>\n<strong>Agadir \u2013 Valle di Tifrit<\/strong><strong>&#8211; Agdz<\/strong><\/h3>\n<p>Prima colazione e partenza per la Valle del Tifrit chiamata &#8220;Valle del Paradiso&#8221; dagli hippies negli anni &#8217;70. Situato a 1160 metri di altitudine, \u00e8 il paese della trib\u00f9 berbera di Ida Outanane che ha vissuto autonomamente fino al 1927, la valle \u00e8 circondata da palme di montagna, il vostro, ulivi e argani e il suo miele di timo, fiori d&#8217;arancio o cactus \u00e8 molto apprezzato. In agosto si celebra la festa del miele di Moussem. Seguiremo l&#8217;itinerario attraverso zone montane semi-desertiche con paesaggi suggestivi che nascondono piccoli borghi dall&#8217;architettura tradizionale, per raggiungere la citt\u00e0 di Taliouine &#8220;terra dello zafferano&#8221;, \u00e8 il pi\u00f9 grande centro di produzione di questo prodotto in Marocco, cos\u00ec come lo \u00e8 anche la zona dell&#8217;origano. Nelle stagioni di fioritura, le montagne e i pendii sono ricoperti di colore. La kasbah e il souk di Taliouine, molto popolari tra le comunit\u00e0 circostanti per vendere i loro prodotti e comprare provviste, meritano una visita.<\/p>\n<p>Seguiremo la strada attraverso Tazenakht, un villaggio dell&#8217;Anti Atlante famoso per i suoi bellissimi tappeti berberi colorati e disegni geometrici noti come &#8220;Ouauzguites&#8221;.<\/p>\n<p>Nel pomeriggio\/sera arriveremo ad Agdz, alla fine della valle del fiume Draa, dove, come da tradizione, pernotteremo in albergo. Agdz significa &#8220;luogo di riposo&#8221;. In passato, Agdz era uno dei punti di sosta per le roulotte che collegavano Marrakech e Timbuktu.<\/p>\n<h3>giorno 6<br \/>\n<strong>Agdz &#8211; Ramlia<\/strong><\/h3>\n<p>Dopo la prima colazione lasciamo Agdz e ci dirigiamo verso l&#8217;Oasi Ramlia, situata nel sud-est del deserto del Sahara, vicino al confine algerino-marocchino. Per raggiungere Ramlia passeremo attraverso bellissimi paesaggi desolati, Ramlia \u00e8 in mezzo al nulla, i suoi abitanti sono antichi nomadi, appartengono tutti alla trib\u00f9 degli A\u00eft Khebbach, che fa parte del grande gruppo Amazigh degli Ait Atta del deserto del Sahara sudorientale del Marocco e si caratterizzano per la loro grande ospitalit\u00e0.<\/p>\n<p>Cena e pernottamento in un hotel situato nel cuore del deserto pi\u00f9 puro.<\/p>\n<h3>giorno 7<br \/>\n<strong>Ramlia &#8211; Merzouga<\/strong><\/h3>\n<p>Ci alzeremo presto per vedere l&#8217;alba sulle dune, e dopo una buona colazione ci dirigiamo a Merzouga, un piccolo villaggio nel sud-est del Marocco situato ai piedi del Grande Erg Chebi, deserto del Sahara. L&#8217;Erg Chebbi ha una lunghezza di 22 km (da nord a sud) e una larghezza di 5 km, e le sue dune hanno un&#8217;altezza massima di 150 m. Lasceremo il 4&#215;4 e cavalcheremo i cammelli che ci porteranno nel cuore del deserto per goderci un tramonto indimenticabile. Merzouga \u00e8 anche conosciuta come &#8220;La porta delle Dune&#8221;. Arrampicarsi sulle dune e guardare il tramonto e l&#8217;alba sono alcune esperienze che non ci lasciano certamente indifferenti. Pernottamento in hotel.<\/p>\n<h3>giorno 8<br \/>\n<strong> Merzouga \u2013 Gole del Todra &#8211; Imichil<\/strong><\/h3>\n<p>Dopo la prima colazione, prenderemo la direzione di Alnif, citt\u00e0 dell&#8217;Anti Atlante ai piedi della catena montuosa basaltica di Jbel Saghro, culla dei Berberi, conosciuta anche come le montagne del deserto per raggiungere la citt\u00e0 di Tinerhir, situata in un&#8217;ampia valle bagnata dal fiume Todra che porta l&#8217;acqua di irrigazione ai numerosi appezzamenti coltivati all&#8217;ombra del palmeto. Il palmeto di Tinerhir, lungo pi\u00f9 di trenta chilometri, si estende a sud delle gole del fiume Todra, una delle porte naturali che collegano l&#8217;Atlante con il Sahara. \u00c8 una delle oasi pi\u00f9 belle della regione. Le Gole del fiume Todra si trovano all&#8217;estremit\u00e0 settentrionale del palmeto di Tinerhir, ai piedi dell&#8217;Alto Atlante orientale. A poco a poco questo palmeto si restringe, e le pareti di roccia calcarea che lo delimitano si innalzano fino a trecento metri di altezza e separati in qualche tratto da una ventina di metri, essendo il suo punto pi\u00f9 stretto largo una decina di metri. Da qui ci dirigiamo a Tamtatouchte e risaliamo le gole attraverso lo spettacolare passo Tizi-n-Tirherhoucine, alto 2.650 metri, fino a raggiungere l&#8217;altopiano della valle dell&#8217;Assif Melloul, &#8220;fiume bianco&#8221; nell&#8217;Alto Atlante Centrale, zona di pascolo e transumanza. Un viaggio a ritroso nel tempo nel cuore dell&#8217;Atlante, lontano dagli itinerari turistici. Qui vivono con case di adobe e case di pietra sparse in tutta la valle, una delle comunit\u00e0 berbere pi\u00f9 ancestrali del paese. Si tratta di pastori seminomadi che conservano le loro tradizioni secolari. Arriveremo a Imichil, un paese situato nella stessa valle, a pi\u00f9 di 2200 metri di altitudine. Nei suoi dintorni tutte le montagne della zona superano i 3000 metri. La zona \u00e8 ricca di pascoli. Visiteremo il famoso lago di Tizlit, il lago della sposa che accanto al lago dello sposo Isli, qualcosa di pi\u00f9 lontano, \u00e8 stata creata una bella leggenda d&#8217;amore.<\/p>\n<p>La leggenda narra che due giovani amanti, non potevano sposarsi a causa dell&#8217;opposizione delle rispettive famiglie, che fece s\u00ec che entrambi andassero separatamente in montagna con le loro greggi, c&#8217;erano cos\u00ec tante lacrime che provenivano dai loro occhi che formarono i due laghi che si trovano nelle vicinanze di Imilchil, il Tisli e l&#8217;Isli.<\/p>\n<p>A Imichil si celebra durante il mese di settembre il &#8220;Moussem&#8221;, un matrimonio multiforme, in una spianata vicino a Imichil, dove si montano una serie di khaimas, dove si fanno i patti tra le trib\u00f9 dell&#8217;Atlante, si concentrano tutte le giovani donne sposate con la loro famiglia e una serie di codici precedono le cerimonie, i giovani sposati, camminano tra i khaimas, come se fosse una fiera, alla ricerca di quella che sar\u00e0 sua moglie, poi si celebra la cerimonia di tutte le coppie. Vestiti, gioielli e costumi. E&#8217; un vero spettacolo di colori.<br \/>\nCena e pernottamento in un tradizionale hotel di montagna.<\/p>\n<h3>giorno 9<br \/>\n<strong> Imichil \u2013 Parco Nazionale delle Cascate di Ouzoud &#8211; Casablanca<\/strong><\/h3>\n<p>Colazione e percorso per Casablanca, lungo il percorso visiteremo le cascate di Ouzoud, situate nel piccolo villaggio di Tanaghmeilt nel Medio Atlante, considerato il pi\u00f9 alto e pi\u00f9 bello del paese. Tre cascate scendono l&#8217;acqua del fiume Ouzoud da un&#8217;altezza di oltre 100 metri, creando un impressionante paesaggio naturale. Ouzoud \u00e8 una parola berbera che significa &#8220;oliva&#8221; e si riferisce agli ulivi vicini che ombreggiano il sentiero che conduce al fondo delle cascate. In cima alle cascate ci sono una dozzina di vecchi mulini ancora in uso. Di notte arriveremo a Casablanca e pernotteremo in hotel.<\/p>\n<h3>giorno 10<br \/>\n<strong> Casablanca \u2013 Citt\u00e0 di destinazione<br \/>\n<\/strong><\/h3>\n<p>Al momento stabilito, trasferimento all&#8217;aeroporto e fine dei nostri servizi.[\/vc_column_text][\/vc_column][\/vc_row]\n<\/section>","protected":false},"excerpt":{"rendered":"<p>[vc_row][vc_column][vc_column_text] giorno 1 Casablanca &#8211; Marrakech Accoglienza all&#8217;aeroporto di Casablanca e trasferimento all&#8217;Hotel Marrakech. giorno 2 Marrakech Dopo la prima colazione, visiteremo la Medina e la famosa piazza Jamaa el Fna. Marrakech fu fondata nel 1062 da Youssef Ibn Tachfin, il primo emiro della dinastia berbera degli Almoravidi e fu la capitale dell&#8217;Impero Islamico. Marrakech&hellip;<\/p>\n","protected":false},"featured_media":6580,"comment_status":"open","ping_status":"closed","template":"","meta":{"_acf_changed":false},"product_brand":[],"product_cat":[162],"product_tag":[],"class_list":{"0":"post-9298","1":"product","2":"type-product","3":"status-publish","4":"has-post-thumbnail","6":"product_cat-circuiti-it","7":"entry","8":"has-media","10":"first","11":"instock","12":"shipping-taxable","13":"product-type-simple"},"acf":[],"_links":{"self":[{"href":"https:\/\/www.ramliatours.com\/it\/wp-json\/wp\/v2\/product\/9298","targetHints":{"allow":["GET"]}}],"collection":[{"href":"https:\/\/www.ramliatours.com\/it\/wp-json\/wp\/v2\/product"}],"about":[{"href":"https:\/\/www.ramliatours.com\/it\/wp-json\/wp\/v2\/types\/product"}],"replies":[{"embeddable":true,"href":"https:\/\/www.ramliatours.com\/it\/wp-json\/wp\/v2\/comments?post=9298"}],"wp:featuredmedia":[{"embeddable":true,"href":"https:\/\/www.ramliatours.com\/it\/wp-json\/wp\/v2\/media\/6580"}],"wp:attachment":[{"href":"https:\/\/www.ramliatours.com\/it\/wp-json\/wp\/v2\/media?parent=9298"}],"wp:term":[{"taxonomy":"product_brand","embeddable":true,"href":"https:\/\/www.ramliatours.com\/it\/wp-json\/wp\/v2\/product_brand?post=9298"},{"taxonomy":"product_cat","embeddable":true,"href":"https:\/\/www.ramliatours.com\/it\/wp-json\/wp\/v2\/product_cat?post=9298"},{"taxonomy":"product_tag","embeddable":true,"href":"https:\/\/www.ramliatours.com\/it\/wp-json\/wp\/v2\/product_tag?post=9298"}],"curies":[{"name":"wp","href":"https:\/\/api.w.org\/{rel}","templated":true}]}}