{"id":9348,"date":"2016-11-14T13:17:23","date_gmt":"2016-11-14T13:17:23","guid":{"rendered":"https:\/\/www.ramliatours.com\/tours\/sur-marocco-terra-popolo-bereber\/"},"modified":"2019-07-11T19:55:34","modified_gmt":"2019-07-11T18:55:34","slug":"sur-marocco-terra-popolo-bereber","status":"publish","type":"product","link":"https:\/\/www.ramliatours.com\/it\/circuiti\/sur-marocco-terra-popolo-bereber\/","title":{"rendered":"Il Sud del Marocco, terra del popolo berbero"},"content":{"rendered":"<section class=\"wpb-content-wrapper\">[vc_row][vc_column][vc_column_text]\n<h3>giorno 1<br \/>\n<strong>Citt\u00e0 di origine \u2013 Marrakech<\/strong><\/h3>\n<p>All&#8217;orario stabilito, reception all&#8217;aeroporto e trasferimento in hotel, situato vicino a Piazza Jamaa el Fna.<\/p>\n<h3>giorno 2<br \/>\n<strong>Marrakech<\/strong><\/h3>\n<p>Dopo la prima colazione, visita alla Medina e alla famosa Piazza Jamaa el Fna, vicino all&#8217;ingresso della Medina.<\/p>\n<p>Marrakech \u00e8, insieme a Meknes, Fez e Rabat, una delle quattro citt\u00e0 imperiali del Marocco. Marrakech fu fondata nel 1062 da Youssef Ibn Tachfin, il primo emiro della dinastia berbera degli Almoravidi e fu la capitale dell&#8217;Impero Islamico.<br \/>\nMarrakech \u00e8 una delle citt\u00e0 pi\u00f9 importanti del Marocco, e si trova nel sud del paese, ai piedi dell&#8217;Atlante. Ha numerosi monumenti Patrimonio dell&#8217;Umanit\u00e0, che ne fanno la principale attrazione turistica del paese.<\/p>\n<p>Marrakech, \u00e8 conosciuta per la citt\u00e0 rossa per il colore dei suoi edifici. Nel 2001 l&#8217;UNESCO ha dichiarato Piazza Djemaa Patrimonio Orale dell&#8217;Umanit\u00e0, essendo una delle piazze pi\u00f9 frequentate in Africa e nel mondo. Tutto a Marrakech ruota attorno a DJamaa the Fna, una moltitudine di persone si riuniscono in questo spazio pubblico riempendolo di colore e cultura; musicisti, cantastorie, incantatori di serpenti, ballerini, dentisti, venditori di succhi di frutta, acrobati, scrittori di lettere, portatori d&#8217;acqua, venditori di erbe medicinali. . . All&#8217;imbrunire la piazza si riempie di bancarelle di cibo illuminate da centinaia di luci e, al calare della notte, un numero infinito di persone si riuniscono per mangiare. In lontananza, osservando la scena della piazza, si trova il pi\u00f9 antico monumento almohade della citt\u00e0, la moschea Katubia, famosa soprattutto per il minareto a base quadrata, che Yacoub costru\u00ec la Mansour alla fine del XII secolo, e che rappresentava il modello di riferimento per la Giralda di Siviglia e per la Torre Hasan di Rabat. La Torre Katubia \u00e8 l&#8217;edificio pi\u00f9 alto di Marrakech e, con i suoi 77 metri di altezza, domina la Medina ed \u00e8 visibile da lontano quando si raggiunge la citt\u00e0.<\/p>\n<p>A nord della piazza Djemaa el Fna si trova il souk, dove ogni settore porta il nome del principale tipo di merce che offre (abbigliamento, spezie, pellicce, babbuchi, babbuchi, tappeti, lana, legno, ceramica, ecc.), o le botteghe di artigiani (tintori, falegnami, fabbri, ecc.). Il souk di tappeti occupa l&#8217;area del vecchio mercato degli schiavi. A nord-est del souk si trova il quartiere dei conciatori, che si estende lungo Bab Debbagh Street, cos\u00ec chiamato per l&#8217;omonima porta.<\/p>\n<p>La Medina, la citt\u00e0 vecchia, \u00e8 protetta da un cordone di bastioni in terra rossa che racchiude un labirinto di vicoli pieni di palazzi, mercati, moschee, cupole e minareti. La Medina di Marrakech \u00e8 stata dichiarata Patrimonio dell&#8217;Umanit\u00e0 dall&#8217;UNESCO nel 1985 ed \u00e8 oggi una tappa obbligata. Il suo cuore e punto di partenza \u00e8 la grande piazza Djemaa el Fna. Sistemazione in hotel.<\/p>\n<h3>giorno 3<br \/>\n<strong>Marrakech \u2013 Essaouira<\/strong><\/h3>\n<p class=\"imgCenter\"><strong>&#8220;Una passeggiata nella medina e mangiare del buon pesce, uno dei piaceri di Essaouira.&#8221;<\/strong><\/p>\n<p>Dopo la prima colazione andremo nella citt\u00e0 bianca di Essaouira.<br \/>\nEssaouira, in berbero Amogdul &#8220;il ben tenuto&#8221;. Situata a 170 chilometri ad ovest di Marrakech, \u00e8 l&#8217;antica citt\u00e0 di Mogador, cos\u00ec chiamata per essere un luogo storicamente legato al Portogallo, che qui ha stabilito un&#8217;attivit\u00e0 commerciale.<\/p>\n<p>Essaouira, \u00e8 una piccola citt\u00e0 fortificata bagnata dall&#8217;Atlantico. fondata nel 1764 dal sultano Alaouita Sidi Mohammed Ben abdallah. Le sue fortificazioni godono di una vista sul mare e sulla medina.<\/p>\n<p>La sua medina o citt\u00e0 vecchia \u00e8 stata dichiarata Patrimonio dell&#8217;Umanit\u00e0 dal 2001. Essaouira \u00e8 una delle citt\u00e0 pi\u00f9 attraenti di tutta la costa atlantica marocchina grazie al suo clima mite durante tutto l&#8217;anno, alla gentilezza dei suoi abitanti, al suo patrimonio culturale e architettonico, ma soprattutto per l&#8217;atmosfera che regna nelle strade piene di vita, dove si mescolano artigiani, mercanti e pescatori, un&#8217;attrazione enorme per i visitatori.<\/p>\n<p>In questa citt\u00e0 c&#8217;\u00e8 sempre stato uno scambio culturale che continua ad essere mantenuto. Dal 1998, il Gnawa and World Music Festival di Essaouira si tiene ogni anno a giugno. Questo evento riunisce centinaia di artisti locali e internazionali che presentano un mix musicale di musicisti con un grande repertorio di temi e stili diversi come il jazz, il pop, il rock o il reggae.<br \/>\nPernottamento in Riad.<\/p>\n<h3>giorno 4<br \/>\n<strong>Essaouira &#8211; Agadir<\/strong><\/h3>\n<p>Dopo la prima colazione percorreremo il percorso parallelo all&#8217;oceano. Foreste di Argan, spazi protetti, spiagge e surf rendono questo percorso pi\u00f9 piacevole. Arriveremo al villaggio di El Ghazoua, dove faremo una deviazione che ci porter\u00e0 a Capo Sim, un luogo spettacolare tra il mare e il deserto del Sahara circondato da dune con spiagge vergini e un piccolo villaggio di pescatori. Proseguiremo per Sidi Koauki, un&#8217;ampia ed estesa spiaggia accanto ad una foresta di Tuyas; il nome del luogo \u00e8 in onore di un uomo santo del XIX secolo, il cui santuario, situato alla fine della spiaggia (morabito), attira ogni anno nel mese di agosto molti pellegrini. A Sidi Koauki, avremo la possibilit\u00e0 di fare una passeggiata a cavallo o a dorso di cammello sulla stessa riva della spiaggia. Continueremo il nostro viaggio verso la spettacolare vista sull&#8217;Oceano Atlantico a Capo Rhir, e continueremo a Taghazout, un piccolo villaggio turistico che gode di un clima mite durante tutto l&#8217;anno, la sua spiaggia di 7 km di sabbia fine \u00e8 un centro surfistico di fama mondiale. Lungo il percorso c&#8217;\u00e8 la possibilit\u00e0 di visitare le cooperative femminili che producono olio di argan. Da qui si prosegue per Agadir, citt\u00e0 situata tra l&#8217;Anti-Atlante e il deserto del Sahara. Pernottamento in hotel.<\/p>\n<h3>giorno 5<br \/>\n<strong>Agadir<\/strong><\/h3>\n<p>Giornata libera per godersi la spiaggia.<br \/>\nLa baia di Agadir \u00e8 il centro turistico per eccellenza del Marocco, la sua spiaggia di sabbia fine di 10 km e pi\u00f9 di 300 giorni di sole all&#8217;anno la sostengono.<\/p>\n<p>Pernottamento in hotel.<\/p>\n<h3>giorno 6<br \/>\n<strong>Agadir &#8211; Si di R\u2019bat &#8211; Parco Nazionale Souss-Massa \u2013 Sidi Ifni<\/strong><\/h3>\n<p>Dasayuno e lasciare Agadir per lo spettacolare paesaggio della costa che consiste principalmente di piccole scogliere molto battute dalla forza del mare Atlantico dove si tengono spiagge con sistemi dunali accentuati fino a raggiungere il Parco Nazionale Souss-Massa dichiarato Riserva della Biosfera dall&#8217;UNESCO nel 1980. Paradiso per gli uccelli, ogni primavera arrivano migliaia di uccelli migratori dalle regioni del Sahel, dall&#8217;Africa equatoriale e dalle coste del Sahara. Visiteremo la spiaggia di Si di R&#8217;bat, una spiaggia vergine lunga circa 8 chilometri, situata in un ambiente selvaggio.<\/p>\n<p>Poi seguiremo il percorso costiero fino a raggiungere la spiaggia di Legzira, una meraviglia naturale tra Mirleft e Sidi Ifni, questa spiaggia ha imponenti archi rossastri naturali di grande bellezza con altezze impressionanti che permettono di sentirsi insignificanti quando si cammina sotto di loro. Pernottamento in hotel.<\/p>\n<h3>giorno 7<br \/>\n<strong>Sidi Ifni \u2013 Percorso del fiume Draa &#8211; Zagora<\/strong><\/h3>\n<p>Prima colazione e partiamo verso il percorso della valle del fiume Draa fino ad arrivare a Zagora &#8220;La Porta del Deserto&#8221;, punto di partenza delle carovane che andavano a Tumbuct\u00fa. Valle presahariana per eccellenza, punto d&#8217;incontro tra montagne e deserto e punteggiata da bellissimi palmeti, bellissime oasi e grandi ksour o alcazaba.<\/p>\n<p>Le citt\u00e0 lungo il percorso hanno souk vivaci e colorati dove i nomadi si riuniscono per comprare e scambiare prodotti. Per nove secoli, questa zona ha visto passare le carovane del Mali, cariche di spezie, oro e tessuti. Dopo un lungo viaggio raggiungeremo Zagora e pernotteremo in albergo.<\/p>\n<h3>giorno 8<br \/>\n<strong>Zagora \u2013 Oasi di Ramlia<br \/>\n<\/strong><\/h3>\n<p>Dopo la prima colazione, lasceremo Zagora e prenderemo la strada del deserto fino all&#8217;oasi di Ramlia, una bellissima oasi di palme nella regione del Tafilalt, situata a sud-est dell&#8217;Erg Chebbi (deserto del Sahara). Gli abitanti dell&#8217;oasi di Ramlia sono antichi nomadi, tutti appartengono alla trib\u00f9 degli A\u00eft Khebbach, che fa parte del grande gruppo Amazigh degli Ait Atta del deserto del Sahara sud-est del Marocco e si caratterizzano per la loro grande ospitalit\u00e0 e stile di vita tradizionale. Per raggiungere Ramlia siamo costretti a seguire il percorso del rally Parigi-Dakar, attraverso bellissimi paesaggi desolati. Le oasi di Tafilalt, per secoli, sono state l&#8217;ultima stazione delle carovane prima di entrare nel Sahara per raggiungere i mercati dei regni neri, con Timbuktu in testa.<\/p>\n<p>Trascorreremo la notte in un hotel nel cuore pi\u00f9 autentico del deserto (possibilit\u00e0 di dormire nell&#8217;haima berbera) e godremo di una cena tradizionale animata dal suono del tam-tam (tam-tam).<\/p>\n<h3>giorno 9<br \/>\n<strong>Oasi di Ramlia &#8211; Merzouga<\/strong><\/h3>\n<p>Ci alzeremo presto per vedere il sorgere del sole tra le dune, e dopo una buona colazione visiteremo l&#8217;oasi di Ramlia. Dopo pranzo ci dirigiamo a Merzouga, un piccolo villaggio nel sud-est del Marocco situato ai piedi delle grandi dune. Conosciuto anche come Gran Erg Chebi, il pi\u00f9 alto del paese. Lasceremo il 4&#215;4 e cavalcheremo i cammelli che ci porteranno nel cuore del deserto per goderci un tramonto indimenticabile. Merzouga \u00e8 anche conosciuta come &#8220;La Porta delle Dune&#8221;. Arrampicarsi sulle dune e guardare il tramonto e l&#8217;alba sono alcune esperienze che non ci lasciano certamente indifferenti. Cena e pernottamento in hotel situato ai piedi delle dune. (Possibilit\u00e0 di dormire nella tradizionale haima berbera).<\/p>\n<h3>giorno 10<br \/>\n<strong>Merzouga \u2013 Rissani &#8211; Ouarzazate<\/strong><\/h3>\n<p>Dopo la prima colazione partiremo per Rissani, a 35 km da Merzouga, visiteremo il mercato, un importante centro commerciale frequentato da gente del deserto. Il mercato di Rissani \u00e8 ancestrale, in cui ci sono artigiani del legno, vendita di bestiame, di spezie&#8230;.. qui potremo vedere il curioso Parcheggio degli asini, dove le persone che vanno al mercato tengono qui gli animali.<\/p>\n<p>Rissani \u00e8 anche un luogo di incontro per collezionisti, cacciatori di fossili e ricercatori; nelle sue vicinanze si trovano numerose cave minerali e depositi di fossili.<\/p>\n<p>Storicamente Rissani era un regno a sua volta tra l&#8217;VIII e il XIV secolo, conosciuto come Siyilmasa e molto importante nella zona grazie alle carovane transahariane e al movimento commerciale che esisteva a quel tempo, rivaleggiando con Fez e Marrakech. Da qui provenivano grandi carovane di cammelli che esportavano metalli, tessuti e datteri in Sudan e Guinea.<\/p>\n<p>Ibn Battuta durante il suo viaggio in Mali nel 1352 si riferisce:<br \/>\n<em>Sono arrivato nella citt\u00e0 di Siyilmasa, che \u00e8 una delle pi\u00f9 belle e abbondanti in date eccellenti, in cui la citt\u00e0 di Bassora le assomiglia, ma quelle di Siyilmasa sono migliori (&#8230;..) Ho acquistato cammelli e sono partito per un viaggio in una carovana dove viaggiavano molti mercanti di Siyilmasa&#8230;.<\/em><\/p>\n<p>Dopo pranzo andremo a Ouarzarzarzate dove passeremo la notte.<\/p>\n<h3>giorno 11<br \/>\n<strong>Ouarzazate \u2013 Ait Ben Haddou &#8211; Marrakech<\/strong><\/h3>\n<p>Dopo la prima colazione continueremo il nostro percorso attraverso l&#8217;Alto Atlante per raggiungere la citt\u00e0 fortificata, o kasbah di Ait-Ben-Haddou, che \u00e8 stata fondata all&#8217;epoca della rotta delle carovane tra il deserto del Sahara e l&#8217;attuale citt\u00e0 di Marrakech. Le kasbah erano grandi villaggi berberi murati, progettati per difendere il raccolto e i palmeti che crescono lungo i loro letti. Ait-Ben-Haddou \u00e8 stato protetto dall&#8217;UNESCO come patrimonio dell&#8217;umanit\u00e0 dal 1987. Grazie alla bellezza del suo ambiente con paesaggi naturali mozzafiato, qui vengono girati numerosi film. Dopo la visita kasbah, seguiremo il percorso attraverso il porto di Tichka Tichka Tizin, il punto pi\u00f9 alto dell&#8217;Alto Atlante, la strada attraversa il territorio di Amazigh (berbero) con panorami mozzafiato, per raggiungere Marrakech, la citt\u00e0 delle Mille e una notte. Soggiorno in hotel<\/p>\n<h3>giorno 12<br \/>\n<strong>Marrakech \u2013 Citt\u00e0 di destinazione<br \/>\n<\/strong><\/h3>\n<p>Al momento stabilito, trasferimento all&#8217;aeroporto e fine dei nostri servizi.[\/vc_column_text][\/vc_column][\/vc_row]\n<\/section>","protected":false},"excerpt":{"rendered":"<p>[vc_row][vc_column][vc_column_text] giorno 1 Citt\u00e0 di origine \u2013 Marrakech All&#8217;orario stabilito, reception all&#8217;aeroporto e trasferimento in hotel, situato vicino a Piazza Jamaa el Fna. giorno 2 Marrakech Dopo la prima colazione, visita alla Medina e alla famosa Piazza Jamaa el Fna, vicino all&#8217;ingresso della Medina. Marrakech \u00e8, insieme a Meknes, Fez e Rabat, una delle quattro&hellip;<\/p>\n","protected":false},"featured_media":6322,"comment_status":"open","ping_status":"closed","template":"","meta":{"_acf_changed":false},"product_brand":[],"product_cat":[162],"product_tag":[],"class_list":{"0":"post-9348","1":"product","2":"type-product","3":"status-publish","4":"has-post-thumbnail","6":"product_cat-circuiti-it","7":"entry","8":"has-media","10":"first","11":"instock","12":"shipping-taxable","13":"product-type-simple"},"acf":[],"_links":{"self":[{"href":"https:\/\/www.ramliatours.com\/it\/wp-json\/wp\/v2\/product\/9348","targetHints":{"allow":["GET"]}}],"collection":[{"href":"https:\/\/www.ramliatours.com\/it\/wp-json\/wp\/v2\/product"}],"about":[{"href":"https:\/\/www.ramliatours.com\/it\/wp-json\/wp\/v2\/types\/product"}],"replies":[{"embeddable":true,"href":"https:\/\/www.ramliatours.com\/it\/wp-json\/wp\/v2\/comments?post=9348"}],"wp:featuredmedia":[{"embeddable":true,"href":"https:\/\/www.ramliatours.com\/it\/wp-json\/wp\/v2\/media\/6322"}],"wp:attachment":[{"href":"https:\/\/www.ramliatours.com\/it\/wp-json\/wp\/v2\/media?parent=9348"}],"wp:term":[{"taxonomy":"product_brand","embeddable":true,"href":"https:\/\/www.ramliatours.com\/it\/wp-json\/wp\/v2\/product_brand?post=9348"},{"taxonomy":"product_cat","embeddable":true,"href":"https:\/\/www.ramliatours.com\/it\/wp-json\/wp\/v2\/product_cat?post=9348"},{"taxonomy":"product_tag","embeddable":true,"href":"https:\/\/www.ramliatours.com\/it\/wp-json\/wp\/v2\/product_tag?post=9348"}],"curies":[{"name":"wp","href":"https:\/\/api.w.org\/{rel}","templated":true}]}}